{"id":521,"date":"2022-11-16T13:46:58","date_gmt":"2022-11-16T06:46:58","guid":{"rendered":"https:\/\/anlactvseafood.com\/?post_type=product&#038;p=521"},"modified":"2023-05-10T16:57:22","modified_gmt":"2023-05-10T09:57:22","slug":"kho-ca-duoi-tam-nuong-cat","status":"publish","type":"product","link":"https:\/\/anlactvseafood.com\/en\/product\/kho-ca-duoi-tam-nuong-cat\/","title":{"rendered":"ROASTED SHREDDED SEASONED EIHIRE"},"content":{"rendered":"<p><strong>Ngu\u1ed3n g\u1ed1c: <\/strong>C\u00e1 \u0111u\u1ed1i\u00a0l\u00e0 lo\u1ea1i c\u00e1 bi\u1ec3n c\u00f3 h\u00ecnh r\u1ebb qu\u1ea1t, \u0111u\u00f4i d\u00e0i, da c\u00f3 m\u00e0u xanh r\u00eau v\u00e0 c\u00f3 nhi\u1ec1u lo\u1ea1i kh\u00e1c nhau, th\u01b0\u1eddng t\u1eadp trung nhi\u1ec1u \u1edf khu v\u1ef1c bi\u1ec3n mi\u1ec1n Trung n\u01b0\u1edbc ta.<\/p>\n<p><strong>\u0110\u1eb7c \u0111i\u1ec3m:<\/strong><\/p>\n<p>Th\u00e2n c\u00e1 \u0111u\u1ed1i t\u01b0\u01a1i c\u00f3 l\u01b0\u1ee3ng th\u1ecbt nhi\u1ec1u, \u0111\u01b0\u1ee3c x\u1ebb m\u1ecfng th\u00e0nh t\u1eebng mi\u1ebfng, nh\u00fang n\u01b0\u1edbc mu\u1ed1i, ph\u01a1i t\u1eeb 2 \u2013 3 n\u1eafng l\u00e0m kh\u00f4 c\u00e1 \u0111u\u1ed1i.<\/p>\n<p>X\u01b0\u01a1ng, v\u00e2y c\u00e1 c\u0169ng \u0111\u01b0\u1ee3c t\u1eadn d\u1ee5ng l\u00e0m th\u00e0nh nh\u1eefng h\u1ea3i s\u1ea3n kh\u00f4 kh\u00e1c, b\u00e1n \u0111\u01b0\u1ee3c nhi\u1ec1u ng\u01b0\u1eddi \u01b0a th\u00edch.<\/p>\n<p><strong>H\u01b0\u01a1ng v\u1ecb, dinh d\u01b0\u1ee1ng<\/strong>: Kh\u00f4 c\u00e1 \u0111u\u1ed1i l\u00e0 m\u00f3n \u0103n h\u01a1i l\u1ea1, v\u00ec c\u00f3 m\u00f9i ngai ng\u00e1i r\u1ea5t \u0111\u1eb7c tr\u01b0ng. C\u00e1 \u0111u\u1ed1i ng\u00e2m m\u1ec1m, c\u1eaft nh\u1ecf, rim ti\u00eau \u0111\u01b0\u1eddng, n\u01b0\u1edbc m\u1eafm, \u0103n chung v\u1edbi canh rau t\u1eadp t\u00e0ng. Mi\u1ebfng kh\u00f4 c\u00e1 \u0111u\u1ed1i \u0111\u01b0\u1ee3c \u0111em n\u01b0\u1edbng cho v\u00e0o m\u00e1y c\u00e1n\u00a0 cho t\u01a1i ra, cho v\u00e0o m\u00e1y c\u1eaft th\u00e0nh t\u1eebng mi\u1ebfng 1cm.<\/p>\n<p><strong>B\u1ea3o qu\u1ea3n<\/strong>: ng\u0103n m\u00e1t t\u1ee7 l\u1ea1nh.<\/p>","protected":false},"excerpt":{"rendered":"<p>Ngu\u1ed3n g\u1ed1c: C\u00e1 \u0111u\u1ed1i\u00a0l\u00e0 lo\u1ea1i c\u00e1 bi\u1ec3n c\u00f3 h\u00ecnh r\u1ebb qu\u1ea1t, \u0111u\u00f4i d\u00e0i, da c\u00f3 m\u00e0u xanh r\u00eau v\u00e0 c\u00f3 nhi\u1ec1u lo\u1ea1i kh\u00e1c nhau, th\u01b0\u1eddng t\u1eadp trung nhi\u1ec1u \u1edf khu v\u1ef1c bi\u1ec3n mi\u1ec1n Trung n\u01b0\u1edbc ta. \u0110\u1eb7c \u0111i\u1ec3m: Th\u00e2n c\u00e1 \u0111u\u1ed1i t\u01b0\u01a1i c\u00f3 l\u01b0\u1ee3ng th\u1ecbt nhi\u1ec1u, \u0111\u01b0\u1ee3c x\u1ebb m\u1ecfng th\u00e0nh t\u1eebng mi\u1ebfng, nh\u00fang n\u01b0\u1edbc mu\u1ed1i, &hellip;<\/p>\n<p class=\"read-more\"> <a class=\"\" href=\"https:\/\/anlactvseafood.com\/en\/product\/kho-ca-duoi-tam-nuong-cat\/\"> <span class=\"screen-reader-text\">ROASTED SHREDDED SEASONED EIHIRE<\/span> Read More &raquo;<\/a><\/p>","protected":false},"featured_media":1100,"comment_status":"open","ping_status":"closed","template":"","meta":{"site-sidebar-layout":"default","site-content-layout":"default","ast-global-header-display":"","ast-main-header-display":"","ast-hfb-above-header-display":"","ast-hfb-below-header-display":"","ast-hfb-mobile-header-display":"","site-post-title":"","ast-breadcrumbs-content":"","ast-featured-img":"","footer-sml-layout":"","theme-transparent-header-meta":"default","adv-header-id-meta":"","stick-header-meta":"","header-above-stick-meta":"","header-main-stick-meta":"","header-below-stick-meta":""},"product_cat":[55],"product_tag":[],"thi-truong":[33],"class_list":{"0":"post-521","1":"product","2":"type-product","3":"status-publish","4":"has-post-thumbnail","6":"product_cat-hang-an-lien","7":"thi-truong-noi-dia","8":"desktop-align-left","9":"tablet-align-left","10":"mobile-align-left","12":"first","13":"instock","14":"shipping-taxable","15":"product-type-simple"},"yoast_head":"<!-- This site is optimized with the Yoast SEO plugin v23.1 - https:\/\/yoast.com\/wordpress\/plugins\/seo\/ -->\n<title>KH\u00d4 C\u00c1 \u0110U\u1ed0I T\u1ea8M N\u01af\u1edaNG C\u1eaeT - C\u00d4NG TY TNHH H\u1ea2I S\u1ea2N AN L\u1ea0C - TR\u00c0 VINH<\/title>\n<meta name=\"robots\" content=\"index, follow, max-snippet:-1, max-image-preview:large, max-video-preview:-1\" \/>\n<link rel=\"canonical\" href=\"https:\/\/anlactvseafood.com\/en\/product\/kho-ca-duoi-tam-nuong-cat\/\" \/>\n<meta property=\"og:locale\" content=\"en_US\" \/>\n<meta property=\"og:type\" content=\"article\" \/>\n<meta property=\"og:title\" content=\"KH\u00d4 C\u00c1 \u0110U\u1ed0I T\u1ea8M N\u01af\u1edaNG C\u1eaeT - C\u00d4NG TY TNHH H\u1ea2I S\u1ea2N AN L\u1ea0C - TR\u00c0 VINH\" \/>\n<meta property=\"og:description\" content=\"Ngu\u1ed3n g\u1ed1c: C\u00e1 \u0111u\u1ed1i\u00a0l\u00e0 lo\u1ea1i c\u00e1 bi\u1ec3n c\u00f3 h\u00ecnh r\u1ebb qu\u1ea1t, \u0111u\u00f4i d\u00e0i, da c\u00f3 m\u00e0u xanh r\u00eau v\u00e0 c\u00f3 nhi\u1ec1u lo\u1ea1i kh\u00e1c nhau, th\u01b0\u1eddng t\u1eadp trung nhi\u1ec1u \u1edf khu v\u1ef1c bi\u1ec3n mi\u1ec1n Trung n\u01b0\u1edbc ta. \u0110\u1eb7c \u0111i\u1ec3m: Th\u00e2n c\u00e1 \u0111u\u1ed1i t\u01b0\u01a1i c\u00f3 l\u01b0\u1ee3ng th\u1ecbt nhi\u1ec1u, \u0111\u01b0\u1ee3c x\u1ebb m\u1ecfng th\u00e0nh t\u1eebng mi\u1ebfng, nh\u00fang n\u01b0\u1edbc mu\u1ed1i, &hellip; KH\u00d4 C\u00c1 \u0110U\u1ed0I T\u1ea8M N\u01af\u1edaNG C\u1eaeT Read More &raquo;\" \/>\n<meta property=\"og:url\" content=\"https:\/\/anlactvseafood.com\/en\/product\/kho-ca-duoi-tam-nuong-cat\/\" \/>\n<meta property=\"og:site_name\" content=\"C\u00d4NG TY TNHH H\u1ea2I S\u1ea2N AN L\u1ea0C - TR\u00c0 VINH\" \/>\n<meta property=\"article:modified_time\" content=\"2023-05-10T09:57:22+00:00\" \/>\n<meta property=\"og:image\" content=\"https:\/\/anlactvseafood.com\/wp-content\/uploads\/2022\/11\/Kho-ca-duoi-cat-DRIED-SEASONED-EIHIRE-CUTTING-1-CM-1.jpg\" \/>\n\t<meta property=\"og:image:width\" content=\"1683\" \/>\n\t<meta property=\"og:image:height\" content=\"1638\" \/>\n\t<meta property=\"og:image:type\" content=\"image\/jpeg\" \/>\n<meta name=\"twitter:card\" content=\"summary_large_image\" \/>\n<meta name=\"twitter:label1\" content=\"Est. reading time\" \/>\n\t<meta name=\"twitter:data1\" content=\"1 minute\" \/>\n<script type=\"application\/ld+json\" class=\"yoast-schema-graph\">{\"@context\":\"https:\/\/schema.org\",\"@graph\":[{\"@type\":\"WebPage\",\"@id\":\"https:\/\/anlactvseafood.com\/en\/product\/kho-ca-duoi-tam-nuong-cat\/\",\"url\":\"https:\/\/anlactvseafood.com\/en\/product\/kho-ca-duoi-tam-nuong-cat\/\",\"name\":\"KH\u00d4 C\u00c1 \u0110U\u1ed0I T\u1ea8M N\u01af\u1edaNG C\u1eaeT - C\u00d4NG TY TNHH H\u1ea2I S\u1ea2N AN L\u1ea0C - TR\u00c0 VINH\",\"isPartOf\":{\"@id\":\"https:\/\/anlactvseafood.com\/#website\"},\"primaryImageOfPage\":{\"@id\":\"https:\/\/anlactvseafood.com\/en\/product\/kho-ca-duoi-tam-nuong-cat\/#primaryimage\"},\"image\":{\"@id\":\"https:\/\/anlactvseafood.com\/en\/product\/kho-ca-duoi-tam-nuong-cat\/#primaryimage\"},\"thumbnailUrl\":\"https:\/\/anlactvseafood.com\/wp-content\/uploads\/2022\/11\/Kho-ca-duoi-cat-DRIED-SEASONED-EIHIRE-CUTTING-1-CM-1.jpg\",\"datePublished\":\"2022-11-16T06:46:58+00:00\",\"dateModified\":\"2023-05-10T09:57:22+00:00\",\"breadcrumb\":{\"@id\":\"https:\/\/anlactvseafood.com\/en\/product\/kho-ca-duoi-tam-nuong-cat\/#breadcrumb\"},\"inLanguage\":\"en-US\",\"potentialAction\":[{\"@type\":\"ReadAction\",\"target\":[\"https:\/\/anlactvseafood.com\/en\/product\/kho-ca-duoi-tam-nuong-cat\/\"]}]},{\"@type\":\"ImageObject\",\"inLanguage\":\"en-US\",\"@id\":\"https:\/\/anlactvseafood.com\/en\/product\/kho-ca-duoi-tam-nuong-cat\/#primaryimage\",\"url\":\"https:\/\/anlactvseafood.com\/wp-content\/uploads\/2022\/11\/Kho-ca-duoi-cat-DRIED-SEASONED-EIHIRE-CUTTING-1-CM-1.jpg\",\"contentUrl\":\"https:\/\/anlactvseafood.com\/wp-content\/uploads\/2022\/11\/Kho-ca-duoi-cat-DRIED-SEASONED-EIHIRE-CUTTING-1-CM-1.jpg\",\"width\":1683,\"height\":1638},{\"@type\":\"BreadcrumbList\",\"@id\":\"https:\/\/anlactvseafood.com\/en\/product\/kho-ca-duoi-tam-nuong-cat\/#breadcrumb\",\"itemListElement\":[{\"@type\":\"ListItem\",\"position\":1,\"name\":\"Trang ch\u1ee7\",\"item\":\"https:\/\/anlactvseafood.com\/\"},{\"@type\":\"ListItem\",\"position\":2,\"name\":\"Shop\",\"item\":\"https:\/\/anlactvseafood.com\/shop\/\"},{\"@type\":\"ListItem\",\"position\":3,\"name\":\"KH\u00d4 C\u00c1 \u0110U\u1ed0I T\u1ea8M N\u01af\u1edaNG C\u1eaeT\"}]},{\"@type\":\"WebSite\",\"@id\":\"https:\/\/anlactvseafood.com\/#website\",\"url\":\"https:\/\/anlactvseafood.com\/\",\"name\":\"C\u00d4NG TY TNHH H\u1ea2I S\u1ea2N AN L\u1ea0C - TR\u00c0 VINH\",\"description\":\"\",\"publisher\":{\"@id\":\"https:\/\/anlactvseafood.com\/#organization\"},\"potentialAction\":[{\"@type\":\"SearchAction\",\"target\":{\"@type\":\"EntryPoint\",\"urlTemplate\":\"https:\/\/anlactvseafood.com\/?s={search_term_string}\"},\"query-input\":\"required name=search_term_string\"}],\"inLanguage\":\"en-US\"},{\"@type\":\"Organization\",\"@id\":\"https:\/\/anlactvseafood.com\/#organization\",\"name\":\"C\u00d4NG TY TNHH H\u1ea2I S\u1ea2N AN L\u1ea0C - TR\u00c0 VINH\",\"url\":\"https:\/\/anlactvseafood.com\/\",\"logo\":{\"@type\":\"ImageObject\",\"inLanguage\":\"en-US\",\"@id\":\"https:\/\/anlactvseafood.com\/#\/schema\/logo\/image\/\",\"url\":\"https:\/\/anlactvseafood.com\/wp-content\/uploads\/2022\/11\/logoa.png\",\"contentUrl\":\"https:\/\/anlactvseafood.com\/wp-content\/uploads\/2022\/11\/logoa.png\",\"width\":1002,\"height\":675,\"caption\":\"C\u00d4NG TY TNHH H\u1ea2I S\u1ea2N AN L\u1ea0C - TR\u00c0 VINH\"},\"image\":{\"@id\":\"https:\/\/anlactvseafood.com\/#\/schema\/logo\/image\/\"}}]}<\/script>\n<!-- \/ Yoast SEO plugin. -->","yoast_head_json":{"title":"KH\u00d4 C\u00c1 \u0110U\u1ed0I T\u1ea8M N\u01af\u1edaNG C\u1eaeT - C\u00d4NG TY TNHH H\u1ea2I S\u1ea2N AN L\u1ea0C - TR\u00c0 VINH","robots":{"index":"index","follow":"follow","max-snippet":"max-snippet:-1","max-image-preview":"max-image-preview:large","max-video-preview":"max-video-preview:-1"},"canonical":"https:\/\/anlactvseafood.com\/en\/product\/kho-ca-duoi-tam-nuong-cat\/","og_locale":"en_US","og_type":"article","og_title":"KH\u00d4 C\u00c1 \u0110U\u1ed0I T\u1ea8M N\u01af\u1edaNG C\u1eaeT - C\u00d4NG TY TNHH H\u1ea2I S\u1ea2N AN L\u1ea0C - TR\u00c0 VINH","og_description":"Ngu\u1ed3n g\u1ed1c: C\u00e1 \u0111u\u1ed1i\u00a0l\u00e0 lo\u1ea1i c\u00e1 bi\u1ec3n c\u00f3 h\u00ecnh r\u1ebb qu\u1ea1t, \u0111u\u00f4i d\u00e0i, da c\u00f3 m\u00e0u xanh r\u00eau v\u00e0 c\u00f3 nhi\u1ec1u lo\u1ea1i kh\u00e1c nhau, th\u01b0\u1eddng t\u1eadp trung nhi\u1ec1u \u1edf khu v\u1ef1c bi\u1ec3n mi\u1ec1n Trung n\u01b0\u1edbc ta. \u0110\u1eb7c \u0111i\u1ec3m: Th\u00e2n c\u00e1 \u0111u\u1ed1i t\u01b0\u01a1i c\u00f3 l\u01b0\u1ee3ng th\u1ecbt nhi\u1ec1u, \u0111\u01b0\u1ee3c x\u1ebb m\u1ecfng th\u00e0nh t\u1eebng mi\u1ebfng, nh\u00fang n\u01b0\u1edbc mu\u1ed1i, &hellip; KH\u00d4 C\u00c1 \u0110U\u1ed0I T\u1ea8M N\u01af\u1edaNG C\u1eaeT Read More &raquo;","og_url":"https:\/\/anlactvseafood.com\/en\/product\/kho-ca-duoi-tam-nuong-cat\/","og_site_name":"C\u00d4NG TY TNHH H\u1ea2I S\u1ea2N AN L\u1ea0C - TR\u00c0 VINH","article_modified_time":"2023-05-10T09:57:22+00:00","og_image":[{"width":1683,"height":1638,"url":"https:\/\/anlactvseafood.com\/wp-content\/uploads\/2022\/11\/Kho-ca-duoi-cat-DRIED-SEASONED-EIHIRE-CUTTING-1-CM-1.jpg","type":"image\/jpeg"}],"twitter_card":"summary_large_image","twitter_misc":{"Est. reading time":"1 minute"},"schema":{"@context":"https:\/\/schema.org","@graph":[{"@type":"WebPage","@id":"https:\/\/anlactvseafood.com\/en\/product\/kho-ca-duoi-tam-nuong-cat\/","url":"https:\/\/anlactvseafood.com\/en\/product\/kho-ca-duoi-tam-nuong-cat\/","name":"KH\u00d4 C\u00c1 \u0110U\u1ed0I T\u1ea8M N\u01af\u1edaNG C\u1eaeT - C\u00d4NG TY TNHH H\u1ea2I S\u1ea2N AN L\u1ea0C - TR\u00c0 VINH","isPartOf":{"@id":"https:\/\/anlactvseafood.com\/#website"},"primaryImageOfPage":{"@id":"https:\/\/anlactvseafood.com\/en\/product\/kho-ca-duoi-tam-nuong-cat\/#primaryimage"},"image":{"@id":"https:\/\/anlactvseafood.com\/en\/product\/kho-ca-duoi-tam-nuong-cat\/#primaryimage"},"thumbnailUrl":"https:\/\/anlactvseafood.com\/wp-content\/uploads\/2022\/11\/Kho-ca-duoi-cat-DRIED-SEASONED-EIHIRE-CUTTING-1-CM-1.jpg","datePublished":"2022-11-16T06:46:58+00:00","dateModified":"2023-05-10T09:57:22+00:00","breadcrumb":{"@id":"https:\/\/anlactvseafood.com\/en\/product\/kho-ca-duoi-tam-nuong-cat\/#breadcrumb"},"inLanguage":"en-US","potentialAction":[{"@type":"ReadAction","target":["https:\/\/anlactvseafood.com\/en\/product\/kho-ca-duoi-tam-nuong-cat\/"]}]},{"@type":"ImageObject","inLanguage":"en-US","@id":"https:\/\/anlactvseafood.com\/en\/product\/kho-ca-duoi-tam-nuong-cat\/#primaryimage","url":"https:\/\/anlactvseafood.com\/wp-content\/uploads\/2022\/11\/Kho-ca-duoi-cat-DRIED-SEASONED-EIHIRE-CUTTING-1-CM-1.jpg","contentUrl":"https:\/\/anlactvseafood.com\/wp-content\/uploads\/2022\/11\/Kho-ca-duoi-cat-DRIED-SEASONED-EIHIRE-CUTTING-1-CM-1.jpg","width":1683,"height":1638},{"@type":"BreadcrumbList","@id":"https:\/\/anlactvseafood.com\/en\/product\/kho-ca-duoi-tam-nuong-cat\/#breadcrumb","itemListElement":[{"@type":"ListItem","position":1,"name":"Trang ch\u1ee7","item":"https:\/\/anlactvseafood.com\/"},{"@type":"ListItem","position":2,"name":"Shop","item":"https:\/\/anlactvseafood.com\/shop\/"},{"@type":"ListItem","position":3,"name":"KH\u00d4 C\u00c1 \u0110U\u1ed0I T\u1ea8M N\u01af\u1edaNG C\u1eaeT"}]},{"@type":"WebSite","@id":"https:\/\/anlactvseafood.com\/#website","url":"https:\/\/anlactvseafood.com\/","name":"C\u00d4NG TY TNHH H\u1ea2I S\u1ea2N AN L\u1ea0C - TR\u00c0 VINH","description":"","publisher":{"@id":"https:\/\/anlactvseafood.com\/#organization"},"potentialAction":[{"@type":"SearchAction","target":{"@type":"EntryPoint","urlTemplate":"https:\/\/anlactvseafood.com\/?s={search_term_string}"},"query-input":"required name=search_term_string"}],"inLanguage":"en-US"},{"@type":"Organization","@id":"https:\/\/anlactvseafood.com\/#organization","name":"C\u00d4NG TY TNHH H\u1ea2I S\u1ea2N AN L\u1ea0C - TR\u00c0 VINH","url":"https:\/\/anlactvseafood.com\/","logo":{"@type":"ImageObject","inLanguage":"en-US","@id":"https:\/\/anlactvseafood.com\/#\/schema\/logo\/image\/","url":"https:\/\/anlactvseafood.com\/wp-content\/uploads\/2022\/11\/logoa.png","contentUrl":"https:\/\/anlactvseafood.com\/wp-content\/uploads\/2022\/11\/logoa.png","width":1002,"height":675,"caption":"C\u00d4NG TY TNHH H\u1ea2I S\u1ea2N AN L\u1ea0C - TR\u00c0 VINH"},"image":{"@id":"https:\/\/anlactvseafood.com\/#\/schema\/logo\/image\/"}}]}},"_links":{"self":[{"href":"https:\/\/anlactvseafood.com\/en\/wp-json\/wp\/v2\/product\/521","targetHints":{"allow":["GET"]}}],"collection":[{"href":"https:\/\/anlactvseafood.com\/en\/wp-json\/wp\/v2\/product"}],"about":[{"href":"https:\/\/anlactvseafood.com\/en\/wp-json\/wp\/v2\/types\/product"}],"replies":[{"embeddable":true,"href":"https:\/\/anlactvseafood.com\/en\/wp-json\/wp\/v2\/comments?post=521"}],"wp:featuredmedia":[{"embeddable":true,"href":"https:\/\/anlactvseafood.com\/en\/wp-json\/wp\/v2\/media\/1100"}],"wp:attachment":[{"href":"https:\/\/anlactvseafood.com\/en\/wp-json\/wp\/v2\/media?parent=521"}],"wp:term":[{"taxonomy":"product_cat","embeddable":true,"href":"https:\/\/anlactvseafood.com\/en\/wp-json\/wp\/v2\/product_cat?post=521"},{"taxonomy":"product_tag","embeddable":true,"href":"https:\/\/anlactvseafood.com\/en\/wp-json\/wp\/v2\/product_tag?post=521"},{"taxonomy":"thi-truong","embeddable":true,"href":"https:\/\/anlactvseafood.com\/en\/wp-json\/wp\/v2\/thi-truong?post=521"}],"curies":[{"name":"wp","href":"https:\/\/api.w.org\/{rel}","templated":true}]}}