{"id":519,"date":"2022-11-16T13:46:30","date_gmt":"2022-11-16T06:46:30","guid":{"rendered":"https:\/\/anlactvseafood.com\/?post_type=product&#038;p=519"},"modified":"2023-05-12T09:22:30","modified_gmt":"2023-05-12T02:22:30","slug":"kho-ca-mai","status":"publish","type":"product","link":"https:\/\/anlactvseafood.com\/en\/product\/kho-ca-mai\/","title":{"rendered":"DRIED HIMEGO"},"content":{"rendered":"<p><strong>Ngu\u1ed3n g\u1ed1c: <\/strong>C\u00e1 Mai l\u00e0 m\u1ed9t lo\u00e0i c\u00e1 nh\u1ecf d\u00e0i 8\u201310 cm, th\u00e2n m\u1ecfng, m\u00e0u tr\u1eafng \u0111\u1ee5c, c\u00f3 v\u1ea3y nh\u1ecf, ph\u00e2n b\u1ed5 r\u1ea3i r\u00e1c \u1edf v\u00f9ng bi\u1ec3n \u1edf n\u01b0\u1edbc ta. Tuy nhi\u00ean s\u1ed1ng t\u1eadp trung s\u1ed1 l\u01b0\u1ee3ng l\u1edbn theo b\u1ea7y \u0111\u00e0n \u1edf v\u00f9ng n\u01b0\u1edbc n\u00f4ng g\u1ea7n b\u1edd t\u1ea1i v\u00f9ng bi\u1ec3n Ba H\u00f2n (Ki\u00ean L\u01b0\u01a1ng) v\u00e0 Ph\u00fa Qu\u1ed1c c\u1ee7a t\u1ec9nh Ki\u00ean Giang .<\/p>\n<p><strong>\u0110\u1eb7c \u0111i\u1ec3m:<\/strong><\/p>\n<ul>\n<li>Gi\u1ed1ng nh\u01b0\u00a0<a href=\"https:\/\/www.khocakiengiang.com\/search\/label\/Kho-Ca-Bien\">Kh\u00f4 C\u00e1 Bi\u1ec3n<\/a> kh\u00e1c. Do \u0111\u1eb7c t\u00ednh c\u1ee7a lo\u00e0i C\u00e1 Mai c\u00f3 th\u00e2n h\u00ecnh nh\u1ecf, m\u1ecfng n\u00ean \u0111\u1ec3 l\u00e0m \u0111\u01b0\u1ee3c kh\u00f4 c\u00e1 Mai ngon c\u1ea7n ph\u1ea3i th\u1ef1c hi\u1ec7n c\u1ea9n th\u1eadn t\u1eeb kh\u00e2u ch\u1ecdn ngu\u1ed3n nguy\u00ean li\u1ec7u c\u00e1, x\u1ebb c\u00e1 \u0111\u1ebfn kh\u00e2u ph\u01a1i kh\u00f4 c\u00e1. N\u00ean ch\u1ecdn ngu\u1ed3n nguy\u00ean li\u00eau c\u00e1 v\u1eeba \u0111\u01b0\u1ee3c \u0111\u00e1nh b\u1eaft trong ng\u00e0y b\u1edfi v\u00ec nh\u01b0 v\u1eady s\u1ebd gi\u1eef \u0111\u01b0\u1ee3c h\u01b0\u01a1ng v\u1ecb th\u01a1m, ng\u1ecdt c\u1ee7a c\u00e1. Ngo\u00e0i ra, c\u1ea7n ch\u1ecdn l\u1ecdc nh\u1eefng con c\u00e1 mai t\u01b0\u01a1i, c\u00f3 k\u00edch th\u01b0\u1edbc l\u1edbn l\u1edbn, \u0111\u1ed3ng \u0111\u1ec1u sau \u0111\u00f3 ti\u1ebfn h\u00e0nh lo\u1ea1i b\u1ecf, v\u1ea9y c\u00e1, ph\u1ea7n \u0111\u1ea7u v\u00e0 ru\u1ed9t c\u00e1, r\u1eeda qua n\u01b0\u1edbc . B\u00ean c\u1ea1nh \u0111\u00f3 c\u00f4ng \u0111o\u1ea1n ph\u01a1i kh\u00f4 C\u00e1 Mai c\u1ea7n ph\u1ea3i ch\u00fa \u00fd, c\u1ea7n \u0111\u1ea3o chi\u1ec1u th\u01b0\u1eddng xuy\u00ean, tr\u00e1nh n\u1eafng g\u1eafn s\u1ebd l\u00e0m c\u00e1 kh\u00f4 c\u1ee9ng m\u1ea5t v\u1ecb m\u1ec1m ng\u1ecdt c\u1ee7a c\u00e1.<\/li>\n<\/ul>\n<p><strong>H\u01b0\u01a1ng v\u1ecb, dinh d\u01b0\u1ee1ng<\/strong>:<\/p>\n<ul>\n<li><a href=\"https:\/\/www.cungcaphaisan.com\/san-pham\/kho-ca-mai.html\"><strong>Kh\u00f4 c\u00e1 Mai<\/strong><\/a> ngon \u0111\u1eadm \u0111\u00e0 \u0111\u01b0\u1ee3c l\u00e0m t\u1eeb nh\u1eefng con c\u00e1 mai t\u01b0\u01a1i, x\u1ebb \u0111\u00f4i b\u1ecf x\u01b0\u01a1ng v\u00e0 ph\u01a1i ho\u1eb7c s\u1ea5y kh\u00f4. Th\u1ecbt c\u00e1 mai m\u1ec1m, ng\u1ecdt v\u00e0 th\u01a1m, v\u00e0 c\u00f3 h\u00e0m l\u01b0\u1ee3ng dinh d\u01b0\u1ee1ng nhi\u1ec1u \u0111\u1ea1m, axit b\u00e9o h\u00f2a tan v\u00e0 nhi\u1ec1u vitamin E,B1,B2,A&#8230; v\u00e0 c\u00e1c kho\u00e1ng ch\u1ea5t t\u1ed1t cho c\u01a1 th\u1ec3. Kh\u00f4 c\u00e1 mai r\u1ea5t \u0111\u01b0\u1ee3c \u01b0a d\u00f9ng v\u00ec d\u1ec5 \u0103n ph\u00f9 h\u1ee3p v\u1edbi b\u1eefa c\u01a1m gia \u0111\u00ecnh.Hi\u1ec7n nay tr\u00ean th\u1ecb tr\u01b0\u1eddng c\u0169ng c\u00f3 lo\u1ea1i c\u00e1 mai kh\u00f4 \u0111\u01b0\u1ee3c t\u1ea9m m\u00e8, c\u00f3 th\u1ec3 d\u00f9ng \u0111\u1ec3 \u0103n ch\u01a1i th\u01b0\u1edfng th\u1ee9c h\u01b0\u01a1ng v\u1ecb c\u1ee7a c\u00e1 c\u0169ng r\u1ea5t ngon, kh\u00f4ng c\u1ea7n ch\u1ebf bi\u1ebfn<\/li>\n<\/ul>\n<p><strong>B\u1ea3o qu\u1ea3n<\/strong>: Ng\u0103n m\u00e1t t\u1ee7 l\u1ea1nh.<\/p>","protected":false},"excerpt":{"rendered":"<p>Ngu\u1ed3n g\u1ed1c: C\u00e1 Mai l\u00e0 m\u1ed9t lo\u00e0i c\u00e1 nh\u1ecf d\u00e0i 8\u201310 cm, th\u00e2n m\u1ecfng, m\u00e0u tr\u1eafng \u0111\u1ee5c, c\u00f3 v\u1ea3y nh\u1ecf, ph\u00e2n b\u1ed5 r\u1ea3i r\u00e1c \u1edf v\u00f9ng bi\u1ec3n \u1edf n\u01b0\u1edbc ta. Tuy nhi\u00ean s\u1ed1ng t\u1eadp trung s\u1ed1 l\u01b0\u1ee3ng l\u1edbn theo b\u1ea7y \u0111\u00e0n \u1edf v\u00f9ng n\u01b0\u1edbc n\u00f4ng g\u1ea7n b\u1edd t\u1ea1i v\u00f9ng bi\u1ec3n Ba H\u00f2n (Ki\u00ean L\u01b0\u01a1ng) v\u00e0 &hellip;<\/p>\n<p class=\"read-more\"> <a class=\"\" href=\"https:\/\/anlactvseafood.com\/en\/product\/kho-ca-mai\/\"> <span class=\"screen-reader-text\">DRIED HIMEGO<\/span> Read More &raquo;<\/a><\/p>","protected":false},"featured_media":1127,"comment_status":"open","ping_status":"closed","template":"","meta":{"site-sidebar-layout":"default","site-content-layout":"default","ast-global-header-display":"","ast-main-header-display":"","ast-hfb-above-header-display":"","ast-hfb-below-header-display":"","ast-hfb-mobile-header-display":"","site-post-title":"","ast-breadcrumbs-content":"","ast-featured-img":"","footer-sml-layout":"","theme-transparent-header-meta":"default","adv-header-id-meta":"","stick-header-meta":"","header-above-stick-meta":"","header-main-stick-meta":"","header-below-stick-meta":""},"product_cat":[75],"product_tag":[],"thi-truong":[40],"class_list":{"0":"post-519","1":"product","2":"type-product","3":"status-publish","4":"has-post-thumbnail","6":"product_cat-hang-kho","7":"thi-truong-nhat-ban","8":"desktop-align-left","9":"tablet-align-left","10":"mobile-align-left","12":"first","13":"instock","14":"shipping-taxable","15":"product-type-simple"},"yoast_head":"<!-- This site is optimized with the Yoast SEO plugin v23.1 - https:\/\/yoast.com\/wordpress\/plugins\/seo\/ -->\n<title>KH\u00d4 C\u00c1 MAI L\u1ea0T - C\u00d4NG TY TNHH H\u1ea2I S\u1ea2N AN L\u1ea0C - TR\u00c0 VINH<\/title>\n<meta name=\"robots\" content=\"index, follow, max-snippet:-1, max-image-preview:large, max-video-preview:-1\" \/>\n<link rel=\"canonical\" href=\"http:\/\/anlactvseafood.com\/en\/product\/kho-ca-mai\/\" \/>\n<meta property=\"og:locale\" content=\"en_US\" \/>\n<meta property=\"og:type\" content=\"article\" \/>\n<meta property=\"og:title\" content=\"KH\u00d4 C\u00c1 MAI L\u1ea0T - C\u00d4NG TY TNHH H\u1ea2I S\u1ea2N AN L\u1ea0C - TR\u00c0 VINH\" \/>\n<meta property=\"og:description\" content=\"Ngu\u1ed3n g\u1ed1c: C\u00e1 Mai l\u00e0 m\u1ed9t lo\u00e0i c\u00e1 nh\u1ecf d\u00e0i 8\u201310 cm, th\u00e2n m\u1ecfng, m\u00e0u tr\u1eafng \u0111\u1ee5c, c\u00f3 v\u1ea3y nh\u1ecf, ph\u00e2n b\u1ed5 r\u1ea3i r\u00e1c \u1edf v\u00f9ng bi\u1ec3n \u1edf n\u01b0\u1edbc ta. Tuy nhi\u00ean s\u1ed1ng t\u1eadp trung s\u1ed1 l\u01b0\u1ee3ng l\u1edbn theo b\u1ea7y \u0111\u00e0n \u1edf v\u00f9ng n\u01b0\u1edbc n\u00f4ng g\u1ea7n b\u1edd t\u1ea1i v\u00f9ng bi\u1ec3n Ba H\u00f2n (Ki\u00ean L\u01b0\u01a1ng) v\u00e0 &hellip; KH\u00d4 C\u00c1 MAI L\u1ea0T Read More &raquo;\" \/>\n<meta property=\"og:url\" content=\"http:\/\/anlactvseafood.com\/en\/product\/kho-ca-mai\/\" \/>\n<meta property=\"og:site_name\" content=\"C\u00d4NG TY TNHH H\u1ea2I S\u1ea2N AN L\u1ea0C - TR\u00c0 VINH\" \/>\n<meta property=\"article:modified_time\" content=\"2023-05-12T02:22:30+00:00\" \/>\n<meta property=\"og:image\" content=\"https:\/\/anlactvseafood.com\/wp-content\/uploads\/2022\/11\/kho-ca-mai-lat-DRIED-HIMEGO.jpg\" \/>\n\t<meta property=\"og:image:width\" content=\"2560\" \/>\n\t<meta property=\"og:image:height\" content=\"1920\" \/>\n\t<meta property=\"og:image:type\" content=\"image\/jpeg\" \/>\n<meta name=\"twitter:card\" content=\"summary_large_image\" \/>\n<meta name=\"twitter:label1\" content=\"Est. reading time\" \/>\n\t<meta name=\"twitter:data1\" content=\"2 minutes\" \/>\n<script type=\"application\/ld+json\" class=\"yoast-schema-graph\">{\"@context\":\"https:\/\/schema.org\",\"@graph\":[{\"@type\":\"WebPage\",\"@id\":\"http:\/\/anlactvseafood.com\/en\/product\/kho-ca-mai\/\",\"url\":\"http:\/\/anlactvseafood.com\/en\/product\/kho-ca-mai\/\",\"name\":\"KH\u00d4 C\u00c1 MAI L\u1ea0T - C\u00d4NG TY TNHH H\u1ea2I S\u1ea2N AN L\u1ea0C - TR\u00c0 VINH\",\"isPartOf\":{\"@id\":\"https:\/\/anlactvseafood.com\/#website\"},\"primaryImageOfPage\":{\"@id\":\"http:\/\/anlactvseafood.com\/en\/product\/kho-ca-mai\/#primaryimage\"},\"image\":{\"@id\":\"http:\/\/anlactvseafood.com\/en\/product\/kho-ca-mai\/#primaryimage\"},\"thumbnailUrl\":\"https:\/\/anlactvseafood.com\/wp-content\/uploads\/2022\/11\/kho-ca-mai-lat-DRIED-HIMEGO.jpg\",\"datePublished\":\"2022-11-16T06:46:30+00:00\",\"dateModified\":\"2023-05-12T02:22:30+00:00\",\"breadcrumb\":{\"@id\":\"http:\/\/anlactvseafood.com\/en\/product\/kho-ca-mai\/#breadcrumb\"},\"inLanguage\":\"en-US\",\"potentialAction\":[{\"@type\":\"ReadAction\",\"target\":[\"http:\/\/anlactvseafood.com\/en\/product\/kho-ca-mai\/\"]}]},{\"@type\":\"ImageObject\",\"inLanguage\":\"en-US\",\"@id\":\"http:\/\/anlactvseafood.com\/en\/product\/kho-ca-mai\/#primaryimage\",\"url\":\"https:\/\/anlactvseafood.com\/wp-content\/uploads\/2022\/11\/kho-ca-mai-lat-DRIED-HIMEGO.jpg\",\"contentUrl\":\"https:\/\/anlactvseafood.com\/wp-content\/uploads\/2022\/11\/kho-ca-mai-lat-DRIED-HIMEGO.jpg\",\"width\":2560,\"height\":1920},{\"@type\":\"BreadcrumbList\",\"@id\":\"http:\/\/anlactvseafood.com\/en\/product\/kho-ca-mai\/#breadcrumb\",\"itemListElement\":[{\"@type\":\"ListItem\",\"position\":1,\"name\":\"Trang ch\u1ee7\",\"item\":\"https:\/\/anlactvseafood.com\/\"},{\"@type\":\"ListItem\",\"position\":2,\"name\":\"Shop\",\"item\":\"https:\/\/anlactvseafood.com\/shop\/\"},{\"@type\":\"ListItem\",\"position\":3,\"name\":\"KH\u00d4 C\u00c1 MAI L\u1ea0T\"}]},{\"@type\":\"WebSite\",\"@id\":\"https:\/\/anlactvseafood.com\/#website\",\"url\":\"https:\/\/anlactvseafood.com\/\",\"name\":\"C\u00d4NG TY TNHH H\u1ea2I S\u1ea2N AN L\u1ea0C - TR\u00c0 VINH\",\"description\":\"\",\"publisher\":{\"@id\":\"https:\/\/anlactvseafood.com\/#organization\"},\"potentialAction\":[{\"@type\":\"SearchAction\",\"target\":{\"@type\":\"EntryPoint\",\"urlTemplate\":\"https:\/\/anlactvseafood.com\/?s={search_term_string}\"},\"query-input\":\"required name=search_term_string\"}],\"inLanguage\":\"en-US\"},{\"@type\":\"Organization\",\"@id\":\"https:\/\/anlactvseafood.com\/#organization\",\"name\":\"C\u00d4NG TY TNHH H\u1ea2I S\u1ea2N AN L\u1ea0C - TR\u00c0 VINH\",\"url\":\"https:\/\/anlactvseafood.com\/\",\"logo\":{\"@type\":\"ImageObject\",\"inLanguage\":\"en-US\",\"@id\":\"https:\/\/anlactvseafood.com\/#\/schema\/logo\/image\/\",\"url\":\"https:\/\/anlactvseafood.com\/wp-content\/uploads\/2022\/11\/logoa.png\",\"contentUrl\":\"https:\/\/anlactvseafood.com\/wp-content\/uploads\/2022\/11\/logoa.png\",\"width\":1002,\"height\":675,\"caption\":\"C\u00d4NG TY TNHH H\u1ea2I S\u1ea2N AN L\u1ea0C - TR\u00c0 VINH\"},\"image\":{\"@id\":\"https:\/\/anlactvseafood.com\/#\/schema\/logo\/image\/\"}}]}<\/script>\n<!-- \/ Yoast SEO plugin. -->","yoast_head_json":{"title":"KH\u00d4 C\u00c1 MAI L\u1ea0T - C\u00d4NG TY TNHH H\u1ea2I S\u1ea2N AN L\u1ea0C - TR\u00c0 VINH","robots":{"index":"index","follow":"follow","max-snippet":"max-snippet:-1","max-image-preview":"max-image-preview:large","max-video-preview":"max-video-preview:-1"},"canonical":"http:\/\/anlactvseafood.com\/en\/product\/kho-ca-mai\/","og_locale":"en_US","og_type":"article","og_title":"KH\u00d4 C\u00c1 MAI L\u1ea0T - C\u00d4NG TY TNHH H\u1ea2I S\u1ea2N AN L\u1ea0C - TR\u00c0 VINH","og_description":"Ngu\u1ed3n g\u1ed1c: C\u00e1 Mai l\u00e0 m\u1ed9t lo\u00e0i c\u00e1 nh\u1ecf d\u00e0i 8\u201310 cm, th\u00e2n m\u1ecfng, m\u00e0u tr\u1eafng \u0111\u1ee5c, c\u00f3 v\u1ea3y nh\u1ecf, ph\u00e2n b\u1ed5 r\u1ea3i r\u00e1c \u1edf v\u00f9ng bi\u1ec3n \u1edf n\u01b0\u1edbc ta. Tuy nhi\u00ean s\u1ed1ng t\u1eadp trung s\u1ed1 l\u01b0\u1ee3ng l\u1edbn theo b\u1ea7y \u0111\u00e0n \u1edf v\u00f9ng n\u01b0\u1edbc n\u00f4ng g\u1ea7n b\u1edd t\u1ea1i v\u00f9ng bi\u1ec3n Ba H\u00f2n (Ki\u00ean L\u01b0\u01a1ng) v\u00e0 &hellip; KH\u00d4 C\u00c1 MAI L\u1ea0T Read More &raquo;","og_url":"http:\/\/anlactvseafood.com\/en\/product\/kho-ca-mai\/","og_site_name":"C\u00d4NG TY TNHH H\u1ea2I S\u1ea2N AN L\u1ea0C - TR\u00c0 VINH","article_modified_time":"2023-05-12T02:22:30+00:00","og_image":[{"width":2560,"height":1920,"url":"https:\/\/anlactvseafood.com\/wp-content\/uploads\/2022\/11\/kho-ca-mai-lat-DRIED-HIMEGO.jpg","type":"image\/jpeg"}],"twitter_card":"summary_large_image","twitter_misc":{"Est. reading time":"2 minutes"},"schema":{"@context":"https:\/\/schema.org","@graph":[{"@type":"WebPage","@id":"http:\/\/anlactvseafood.com\/en\/product\/kho-ca-mai\/","url":"http:\/\/anlactvseafood.com\/en\/product\/kho-ca-mai\/","name":"KH\u00d4 C\u00c1 MAI L\u1ea0T - C\u00d4NG TY TNHH H\u1ea2I S\u1ea2N AN L\u1ea0C - TR\u00c0 VINH","isPartOf":{"@id":"https:\/\/anlactvseafood.com\/#website"},"primaryImageOfPage":{"@id":"http:\/\/anlactvseafood.com\/en\/product\/kho-ca-mai\/#primaryimage"},"image":{"@id":"http:\/\/anlactvseafood.com\/en\/product\/kho-ca-mai\/#primaryimage"},"thumbnailUrl":"https:\/\/anlactvseafood.com\/wp-content\/uploads\/2022\/11\/kho-ca-mai-lat-DRIED-HIMEGO.jpg","datePublished":"2022-11-16T06:46:30+00:00","dateModified":"2023-05-12T02:22:30+00:00","breadcrumb":{"@id":"http:\/\/anlactvseafood.com\/en\/product\/kho-ca-mai\/#breadcrumb"},"inLanguage":"en-US","potentialAction":[{"@type":"ReadAction","target":["http:\/\/anlactvseafood.com\/en\/product\/kho-ca-mai\/"]}]},{"@type":"ImageObject","inLanguage":"en-US","@id":"http:\/\/anlactvseafood.com\/en\/product\/kho-ca-mai\/#primaryimage","url":"https:\/\/anlactvseafood.com\/wp-content\/uploads\/2022\/11\/kho-ca-mai-lat-DRIED-HIMEGO.jpg","contentUrl":"https:\/\/anlactvseafood.com\/wp-content\/uploads\/2022\/11\/kho-ca-mai-lat-DRIED-HIMEGO.jpg","width":2560,"height":1920},{"@type":"BreadcrumbList","@id":"http:\/\/anlactvseafood.com\/en\/product\/kho-ca-mai\/#breadcrumb","itemListElement":[{"@type":"ListItem","position":1,"name":"Trang ch\u1ee7","item":"https:\/\/anlactvseafood.com\/"},{"@type":"ListItem","position":2,"name":"Shop","item":"https:\/\/anlactvseafood.com\/shop\/"},{"@type":"ListItem","position":3,"name":"KH\u00d4 C\u00c1 MAI L\u1ea0T"}]},{"@type":"WebSite","@id":"https:\/\/anlactvseafood.com\/#website","url":"https:\/\/anlactvseafood.com\/","name":"C\u00d4NG TY TNHH H\u1ea2I S\u1ea2N AN L\u1ea0C - TR\u00c0 VINH","description":"","publisher":{"@id":"https:\/\/anlactvseafood.com\/#organization"},"potentialAction":[{"@type":"SearchAction","target":{"@type":"EntryPoint","urlTemplate":"https:\/\/anlactvseafood.com\/?s={search_term_string}"},"query-input":"required name=search_term_string"}],"inLanguage":"en-US"},{"@type":"Organization","@id":"https:\/\/anlactvseafood.com\/#organization","name":"C\u00d4NG TY TNHH H\u1ea2I S\u1ea2N AN L\u1ea0C - TR\u00c0 VINH","url":"https:\/\/anlactvseafood.com\/","logo":{"@type":"ImageObject","inLanguage":"en-US","@id":"https:\/\/anlactvseafood.com\/#\/schema\/logo\/image\/","url":"https:\/\/anlactvseafood.com\/wp-content\/uploads\/2022\/11\/logoa.png","contentUrl":"https:\/\/anlactvseafood.com\/wp-content\/uploads\/2022\/11\/logoa.png","width":1002,"height":675,"caption":"C\u00d4NG TY TNHH H\u1ea2I S\u1ea2N AN L\u1ea0C - TR\u00c0 VINH"},"image":{"@id":"https:\/\/anlactvseafood.com\/#\/schema\/logo\/image\/"}}]}},"_links":{"self":[{"href":"https:\/\/anlactvseafood.com\/en\/wp-json\/wp\/v2\/product\/519","targetHints":{"allow":["GET"]}}],"collection":[{"href":"https:\/\/anlactvseafood.com\/en\/wp-json\/wp\/v2\/product"}],"about":[{"href":"https:\/\/anlactvseafood.com\/en\/wp-json\/wp\/v2\/types\/product"}],"replies":[{"embeddable":true,"href":"https:\/\/anlactvseafood.com\/en\/wp-json\/wp\/v2\/comments?post=519"}],"wp:featuredmedia":[{"embeddable":true,"href":"https:\/\/anlactvseafood.com\/en\/wp-json\/wp\/v2\/media\/1127"}],"wp:attachment":[{"href":"https:\/\/anlactvseafood.com\/en\/wp-json\/wp\/v2\/media?parent=519"}],"wp:term":[{"taxonomy":"product_cat","embeddable":true,"href":"https:\/\/anlactvseafood.com\/en\/wp-json\/wp\/v2\/product_cat?post=519"},{"taxonomy":"product_tag","embeddable":true,"href":"https:\/\/anlactvseafood.com\/en\/wp-json\/wp\/v2\/product_tag?post=519"},{"taxonomy":"thi-truong","embeddable":true,"href":"https:\/\/anlactvseafood.com\/en\/wp-json\/wp\/v2\/thi-truong?post=519"}],"curies":[{"name":"wp","href":"https:\/\/api.w.org\/{rel}","templated":true}]}}