{"id":509,"date":"2022-11-16T13:43:57","date_gmt":"2022-11-16T06:43:57","guid":{"rendered":"https:\/\/anlactvseafood.com\/?post_type=product&#038;p=509"},"modified":"2023-05-12T08:58:43","modified_gmt":"2023-05-12T01:58:43","slug":"ghe-kho","status":"publish","type":"product","link":"https:\/\/anlactvseafood.com\/en\/product\/train\/","title":{"rendered":"DRIED BABY CRAB"},"content":{"rendered":"<p><strong>Ngu\u1ed3n g\u1ed1c:\u00a0<\/strong>Gh\u1eb9 S\u1eefa\u00a0L\u00e0 Lo\u1ea1i Gh\u1eb9 C\u00f3 K\u00edch Th\u01b0\u1edbc Nh\u1ecf, ch\u00fang th\u01b0\u1eddng s\u1ed1ng khu v\u1ef1c g\u1ea7n b\u1edd, ch\u1ee7 y\u1ebfu khu v\u1ef1c c\u00f3 n\u01b0\u1edbc \u1ea5m v\u00e0 h\u00e0ng n\u0103m \u0111\u01b0\u1ee3c khai th\u00e1c nhi\u1ec1u t\u1eeb th\u00e1ng 5 \u0111\u1ebfn th\u00e1ng 11 t\u1ea1i khu v\u1ef1c T\u1eeb mi\u00ean trung v\u00e0o \u0111\u1ebfn c\u00e0 mau, nh\u01b0ng v\u1edbi gh\u1eb9 s\u1eefa th\u00ec khu v\u1ef1c trung, Mi\u1ec1n Nam t\u1eeb \u0110\u00e0 N\u1eb5ng \u0111\u1ebfn Khu v\u1ef1c c\u00e0 mau c\u00f3 ch\u1ea5t l\u01b0\u1ee3ng t\u1ed1t h\u01a1n ch\u00ednh v\u00ec v\u1eady nh\u1eefng lo\u1ea1i cua bi\u1ec3n, Gh\u1eb9 bi\u1ec3n, Gh\u1eb9 S\u1eefa s\u1ebd c\u00f3 ch\u1ea5t l\u01b0\u1ee3ng th\u1ecbt v\u00e0 \u0111\u1ed9 \u0111\u1eadm c\u1ee7a lo\u1ea1i gh\u1eb9 s\u1eefa c\u0169ng ngon h\u01a1n khu v\u1ef1c ngo\u00e0i B\u1eafc.<\/p>\n<p><strong>\u0110\u1eb7c \u0111i\u1ec3m:<\/strong><\/p>\n<ul>\n<li>Gh\u1eb9 S\u1eefa l\u00e0 Gh\u1eb9 Non \u0111\u01b0\u1ee3c ng\u01b0 d\u00e2n \u0111\u00e1nh b\u1eaft \u0111\u01b0\u1ee3c h\u1ecd ch\u1ecdn nh\u1eefng con gh\u1eb9 l\u1edbn, gh\u1eb9 tr\u01b0\u1edfng th\u00e0nh \u0111\u1ec3 b\u00e1n l\u00e0m gh\u1eb9 l\u1ea5y th\u1ecbt c\u00f2n l\u1ea1i nh\u1eefng con gh\u1eb9 non nh\u1ecf s\u1ebd \u0111\u01b0\u1ee3c b\u00e1n l\u00e0m gh\u1eb9 s\u1eefa, n\u00f3 l\u00e0 lo\u1ea1i gh\u1eb9 c\u00f3 k\u00edch th\u01b0\u1edbc nh\u1ecf nh\u01b0 cua \u0111\u1ed3ng, t\u1ea7m c\u1ee1 ng\u00f3n ch\u00e2n ng\u01b0\u1eddi l\u1edbn, v\u1edbi \u0111\u1eb7c \u0111i\u1ec3m th\u00e2n m\u1ec1m k\u00edch th\u01b0\u1edbc nh\u1ecf ch\u1ec9 b\u1eb1ng 1\/5 k\u00edch th\u01b0\u1edbc gh\u1eb9 tr\u01b0\u1edfng th\u00e0nh, nh\u01b0ng lo\u1ea1i gh\u1eb9 s\u1eefa ( Gh\u1eb9 Non) Gh\u1eb9 baby n\u00e0y l\u1ea1i c\u00f3 h\u00e0m l\u01b0\u1ee3ng dinh d\u01b0\u1ee1ng r\u1ea5t cao, \u0111\u01b0\u1ee3c ch\u1ebf bi\u1ebfn l\u00e0m nhi\u1ec1u m\u00f3n \u0103n \u0111\u1eb7c s\u1ea3n t\u1ea1i c\u00e1c t\u1ec9nh t\u1eeb mi\u1ec1n trung tr\u1edf v\u00e0o.<\/li>\n<\/ul>\n<p><strong>H\u01b0\u01a1ng v\u1ecb, dinh d\u01b0\u1ee1ng<\/strong>:<\/p>\n<ul>\n<li>\n<p class=\"p1\">Th\u1ecbt Gh\u1eb9 \u0111\u01b0\u1ee3c nhi\u1ec1u ng\u01b0\u1eddi bi\u1ebft \u0111\u1ebfn v\u1edbi nhi\u1ec1u ch\u1ea5t canxi, Ch\u1ea5t \u0111\u1ea1m, photpho, Ch\u1ea5t s\u1eaft, v\u00e0 r\u1ea5t nhi\u1ec1u c\u00e1c vitamin A, B1, B2, C\u2026c\u00f3 l\u1ee3i cho s\u1ee9c kho\u1ebb con ng\u01b0\u1eddi, th\u1ecbt\u00a0<strong>Gh\u1eb9<\/strong> ch\u1ee9a m\u1ed9t l\u01b0\u1ee3ng l\u1edbn calcium, magnesium v\u00e0 ax\u00edt b\u00e9o omega 3, r\u1ea5t t\u1ed1t cho tim, m\u1ea1ch\u2026 Ch\u00ednh v\u00ec v\u1eady gh\u1eb9 s\u1eefa c\u0169ng c\u00f3 ch\u1ee9a \u0111\u1ee7 c\u00e1c ch\u1ea5t dinh d\u01b0\u1ee1ng nh\u01b0 trong gh\u1eb9 tr\u01b0\u1edfng th\u00e0nh, ch\u1ec9 c\u00f3 \u0111i\u1ec1u do gh\u1eb9 non, ch\u01b0a \u0111\u1ee7 v\u00f2ng \u0111\u1eddi n\u00ean l\u01b0\u1ee3ng canxi trong gh\u1eb9 s\u1eefa ch\u1ec9 b\u1eb1ng 90% so v\u1edbi gh\u1eb9 tr\u01b0\u1edfng th\u00e0nh, d\u00f9 nh\u01b0 v\u1eady l\u01b0\u1ee3ng canxi trong gh\u1eb9 s\u1eefa v\u1eabn nhi\u1ec1u h\u01a1n t\u1ea5t c\u1ea3 lo\u1ea1i h\u1ea3i s\u1ea3n kh\u00e1c ngo\u00e0i Cua V\u00e0 Gh\u1eb9 tr\u01b0\u1edfng th\u00e0nh. Ch\u00ednh v\u00ec v\u1eady th\u1ecbt gh\u1eb9 s\u1eefa, gh\u1eb9 non l\u00e0 1 c\u00e1ch b\u1ed5 sung th\u00eam ch\u1ea5t dinh d\u01b0\u1ee1ng v\u1edbi gi\u00e1 th\u00e0nh h\u1ee3p l\u00fd nh\u1ea5t.<\/p>\n<\/li>\n<\/ul>\n<p><strong>B\u1ea3o qu\u1ea3n<\/strong>: Ng\u0103n m\u00e1t t\u1ee7 l\u1ea1nh.<\/p>","protected":false},"excerpt":{"rendered":"<p>Ngu\u1ed3n g\u1ed1c:\u00a0Gh\u1eb9 S\u1eefa\u00a0L\u00e0 Lo\u1ea1i Gh\u1eb9 C\u00f3 K\u00edch Th\u01b0\u1edbc Nh\u1ecf, ch\u00fang th\u01b0\u1eddng s\u1ed1ng khu v\u1ef1c g\u1ea7n b\u1edd, ch\u1ee7 y\u1ebfu khu v\u1ef1c c\u00f3 n\u01b0\u1edbc \u1ea5m v\u00e0 h\u00e0ng n\u0103m \u0111\u01b0\u1ee3c khai th\u00e1c nhi\u1ec1u t\u1eeb th\u00e1ng 5 \u0111\u1ebfn th\u00e1ng 11 t\u1ea1i khu v\u1ef1c T\u1eeb mi\u00ean trung v\u00e0o \u0111\u1ebfn c\u00e0 mau, nh\u01b0ng v\u1edbi gh\u1eb9 s\u1eefa th\u00ec khu v\u1ef1c trung, Mi\u1ec1n &hellip;<\/p>\n<p class=\"read-more\"> <a class=\"\" href=\"https:\/\/anlactvseafood.com\/en\/product\/train\/\"> <span class=\"screen-reader-text\">DRIED BABY CRAB<\/span> Read More &raquo;<\/a><\/p>","protected":false},"featured_media":1113,"comment_status":"open","ping_status":"closed","template":"","meta":{"site-sidebar-layout":"default","site-content-layout":"default","ast-global-header-display":"","ast-main-header-display":"","ast-hfb-above-header-display":"","ast-hfb-below-header-display":"","ast-hfb-mobile-header-display":"","site-post-title":"","ast-breadcrumbs-content":"","ast-featured-img":"","footer-sml-layout":"","theme-transparent-header-meta":"default","adv-header-id-meta":"","stick-header-meta":"","header-above-stick-meta":"","header-main-stick-meta":"","header-below-stick-meta":""},"product_cat":[75],"product_tag":[],"thi-truong":[40,33],"class_list":{"0":"post-509","1":"product","2":"type-product","3":"status-publish","4":"has-post-thumbnail","6":"product_cat-hang-kho","7":"thi-truong-nhat-ban","8":"thi-truong-noi-dia","9":"desktop-align-left","10":"tablet-align-left","11":"mobile-align-left","13":"first","14":"instock","15":"shipping-taxable","16":"product-type-simple"},"yoast_head":"<!-- This site is optimized with the Yoast SEO plugin v23.1 - https:\/\/yoast.com\/wordpress\/plugins\/seo\/ -->\n<title>GH\u1eb8 KH\u00d4 - C\u00d4NG TY TNHH H\u1ea2I S\u1ea2N AN L\u1ea0C - TR\u00c0 VINH %<\/title>\n<meta name=\"robots\" content=\"index, follow, max-snippet:-1, max-image-preview:large, max-video-preview:-1\" \/>\n<link rel=\"canonical\" href=\"https:\/\/anlactvseafood.com\/en\/product\/train\/\" \/>\n<meta property=\"og:locale\" content=\"en_US\" \/>\n<meta property=\"og:type\" content=\"article\" \/>\n<meta property=\"og:title\" content=\"GH\u1eb8 KH\u00d4 - C\u00d4NG TY TNHH H\u1ea2I S\u1ea2N AN L\u1ea0C - TR\u00c0 VINH %\" \/>\n<meta property=\"og:description\" content=\"Ngu\u1ed3n g\u1ed1c:\u00a0Gh\u1eb9 S\u1eefa\u00a0L\u00e0 Lo\u1ea1i Gh\u1eb9 C\u00f3 K\u00edch Th\u01b0\u1edbc Nh\u1ecf, ch\u00fang th\u01b0\u1eddng s\u1ed1ng khu v\u1ef1c g\u1ea7n b\u1edd, ch\u1ee7 y\u1ebfu khu v\u1ef1c c\u00f3 n\u01b0\u1edbc \u1ea5m v\u00e0 h\u00e0ng n\u0103m \u0111\u01b0\u1ee3c khai th\u00e1c nhi\u1ec1u t\u1eeb th\u00e1ng 5 \u0111\u1ebfn th\u00e1ng 11 t\u1ea1i khu v\u1ef1c T\u1eeb mi\u00ean trung v\u00e0o \u0111\u1ebfn c\u00e0 mau, nh\u01b0ng v\u1edbi gh\u1eb9 s\u1eefa th\u00ec khu v\u1ef1c trung, Mi\u1ec1n &hellip; GH\u1eb8 KH\u00d4 Read More &raquo;\" \/>\n<meta property=\"og:url\" content=\"https:\/\/anlactvseafood.com\/en\/product\/train\/\" \/>\n<meta property=\"og:site_name\" content=\"C\u00d4NG TY TNHH H\u1ea2I S\u1ea2N AN L\u1ea0C - TR\u00c0 VINH\" \/>\n<meta property=\"article:modified_time\" content=\"2023-05-12T01:58:43+00:00\" \/>\n<meta property=\"og:image\" content=\"https:\/\/anlactvseafood.com\/wp-content\/uploads\/2022\/11\/ghe-lat-DRIED-BABY-CRAB.jpg\" \/>\n\t<meta property=\"og:image:width\" content=\"2560\" \/>\n\t<meta property=\"og:image:height\" content=\"1920\" \/>\n\t<meta property=\"og:image:type\" content=\"image\/jpeg\" \/>\n<meta name=\"twitter:card\" content=\"summary_large_image\" \/>\n<meta name=\"twitter:label1\" content=\"Est. reading time\" \/>\n\t<meta name=\"twitter:data1\" content=\"2 minutes\" \/>\n<script type=\"application\/ld+json\" class=\"yoast-schema-graph\">{\"@context\":\"https:\/\/schema.org\",\"@graph\":[{\"@type\":\"WebPage\",\"@id\":\"https:\/\/anlactvseafood.com\/product\/ghe-kho\/\",\"url\":\"https:\/\/anlactvseafood.com\/product\/ghe-kho\/\",\"name\":\"GH\u1eb8 KH\u00d4 - C\u00d4NG TY TNHH H\u1ea2I S\u1ea2N AN L\u1ea0C - TR\u00c0 VINH %\",\"isPartOf\":{\"@id\":\"https:\/\/anlactvseafood.com\/#website\"},\"primaryImageOfPage\":{\"@id\":\"https:\/\/anlactvseafood.com\/product\/ghe-kho\/#primaryimage\"},\"image\":{\"@id\":\"https:\/\/anlactvseafood.com\/product\/ghe-kho\/#primaryimage\"},\"thumbnailUrl\":\"https:\/\/anlactvseafood.com\/wp-content\/uploads\/2022\/11\/ghe-lat-DRIED-BABY-CRAB.jpg\",\"datePublished\":\"2022-11-16T06:43:57+00:00\",\"dateModified\":\"2023-05-12T01:58:43+00:00\",\"breadcrumb\":{\"@id\":\"https:\/\/anlactvseafood.com\/product\/ghe-kho\/#breadcrumb\"},\"inLanguage\":\"en-US\",\"potentialAction\":[{\"@type\":\"ReadAction\",\"target\":[\"https:\/\/anlactvseafood.com\/product\/ghe-kho\/\"]}]},{\"@type\":\"ImageObject\",\"inLanguage\":\"en-US\",\"@id\":\"https:\/\/anlactvseafood.com\/product\/ghe-kho\/#primaryimage\",\"url\":\"https:\/\/anlactvseafood.com\/wp-content\/uploads\/2022\/11\/ghe-lat-DRIED-BABY-CRAB.jpg\",\"contentUrl\":\"https:\/\/anlactvseafood.com\/wp-content\/uploads\/2022\/11\/ghe-lat-DRIED-BABY-CRAB.jpg\",\"width\":2560,\"height\":1920},{\"@type\":\"BreadcrumbList\",\"@id\":\"https:\/\/anlactvseafood.com\/product\/ghe-kho\/#breadcrumb\",\"itemListElement\":[{\"@type\":\"ListItem\",\"position\":1,\"name\":\"Trang ch\u1ee7\",\"item\":\"https:\/\/anlactvseafood.com\/\"},{\"@type\":\"ListItem\",\"position\":2,\"name\":\"Shop\",\"item\":\"https:\/\/anlactvseafood.com\/shop\/\"},{\"@type\":\"ListItem\",\"position\":3,\"name\":\"GH\u1eb8 KH\u00d4\"}]},{\"@type\":\"WebSite\",\"@id\":\"https:\/\/anlactvseafood.com\/#website\",\"url\":\"https:\/\/anlactvseafood.com\/\",\"name\":\"C\u00d4NG TY TNHH H\u1ea2I S\u1ea2N AN L\u1ea0C - TR\u00c0 VINH\",\"description\":\"\",\"publisher\":{\"@id\":\"https:\/\/anlactvseafood.com\/#organization\"},\"potentialAction\":[{\"@type\":\"SearchAction\",\"target\":{\"@type\":\"EntryPoint\",\"urlTemplate\":\"https:\/\/anlactvseafood.com\/?s={search_term_string}\"},\"query-input\":\"required name=search_term_string\"}],\"inLanguage\":\"en-US\"},{\"@type\":\"Organization\",\"@id\":\"https:\/\/anlactvseafood.com\/#organization\",\"name\":\"C\u00d4NG TY TNHH H\u1ea2I S\u1ea2N AN L\u1ea0C - TR\u00c0 VINH\",\"url\":\"https:\/\/anlactvseafood.com\/\",\"logo\":{\"@type\":\"ImageObject\",\"inLanguage\":\"en-US\",\"@id\":\"https:\/\/anlactvseafood.com\/#\/schema\/logo\/image\/\",\"url\":\"https:\/\/anlactvseafood.com\/wp-content\/uploads\/2022\/11\/logoa.png\",\"contentUrl\":\"https:\/\/anlactvseafood.com\/wp-content\/uploads\/2022\/11\/logoa.png\",\"width\":1002,\"height\":675,\"caption\":\"C\u00d4NG TY TNHH H\u1ea2I S\u1ea2N AN L\u1ea0C - TR\u00c0 VINH\"},\"image\":{\"@id\":\"https:\/\/anlactvseafood.com\/#\/schema\/logo\/image\/\"}}]}<\/script>\n<!-- \/ Yoast SEO plugin. -->","yoast_head_json":{"title":"GH\u1eb8 KH\u00d4 - C\u00d4NG TY TNHH H\u1ea2I S\u1ea2N AN L\u1ea0C - TR\u00c0 VINH %","robots":{"index":"index","follow":"follow","max-snippet":"max-snippet:-1","max-image-preview":"max-image-preview:large","max-video-preview":"max-video-preview:-1"},"canonical":"https:\/\/anlactvseafood.com\/en\/product\/train\/","og_locale":"en_US","og_type":"article","og_title":"GH\u1eb8 KH\u00d4 - C\u00d4NG TY TNHH H\u1ea2I S\u1ea2N AN L\u1ea0C - TR\u00c0 VINH %","og_description":"Ngu\u1ed3n g\u1ed1c:\u00a0Gh\u1eb9 S\u1eefa\u00a0L\u00e0 Lo\u1ea1i Gh\u1eb9 C\u00f3 K\u00edch Th\u01b0\u1edbc Nh\u1ecf, ch\u00fang th\u01b0\u1eddng s\u1ed1ng khu v\u1ef1c g\u1ea7n b\u1edd, ch\u1ee7 y\u1ebfu khu v\u1ef1c c\u00f3 n\u01b0\u1edbc \u1ea5m v\u00e0 h\u00e0ng n\u0103m \u0111\u01b0\u1ee3c khai th\u00e1c nhi\u1ec1u t\u1eeb th\u00e1ng 5 \u0111\u1ebfn th\u00e1ng 11 t\u1ea1i khu v\u1ef1c T\u1eeb mi\u00ean trung v\u00e0o \u0111\u1ebfn c\u00e0 mau, nh\u01b0ng v\u1edbi gh\u1eb9 s\u1eefa th\u00ec khu v\u1ef1c trung, Mi\u1ec1n &hellip; GH\u1eb8 KH\u00d4 Read More &raquo;","og_url":"https:\/\/anlactvseafood.com\/en\/product\/train\/","og_site_name":"C\u00d4NG TY TNHH H\u1ea2I S\u1ea2N AN L\u1ea0C - TR\u00c0 VINH","article_modified_time":"2023-05-12T01:58:43+00:00","og_image":[{"width":2560,"height":1920,"url":"https:\/\/anlactvseafood.com\/wp-content\/uploads\/2022\/11\/ghe-lat-DRIED-BABY-CRAB.jpg","type":"image\/jpeg"}],"twitter_card":"summary_large_image","twitter_misc":{"Est. reading time":"2 minutes"},"schema":{"@context":"https:\/\/schema.org","@graph":[{"@type":"WebPage","@id":"https:\/\/anlactvseafood.com\/product\/ghe-kho\/","url":"https:\/\/anlactvseafood.com\/product\/ghe-kho\/","name":"GH\u1eb8 KH\u00d4 - C\u00d4NG TY TNHH H\u1ea2I S\u1ea2N AN L\u1ea0C - TR\u00c0 VINH %","isPartOf":{"@id":"https:\/\/anlactvseafood.com\/#website"},"primaryImageOfPage":{"@id":"https:\/\/anlactvseafood.com\/product\/ghe-kho\/#primaryimage"},"image":{"@id":"https:\/\/anlactvseafood.com\/product\/ghe-kho\/#primaryimage"},"thumbnailUrl":"https:\/\/anlactvseafood.com\/wp-content\/uploads\/2022\/11\/ghe-lat-DRIED-BABY-CRAB.jpg","datePublished":"2022-11-16T06:43:57+00:00","dateModified":"2023-05-12T01:58:43+00:00","breadcrumb":{"@id":"https:\/\/anlactvseafood.com\/product\/ghe-kho\/#breadcrumb"},"inLanguage":"en-US","potentialAction":[{"@type":"ReadAction","target":["https:\/\/anlactvseafood.com\/product\/ghe-kho\/"]}]},{"@type":"ImageObject","inLanguage":"en-US","@id":"https:\/\/anlactvseafood.com\/product\/ghe-kho\/#primaryimage","url":"https:\/\/anlactvseafood.com\/wp-content\/uploads\/2022\/11\/ghe-lat-DRIED-BABY-CRAB.jpg","contentUrl":"https:\/\/anlactvseafood.com\/wp-content\/uploads\/2022\/11\/ghe-lat-DRIED-BABY-CRAB.jpg","width":2560,"height":1920},{"@type":"BreadcrumbList","@id":"https:\/\/anlactvseafood.com\/product\/ghe-kho\/#breadcrumb","itemListElement":[{"@type":"ListItem","position":1,"name":"Trang ch\u1ee7","item":"https:\/\/anlactvseafood.com\/"},{"@type":"ListItem","position":2,"name":"Shop","item":"https:\/\/anlactvseafood.com\/shop\/"},{"@type":"ListItem","position":3,"name":"GH\u1eb8 KH\u00d4"}]},{"@type":"WebSite","@id":"https:\/\/anlactvseafood.com\/#website","url":"https:\/\/anlactvseafood.com\/","name":"C\u00d4NG TY TNHH H\u1ea2I S\u1ea2N AN L\u1ea0C - TR\u00c0 VINH","description":"","publisher":{"@id":"https:\/\/anlactvseafood.com\/#organization"},"potentialAction":[{"@type":"SearchAction","target":{"@type":"EntryPoint","urlTemplate":"https:\/\/anlactvseafood.com\/?s={search_term_string}"},"query-input":"required name=search_term_string"}],"inLanguage":"en-US"},{"@type":"Organization","@id":"https:\/\/anlactvseafood.com\/#organization","name":"C\u00d4NG TY TNHH H\u1ea2I S\u1ea2N AN L\u1ea0C - TR\u00c0 VINH","url":"https:\/\/anlactvseafood.com\/","logo":{"@type":"ImageObject","inLanguage":"en-US","@id":"https:\/\/anlactvseafood.com\/#\/schema\/logo\/image\/","url":"https:\/\/anlactvseafood.com\/wp-content\/uploads\/2022\/11\/logoa.png","contentUrl":"https:\/\/anlactvseafood.com\/wp-content\/uploads\/2022\/11\/logoa.png","width":1002,"height":675,"caption":"C\u00d4NG TY TNHH H\u1ea2I S\u1ea2N AN L\u1ea0C - TR\u00c0 VINH"},"image":{"@id":"https:\/\/anlactvseafood.com\/#\/schema\/logo\/image\/"}}]}},"_links":{"self":[{"href":"https:\/\/anlactvseafood.com\/en\/wp-json\/wp\/v2\/product\/509","targetHints":{"allow":["GET"]}}],"collection":[{"href":"https:\/\/anlactvseafood.com\/en\/wp-json\/wp\/v2\/product"}],"about":[{"href":"https:\/\/anlactvseafood.com\/en\/wp-json\/wp\/v2\/types\/product"}],"replies":[{"embeddable":true,"href":"https:\/\/anlactvseafood.com\/en\/wp-json\/wp\/v2\/comments?post=509"}],"wp:featuredmedia":[{"embeddable":true,"href":"https:\/\/anlactvseafood.com\/en\/wp-json\/wp\/v2\/media\/1113"}],"wp:attachment":[{"href":"https:\/\/anlactvseafood.com\/en\/wp-json\/wp\/v2\/media?parent=509"}],"wp:term":[{"taxonomy":"product_cat","embeddable":true,"href":"https:\/\/anlactvseafood.com\/en\/wp-json\/wp\/v2\/product_cat?post=509"},{"taxonomy":"product_tag","embeddable":true,"href":"https:\/\/anlactvseafood.com\/en\/wp-json\/wp\/v2\/product_tag?post=509"},{"taxonomy":"thi-truong","embeddable":true,"href":"https:\/\/anlactvseafood.com\/en\/wp-json\/wp\/v2\/thi-truong?post=509"}],"curies":[{"name":"wp","href":"https:\/\/api.w.org\/{rel}","templated":true}]}}