{"id":507,"date":"2022-11-16T13:43:28","date_gmt":"2022-11-16T06:43:28","guid":{"rendered":"https:\/\/anlactvseafood.com\/?post_type=product&#038;p=507"},"modified":"2023-05-10T16:40:28","modified_gmt":"2023-05-10T09:40:28","slug":"kho-muc-nuong-can","status":"publish","type":"product","link":"https:\/\/anlactvseafood.com\/en\/product\/kho-muc-nuong-can\/","title":{"rendered":"ROASTED ROLLED SEASONED SQUID"},"content":{"rendered":"<p><strong>Ngu\u1ed3n g\u1ed1c:<\/strong> Duy\u00ean H\u1ea3i Nam Trung B\u1ed9.<\/p>\n<p><strong>\u0110\u1eb7c \u0111i\u1ec3m:<\/strong><\/p>\n<ul>\n<li>M\u1ef1c c\u00f3 nhi\u1ec1u c\u00e1ch g\u1ecdi kh\u00e1c nhau nh\u01b0 c\u00e1 m\u1ef1c, m\u1ef1c nang, m\u1ef1c \u1ed1ng,&#8230; t\u00ean khoa h\u1ecdc l\u00e0 Sepia spp, thu\u1ed9c h\u1ecd m\u1ef1c nang. C\u00f3 kho\u1ea3ng 500 lo\u00e0i m\u1ef1c tr\u00ean to\u00e0n th\u1ebf gi\u1edbi. M\u1ef1c l\u00e0 \u0111\u1ed9ng v\u1eadt ng\u00e0nh th\u00e2n m\u1ec1m, kh\u00f4ng c\u00f3 x\u01b0\u01a1ng s\u1ed1ng, ph\u00e2n b\u1ed1 \u1edf kh\u1eafp t\u1ea5t c\u1ea3 c\u00e1c \u0111\u1ea1i d\u01b0\u01a1ng, t\u1eeb v\u00f9ng ven bi\u1ec3n, bi\u1ec3n s\u00e2u, bi\u1ec3n c\u1ea1n t\u1edbi v\u00f9ng kh\u01a1i xa. Ch\u00fang l\u00e0 th\u1ee9c \u0103n c\u1ee7a nhi\u1ec1u \u0111\u1ed9ng v\u1eadt nh\u01b0 c\u00e1 bi\u1ec3n, c\u00e1 m\u1eadp, c\u00e1 heo v\u00e0 nh\u1eefng \u0111\u1ed9ng v\u1eadt bi\u1ec3n kh\u00e1c. Ch\u00fang c\u0169ng c\u00f3 th\u1ec3 \u0103n th\u1ecbt l\u1eabn nhau. \u1ede n\u01b0\u1edbc ta, m\u1ef1c \u0111\u01b0\u1ee3c chia th\u00e0nh b\u1ed1n b\u1ed9 kh\u00e1c nhau: b\u1ed9 m\u1ef1c \u1ed1ng, b\u1ed9 m\u1ef1c nang, b\u1ed9 m\u1ef1c x\u00e0 v\u00e0 b\u1ed9 m\u1ef1c l\u00e1.\u00a0C\u1ea5u t\u1ea1o c\u01a1 th\u1ec3 m\u1ef1c\u00a0chia th\u00e0nh hai ph\u1ea7n g\u1ed3m: ph\u1ea7n \u0111\u1ea7u v\u00e0 ph\u1ea7n th\u00e2n.<\/li>\n<\/ul>\n<p><strong>H\u01b0\u01a1ng v\u1ecb, dinh d\u01b0\u1ee1ng<\/strong>:<\/p>\n<ul>\n<li>Nh\u1edd gi\u00e1 tr\u1ecb dinh d\u01b0\u1ee1ng t\u1ed1t v\u00e0 \u0111\u01b0\u1ee3c \u0111\u00e1nh gi\u00e1 cao v\u1ec1 m\u1eb7t \u1ea9m th\u1ef1c, do v\u1eady lo\u00e0i h\u1ea3i s\u1ea3n n\u00e0y c\u00f3 gi\u00e1 \u0111\u1eaft g\u1ea5p 2, th\u1eadm ch\u00ed g\u1ea5p 3 c\u00e1c lo\u1ea1i kh\u00f4 m\u1ef1c\u00a0th\u00f4ng th\u01b0\u1eddng kh\u00e1c.<\/li>\n<li>Theo nghi\u00ean c\u1ee9u trong 100g m\u1ef1c kh\u00f4 c\u00f3 ch\u1ee9a c\u00e1c th\u00e0nh ph\u1ea7n dinh d\u01b0\u1ee1ng nh\u01b0 sau: 291 calo; 32,6 g n\u01b0\u1edbc; \u00a060,1 g ch\u1ea5t \u0111\u1ea1m; 4,5g ch\u1ea5t b\u00e9o; 2,5g ch\u1ea5t \u0111\u01b0\u1eddng b\u1ed9t.<\/li>\n<li>Ngo\u00e0i ra trong m\u1ef1c kh\u00f4 n\u01b0\u1edbng\u00a0c\u00f2n ch\u1ee9a m\u1ed9t s\u1ed1 kho\u00e1ng ch\u1ea5t \u00a0vi l\u01b0\u1ee3ng r\u1ea5t qu\u00fd m\u00e0 ch\u1ec9 c\u00f3 \u1edf c\u00e1c lo\u00e0i sinh v\u1eadt bi\u1ec3n \u0111\u1ec3 b\u1ed5 sung cho c\u01a1 th\u1ec3 nh\u01b0: s\u1eaft, k\u1ebdm, mangan, selen, v\u00e0 \u0111\u1eb7c bi\u1ec7t l\u00e0 hormone nam testosterone.<\/li>\n<li>L\u01b0\u1ee3ng Vitamin A c\u00f3 trong m\u1ef1c kh\u00f4\u00a0cung c\u1ea5p cho c\u01a1 th\u1ec3 c\u1ee7a ch\u00fang ta, gi\u00fap cho th\u1ecb l\u1ef1c c\u1ee7a \u0111\u00f4i m\u1eaft c\u1ee7a ch\u00fang ta v\u00f4 c\u00f9ng kh\u1ecfe m\u1ea1nh, tr\u00e1nh \u0111\u01b0\u1ee3c c\u00e1c b\u1ec7nh l\u00e3o h\u00f3a m\u1eaft.<\/li>\n<li>Ch\u00fang r\u1ea5t nhi\u1ec1u lo\u1ea1i vitamin v\u00e0 kho\u00e1ng ch\u1ea5t r\u1ea5t t\u1ed1t, \u0111\u1eb7c bi\u1ec7t l\u00e0 Vitamin E, Omega 3. Vitamin E \u0111\u1eb7c bi\u1ec7t c\u00f3 l\u1ee3i v\u1edbi ph\u1ee5 n\u1eef b\u1edfi c\u00f4ng d\u1ee5ng tr\u1ebb h\u00f3a l\u00e0n da, ng\u0103n ng\u1eeba l\u00e3o h\u00f3a. Vitamin E c\u00f3 m\u1ed9t vai tr\u00f2 h\u1ebft s\u1ee9c quan tr\u1ecdng kh\u00f4ng ch\u1ec9 v\u1edbi s\u1eafc \u0111\u1eb9p m\u00e0 c\u1ea3 s\u1ee9c kh\u1ecfe.<\/li>\n<li>M\u1ed9t l\u1ee3i \u00edch c\u1ee7a m\u1ef1c kh\u00f4 n\u01b0\u1edbng\u00a0m\u00e0 \u00edt ai bi\u1ebft \u0111\u1ebfn \u0111\u00f3 l\u00e0 gi\u00fap gi\u1ea3m c\u00e2n v\u00f4 c\u00f9ng hi\u1ec7u qu\u1ea3. Ch\u00fang c\u00f3 t\u00e1c d\u1ee5ng h\u1ed7 tr\u1ee3 ch\u1ecb em gi\u1ea3m c\u00e2n v\u00f4 c\u00f9ng nhanh m\u00e0 kh\u00f4ng ph\u1ea3i kh\u1ed5 s\u1edf nh\u1ecbn \u0111\u00f3i l\u00e0m \u1ea3nh h\u01b0\u1edfng \u0111\u1ebfn tinh th\u1ea7n v\u00e0 s\u1ee9c kh\u1ecfe Ngo\u00e0i nh\u1eefng l\u1ee3i \u00edch k\u1ec3 tr\u00ean,\u00a0<a href=\"https:\/\/natufood.com.vn\/products\/muc-kho-nuong-hop-100g\">M\u1ef1c Kh\u00f4 N\u01b0\u1edbng<\/a>\u00a0c\u00f2n c\u00f3 t\u00e1c d\u1ee5ng nh\u01b0: gi\u1ea3m hi\u1ec7n t\u01b0\u1ee3ng \u0111\u1ed5 m\u1ed3 h\u00f4i v\u1ec1 \u0111\u00eam, gi\u1ea3m tri\u1ec7u ch\u1ee9ng m\u1ea5t ng\u1ee7, gi\u00fap ph\u1ee5c h\u1ed3i s\u1ee9c kh\u1ecfe c\u1ee7a ph\u1ee5 n\u1eef sau khi sinh\u2026<\/li>\n<\/ul>\n<p><strong>B\u1ea3o qu\u1ea3n<\/strong>:<\/p>\n<ul>\n<li>V\u00ec l\u00e0 s\u1ea3n ph\u1ea9m \u0111\u01b0\u1ee3c ch\u1ebf bi\u1ebfn v\u00e0 s\u1ea5y kh\u00f4, c\u0169ng gi\u1ed1ng nh\u01b0\u00a0<a href=\"https:\/\/natufood.com.vn\/products\/muc-kho-nuong-hop-100g\">M\u1ef1c Kh\u00f4 N\u01b0\u1edbng<\/a> n\u00ean b\u1ea1n ch\u1ec9 c\u1ea7n b\u1ea3o qu\u1ea3n trong ng\u0103n b\u1ea3o \u00f4n c\u1ee7a t\u1ee7 l\u1ea1nh. Th\u1eddi gian s\u1eed d\u1ee5ng kho\u1ea3ng 12 th\u00e1ng k\u1ec3 t\u1eeb ng\u00e0y s\u1ea3n xu\u1ea5t.<\/li>\n<\/ul>","protected":false},"excerpt":{"rendered":"<p>Ngu\u1ed3n g\u1ed1c: Duy\u00ean H\u1ea3i Nam Trung B\u1ed9. \u0110\u1eb7c \u0111i\u1ec3m: M\u1ef1c c\u00f3 nhi\u1ec1u c\u00e1ch g\u1ecdi kh\u00e1c nhau nh\u01b0 c\u00e1 m\u1ef1c, m\u1ef1c nang, m\u1ef1c \u1ed1ng,&#8230; t\u00ean khoa h\u1ecdc l\u00e0 Sepia spp, thu\u1ed9c h\u1ecd m\u1ef1c nang. C\u00f3 kho\u1ea3ng 500 lo\u00e0i m\u1ef1c tr\u00ean to\u00e0n th\u1ebf gi\u1edbi. M\u1ef1c l\u00e0 \u0111\u1ed9ng v\u1eadt ng\u00e0nh th\u00e2n m\u1ec1m, kh\u00f4ng c\u00f3 x\u01b0\u01a1ng s\u1ed1ng, ph\u00e2n b\u1ed1 &hellip;<\/p>\n<p class=\"read-more\"> <a class=\"\" href=\"https:\/\/anlactvseafood.com\/en\/product\/kho-muc-nuong-can\/\"> <span class=\"screen-reader-text\">ROASTED ROLLED SEASONED SQUID<\/span> Read More &raquo;<\/a><\/p>","protected":false},"featured_media":1058,"comment_status":"open","ping_status":"closed","template":"","meta":{"site-sidebar-layout":"default","site-content-layout":"default","ast-global-header-display":"","ast-main-header-display":"","ast-hfb-above-header-display":"","ast-hfb-below-header-display":"","ast-hfb-mobile-header-display":"","site-post-title":"","ast-breadcrumbs-content":"","ast-featured-img":"","footer-sml-layout":"","theme-transparent-header-meta":"default","adv-header-id-meta":"","stick-header-meta":"","header-above-stick-meta":"","header-main-stick-meta":"","header-below-stick-meta":""},"product_cat":[55],"product_tag":[],"thi-truong":[38],"class_list":{"0":"post-507","1":"product","2":"type-product","3":"status-publish","4":"has-post-thumbnail","6":"product_cat-hang-an-lien","7":"thi-truong-my","8":"desktop-align-left","9":"tablet-align-left","10":"mobile-align-left","12":"first","13":"instock","14":"shipping-taxable","15":"product-type-simple"},"yoast_head":"<!-- This site is optimized with the Yoast SEO plugin v23.1 - https:\/\/yoast.com\/wordpress\/plugins\/seo\/ -->\n<title>KH\u00d4 M\u1ef0C N\u01af\u1edaNG C\u00c1N - C\u00d4NG TY TNHH H\u1ea2I S\u1ea2N AN L\u1ea0C - TR\u00c0 VINH<\/title>\n<meta name=\"robots\" content=\"index, follow, max-snippet:-1, max-image-preview:large, max-video-preview:-1\" \/>\n<link rel=\"canonical\" href=\"https:\/\/anlactvseafood.com\/en\/product\/kho-muc-nuong-can\/\" \/>\n<meta property=\"og:locale\" content=\"en_US\" \/>\n<meta property=\"og:type\" content=\"article\" \/>\n<meta property=\"og:title\" content=\"KH\u00d4 M\u1ef0C N\u01af\u1edaNG C\u00c1N - C\u00d4NG TY TNHH H\u1ea2I S\u1ea2N AN L\u1ea0C - TR\u00c0 VINH\" \/>\n<meta property=\"og:description\" content=\"Ngu\u1ed3n g\u1ed1c: Duy\u00ean H\u1ea3i Nam Trung B\u1ed9. \u0110\u1eb7c \u0111i\u1ec3m: M\u1ef1c c\u00f3 nhi\u1ec1u c\u00e1ch g\u1ecdi kh\u00e1c nhau nh\u01b0 c\u00e1 m\u1ef1c, m\u1ef1c nang, m\u1ef1c \u1ed1ng,&#8230; t\u00ean khoa h\u1ecdc l\u00e0 Sepia spp, thu\u1ed9c h\u1ecd m\u1ef1c nang. C\u00f3 kho\u1ea3ng 500 lo\u00e0i m\u1ef1c tr\u00ean to\u00e0n th\u1ebf gi\u1edbi. M\u1ef1c l\u00e0 \u0111\u1ed9ng v\u1eadt ng\u00e0nh th\u00e2n m\u1ec1m, kh\u00f4ng c\u00f3 x\u01b0\u01a1ng s\u1ed1ng, ph\u00e2n b\u1ed1 &hellip; KH\u00d4 M\u1ef0C N\u01af\u1edaNG C\u00c1N Read More &raquo;\" \/>\n<meta property=\"og:url\" content=\"https:\/\/anlactvseafood.com\/en\/product\/kho-muc-nuong-can\/\" \/>\n<meta property=\"og:site_name\" content=\"C\u00d4NG TY TNHH H\u1ea2I S\u1ea2N AN L\u1ea0C - TR\u00c0 VINH\" \/>\n<meta property=\"article:modified_time\" content=\"2023-05-10T09:40:28+00:00\" \/>\n<meta property=\"og:image\" content=\"https:\/\/anlactvseafood.com\/wp-content\/uploads\/2022\/11\/Kho-muc-can-tam-ROASTED-ROOLED-SEASONED-SQUID-1.jpg\" \/>\n\t<meta property=\"og:image:width\" content=\"1920\" \/>\n\t<meta property=\"og:image:height\" content=\"2560\" \/>\n\t<meta property=\"og:image:type\" content=\"image\/jpeg\" \/>\n<meta name=\"twitter:card\" content=\"summary_large_image\" \/>\n<meta name=\"twitter:label1\" content=\"Est. reading time\" \/>\n\t<meta name=\"twitter:data1\" content=\"3 minutes\" \/>\n<script type=\"application\/ld+json\" class=\"yoast-schema-graph\">{\"@context\":\"https:\/\/schema.org\",\"@graph\":[{\"@type\":\"WebPage\",\"@id\":\"https:\/\/anlactvseafood.com\/product\/kho-muc-nuong-can\/\",\"url\":\"https:\/\/anlactvseafood.com\/product\/kho-muc-nuong-can\/\",\"name\":\"KH\u00d4 M\u1ef0C N\u01af\u1edaNG C\u00c1N - C\u00d4NG TY TNHH H\u1ea2I S\u1ea2N AN L\u1ea0C - TR\u00c0 VINH\",\"isPartOf\":{\"@id\":\"https:\/\/anlactvseafood.com\/#website\"},\"primaryImageOfPage\":{\"@id\":\"https:\/\/anlactvseafood.com\/product\/kho-muc-nuong-can\/#primaryimage\"},\"image\":{\"@id\":\"https:\/\/anlactvseafood.com\/product\/kho-muc-nuong-can\/#primaryimage\"},\"thumbnailUrl\":\"https:\/\/anlactvseafood.com\/wp-content\/uploads\/2022\/11\/Kho-muc-can-tam-ROASTED-ROOLED-SEASONED-SQUID-1.jpg\",\"datePublished\":\"2022-11-16T06:43:28+00:00\",\"dateModified\":\"2023-05-10T09:40:28+00:00\",\"breadcrumb\":{\"@id\":\"https:\/\/anlactvseafood.com\/product\/kho-muc-nuong-can\/#breadcrumb\"},\"inLanguage\":\"en-US\",\"potentialAction\":[{\"@type\":\"ReadAction\",\"target\":[\"https:\/\/anlactvseafood.com\/product\/kho-muc-nuong-can\/\"]}]},{\"@type\":\"ImageObject\",\"inLanguage\":\"en-US\",\"@id\":\"https:\/\/anlactvseafood.com\/product\/kho-muc-nuong-can\/#primaryimage\",\"url\":\"https:\/\/anlactvseafood.com\/wp-content\/uploads\/2022\/11\/Kho-muc-can-tam-ROASTED-ROOLED-SEASONED-SQUID-1.jpg\",\"contentUrl\":\"https:\/\/anlactvseafood.com\/wp-content\/uploads\/2022\/11\/Kho-muc-can-tam-ROASTED-ROOLED-SEASONED-SQUID-1.jpg\",\"width\":1920,\"height\":2560},{\"@type\":\"BreadcrumbList\",\"@id\":\"https:\/\/anlactvseafood.com\/product\/kho-muc-nuong-can\/#breadcrumb\",\"itemListElement\":[{\"@type\":\"ListItem\",\"position\":1,\"name\":\"Trang ch\u1ee7\",\"item\":\"https:\/\/anlactvseafood.com\/\"},{\"@type\":\"ListItem\",\"position\":2,\"name\":\"Shop\",\"item\":\"https:\/\/anlactvseafood.com\/shop\/\"},{\"@type\":\"ListItem\",\"position\":3,\"name\":\"KH\u00d4 M\u1ef0C N\u01af\u1edaNG C\u00c1N\"}]},{\"@type\":\"WebSite\",\"@id\":\"https:\/\/anlactvseafood.com\/#website\",\"url\":\"https:\/\/anlactvseafood.com\/\",\"name\":\"C\u00d4NG TY TNHH H\u1ea2I S\u1ea2N AN L\u1ea0C - TR\u00c0 VINH\",\"description\":\"\",\"publisher\":{\"@id\":\"https:\/\/anlactvseafood.com\/#organization\"},\"potentialAction\":[{\"@type\":\"SearchAction\",\"target\":{\"@type\":\"EntryPoint\",\"urlTemplate\":\"https:\/\/anlactvseafood.com\/?s={search_term_string}\"},\"query-input\":\"required name=search_term_string\"}],\"inLanguage\":\"en-US\"},{\"@type\":\"Organization\",\"@id\":\"https:\/\/anlactvseafood.com\/#organization\",\"name\":\"C\u00d4NG TY TNHH H\u1ea2I S\u1ea2N AN L\u1ea0C - TR\u00c0 VINH\",\"url\":\"https:\/\/anlactvseafood.com\/\",\"logo\":{\"@type\":\"ImageObject\",\"inLanguage\":\"en-US\",\"@id\":\"https:\/\/anlactvseafood.com\/#\/schema\/logo\/image\/\",\"url\":\"https:\/\/anlactvseafood.com\/wp-content\/uploads\/2022\/11\/logoa.png\",\"contentUrl\":\"https:\/\/anlactvseafood.com\/wp-content\/uploads\/2022\/11\/logoa.png\",\"width\":1002,\"height\":675,\"caption\":\"C\u00d4NG TY TNHH H\u1ea2I S\u1ea2N AN L\u1ea0C - TR\u00c0 VINH\"},\"image\":{\"@id\":\"https:\/\/anlactvseafood.com\/#\/schema\/logo\/image\/\"}}]}<\/script>\n<!-- \/ Yoast SEO plugin. -->","yoast_head_json":{"title":"KH\u00d4 M\u1ef0C N\u01af\u1edaNG C\u00c1N - C\u00d4NG TY TNHH H\u1ea2I S\u1ea2N AN L\u1ea0C - TR\u00c0 VINH","robots":{"index":"index","follow":"follow","max-snippet":"max-snippet:-1","max-image-preview":"max-image-preview:large","max-video-preview":"max-video-preview:-1"},"canonical":"https:\/\/anlactvseafood.com\/en\/product\/kho-muc-nuong-can\/","og_locale":"en_US","og_type":"article","og_title":"KH\u00d4 M\u1ef0C N\u01af\u1edaNG C\u00c1N - C\u00d4NG TY TNHH H\u1ea2I S\u1ea2N AN L\u1ea0C - TR\u00c0 VINH","og_description":"Ngu\u1ed3n g\u1ed1c: Duy\u00ean H\u1ea3i Nam Trung B\u1ed9. \u0110\u1eb7c \u0111i\u1ec3m: M\u1ef1c c\u00f3 nhi\u1ec1u c\u00e1ch g\u1ecdi kh\u00e1c nhau nh\u01b0 c\u00e1 m\u1ef1c, m\u1ef1c nang, m\u1ef1c \u1ed1ng,&#8230; t\u00ean khoa h\u1ecdc l\u00e0 Sepia spp, thu\u1ed9c h\u1ecd m\u1ef1c nang. C\u00f3 kho\u1ea3ng 500 lo\u00e0i m\u1ef1c tr\u00ean to\u00e0n th\u1ebf gi\u1edbi. M\u1ef1c l\u00e0 \u0111\u1ed9ng v\u1eadt ng\u00e0nh th\u00e2n m\u1ec1m, kh\u00f4ng c\u00f3 x\u01b0\u01a1ng s\u1ed1ng, ph\u00e2n b\u1ed1 &hellip; KH\u00d4 M\u1ef0C N\u01af\u1edaNG C\u00c1N Read More &raquo;","og_url":"https:\/\/anlactvseafood.com\/en\/product\/kho-muc-nuong-can\/","og_site_name":"C\u00d4NG TY TNHH H\u1ea2I S\u1ea2N AN L\u1ea0C - TR\u00c0 VINH","article_modified_time":"2023-05-10T09:40:28+00:00","og_image":[{"width":1920,"height":2560,"url":"https:\/\/anlactvseafood.com\/wp-content\/uploads\/2022\/11\/Kho-muc-can-tam-ROASTED-ROOLED-SEASONED-SQUID-1.jpg","type":"image\/jpeg"}],"twitter_card":"summary_large_image","twitter_misc":{"Est. reading time":"3 minutes"},"schema":{"@context":"https:\/\/schema.org","@graph":[{"@type":"WebPage","@id":"https:\/\/anlactvseafood.com\/product\/kho-muc-nuong-can\/","url":"https:\/\/anlactvseafood.com\/product\/kho-muc-nuong-can\/","name":"KH\u00d4 M\u1ef0C N\u01af\u1edaNG C\u00c1N - C\u00d4NG TY TNHH H\u1ea2I S\u1ea2N AN L\u1ea0C - TR\u00c0 VINH","isPartOf":{"@id":"https:\/\/anlactvseafood.com\/#website"},"primaryImageOfPage":{"@id":"https:\/\/anlactvseafood.com\/product\/kho-muc-nuong-can\/#primaryimage"},"image":{"@id":"https:\/\/anlactvseafood.com\/product\/kho-muc-nuong-can\/#primaryimage"},"thumbnailUrl":"https:\/\/anlactvseafood.com\/wp-content\/uploads\/2022\/11\/Kho-muc-can-tam-ROASTED-ROOLED-SEASONED-SQUID-1.jpg","datePublished":"2022-11-16T06:43:28+00:00","dateModified":"2023-05-10T09:40:28+00:00","breadcrumb":{"@id":"https:\/\/anlactvseafood.com\/product\/kho-muc-nuong-can\/#breadcrumb"},"inLanguage":"en-US","potentialAction":[{"@type":"ReadAction","target":["https:\/\/anlactvseafood.com\/product\/kho-muc-nuong-can\/"]}]},{"@type":"ImageObject","inLanguage":"en-US","@id":"https:\/\/anlactvseafood.com\/product\/kho-muc-nuong-can\/#primaryimage","url":"https:\/\/anlactvseafood.com\/wp-content\/uploads\/2022\/11\/Kho-muc-can-tam-ROASTED-ROOLED-SEASONED-SQUID-1.jpg","contentUrl":"https:\/\/anlactvseafood.com\/wp-content\/uploads\/2022\/11\/Kho-muc-can-tam-ROASTED-ROOLED-SEASONED-SQUID-1.jpg","width":1920,"height":2560},{"@type":"BreadcrumbList","@id":"https:\/\/anlactvseafood.com\/product\/kho-muc-nuong-can\/#breadcrumb","itemListElement":[{"@type":"ListItem","position":1,"name":"Trang ch\u1ee7","item":"https:\/\/anlactvseafood.com\/"},{"@type":"ListItem","position":2,"name":"Shop","item":"https:\/\/anlactvseafood.com\/shop\/"},{"@type":"ListItem","position":3,"name":"KH\u00d4 M\u1ef0C N\u01af\u1edaNG C\u00c1N"}]},{"@type":"WebSite","@id":"https:\/\/anlactvseafood.com\/#website","url":"https:\/\/anlactvseafood.com\/","name":"C\u00d4NG TY TNHH H\u1ea2I S\u1ea2N AN L\u1ea0C - TR\u00c0 VINH","description":"","publisher":{"@id":"https:\/\/anlactvseafood.com\/#organization"},"potentialAction":[{"@type":"SearchAction","target":{"@type":"EntryPoint","urlTemplate":"https:\/\/anlactvseafood.com\/?s={search_term_string}"},"query-input":"required name=search_term_string"}],"inLanguage":"en-US"},{"@type":"Organization","@id":"https:\/\/anlactvseafood.com\/#organization","name":"C\u00d4NG TY TNHH H\u1ea2I S\u1ea2N AN L\u1ea0C - TR\u00c0 VINH","url":"https:\/\/anlactvseafood.com\/","logo":{"@type":"ImageObject","inLanguage":"en-US","@id":"https:\/\/anlactvseafood.com\/#\/schema\/logo\/image\/","url":"https:\/\/anlactvseafood.com\/wp-content\/uploads\/2022\/11\/logoa.png","contentUrl":"https:\/\/anlactvseafood.com\/wp-content\/uploads\/2022\/11\/logoa.png","width":1002,"height":675,"caption":"C\u00d4NG TY TNHH H\u1ea2I S\u1ea2N AN L\u1ea0C - TR\u00c0 VINH"},"image":{"@id":"https:\/\/anlactvseafood.com\/#\/schema\/logo\/image\/"}}]}},"_links":{"self":[{"href":"https:\/\/anlactvseafood.com\/en\/wp-json\/wp\/v2\/product\/507","targetHints":{"allow":["GET"]}}],"collection":[{"href":"https:\/\/anlactvseafood.com\/en\/wp-json\/wp\/v2\/product"}],"about":[{"href":"https:\/\/anlactvseafood.com\/en\/wp-json\/wp\/v2\/types\/product"}],"replies":[{"embeddable":true,"href":"https:\/\/anlactvseafood.com\/en\/wp-json\/wp\/v2\/comments?post=507"}],"wp:featuredmedia":[{"embeddable":true,"href":"https:\/\/anlactvseafood.com\/en\/wp-json\/wp\/v2\/media\/1058"}],"wp:attachment":[{"href":"https:\/\/anlactvseafood.com\/en\/wp-json\/wp\/v2\/media?parent=507"}],"wp:term":[{"taxonomy":"product_cat","embeddable":true,"href":"https:\/\/anlactvseafood.com\/en\/wp-json\/wp\/v2\/product_cat?post=507"},{"taxonomy":"product_tag","embeddable":true,"href":"https:\/\/anlactvseafood.com\/en\/wp-json\/wp\/v2\/product_tag?post=507"},{"taxonomy":"thi-truong","embeddable":true,"href":"https:\/\/anlactvseafood.com\/en\/wp-json\/wp\/v2\/thi-truong?post=507"}],"curies":[{"name":"wp","href":"https:\/\/api.w.org\/{rel}","templated":true}]}}