{"id":500,"date":"2022-11-16T13:41:23","date_gmt":"2022-11-16T06:41:23","guid":{"rendered":"https:\/\/anlactvseafood.com\/?post_type=product&#038;p=500"},"modified":"2023-05-12T09:33:14","modified_gmt":"2023-05-12T02:33:14","slug":"kho-ca-bo-xe-buom-tam","status":"publish","type":"product","link":"https:\/\/anlactvseafood.com\/en\/product\/kho-ca-bo-xe-buom-tam\/","title":{"rendered":"DRIED SEASONED LEATHER JACKET (BUTTERFLY)"},"content":{"rendered":"<p><strong>Ngu\u1ed3n g\u1ed1c:\u00a0<\/strong>\u1ede Vi\u1ec7t nam c\u00e1 b\u00f2 da\u00a0<span class=\"marker\">s\u1edf h\u1eefu<\/span>\u00a0<span class=\"marker\">ph\u1ed5 bi\u1ebfn<\/span>\u00a0\u1edf\u00a0<span class=\"marker\">l\u00e3nh h\u1ea3i<\/span>\u00a0mi\u1ec1n Trung v\u00e0 mi\u1ec1n Nam. C\u00e1 ch\u1ebf bi\u1ebfn th\u00e0nh\u00a0<span class=\"marker\">\u0111a d\u1ea1ng<\/span>\u00a0m\u00f3n. \u1ede bi\u1ec3n,\u00a0<span class=\"marker\">l\u00fac<\/span>\u00a0c\u00e1 b\u00f2 da\u00a0<span class=\"marker\">ph\u1ed5 bi\u1ebfn<\/span>, ng\u01b0\u1eddi d\u00e2n \u1edf \u0111\u00e2y th\u01b0\u1eddng\u00a0<span class=\"marker\">l\u00e0m<\/span>\u00a0m\u00f3n ph\u01a1i kh\u00f4.<\/p>\n<p><strong>\u0110\u1eb7c \u0111i\u1ec3m:<\/strong><\/p>\n<p><span class=\"marker\">\u00a0C\u00e1 b\u00f2 khi<\/span>\u00a0l\u1ed9t da, nh\u00ecn\u00a0<span class=\"marker\">ki\u1ec3u d\u00e1ng<\/span>\u00a0<span class=\"marker\">gi\u1ebft th\u1ecbt<\/span>\u00a0c\u00e1 kh\u00f4 b\u00f3ng,\u00a0<span class=\"marker\">v\u1edbi<\/span>\u00a0m\u00e0u\u00a0<span class=\"marker\">trong tr\u1eafng<\/span>.\u00a0<span class=\"marker\">l\u00e0m th\u1ecbt<\/span>\u00a0c\u00e1 tr\u1eafng phau, l\u1ea1i th\u01a1m, ngon, ng\u1ecdt v\u00e0 dai.<\/p>\n<p><span class=\"marker\">\u0110\u1eb7c bi\u1ec7t<\/span>, x\u01b0\u01a1ng c\u00e1 l\u00e0\u00a0<span class=\"marker\">chi\u1ebfc<\/span>\u00a0x\u01b0\u01a1ng s\u1ee5n, r\u1ea5t m\u1ec1m.\u00a0<span class=\"marker\">v\u1edbi<\/span>\u00a0<span class=\"marker\">nh\u1eefng<\/span>\u00a0<span class=\"marker\">ng\u01b0\u1eddi n\u00e0o<\/span>\u00a0thi\u1ebfu ch\u1ea5t canxi, n\u00ean \u0103n lu\u00f4n x\u01b0\u01a1ng c\u00e1 \u0111\u1ec3 b\u1ed5 sung canxi cho\u00a0<span class=\"marker\">th\u00e2n th\u1ec3<\/span>.<br \/>\nC\u00e1 b\u00f2 da l\u00e0\u00a0<span class=\"marker\">m\u1ed9t<\/span>\u00a0trong s\u1ed1\u00a0<span class=\"marker\">nh\u1eefng<\/span>\u00a0\u0111\u1eb7c s\u1ea3n \u0111\u01b0\u1ee3c\u00a0<span class=\"marker\">nhi\u1ec1u<\/span>\u00a0ng\u01b0\u1eddi\u00a0<span class=\"marker\">\u01b0a th\u00edch<\/span>\u00a0b\u1edfi ch\u00fang\u00a0<span class=\"marker\">c\u00f3<\/span>\u00a0<span class=\"marker\">th\u1ecbt<\/span>\u00a0th\u01a1m ngon, \u00edt x\u01b0\u01a1ng.<\/p>\n<p>C\u00e1 b\u00f2 da t\u01b0\u01a1i\u00a0<span class=\"marker\">mua<\/span>\u00a0v\u1ec1 \u0111\u01b0\u1ee3c l\u1ea5y n\u1ed9i t\u1ea1ng, l\u1ed9t s\u1ea1ch da. L\u1ea5y ph\u1ea7n\u00a0<span class=\"marker\">gi\u1ebft th\u1ecbt<\/span>\u00a0<span class=\"marker\">tr\u1eafng trong<\/span>. T\u1ea9m th\u00eam gia v\u1ecb r\u1ed3i \u0111em ph\u01a1i ho\u1eb7c s\u1ea5y kh\u00f4. Sau \u0111\u00f3 gh\u00e9p\u00a0 th\u00e0nh t\u1eebng mi\u1ebfng h\u00ecnh tr\u00f2n, oval r\u1ed3i \u0111em ph\u01a1i ho\u1eb7c s\u1ea5y kh\u00f4.<\/p>\n<p><strong>H\u01b0\u01a1ng v\u1ecb, dinh d\u01b0\u1ee1ng<\/strong>:C\u00e1 b\u00f2 da gh\u00e9p dai dai, th\u00eam ch\u00fat b\u00e9o b\u00e9o, ng\u1ecdt\u00a0<span class=\"marker\">t\u1ef1 d\u01b0ng gi\u00fap b\u1ed5 sung protein, ch\u1ea5t b\u00e9o, vitamin B12, D, E, canxi,\u00a0<\/span>\u00a0ch\u1ec9 c\u1ea7n \u0103n\u00a0<span class=\"marker\">m\u1ed9t<\/span>\u00a0l\u1ea7n b\u1ea1n s\u1ebd nh\u1edb m\u00e3i\u00a0<span class=\"marker\">kh\u00f4ng<\/span>\u00a0qu\u00ean. C\u00e1 b\u00f2 da kh\u00f4\u00a0<span class=\"marker\">kh\u00f4ng<\/span>\u00a0ch\u1ec9 th\u01a1m ngon m\u00e0 c\u00f2n\u00a0<span class=\"marker\">h\u1ebft s\u1ee9c<\/span>\u00a0<span class=\"marker\">b\u1ed5 d\u01b0\u1ee1ng<\/span>, l\u00e0 m\u00f3n \u0103n\u00a0<span class=\"marker\">h\u1ea5p d\u1eabn<\/span>\u00a0trong gia \u0111\u00ecnh b\u1ea1n.<\/p>\n<p><strong>B\u1ea3o qu\u1ea3n<\/strong>: ng\u0103n m\u00e1t t\u1ee7 l\u1ea1nh.<\/p>","protected":false},"excerpt":{"rendered":"<p>Ngu\u1ed3n g\u1ed1c:\u00a0\u1ede Vi\u1ec7t nam c\u00e1 b\u00f2 da\u00a0s\u1edf h\u1eefu\u00a0ph\u1ed5 bi\u1ebfn\u00a0\u1edf\u00a0l\u00e3nh h\u1ea3i\u00a0mi\u1ec1n Trung v\u00e0 mi\u1ec1n Nam. C\u00e1 ch\u1ebf bi\u1ebfn th\u00e0nh\u00a0\u0111a d\u1ea1ng\u00a0m\u00f3n. \u1ede bi\u1ec3n,\u00a0l\u00fac\u00a0c\u00e1 b\u00f2 da\u00a0ph\u1ed5 bi\u1ebfn, ng\u01b0\u1eddi d\u00e2n \u1edf \u0111\u00e2y th\u01b0\u1eddng\u00a0l\u00e0m\u00a0m\u00f3n ph\u01a1i kh\u00f4. \u0110\u1eb7c \u0111i\u1ec3m: \u00a0C\u00e1 b\u00f2 khi\u00a0l\u1ed9t da, nh\u00ecn\u00a0ki\u1ec3u d\u00e1ng\u00a0gi\u1ebft th\u1ecbt\u00a0c\u00e1 kh\u00f4 b\u00f3ng,\u00a0v\u1edbi\u00a0m\u00e0u\u00a0trong tr\u1eafng.\u00a0l\u00e0m th\u1ecbt\u00a0c\u00e1 tr\u1eafng phau, l\u1ea1i th\u01a1m, ngon, ng\u1ecdt v\u00e0 dai. \u0110\u1eb7c bi\u1ec7t, x\u01b0\u01a1ng &hellip;<\/p>\n<p class=\"read-more\"> <a class=\"\" href=\"https:\/\/anlactvseafood.com\/en\/product\/kho-ca-bo-xe-buom-tam\/\"> <span class=\"screen-reader-text\">DRIED SEASONED LEATHER JACKET (BUTTERFLY)<\/span> Read More &raquo;<\/a><\/p>","protected":false},"featured_media":1129,"comment_status":"open","ping_status":"closed","template":"","meta":{"site-sidebar-layout":"default","site-content-layout":"default","ast-global-header-display":"","ast-main-header-display":"","ast-hfb-above-header-display":"","ast-hfb-below-header-display":"","ast-hfb-mobile-header-display":"","site-post-title":"","ast-breadcrumbs-content":"","ast-featured-img":"","footer-sml-layout":"","theme-transparent-header-meta":"default","adv-header-id-meta":"","stick-header-meta":"","header-above-stick-meta":"","header-main-stick-meta":"","header-below-stick-meta":""},"product_cat":[75],"product_tag":[],"thi-truong":[36,40],"class_list":{"0":"post-500","1":"product","2":"type-product","3":"status-publish","4":"has-post-thumbnail","6":"product_cat-hang-kho","7":"thi-truong-han-quoc","8":"thi-truong-nhat-ban","9":"desktop-align-left","10":"tablet-align-left","11":"mobile-align-left","13":"first","14":"instock","15":"shipping-taxable","16":"product-type-simple"},"yoast_head":"<!-- This site is optimized with the Yoast SEO plugin v23.1 - https:\/\/yoast.com\/wordpress\/plugins\/seo\/ -->\n<title>KH\u00d4 C\u00c1 B\u00d2 ( X\u1eba B\u01af\u1edaM ) T\u1ea6M - C\u00d4NG TY TNHH H\u1ea2I S\u1ea2N AN L\u1ea0C - TR\u00c0 VINH<\/title>\n<meta name=\"robots\" content=\"index, follow, max-snippet:-1, max-image-preview:large, max-video-preview:-1\" \/>\n<link rel=\"canonical\" href=\"https:\/\/anlactvseafood.com\/en\/product\/kho-ca-bo-xe-buom-tam\/\" \/>\n<meta property=\"og:locale\" content=\"en_US\" \/>\n<meta property=\"og:type\" content=\"article\" \/>\n<meta property=\"og:title\" content=\"KH\u00d4 C\u00c1 B\u00d2 ( X\u1eba B\u01af\u1edaM ) T\u1ea6M - C\u00d4NG TY TNHH H\u1ea2I S\u1ea2N AN L\u1ea0C - TR\u00c0 VINH\" \/>\n<meta property=\"og:description\" content=\"Ngu\u1ed3n g\u1ed1c:\u00a0\u1ede Vi\u1ec7t nam c\u00e1 b\u00f2 da\u00a0s\u1edf h\u1eefu\u00a0ph\u1ed5 bi\u1ebfn\u00a0\u1edf\u00a0l\u00e3nh h\u1ea3i\u00a0mi\u1ec1n Trung v\u00e0 mi\u1ec1n Nam. C\u00e1 ch\u1ebf bi\u1ebfn th\u00e0nh\u00a0\u0111a d\u1ea1ng\u00a0m\u00f3n. \u1ede bi\u1ec3n,\u00a0l\u00fac\u00a0c\u00e1 b\u00f2 da\u00a0ph\u1ed5 bi\u1ebfn, ng\u01b0\u1eddi d\u00e2n \u1edf \u0111\u00e2y th\u01b0\u1eddng\u00a0l\u00e0m\u00a0m\u00f3n ph\u01a1i kh\u00f4. \u0110\u1eb7c \u0111i\u1ec3m: \u00a0C\u00e1 b\u00f2 khi\u00a0l\u1ed9t da, nh\u00ecn\u00a0ki\u1ec3u d\u00e1ng\u00a0gi\u1ebft th\u1ecbt\u00a0c\u00e1 kh\u00f4 b\u00f3ng,\u00a0v\u1edbi\u00a0m\u00e0u\u00a0trong tr\u1eafng.\u00a0l\u00e0m th\u1ecbt\u00a0c\u00e1 tr\u1eafng phau, l\u1ea1i th\u01a1m, ngon, ng\u1ecdt v\u00e0 dai. \u0110\u1eb7c bi\u1ec7t, x\u01b0\u01a1ng &hellip; KH\u00d4 C\u00c1 B\u00d2 ( X\u1eba B\u01af\u1edaM ) T\u1ea6M Read More &raquo;\" \/>\n<meta property=\"og:url\" content=\"https:\/\/anlactvseafood.com\/en\/product\/kho-ca-bo-xe-buom-tam\/\" \/>\n<meta property=\"og:site_name\" content=\"C\u00d4NG TY TNHH H\u1ea2I S\u1ea2N AN L\u1ea0C - TR\u00c0 VINH\" \/>\n<meta property=\"article:modified_time\" content=\"2023-05-12T02:33:14+00:00\" \/>\n<meta property=\"og:image\" content=\"https:\/\/anlactvseafood.com\/wp-content\/uploads\/2022\/11\/KHO-CA-BO-XE-BUOM-TAM-ROASTED-SEASONED-LEATHER-JACKET-FISH-BUTTERFLY.jpg\" \/>\n\t<meta property=\"og:image:width\" content=\"1683\" \/>\n\t<meta property=\"og:image:height\" content=\"1638\" \/>\n\t<meta property=\"og:image:type\" content=\"image\/jpeg\" \/>\n<meta name=\"twitter:card\" content=\"summary_large_image\" \/>\n<meta name=\"twitter:label1\" content=\"Est. reading time\" \/>\n\t<meta name=\"twitter:data1\" content=\"2 minutes\" \/>\n<script type=\"application\/ld+json\" class=\"yoast-schema-graph\">{\"@context\":\"https:\/\/schema.org\",\"@graph\":[{\"@type\":\"WebPage\",\"@id\":\"https:\/\/anlactvseafood.com\/product\/kho-ca-bo-xe-buom-tam\/\",\"url\":\"https:\/\/anlactvseafood.com\/product\/kho-ca-bo-xe-buom-tam\/\",\"name\":\"KH\u00d4 C\u00c1 B\u00d2 ( X\u1eba B\u01af\u1edaM ) T\u1ea6M - C\u00d4NG TY TNHH H\u1ea2I S\u1ea2N AN L\u1ea0C - TR\u00c0 VINH\",\"isPartOf\":{\"@id\":\"https:\/\/anlactvseafood.com\/#website\"},\"primaryImageOfPage\":{\"@id\":\"https:\/\/anlactvseafood.com\/product\/kho-ca-bo-xe-buom-tam\/#primaryimage\"},\"image\":{\"@id\":\"https:\/\/anlactvseafood.com\/product\/kho-ca-bo-xe-buom-tam\/#primaryimage\"},\"thumbnailUrl\":\"https:\/\/anlactvseafood.com\/wp-content\/uploads\/2022\/11\/KHO-CA-BO-XE-BUOM-TAM-ROASTED-SEASONED-LEATHER-JACKET-FISH-BUTTERFLY.jpg\",\"datePublished\":\"2022-11-16T06:41:23+00:00\",\"dateModified\":\"2023-05-12T02:33:14+00:00\",\"breadcrumb\":{\"@id\":\"https:\/\/anlactvseafood.com\/product\/kho-ca-bo-xe-buom-tam\/#breadcrumb\"},\"inLanguage\":\"en-US\",\"potentialAction\":[{\"@type\":\"ReadAction\",\"target\":[\"https:\/\/anlactvseafood.com\/product\/kho-ca-bo-xe-buom-tam\/\"]}]},{\"@type\":\"ImageObject\",\"inLanguage\":\"en-US\",\"@id\":\"https:\/\/anlactvseafood.com\/product\/kho-ca-bo-xe-buom-tam\/#primaryimage\",\"url\":\"https:\/\/anlactvseafood.com\/wp-content\/uploads\/2022\/11\/KHO-CA-BO-XE-BUOM-TAM-ROASTED-SEASONED-LEATHER-JACKET-FISH-BUTTERFLY.jpg\",\"contentUrl\":\"https:\/\/anlactvseafood.com\/wp-content\/uploads\/2022\/11\/KHO-CA-BO-XE-BUOM-TAM-ROASTED-SEASONED-LEATHER-JACKET-FISH-BUTTERFLY.jpg\",\"width\":1683,\"height\":1638},{\"@type\":\"BreadcrumbList\",\"@id\":\"https:\/\/anlactvseafood.com\/product\/kho-ca-bo-xe-buom-tam\/#breadcrumb\",\"itemListElement\":[{\"@type\":\"ListItem\",\"position\":1,\"name\":\"Trang ch\u1ee7\",\"item\":\"https:\/\/anlactvseafood.com\/\"},{\"@type\":\"ListItem\",\"position\":2,\"name\":\"Shop\",\"item\":\"https:\/\/anlactvseafood.com\/shop\/\"},{\"@type\":\"ListItem\",\"position\":3,\"name\":\"KH\u00d4 C\u00c1 B\u00d2 ( X\u1eba B\u01af\u1edaM ) T\u1ea6M\"}]},{\"@type\":\"WebSite\",\"@id\":\"https:\/\/anlactvseafood.com\/#website\",\"url\":\"https:\/\/anlactvseafood.com\/\",\"name\":\"C\u00d4NG TY TNHH H\u1ea2I S\u1ea2N AN L\u1ea0C - TR\u00c0 VINH\",\"description\":\"\",\"publisher\":{\"@id\":\"https:\/\/anlactvseafood.com\/#organization\"},\"potentialAction\":[{\"@type\":\"SearchAction\",\"target\":{\"@type\":\"EntryPoint\",\"urlTemplate\":\"https:\/\/anlactvseafood.com\/?s={search_term_string}\"},\"query-input\":\"required name=search_term_string\"}],\"inLanguage\":\"en-US\"},{\"@type\":\"Organization\",\"@id\":\"https:\/\/anlactvseafood.com\/#organization\",\"name\":\"C\u00d4NG TY TNHH H\u1ea2I S\u1ea2N AN L\u1ea0C - TR\u00c0 VINH\",\"url\":\"https:\/\/anlactvseafood.com\/\",\"logo\":{\"@type\":\"ImageObject\",\"inLanguage\":\"en-US\",\"@id\":\"https:\/\/anlactvseafood.com\/#\/schema\/logo\/image\/\",\"url\":\"https:\/\/anlactvseafood.com\/wp-content\/uploads\/2022\/11\/logoa.png\",\"contentUrl\":\"https:\/\/anlactvseafood.com\/wp-content\/uploads\/2022\/11\/logoa.png\",\"width\":1002,\"height\":675,\"caption\":\"C\u00d4NG TY TNHH H\u1ea2I S\u1ea2N AN L\u1ea0C - TR\u00c0 VINH\"},\"image\":{\"@id\":\"https:\/\/anlactvseafood.com\/#\/schema\/logo\/image\/\"}}]}<\/script>\n<!-- \/ Yoast SEO plugin. -->","yoast_head_json":{"title":"KH\u00d4 C\u00c1 B\u00d2 ( X\u1eba B\u01af\u1edaM ) T\u1ea6M - C\u00d4NG TY TNHH H\u1ea2I S\u1ea2N AN L\u1ea0C - TR\u00c0 VINH","robots":{"index":"index","follow":"follow","max-snippet":"max-snippet:-1","max-image-preview":"max-image-preview:large","max-video-preview":"max-video-preview:-1"},"canonical":"https:\/\/anlactvseafood.com\/en\/product\/kho-ca-bo-xe-buom-tam\/","og_locale":"en_US","og_type":"article","og_title":"KH\u00d4 C\u00c1 B\u00d2 ( X\u1eba B\u01af\u1edaM ) T\u1ea6M - C\u00d4NG TY TNHH H\u1ea2I S\u1ea2N AN L\u1ea0C - TR\u00c0 VINH","og_description":"Ngu\u1ed3n g\u1ed1c:\u00a0\u1ede Vi\u1ec7t nam c\u00e1 b\u00f2 da\u00a0s\u1edf h\u1eefu\u00a0ph\u1ed5 bi\u1ebfn\u00a0\u1edf\u00a0l\u00e3nh h\u1ea3i\u00a0mi\u1ec1n Trung v\u00e0 mi\u1ec1n Nam. C\u00e1 ch\u1ebf bi\u1ebfn th\u00e0nh\u00a0\u0111a d\u1ea1ng\u00a0m\u00f3n. \u1ede bi\u1ec3n,\u00a0l\u00fac\u00a0c\u00e1 b\u00f2 da\u00a0ph\u1ed5 bi\u1ebfn, ng\u01b0\u1eddi d\u00e2n \u1edf \u0111\u00e2y th\u01b0\u1eddng\u00a0l\u00e0m\u00a0m\u00f3n ph\u01a1i kh\u00f4. \u0110\u1eb7c \u0111i\u1ec3m: \u00a0C\u00e1 b\u00f2 khi\u00a0l\u1ed9t da, nh\u00ecn\u00a0ki\u1ec3u d\u00e1ng\u00a0gi\u1ebft th\u1ecbt\u00a0c\u00e1 kh\u00f4 b\u00f3ng,\u00a0v\u1edbi\u00a0m\u00e0u\u00a0trong tr\u1eafng.\u00a0l\u00e0m th\u1ecbt\u00a0c\u00e1 tr\u1eafng phau, l\u1ea1i th\u01a1m, ngon, ng\u1ecdt v\u00e0 dai. \u0110\u1eb7c bi\u1ec7t, x\u01b0\u01a1ng &hellip; KH\u00d4 C\u00c1 B\u00d2 ( X\u1eba B\u01af\u1edaM ) T\u1ea6M Read More &raquo;","og_url":"https:\/\/anlactvseafood.com\/en\/product\/kho-ca-bo-xe-buom-tam\/","og_site_name":"C\u00d4NG TY TNHH H\u1ea2I S\u1ea2N AN L\u1ea0C - TR\u00c0 VINH","article_modified_time":"2023-05-12T02:33:14+00:00","og_image":[{"width":1683,"height":1638,"url":"https:\/\/anlactvseafood.com\/wp-content\/uploads\/2022\/11\/KHO-CA-BO-XE-BUOM-TAM-ROASTED-SEASONED-LEATHER-JACKET-FISH-BUTTERFLY.jpg","type":"image\/jpeg"}],"twitter_card":"summary_large_image","twitter_misc":{"Est. reading time":"2 minutes"},"schema":{"@context":"https:\/\/schema.org","@graph":[{"@type":"WebPage","@id":"https:\/\/anlactvseafood.com\/product\/kho-ca-bo-xe-buom-tam\/","url":"https:\/\/anlactvseafood.com\/product\/kho-ca-bo-xe-buom-tam\/","name":"KH\u00d4 C\u00c1 B\u00d2 ( X\u1eba B\u01af\u1edaM ) T\u1ea6M - C\u00d4NG TY TNHH H\u1ea2I S\u1ea2N AN L\u1ea0C - TR\u00c0 VINH","isPartOf":{"@id":"https:\/\/anlactvseafood.com\/#website"},"primaryImageOfPage":{"@id":"https:\/\/anlactvseafood.com\/product\/kho-ca-bo-xe-buom-tam\/#primaryimage"},"image":{"@id":"https:\/\/anlactvseafood.com\/product\/kho-ca-bo-xe-buom-tam\/#primaryimage"},"thumbnailUrl":"https:\/\/anlactvseafood.com\/wp-content\/uploads\/2022\/11\/KHO-CA-BO-XE-BUOM-TAM-ROASTED-SEASONED-LEATHER-JACKET-FISH-BUTTERFLY.jpg","datePublished":"2022-11-16T06:41:23+00:00","dateModified":"2023-05-12T02:33:14+00:00","breadcrumb":{"@id":"https:\/\/anlactvseafood.com\/product\/kho-ca-bo-xe-buom-tam\/#breadcrumb"},"inLanguage":"en-US","potentialAction":[{"@type":"ReadAction","target":["https:\/\/anlactvseafood.com\/product\/kho-ca-bo-xe-buom-tam\/"]}]},{"@type":"ImageObject","inLanguage":"en-US","@id":"https:\/\/anlactvseafood.com\/product\/kho-ca-bo-xe-buom-tam\/#primaryimage","url":"https:\/\/anlactvseafood.com\/wp-content\/uploads\/2022\/11\/KHO-CA-BO-XE-BUOM-TAM-ROASTED-SEASONED-LEATHER-JACKET-FISH-BUTTERFLY.jpg","contentUrl":"https:\/\/anlactvseafood.com\/wp-content\/uploads\/2022\/11\/KHO-CA-BO-XE-BUOM-TAM-ROASTED-SEASONED-LEATHER-JACKET-FISH-BUTTERFLY.jpg","width":1683,"height":1638},{"@type":"BreadcrumbList","@id":"https:\/\/anlactvseafood.com\/product\/kho-ca-bo-xe-buom-tam\/#breadcrumb","itemListElement":[{"@type":"ListItem","position":1,"name":"Trang ch\u1ee7","item":"https:\/\/anlactvseafood.com\/"},{"@type":"ListItem","position":2,"name":"Shop","item":"https:\/\/anlactvseafood.com\/shop\/"},{"@type":"ListItem","position":3,"name":"KH\u00d4 C\u00c1 B\u00d2 ( X\u1eba B\u01af\u1edaM ) T\u1ea6M"}]},{"@type":"WebSite","@id":"https:\/\/anlactvseafood.com\/#website","url":"https:\/\/anlactvseafood.com\/","name":"C\u00d4NG TY TNHH H\u1ea2I S\u1ea2N AN L\u1ea0C - TR\u00c0 VINH","description":"","publisher":{"@id":"https:\/\/anlactvseafood.com\/#organization"},"potentialAction":[{"@type":"SearchAction","target":{"@type":"EntryPoint","urlTemplate":"https:\/\/anlactvseafood.com\/?s={search_term_string}"},"query-input":"required name=search_term_string"}],"inLanguage":"en-US"},{"@type":"Organization","@id":"https:\/\/anlactvseafood.com\/#organization","name":"C\u00d4NG TY TNHH H\u1ea2I S\u1ea2N AN L\u1ea0C - TR\u00c0 VINH","url":"https:\/\/anlactvseafood.com\/","logo":{"@type":"ImageObject","inLanguage":"en-US","@id":"https:\/\/anlactvseafood.com\/#\/schema\/logo\/image\/","url":"https:\/\/anlactvseafood.com\/wp-content\/uploads\/2022\/11\/logoa.png","contentUrl":"https:\/\/anlactvseafood.com\/wp-content\/uploads\/2022\/11\/logoa.png","width":1002,"height":675,"caption":"C\u00d4NG TY TNHH H\u1ea2I S\u1ea2N AN L\u1ea0C - TR\u00c0 VINH"},"image":{"@id":"https:\/\/anlactvseafood.com\/#\/schema\/logo\/image\/"}}]}},"_links":{"self":[{"href":"https:\/\/anlactvseafood.com\/en\/wp-json\/wp\/v2\/product\/500","targetHints":{"allow":["GET"]}}],"collection":[{"href":"https:\/\/anlactvseafood.com\/en\/wp-json\/wp\/v2\/product"}],"about":[{"href":"https:\/\/anlactvseafood.com\/en\/wp-json\/wp\/v2\/types\/product"}],"replies":[{"embeddable":true,"href":"https:\/\/anlactvseafood.com\/en\/wp-json\/wp\/v2\/comments?post=500"}],"wp:featuredmedia":[{"embeddable":true,"href":"https:\/\/anlactvseafood.com\/en\/wp-json\/wp\/v2\/media\/1129"}],"wp:attachment":[{"href":"https:\/\/anlactvseafood.com\/en\/wp-json\/wp\/v2\/media?parent=500"}],"wp:term":[{"taxonomy":"product_cat","embeddable":true,"href":"https:\/\/anlactvseafood.com\/en\/wp-json\/wp\/v2\/product_cat?post=500"},{"taxonomy":"product_tag","embeddable":true,"href":"https:\/\/anlactvseafood.com\/en\/wp-json\/wp\/v2\/product_tag?post=500"},{"taxonomy":"thi-truong","embeddable":true,"href":"https:\/\/anlactvseafood.com\/en\/wp-json\/wp\/v2\/thi-truong?post=500"}],"curies":[{"name":"wp","href":"https:\/\/api.w.org\/{rel}","templated":true}]}}