{"id":494,"date":"2022-11-16T13:39:54","date_gmt":"2022-11-16T06:39:54","guid":{"rendered":"https:\/\/anlactvseafood.com\/?post_type=product&#038;p=494"},"modified":"2023-05-12T09:34:39","modified_gmt":"2023-05-12T02:34:39","slug":"kho-ca-chai-tam","status":"publish","type":"product","link":"https:\/\/anlactvseafood.com\/en\/product\/kho-ca-chai-tam\/","title":{"rendered":"DRIED SEASONED BARTAIL FLATHEAD FISH"},"content":{"rendered":"<p><strong>Ngu\u1ed3n g\u1ed1c: <\/strong>Duy\u00ean h\u1ea3i Nam Trung B\u1ed9<\/p>\n<p><strong>\u0110\u1eb7c \u0111i\u1ec3m:<\/strong><\/p>\n<p>C\u00e1 chai\u00a0(<a class=\"mw-redirect\" title=\"Danh ph\u00e1p khoa h\u1ecdc\" href=\"https:\/\/vi.wikipedia.org\/wiki\/Danh_ph%C3%A1p_khoa_h%E1%BB%8Dc\">Danh ph\u00e1p khoa h\u1ecdc<\/a>:\u00a0<i>Platycephalus indicus<\/i>) l\u00e0 m\u1ed9t lo\u00e0i\u00a0<a title=\"C\u00e1 bi\u1ec3n\" href=\"https:\/\/vi.wikipedia.org\/wiki\/C%C3%A1_bi%E1%BB%83n\">c\u00e1 bi\u1ec3n<\/a>\u00a0trong h\u1ecd c\u00e1 chai (<a class=\"mw-redirect\" title=\"Platycephalidae\" href=\"https:\/\/vi.wikipedia.org\/wiki\/Platycephalidae\">Platycephalidae<\/a>) s\u1ed1ng t\u1ea1i v\u00f9ng c\u1eeda\u00a0<a title=\"Bi\u1ec3n\" href=\"https:\/\/vi.wikipedia.org\/wiki\/Bi%E1%BB%83n\">bi\u1ec3n<\/a>. \u0110\u00e2y l\u00e0 m\u1ed9t lo\u00e0i c\u00e1 c\u00f3 gi\u00e1 tr\u1ecb kinh t\u1ebf, \u0111\u01b0\u1ee3c d\u00f9ng \u0111\u1ec3 ch\u1ebf bi\u1ebfn th\u00e0nh nhi\u1ec1u m\u00f3n \u0103n.<\/p>\n<p>C\u00e1 chai c\u00f3 th\u00e2n tr\u00f2n, d\u00e0i \u0111\u1ea7u r\u1ea5t b\u1eb1ng, d\u1eb9t v\u00e0 r\u1ed9ng, g\u1ea7n gi\u1ed1ng nh\u01b0\u00a0<a class=\"mw-redirect\" title=\"C\u00e1 b\u1ed1ng\" href=\"https:\/\/vi.wikipedia.org\/wiki\/C%C3%A1_b%E1%BB%91ng\">c\u00e1 b\u1ed1ng<\/a>. C\u00e1 kh\u00f4ng qu\u00e1 l\u1edbn, ch\u00fang c\u00f3 \u0111\u1ed9 d\u00e0i t\u1eeb 10\u201320\u00a0cm v\u00e0 \u0111\u1ebfn ch\u1eebng 40\u00a0cm. \u0110\u01b0\u1eddng g\u00f3c v\u00e0 gai tr\u00ean \u0111\u1ea7u c\u00e1 chai th\u01b0\u1eddng tr\u01a1n l\u00e1ng v\u00e0 gai ng\u1eafn h\u01a1n nhi\u1ec1u so v\u1edbi c\u00e1c lo\u00e0i c\u00e1 kh\u00e1c. C\u00e1 chai nh\u00ecn b\u1ec1 ngo\u00e0i x\u1ea5u x\u00ed, th\u00f4 r\u00e1p g\u1ed3 gh\u1ec1, tr\u00f4ng c\u00e1 to h\u01a1n\u00a0<a title=\"C\u1ed5 tay\" href=\"https:\/\/vi.wikipedia.org\/wiki\/C%E1%BB%95_tay\">c\u1ed5 tay<\/a>\u00a0ng\u01b0\u1eddi l\u1edbn, ch\u00fang tr\u00f4ng c\u00f3 da x\u00e1m th\u00f4, th\u00e2n d\u00e0i, \u0111u\u00f4i nh\u1ecdn, \u0111\u1ea7u tr\u00f2n to d\u1eb9t v\u00e0 hai m\u1eaft l\u1ed3i. C\u00e1 chai th\u1ecbt d\u00e0y, nhi\u1ec1u, m\u1ed7i con c\u00e1 to n\u1eb7ng g\u1ea7n c\u1ea3 k\u00fd, th\u1ecbt th\u01a1m, dai, h\u01a1i kh\u00f4, ch\u1eafc nh\u01b0\u00a0<a title=\"Th\u1ecbt g\u00e0\" href=\"https:\/\/vi.wikipedia.org\/wiki\/Th%E1%BB%8Bt_g%C3%A0\">th\u1ecbt g\u00e0<\/a>, r\u1ea5t \u00edt x\u01b0\u01a1ng nh\u1ecf, ph\u1ea7n th\u1ecbt \u1edf \u0111\u1ea7u c\u00e1 ngon v\u00ec d\u01b0\u1edbi hai m\u1eaft c\u00e1 c\u00f3 m\u1ed9t l\u1edbp th\u1ecbt ngon. Ngo\u00e0i ph\u1ea7n th\u1ecbt th\u01a1m ngon, ph\u1ea7n x\u01b0\u01a1ng h\u00e0m c\u1ee7a c\u00e1 v\u00ec th\u1ecbt \u1edf \u0111\u1ea5y m\u1ec1m v\u00e0 ng\u1ecdt. Th\u1ecbt c\u00e1 chai c\u00f3 nhi\u1ec1u calci, vitamin D t\u1ef1 nhi\u00ean.<\/p>\n<p><strong>H\u01b0\u01a1ng v\u1ecb, dinh d\u01b0\u1ee1ng<\/strong>:<\/p>\n<ul>\n<li>Nh\u1edd gi\u00e1 tr\u1ecb dinh d\u01b0\u1ee1ng t\u1ed1t v\u00e0 \u0111\u01b0\u1ee3c \u0111\u00e1nh gi\u00e1 cao v\u1ec1 m\u1eb7t \u1ea9m th\u1ef1c, do v\u1eady lo\u00e0i h\u1ea3i s\u1ea3n n\u00e0y c\u00f3 gi\u00e1 \u0111\u1eaft g\u1ea5p 2, th\u1eadm ch\u00ed g\u1ea5p 3 c\u00e1c lo\u1ea1i C\u00e1 Chai\u00a0th\u00f4ng th\u01b0\u1eddng kh\u00e1c.<\/li>\n<li>Tuy c\u00f3 h\u00ecnh d\u00e1ng v\u00e0 k\u00edch th\u01b0\u1edbc r\u1ea5t nh\u1ecf, c\u00f3 th\u1ec3 l\u00e0 xem l\u00e0 nh\u1ecf nh\u1ea5t trong c\u00e1c lo\u00e0i c\u00e1 nh\u01b0ng h\u00e0m l\u01b0\u1ee3ng canxi c\u00f3 trong\u00a0<a href=\"https:\/\/natufood.com.vn\/products\/ca-chai-nuong-hop-100g\">C\u00e1 Chai N\u01b0\u1edbng<\/a>\u00a0v\u00f4 c\u00f9ng l\u1edbn, gi\u00fap cho vi\u1ec7c ph\u00e1t tri\u1ec3n c\u1ee7a x\u01b0\u01a1ng v\u00e0 gi\u00fap cho x\u01b0\u01a1ng, r\u0103ng tr\u1edf n\u00ean ch\u1eafc kh\u1ecfe h\u01a1n.<\/li>\n<li>L\u01b0\u1ee3ng Vitamin A c\u00f3 trong c\u00e1 cung c\u1ea5p cho c\u01a1 th\u1ec3 c\u1ee7a ch\u00fang ta, gi\u00fap cho th\u1ecb l\u1ef1c c\u1ee7a \u0111\u00f4i m\u1eaft c\u1ee7a ch\u00fang ta v\u00f4 c\u00f9ng kh\u1ecfe m\u1ea1nh, tr\u00e1nh \u0111\u01b0\u1ee3c c\u00e1c b\u1ec7nh l\u00e3o h\u00f3a m\u1eaft.<\/li>\n<li>Ch\u00fang r\u1ea5t nhi\u1ec1u lo\u1ea1i vitamin v\u00e0 kho\u00e1ng ch\u1ea5t r\u1ea5t t\u1ed1t, \u0111\u1eb7c bi\u1ec7t l\u00e0 Vitamin E, Omega 3. Vitamin E \u0111\u1eb7c bi\u1ec7t c\u00f3 l\u1ee3i v\u1edbi ph\u1ee5 n\u1eef b\u1edfi c\u00f4ng d\u1ee5ng tr\u1ebb h\u00f3a l\u00e0n da, ng\u0103n ng\u1eeba l\u00e3o h\u00f3a. Vitamin E c\u00f3 m\u1ed9t vai tr\u00f2 h\u1ebft s\u1ee9c quan tr\u1ecdng kh\u00f4ng ch\u1ec9 v\u1edbi s\u1eafc \u0111\u1eb9p m\u00e0 c\u1ea3 s\u1ee9c kh\u1ecfe.<\/li>\n<li>M\u1ed9t l\u1ee3i \u00edch c\u1ee7a\u00a0<a href=\"https:\/\/natufood.com.vn\/products\/ca-chai-nuong-hop-100g\">C\u00e1 Chai N\u01b0\u1edbng<\/a>\u00a0m\u00e0 \u00edt ai bi\u1ebft \u0111\u1ebfn \u0111\u00f3 l\u00e0 gi\u00fap gi\u1ea3m c\u00e2n v\u00f4 c\u00f9ng hi\u1ec7u qu\u1ea3. Ch\u00fang c\u00f3 t\u00e1c d\u1ee5ng h\u1ed7 tr\u1ee3 ch\u1ecb em gi\u1ea3m c\u00e2n v\u00f4 c\u00f9ng nhanh m\u00e0 kh\u00f4ng ph\u1ea3i kh\u1ed5 s\u1edf nh\u1ecbn \u0111\u00f3i l\u00e0m \u1ea3nh h\u01b0\u1edfng \u0111\u1ebfn tinh th\u1ea7n v\u00e0 s\u1ee9c kh\u1ecfe Ngo\u00e0i nh\u1eefng l\u1ee3i \u00edch k\u1ec3 tr\u00ean, c\u00e1 c\u01a1m m\u1eddm c\u00f2n c\u00f3 t\u00e1c d\u1ee5ng nh\u01b0: gi\u1ea3m hi\u1ec7n t\u01b0\u1ee3ng \u0111\u1ed5 m\u1ed3 h\u00f4i v\u1ec1 \u0111\u00eam, gi\u1ea3m tri\u1ec7u ch\u1ee9ng m\u1ea5t ng\u1ee7, gi\u00fap ph\u1ee5c h\u1ed3i s\u1ee9c kh\u1ecfe c\u1ee7a ph\u1ee5 n\u1eef sau khi sinh\u2026<\/li>\n<\/ul>\n<p><strong>B\u1ea3o qu\u1ea3n<\/strong>: ng\u0103n m\u00e1t t\u1ee7 l\u1ea1nh.<\/p>","protected":false},"excerpt":{"rendered":"<p>Ngu\u1ed3n g\u1ed1c: Duy\u00ean h\u1ea3i Nam Trung B\u1ed9 \u0110\u1eb7c \u0111i\u1ec3m: C\u00e1 chai\u00a0(Danh ph\u00e1p khoa h\u1ecdc:\u00a0Platycephalus indicus) l\u00e0 m\u1ed9t lo\u00e0i\u00a0c\u00e1 bi\u1ec3n\u00a0trong h\u1ecd c\u00e1 chai (Platycephalidae) s\u1ed1ng t\u1ea1i v\u00f9ng c\u1eeda\u00a0bi\u1ec3n. \u0110\u00e2y l\u00e0 m\u1ed9t lo\u00e0i c\u00e1 c\u00f3 gi\u00e1 tr\u1ecb kinh t\u1ebf, \u0111\u01b0\u1ee3c d\u00f9ng \u0111\u1ec3 ch\u1ebf bi\u1ebfn th\u00e0nh nhi\u1ec1u m\u00f3n \u0103n. C\u00e1 chai c\u00f3 th\u00e2n tr\u00f2n, d\u00e0i \u0111\u1ea7u r\u1ea5t b\u1eb1ng, &hellip;<\/p>\n<p class=\"read-more\"> <a class=\"\" href=\"https:\/\/anlactvseafood.com\/en\/product\/kho-ca-chai-tam\/\"> <span class=\"screen-reader-text\">DRIED SEASONED BARTAIL FLATHEAD FISH<\/span> Read More &raquo;<\/a><\/p>","protected":false},"featured_media":1131,"comment_status":"open","ping_status":"closed","template":"","meta":{"site-sidebar-layout":"default","site-content-layout":"default","ast-global-header-display":"","ast-main-header-display":"","ast-hfb-above-header-display":"","ast-hfb-below-header-display":"","ast-hfb-mobile-header-display":"","site-post-title":"","ast-breadcrumbs-content":"","ast-featured-img":"","footer-sml-layout":"","theme-transparent-header-meta":"default","adv-header-id-meta":"","stick-header-meta":"","header-above-stick-meta":"","header-main-stick-meta":"","header-below-stick-meta":""},"product_cat":[75],"product_tag":[],"thi-truong":[36,40],"class_list":{"0":"post-494","1":"product","2":"type-product","3":"status-publish","4":"has-post-thumbnail","6":"product_cat-hang-kho","7":"thi-truong-han-quoc","8":"thi-truong-nhat-ban","9":"desktop-align-left","10":"tablet-align-left","11":"mobile-align-left","13":"first","14":"instock","15":"shipping-taxable","16":"product-type-simple"},"yoast_head":"<!-- This site is optimized with the Yoast SEO plugin v23.1 - https:\/\/yoast.com\/wordpress\/plugins\/seo\/ -->\n<title>KH\u00d4 C\u00c1 CHAI T\u1ea8M GH\u00c9P - C\u00d4NG TY TNHH H\u1ea2I S\u1ea2N AN L\u1ea0C - TR\u00c0 VINH<\/title>\n<meta name=\"robots\" content=\"index, follow, max-snippet:-1, max-image-preview:large, max-video-preview:-1\" \/>\n<link rel=\"canonical\" href=\"https:\/\/anlactvseafood.com\/en\/product\/kho-ca-chai-tam\/\" \/>\n<meta property=\"og:locale\" content=\"en_US\" \/>\n<meta property=\"og:type\" content=\"article\" \/>\n<meta property=\"og:title\" content=\"KH\u00d4 C\u00c1 CHAI T\u1ea8M GH\u00c9P - C\u00d4NG TY TNHH H\u1ea2I S\u1ea2N AN L\u1ea0C - TR\u00c0 VINH\" \/>\n<meta property=\"og:description\" content=\"Ngu\u1ed3n g\u1ed1c: Duy\u00ean h\u1ea3i Nam Trung B\u1ed9 \u0110\u1eb7c \u0111i\u1ec3m: C\u00e1 chai\u00a0(Danh ph\u00e1p khoa h\u1ecdc:\u00a0Platycephalus indicus) l\u00e0 m\u1ed9t lo\u00e0i\u00a0c\u00e1 bi\u1ec3n\u00a0trong h\u1ecd c\u00e1 chai (Platycephalidae) s\u1ed1ng t\u1ea1i v\u00f9ng c\u1eeda\u00a0bi\u1ec3n. \u0110\u00e2y l\u00e0 m\u1ed9t lo\u00e0i c\u00e1 c\u00f3 gi\u00e1 tr\u1ecb kinh t\u1ebf, \u0111\u01b0\u1ee3c d\u00f9ng \u0111\u1ec3 ch\u1ebf bi\u1ebfn th\u00e0nh nhi\u1ec1u m\u00f3n \u0103n. C\u00e1 chai c\u00f3 th\u00e2n tr\u00f2n, d\u00e0i \u0111\u1ea7u r\u1ea5t b\u1eb1ng, &hellip; KH\u00d4 C\u00c1 CHAI T\u1ea8M GH\u00c9P Read More &raquo;\" \/>\n<meta property=\"og:url\" content=\"https:\/\/anlactvseafood.com\/en\/product\/kho-ca-chai-tam\/\" \/>\n<meta property=\"og:site_name\" content=\"C\u00d4NG TY TNHH H\u1ea2I S\u1ea2N AN L\u1ea0C - TR\u00c0 VINH\" \/>\n<meta property=\"article:modified_time\" content=\"2023-05-12T02:34:39+00:00\" \/>\n<meta property=\"og:image\" content=\"https:\/\/anlactvseafood.com\/wp-content\/uploads\/2022\/11\/KHO-CA-CHAI-GHEP-TAM-DRIED-SEASONED-BARTAIL-FLATHEAD-FISH-15.jpg\" \/>\n\t<meta property=\"og:image:width\" content=\"1683\" \/>\n\t<meta property=\"og:image:height\" content=\"1638\" \/>\n\t<meta property=\"og:image:type\" content=\"image\/jpeg\" \/>\n<meta name=\"twitter:card\" content=\"summary_large_image\" \/>\n<meta name=\"twitter:label1\" content=\"Est. reading time\" \/>\n\t<meta name=\"twitter:data1\" content=\"3 minutes\" \/>\n<script type=\"application\/ld+json\" class=\"yoast-schema-graph\">{\"@context\":\"https:\/\/schema.org\",\"@graph\":[{\"@type\":\"WebPage\",\"@id\":\"https:\/\/anlactvseafood.com\/product\/kho-ca-chai-tam\/\",\"url\":\"https:\/\/anlactvseafood.com\/product\/kho-ca-chai-tam\/\",\"name\":\"KH\u00d4 C\u00c1 CHAI T\u1ea8M GH\u00c9P - C\u00d4NG TY TNHH H\u1ea2I S\u1ea2N AN L\u1ea0C - TR\u00c0 VINH\",\"isPartOf\":{\"@id\":\"https:\/\/anlactvseafood.com\/#website\"},\"primaryImageOfPage\":{\"@id\":\"https:\/\/anlactvseafood.com\/product\/kho-ca-chai-tam\/#primaryimage\"},\"image\":{\"@id\":\"https:\/\/anlactvseafood.com\/product\/kho-ca-chai-tam\/#primaryimage\"},\"thumbnailUrl\":\"https:\/\/anlactvseafood.com\/wp-content\/uploads\/2022\/11\/KHO-CA-CHAI-GHEP-TAM-DRIED-SEASONED-BARTAIL-FLATHEAD-FISH-15.jpg\",\"datePublished\":\"2022-11-16T06:39:54+00:00\",\"dateModified\":\"2023-05-12T02:34:39+00:00\",\"breadcrumb\":{\"@id\":\"https:\/\/anlactvseafood.com\/product\/kho-ca-chai-tam\/#breadcrumb\"},\"inLanguage\":\"en-US\",\"potentialAction\":[{\"@type\":\"ReadAction\",\"target\":[\"https:\/\/anlactvseafood.com\/product\/kho-ca-chai-tam\/\"]}]},{\"@type\":\"ImageObject\",\"inLanguage\":\"en-US\",\"@id\":\"https:\/\/anlactvseafood.com\/product\/kho-ca-chai-tam\/#primaryimage\",\"url\":\"https:\/\/anlactvseafood.com\/wp-content\/uploads\/2022\/11\/KHO-CA-CHAI-GHEP-TAM-DRIED-SEASONED-BARTAIL-FLATHEAD-FISH-15.jpg\",\"contentUrl\":\"https:\/\/anlactvseafood.com\/wp-content\/uploads\/2022\/11\/KHO-CA-CHAI-GHEP-TAM-DRIED-SEASONED-BARTAIL-FLATHEAD-FISH-15.jpg\",\"width\":1683,\"height\":1638},{\"@type\":\"BreadcrumbList\",\"@id\":\"https:\/\/anlactvseafood.com\/product\/kho-ca-chai-tam\/#breadcrumb\",\"itemListElement\":[{\"@type\":\"ListItem\",\"position\":1,\"name\":\"Trang ch\u1ee7\",\"item\":\"https:\/\/anlactvseafood.com\/\"},{\"@type\":\"ListItem\",\"position\":2,\"name\":\"Shop\",\"item\":\"https:\/\/anlactvseafood.com\/shop\/\"},{\"@type\":\"ListItem\",\"position\":3,\"name\":\"KH\u00d4 C\u00c1 CHAI T\u1ea8M GH\u00c9P\"}]},{\"@type\":\"WebSite\",\"@id\":\"https:\/\/anlactvseafood.com\/#website\",\"url\":\"https:\/\/anlactvseafood.com\/\",\"name\":\"C\u00d4NG TY TNHH H\u1ea2I S\u1ea2N AN L\u1ea0C - TR\u00c0 VINH\",\"description\":\"\",\"publisher\":{\"@id\":\"https:\/\/anlactvseafood.com\/#organization\"},\"potentialAction\":[{\"@type\":\"SearchAction\",\"target\":{\"@type\":\"EntryPoint\",\"urlTemplate\":\"https:\/\/anlactvseafood.com\/?s={search_term_string}\"},\"query-input\":\"required name=search_term_string\"}],\"inLanguage\":\"en-US\"},{\"@type\":\"Organization\",\"@id\":\"https:\/\/anlactvseafood.com\/#organization\",\"name\":\"C\u00d4NG TY TNHH H\u1ea2I S\u1ea2N AN L\u1ea0C - TR\u00c0 VINH\",\"url\":\"https:\/\/anlactvseafood.com\/\",\"logo\":{\"@type\":\"ImageObject\",\"inLanguage\":\"en-US\",\"@id\":\"https:\/\/anlactvseafood.com\/#\/schema\/logo\/image\/\",\"url\":\"https:\/\/anlactvseafood.com\/wp-content\/uploads\/2022\/11\/logoa.png\",\"contentUrl\":\"https:\/\/anlactvseafood.com\/wp-content\/uploads\/2022\/11\/logoa.png\",\"width\":1002,\"height\":675,\"caption\":\"C\u00d4NG TY TNHH H\u1ea2I S\u1ea2N AN L\u1ea0C - TR\u00c0 VINH\"},\"image\":{\"@id\":\"https:\/\/anlactvseafood.com\/#\/schema\/logo\/image\/\"}}]}<\/script>\n<!-- \/ Yoast SEO plugin. -->","yoast_head_json":{"title":"KH\u00d4 C\u00c1 CHAI T\u1ea8M GH\u00c9P - C\u00d4NG TY TNHH H\u1ea2I S\u1ea2N AN L\u1ea0C - TR\u00c0 VINH","robots":{"index":"index","follow":"follow","max-snippet":"max-snippet:-1","max-image-preview":"max-image-preview:large","max-video-preview":"max-video-preview:-1"},"canonical":"https:\/\/anlactvseafood.com\/en\/product\/kho-ca-chai-tam\/","og_locale":"en_US","og_type":"article","og_title":"KH\u00d4 C\u00c1 CHAI T\u1ea8M GH\u00c9P - C\u00d4NG TY TNHH H\u1ea2I S\u1ea2N AN L\u1ea0C - TR\u00c0 VINH","og_description":"Ngu\u1ed3n g\u1ed1c: Duy\u00ean h\u1ea3i Nam Trung B\u1ed9 \u0110\u1eb7c \u0111i\u1ec3m: C\u00e1 chai\u00a0(Danh ph\u00e1p khoa h\u1ecdc:\u00a0Platycephalus indicus) l\u00e0 m\u1ed9t lo\u00e0i\u00a0c\u00e1 bi\u1ec3n\u00a0trong h\u1ecd c\u00e1 chai (Platycephalidae) s\u1ed1ng t\u1ea1i v\u00f9ng c\u1eeda\u00a0bi\u1ec3n. \u0110\u00e2y l\u00e0 m\u1ed9t lo\u00e0i c\u00e1 c\u00f3 gi\u00e1 tr\u1ecb kinh t\u1ebf, \u0111\u01b0\u1ee3c d\u00f9ng \u0111\u1ec3 ch\u1ebf bi\u1ebfn th\u00e0nh nhi\u1ec1u m\u00f3n \u0103n. C\u00e1 chai c\u00f3 th\u00e2n tr\u00f2n, d\u00e0i \u0111\u1ea7u r\u1ea5t b\u1eb1ng, &hellip; KH\u00d4 C\u00c1 CHAI T\u1ea8M GH\u00c9P Read More &raquo;","og_url":"https:\/\/anlactvseafood.com\/en\/product\/kho-ca-chai-tam\/","og_site_name":"C\u00d4NG TY TNHH H\u1ea2I S\u1ea2N AN L\u1ea0C - TR\u00c0 VINH","article_modified_time":"2023-05-12T02:34:39+00:00","og_image":[{"width":1683,"height":1638,"url":"https:\/\/anlactvseafood.com\/wp-content\/uploads\/2022\/11\/KHO-CA-CHAI-GHEP-TAM-DRIED-SEASONED-BARTAIL-FLATHEAD-FISH-15.jpg","type":"image\/jpeg"}],"twitter_card":"summary_large_image","twitter_misc":{"Est. reading time":"3 minutes"},"schema":{"@context":"https:\/\/schema.org","@graph":[{"@type":"WebPage","@id":"https:\/\/anlactvseafood.com\/product\/kho-ca-chai-tam\/","url":"https:\/\/anlactvseafood.com\/product\/kho-ca-chai-tam\/","name":"KH\u00d4 C\u00c1 CHAI T\u1ea8M GH\u00c9P - C\u00d4NG TY TNHH H\u1ea2I S\u1ea2N AN L\u1ea0C - TR\u00c0 VINH","isPartOf":{"@id":"https:\/\/anlactvseafood.com\/#website"},"primaryImageOfPage":{"@id":"https:\/\/anlactvseafood.com\/product\/kho-ca-chai-tam\/#primaryimage"},"image":{"@id":"https:\/\/anlactvseafood.com\/product\/kho-ca-chai-tam\/#primaryimage"},"thumbnailUrl":"https:\/\/anlactvseafood.com\/wp-content\/uploads\/2022\/11\/KHO-CA-CHAI-GHEP-TAM-DRIED-SEASONED-BARTAIL-FLATHEAD-FISH-15.jpg","datePublished":"2022-11-16T06:39:54+00:00","dateModified":"2023-05-12T02:34:39+00:00","breadcrumb":{"@id":"https:\/\/anlactvseafood.com\/product\/kho-ca-chai-tam\/#breadcrumb"},"inLanguage":"en-US","potentialAction":[{"@type":"ReadAction","target":["https:\/\/anlactvseafood.com\/product\/kho-ca-chai-tam\/"]}]},{"@type":"ImageObject","inLanguage":"en-US","@id":"https:\/\/anlactvseafood.com\/product\/kho-ca-chai-tam\/#primaryimage","url":"https:\/\/anlactvseafood.com\/wp-content\/uploads\/2022\/11\/KHO-CA-CHAI-GHEP-TAM-DRIED-SEASONED-BARTAIL-FLATHEAD-FISH-15.jpg","contentUrl":"https:\/\/anlactvseafood.com\/wp-content\/uploads\/2022\/11\/KHO-CA-CHAI-GHEP-TAM-DRIED-SEASONED-BARTAIL-FLATHEAD-FISH-15.jpg","width":1683,"height":1638},{"@type":"BreadcrumbList","@id":"https:\/\/anlactvseafood.com\/product\/kho-ca-chai-tam\/#breadcrumb","itemListElement":[{"@type":"ListItem","position":1,"name":"Trang ch\u1ee7","item":"https:\/\/anlactvseafood.com\/"},{"@type":"ListItem","position":2,"name":"Shop","item":"https:\/\/anlactvseafood.com\/shop\/"},{"@type":"ListItem","position":3,"name":"KH\u00d4 C\u00c1 CHAI T\u1ea8M GH\u00c9P"}]},{"@type":"WebSite","@id":"https:\/\/anlactvseafood.com\/#website","url":"https:\/\/anlactvseafood.com\/","name":"C\u00d4NG TY TNHH H\u1ea2I S\u1ea2N AN L\u1ea0C - TR\u00c0 VINH","description":"","publisher":{"@id":"https:\/\/anlactvseafood.com\/#organization"},"potentialAction":[{"@type":"SearchAction","target":{"@type":"EntryPoint","urlTemplate":"https:\/\/anlactvseafood.com\/?s={search_term_string}"},"query-input":"required name=search_term_string"}],"inLanguage":"en-US"},{"@type":"Organization","@id":"https:\/\/anlactvseafood.com\/#organization","name":"C\u00d4NG TY TNHH H\u1ea2I S\u1ea2N AN L\u1ea0C - TR\u00c0 VINH","url":"https:\/\/anlactvseafood.com\/","logo":{"@type":"ImageObject","inLanguage":"en-US","@id":"https:\/\/anlactvseafood.com\/#\/schema\/logo\/image\/","url":"https:\/\/anlactvseafood.com\/wp-content\/uploads\/2022\/11\/logoa.png","contentUrl":"https:\/\/anlactvseafood.com\/wp-content\/uploads\/2022\/11\/logoa.png","width":1002,"height":675,"caption":"C\u00d4NG TY TNHH H\u1ea2I S\u1ea2N AN L\u1ea0C - TR\u00c0 VINH"},"image":{"@id":"https:\/\/anlactvseafood.com\/#\/schema\/logo\/image\/"}}]}},"_links":{"self":[{"href":"https:\/\/anlactvseafood.com\/en\/wp-json\/wp\/v2\/product\/494","targetHints":{"allow":["GET"]}}],"collection":[{"href":"https:\/\/anlactvseafood.com\/en\/wp-json\/wp\/v2\/product"}],"about":[{"href":"https:\/\/anlactvseafood.com\/en\/wp-json\/wp\/v2\/types\/product"}],"replies":[{"embeddable":true,"href":"https:\/\/anlactvseafood.com\/en\/wp-json\/wp\/v2\/comments?post=494"}],"wp:featuredmedia":[{"embeddable":true,"href":"https:\/\/anlactvseafood.com\/en\/wp-json\/wp\/v2\/media\/1131"}],"wp:attachment":[{"href":"https:\/\/anlactvseafood.com\/en\/wp-json\/wp\/v2\/media?parent=494"}],"wp:term":[{"taxonomy":"product_cat","embeddable":true,"href":"https:\/\/anlactvseafood.com\/en\/wp-json\/wp\/v2\/product_cat?post=494"},{"taxonomy":"product_tag","embeddable":true,"href":"https:\/\/anlactvseafood.com\/en\/wp-json\/wp\/v2\/product_tag?post=494"},{"taxonomy":"thi-truong","embeddable":true,"href":"https:\/\/anlactvseafood.com\/en\/wp-json\/wp\/v2\/thi-truong?post=494"}],"curies":[{"name":"wp","href":"https:\/\/api.w.org\/{rel}","templated":true}]}}