{"id":299,"date":"2022-11-15T16:24:26","date_gmt":"2022-11-15T09:24:26","guid":{"rendered":"https:\/\/anlactvseafood.com\/?post_type=product&#038;p=299"},"modified":"2023-05-12T09:27:19","modified_gmt":"2023-05-12T02:27:19","slug":"kho-ca-ngan","status":"publish","type":"product","link":"https:\/\/anlactvseafood.com\/en\/product\/kho-ca-ngan\/","title":{"rendered":"DRIED YELLOWTAIL SCAD"},"content":{"rendered":"<p><strong>Ngu\u1ed3n g\u1ed1c:<\/strong>\u1ede\u00a0<a title=\"Vi\u1ec7t Nam\" href=\"https:\/\/vi.wikipedia.org\/wiki\/Vi%E1%BB%87t_Nam\">Vi\u1ec7t Nam<\/a>, c\u00e1 ng\u00e2n \u0111\u01b0\u1ee3c khai th\u00e1c nhi\u1ec1u \u1edf v\u00f9ng bi\u1ec3n\u00a0<a title=\"V\u0169ng T\u00e0u\" href=\"https:\/\/vi.wikipedia.org\/wiki\/V%C5%A9ng_T%C3%A0u\">V\u0169ng T\u00e0u<\/a>,\u00a0<a title=\"B\u1ebfn Tre\" href=\"https:\/\/vi.wikipedia.org\/wiki\/B%E1%BA%BFn_Tre\">B\u1ebfn Tre<\/a>\u00a0v\u00e0\u00a0<a title=\"Ki\u00ean Giang\" href=\"https:\/\/vi.wikipedia.org\/wiki\/Ki%C3%AAn_Giang\">Ki\u00ean Giang<\/a>, v\u00e0 \u1edf\u00a0<a title=\"Ph\u00fa Qu\u1ed1c\" href=\"https:\/\/vi.wikipedia.org\/wiki\/Ph%C3%BA_Qu%E1%BB%91c\">Ph\u00fa Qu\u1ed1c<\/a>\u00a0c\u00f3 c\u00e1 ng\u00e2n c\u1ee1 b\u1eb1ng b\u1eafp tay lo\u00e0i c\u00e1 n\u00e0y c\u00f3 h\u00ecnh th\u1ee9c khai th\u00e1c t\u01b0\u01a1ng t\u1ef1 nh\u01b0\u00a0<a title=\"C\u00e1 ch\u1ec9 v\u00e0ng\" href=\"https:\/\/vi.wikipedia.org\/wiki\/C%C3%A1_ch%E1%BB%89_v%C3%A0ng\">c\u00e1 ch\u1ec9 v\u00e0ng<\/a>, v\u00e0 ph\u01b0\u01a1ng th\u1ee9c ch\u1ebf bi\u1ebfn c\u0169ng t\u01b0\u01a1ng t\u1ef1 c\u00e1 ch\u1ec9. Tuy c\u00e1 ng\u00e2n kh\u00f4ng ph\u1ea3i l\u00e0 lo\u1ea1i th\u1ef1c ph\u1ea9m ph\u1ed5 bi\u1ebfn nh\u01b0ng n\u00f3 l\u1ea1i c\u00f3 c\u00e1ch ch\u1ebf bi\u1ebfn kh\u00e1 \u0111\u01a1n gi\u1ea3n<\/p>\n<p><strong>\u0110\u1eb7c \u0111i\u1ec3m: <\/strong>K\u00edch c\u1ee1 150\u2013200\u00a0mm. Th\u00e2n h\u00ecnh b\u1ea7u d\u1ee5c, t\u01b0\u01a1ng \u0111\u1ed1i d\u00e0i. Vi\u1ec1n l\u01b0ng v\u00e0 vi\u1ec1n b\u1ee5ng cong \u0111\u1ec1u. Chi\u1ec1u d\u00e0i th\u00e2n b\u1eb1ng 2,9-3,3 l\u1ea7n chi\u1ec1u cao th\u00e2n, b\u1eb1ng 3,5-3,7 l\u1ea7n chi\u1ec1u d\u00e0i \u0111\u1ea7u. Hai v\u00e2y l\u01b0ng t\u00e1ch bi\u1ec7t nhau, v\u00e2y h\u1eadu m\u00f4n \u0111\u1ed1i x\u1ee9ng v\u1edbi v\u00e2y l\u01b0ng th\u1ee9 hai, tia cu\u1ed1i c\u1ee7a hai v\u00e2y n\u00e0y k\u00e9o d\u00e0i h\u01a1n c\u00e1c tia v\u00e2y tr\u01b0\u1edbc gi\u1ed1ng nh\u01b0 v\u00e2y ph\u1ee5 ri\u00eang bi\u1ec7t. V\u00e2y ng\u1ef1c d\u00e0i nh\u1ecf, cong k\u00e9o d\u00e0i \u0111\u1ebfn qu\u00e1 kh\u1edfi \u0111i\u1ec3m c\u1ee7a \u0111o\u1ea1n th\u1eb3ng \u0111\u01b0\u1eddng b\u00ean. N\u1eeda tr\u00ean c\u1ee7a th\u00e2n c\u00f3 nh\u1eefng \u0111ai ngang m\u00e0u n\u00e2u \u0111\u1ecf. G\u00f3c tr\u00ean x\u01b0\u01a1ng n\u1eafp mang c\u00f3 m\u1ed9t ch\u1ea5m \u0111en l\u1edbn. V\u00e2y l\u01b0ng v\u00e0 v\u00e2y \u0111u\u00f4i m\u00e0u v\u00e0ng nh\u1ea1t<strong>.<\/strong><\/p>\n<p><strong>H\u01b0\u01a1ng v\u1ecb, dinh d\u01b0\u1ee1ng<\/strong>: C\u00e1 ng\u00e2n l\u00e0 lo\u1ea1i c\u00e1 r\u1ea5t th\u01a1m ngon, n\u00ean \u0111\u01b0\u1ee3c d\u00f9ng l\u00e0m th\u1ef1c ph\u1ea9m \u0111\u1ec3 ch\u1ebf bi\u1ebfn nhi\u1ec1u m\u00f3n \u0103n nh\u01b0 m\u00f3n c\u00e1 ng\u00e2n chi\u00ean s\u1ea3 \u1edbt l\u00e0 m\u00f3n \u0103n r\u1ea5t m\u1edbi v\u00e0 l\u1ea1 mi\u1ec7ng. M\u1ed9t s\u1ed1 m\u00f3n \u0103n kh\u00e1c t\u1eeb c\u00e1 ng\u00e2n nh\u01b0 c\u00e1 ng\u00e2n x\u00e0o th\u1eadp c\u1ea9m Ch\u00fang l\u00e0 lo\u00e0i c\u00f3 gi\u00e1 tr\u1ecb kinh t\u1ebf, m\u00f9a v\u1ee5 khai th\u00e1c quanh n\u0103m, c\u00f3 th\u1ec3 \u0103n t\u01b0\u01a1i, ph\u01a1i kh\u00f4..<\/p>\n<p><strong>B\u1ea3o qu\u1ea3n<\/strong>: t\u1ed1t nh\u1ea5t n\u00ean \u0111\u1ec3 trong t\u1ee7 \u0111\u00f4ng ho\u1eb7c ng\u0103n \u0111\u00e1 t\u1ee7 l\u1ea1nh<\/p>","protected":false},"excerpt":{"rendered":"<p>Ngu\u1ed3n g\u1ed1c:\u1ede\u00a0Vi\u1ec7t Nam, c\u00e1 ng\u00e2n \u0111\u01b0\u1ee3c khai th\u00e1c nhi\u1ec1u \u1edf v\u00f9ng bi\u1ec3n\u00a0V\u0169ng T\u00e0u,\u00a0B\u1ebfn Tre\u00a0v\u00e0\u00a0Ki\u00ean Giang, v\u00e0 \u1edf\u00a0Ph\u00fa Qu\u1ed1c\u00a0c\u00f3 c\u00e1 ng\u00e2n c\u1ee1 b\u1eb1ng b\u1eafp tay lo\u00e0i c\u00e1 n\u00e0y c\u00f3 h\u00ecnh th\u1ee9c khai th\u00e1c t\u01b0\u01a1ng t\u1ef1 nh\u01b0\u00a0c\u00e1 ch\u1ec9 v\u00e0ng, v\u00e0 ph\u01b0\u01a1ng th\u1ee9c ch\u1ebf bi\u1ebfn c\u0169ng t\u01b0\u01a1ng t\u1ef1 c\u00e1 ch\u1ec9. Tuy c\u00e1 ng\u00e2n kh\u00f4ng ph\u1ea3i l\u00e0 lo\u1ea1i th\u1ef1c &hellip;<\/p>\n<p class=\"read-more\"> <a class=\"\" href=\"https:\/\/anlactvseafood.com\/en\/product\/kho-ca-ngan\/\"> <span class=\"screen-reader-text\">DRIED YELLOWTAIL SCAD<\/span> Read More &raquo;<\/a><\/p>","protected":false},"featured_media":1062,"comment_status":"open","ping_status":"closed","template":"","meta":{"site-sidebar-layout":"default","site-content-layout":"default","ast-global-header-display":"","ast-main-header-display":"","ast-hfb-above-header-display":"","ast-hfb-below-header-display":"","ast-hfb-mobile-header-display":"","site-post-title":"","ast-breadcrumbs-content":"","ast-featured-img":"","footer-sml-layout":"","theme-transparent-header-meta":"default","adv-header-id-meta":"","stick-header-meta":"","header-above-stick-meta":"","header-main-stick-meta":"","header-below-stick-meta":""},"product_cat":[75],"product_tag":[],"thi-truong":[35,39,40],"class_list":{"0":"post-299","1":"product","2":"type-product","3":"status-publish","4":"has-post-thumbnail","6":"product_cat-hang-kho","7":"thi-truong-eu","8":"thi-truong-nga","9":"thi-truong-nhat-ban","10":"desktop-align-left","11":"tablet-align-left","12":"mobile-align-left","14":"first","15":"instock","16":"shipping-taxable","17":"product-type-simple"},"yoast_head":"<!-- This site is optimized with the Yoast SEO plugin v23.1 - https:\/\/yoast.com\/wordpress\/plugins\/seo\/ -->\n<title>KH\u00d4 C\u00c1 NG\u00c2N - C\u00d4NG TY TNHH H\u1ea2I S\u1ea2N AN L\u1ea0C - TR\u00c0 VINH<\/title>\n<meta name=\"robots\" content=\"index, follow, max-snippet:-1, max-image-preview:large, max-video-preview:-1\" \/>\n<link rel=\"canonical\" href=\"https:\/\/anlactvseafood.com\/en\/product\/kho-ca-ngan\/\" \/>\n<meta property=\"og:locale\" content=\"en_US\" \/>\n<meta property=\"og:type\" content=\"article\" \/>\n<meta property=\"og:title\" content=\"KH\u00d4 C\u00c1 NG\u00c2N - C\u00d4NG TY TNHH H\u1ea2I S\u1ea2N AN L\u1ea0C - TR\u00c0 VINH\" \/>\n<meta property=\"og:description\" content=\"Ngu\u1ed3n g\u1ed1c:\u1ede\u00a0Vi\u1ec7t Nam, c\u00e1 ng\u00e2n \u0111\u01b0\u1ee3c khai th\u00e1c nhi\u1ec1u \u1edf v\u00f9ng bi\u1ec3n\u00a0V\u0169ng T\u00e0u,\u00a0B\u1ebfn Tre\u00a0v\u00e0\u00a0Ki\u00ean Giang, v\u00e0 \u1edf\u00a0Ph\u00fa Qu\u1ed1c\u00a0c\u00f3 c\u00e1 ng\u00e2n c\u1ee1 b\u1eb1ng b\u1eafp tay lo\u00e0i c\u00e1 n\u00e0y c\u00f3 h\u00ecnh th\u1ee9c khai th\u00e1c t\u01b0\u01a1ng t\u1ef1 nh\u01b0\u00a0c\u00e1 ch\u1ec9 v\u00e0ng, v\u00e0 ph\u01b0\u01a1ng th\u1ee9c ch\u1ebf bi\u1ebfn c\u0169ng t\u01b0\u01a1ng t\u1ef1 c\u00e1 ch\u1ec9. Tuy c\u00e1 ng\u00e2n kh\u00f4ng ph\u1ea3i l\u00e0 lo\u1ea1i th\u1ef1c &hellip; KH\u00d4 C\u00c1 NG\u00c2N Read More &raquo;\" \/>\n<meta property=\"og:url\" content=\"https:\/\/anlactvseafood.com\/en\/product\/kho-ca-ngan\/\" \/>\n<meta property=\"og:site_name\" content=\"C\u00d4NG TY TNHH H\u1ea2I S\u1ea2N AN L\u1ea0C - TR\u00c0 VINH\" \/>\n<meta property=\"article:modified_time\" content=\"2023-05-12T02:27:19+00:00\" \/>\n<meta property=\"og:image\" content=\"https:\/\/anlactvseafood.com\/wp-content\/uploads\/2022\/11\/kho-ca-ngan-DRIED-SALTED-YELLOWTAIL-SCAD.jpg\" \/>\n\t<meta property=\"og:image:width\" content=\"2560\" \/>\n\t<meta property=\"og:image:height\" content=\"1920\" \/>\n\t<meta property=\"og:image:type\" content=\"image\/jpeg\" \/>\n<meta name=\"twitter:card\" content=\"summary_large_image\" \/>\n<meta name=\"twitter:label1\" content=\"Est. reading time\" \/>\n\t<meta name=\"twitter:data1\" content=\"2 minutes\" \/>\n<script type=\"application\/ld+json\" class=\"yoast-schema-graph\">{\"@context\":\"https:\/\/schema.org\",\"@graph\":[{\"@type\":\"WebPage\",\"@id\":\"https:\/\/anlactvseafood.com\/product\/kho-ca-ngan\/\",\"url\":\"https:\/\/anlactvseafood.com\/product\/kho-ca-ngan\/\",\"name\":\"KH\u00d4 C\u00c1 NG\u00c2N - C\u00d4NG TY TNHH H\u1ea2I S\u1ea2N AN L\u1ea0C - TR\u00c0 VINH\",\"isPartOf\":{\"@id\":\"https:\/\/anlactvseafood.com\/#website\"},\"primaryImageOfPage\":{\"@id\":\"https:\/\/anlactvseafood.com\/product\/kho-ca-ngan\/#primaryimage\"},\"image\":{\"@id\":\"https:\/\/anlactvseafood.com\/product\/kho-ca-ngan\/#primaryimage\"},\"thumbnailUrl\":\"https:\/\/anlactvseafood.com\/wp-content\/uploads\/2022\/11\/kho-ca-ngan-DRIED-SALTED-YELLOWTAIL-SCAD.jpg\",\"datePublished\":\"2022-11-15T09:24:26+00:00\",\"dateModified\":\"2023-05-12T02:27:19+00:00\",\"breadcrumb\":{\"@id\":\"https:\/\/anlactvseafood.com\/product\/kho-ca-ngan\/#breadcrumb\"},\"inLanguage\":\"en-US\",\"potentialAction\":[{\"@type\":\"ReadAction\",\"target\":[\"https:\/\/anlactvseafood.com\/product\/kho-ca-ngan\/\"]}]},{\"@type\":\"ImageObject\",\"inLanguage\":\"en-US\",\"@id\":\"https:\/\/anlactvseafood.com\/product\/kho-ca-ngan\/#primaryimage\",\"url\":\"https:\/\/anlactvseafood.com\/wp-content\/uploads\/2022\/11\/kho-ca-ngan-DRIED-SALTED-YELLOWTAIL-SCAD.jpg\",\"contentUrl\":\"https:\/\/anlactvseafood.com\/wp-content\/uploads\/2022\/11\/kho-ca-ngan-DRIED-SALTED-YELLOWTAIL-SCAD.jpg\",\"width\":2560,\"height\":1920},{\"@type\":\"BreadcrumbList\",\"@id\":\"https:\/\/anlactvseafood.com\/product\/kho-ca-ngan\/#breadcrumb\",\"itemListElement\":[{\"@type\":\"ListItem\",\"position\":1,\"name\":\"Trang ch\u1ee7\",\"item\":\"https:\/\/anlactvseafood.com\/\"},{\"@type\":\"ListItem\",\"position\":2,\"name\":\"Shop\",\"item\":\"https:\/\/anlactvseafood.com\/shop\/\"},{\"@type\":\"ListItem\",\"position\":3,\"name\":\"KH\u00d4 C\u00c1 NG\u00c2N\"}]},{\"@type\":\"WebSite\",\"@id\":\"https:\/\/anlactvseafood.com\/#website\",\"url\":\"https:\/\/anlactvseafood.com\/\",\"name\":\"C\u00d4NG TY TNHH H\u1ea2I S\u1ea2N AN L\u1ea0C - TR\u00c0 VINH\",\"description\":\"\",\"publisher\":{\"@id\":\"https:\/\/anlactvseafood.com\/#organization\"},\"potentialAction\":[{\"@type\":\"SearchAction\",\"target\":{\"@type\":\"EntryPoint\",\"urlTemplate\":\"https:\/\/anlactvseafood.com\/?s={search_term_string}\"},\"query-input\":\"required name=search_term_string\"}],\"inLanguage\":\"en-US\"},{\"@type\":\"Organization\",\"@id\":\"https:\/\/anlactvseafood.com\/#organization\",\"name\":\"C\u00d4NG TY TNHH H\u1ea2I S\u1ea2N AN L\u1ea0C - TR\u00c0 VINH\",\"url\":\"https:\/\/anlactvseafood.com\/\",\"logo\":{\"@type\":\"ImageObject\",\"inLanguage\":\"en-US\",\"@id\":\"https:\/\/anlactvseafood.com\/#\/schema\/logo\/image\/\",\"url\":\"https:\/\/anlactvseafood.com\/wp-content\/uploads\/2022\/11\/logoa.png\",\"contentUrl\":\"https:\/\/anlactvseafood.com\/wp-content\/uploads\/2022\/11\/logoa.png\",\"width\":1002,\"height\":675,\"caption\":\"C\u00d4NG TY TNHH H\u1ea2I S\u1ea2N AN L\u1ea0C - TR\u00c0 VINH\"},\"image\":{\"@id\":\"https:\/\/anlactvseafood.com\/#\/schema\/logo\/image\/\"}}]}<\/script>\n<!-- \/ Yoast SEO plugin. -->","yoast_head_json":{"title":"KH\u00d4 C\u00c1 NG\u00c2N - C\u00d4NG TY TNHH H\u1ea2I S\u1ea2N AN L\u1ea0C - TR\u00c0 VINH","robots":{"index":"index","follow":"follow","max-snippet":"max-snippet:-1","max-image-preview":"max-image-preview:large","max-video-preview":"max-video-preview:-1"},"canonical":"https:\/\/anlactvseafood.com\/en\/product\/kho-ca-ngan\/","og_locale":"en_US","og_type":"article","og_title":"KH\u00d4 C\u00c1 NG\u00c2N - C\u00d4NG TY TNHH H\u1ea2I S\u1ea2N AN L\u1ea0C - TR\u00c0 VINH","og_description":"Ngu\u1ed3n g\u1ed1c:\u1ede\u00a0Vi\u1ec7t Nam, c\u00e1 ng\u00e2n \u0111\u01b0\u1ee3c khai th\u00e1c nhi\u1ec1u \u1edf v\u00f9ng bi\u1ec3n\u00a0V\u0169ng T\u00e0u,\u00a0B\u1ebfn Tre\u00a0v\u00e0\u00a0Ki\u00ean Giang, v\u00e0 \u1edf\u00a0Ph\u00fa Qu\u1ed1c\u00a0c\u00f3 c\u00e1 ng\u00e2n c\u1ee1 b\u1eb1ng b\u1eafp tay lo\u00e0i c\u00e1 n\u00e0y c\u00f3 h\u00ecnh th\u1ee9c khai th\u00e1c t\u01b0\u01a1ng t\u1ef1 nh\u01b0\u00a0c\u00e1 ch\u1ec9 v\u00e0ng, v\u00e0 ph\u01b0\u01a1ng th\u1ee9c ch\u1ebf bi\u1ebfn c\u0169ng t\u01b0\u01a1ng t\u1ef1 c\u00e1 ch\u1ec9. Tuy c\u00e1 ng\u00e2n kh\u00f4ng ph\u1ea3i l\u00e0 lo\u1ea1i th\u1ef1c &hellip; KH\u00d4 C\u00c1 NG\u00c2N Read More &raquo;","og_url":"https:\/\/anlactvseafood.com\/en\/product\/kho-ca-ngan\/","og_site_name":"C\u00d4NG TY TNHH H\u1ea2I S\u1ea2N AN L\u1ea0C - TR\u00c0 VINH","article_modified_time":"2023-05-12T02:27:19+00:00","og_image":[{"width":2560,"height":1920,"url":"https:\/\/anlactvseafood.com\/wp-content\/uploads\/2022\/11\/kho-ca-ngan-DRIED-SALTED-YELLOWTAIL-SCAD.jpg","type":"image\/jpeg"}],"twitter_card":"summary_large_image","twitter_misc":{"Est. reading time":"2 minutes"},"schema":{"@context":"https:\/\/schema.org","@graph":[{"@type":"WebPage","@id":"https:\/\/anlactvseafood.com\/product\/kho-ca-ngan\/","url":"https:\/\/anlactvseafood.com\/product\/kho-ca-ngan\/","name":"KH\u00d4 C\u00c1 NG\u00c2N - C\u00d4NG TY TNHH H\u1ea2I S\u1ea2N AN L\u1ea0C - TR\u00c0 VINH","isPartOf":{"@id":"https:\/\/anlactvseafood.com\/#website"},"primaryImageOfPage":{"@id":"https:\/\/anlactvseafood.com\/product\/kho-ca-ngan\/#primaryimage"},"image":{"@id":"https:\/\/anlactvseafood.com\/product\/kho-ca-ngan\/#primaryimage"},"thumbnailUrl":"https:\/\/anlactvseafood.com\/wp-content\/uploads\/2022\/11\/kho-ca-ngan-DRIED-SALTED-YELLOWTAIL-SCAD.jpg","datePublished":"2022-11-15T09:24:26+00:00","dateModified":"2023-05-12T02:27:19+00:00","breadcrumb":{"@id":"https:\/\/anlactvseafood.com\/product\/kho-ca-ngan\/#breadcrumb"},"inLanguage":"en-US","potentialAction":[{"@type":"ReadAction","target":["https:\/\/anlactvseafood.com\/product\/kho-ca-ngan\/"]}]},{"@type":"ImageObject","inLanguage":"en-US","@id":"https:\/\/anlactvseafood.com\/product\/kho-ca-ngan\/#primaryimage","url":"https:\/\/anlactvseafood.com\/wp-content\/uploads\/2022\/11\/kho-ca-ngan-DRIED-SALTED-YELLOWTAIL-SCAD.jpg","contentUrl":"https:\/\/anlactvseafood.com\/wp-content\/uploads\/2022\/11\/kho-ca-ngan-DRIED-SALTED-YELLOWTAIL-SCAD.jpg","width":2560,"height":1920},{"@type":"BreadcrumbList","@id":"https:\/\/anlactvseafood.com\/product\/kho-ca-ngan\/#breadcrumb","itemListElement":[{"@type":"ListItem","position":1,"name":"Trang ch\u1ee7","item":"https:\/\/anlactvseafood.com\/"},{"@type":"ListItem","position":2,"name":"Shop","item":"https:\/\/anlactvseafood.com\/shop\/"},{"@type":"ListItem","position":3,"name":"KH\u00d4 C\u00c1 NG\u00c2N"}]},{"@type":"WebSite","@id":"https:\/\/anlactvseafood.com\/#website","url":"https:\/\/anlactvseafood.com\/","name":"C\u00d4NG TY TNHH H\u1ea2I S\u1ea2N AN L\u1ea0C - TR\u00c0 VINH","description":"","publisher":{"@id":"https:\/\/anlactvseafood.com\/#organization"},"potentialAction":[{"@type":"SearchAction","target":{"@type":"EntryPoint","urlTemplate":"https:\/\/anlactvseafood.com\/?s={search_term_string}"},"query-input":"required name=search_term_string"}],"inLanguage":"en-US"},{"@type":"Organization","@id":"https:\/\/anlactvseafood.com\/#organization","name":"C\u00d4NG TY TNHH H\u1ea2I S\u1ea2N AN L\u1ea0C - TR\u00c0 VINH","url":"https:\/\/anlactvseafood.com\/","logo":{"@type":"ImageObject","inLanguage":"en-US","@id":"https:\/\/anlactvseafood.com\/#\/schema\/logo\/image\/","url":"https:\/\/anlactvseafood.com\/wp-content\/uploads\/2022\/11\/logoa.png","contentUrl":"https:\/\/anlactvseafood.com\/wp-content\/uploads\/2022\/11\/logoa.png","width":1002,"height":675,"caption":"C\u00d4NG TY TNHH H\u1ea2I S\u1ea2N AN L\u1ea0C - TR\u00c0 VINH"},"image":{"@id":"https:\/\/anlactvseafood.com\/#\/schema\/logo\/image\/"}}]}},"_links":{"self":[{"href":"https:\/\/anlactvseafood.com\/en\/wp-json\/wp\/v2\/product\/299","targetHints":{"allow":["GET"]}}],"collection":[{"href":"https:\/\/anlactvseafood.com\/en\/wp-json\/wp\/v2\/product"}],"about":[{"href":"https:\/\/anlactvseafood.com\/en\/wp-json\/wp\/v2\/types\/product"}],"replies":[{"embeddable":true,"href":"https:\/\/anlactvseafood.com\/en\/wp-json\/wp\/v2\/comments?post=299"}],"wp:featuredmedia":[{"embeddable":true,"href":"https:\/\/anlactvseafood.com\/en\/wp-json\/wp\/v2\/media\/1062"}],"wp:attachment":[{"href":"https:\/\/anlactvseafood.com\/en\/wp-json\/wp\/v2\/media?parent=299"}],"wp:term":[{"taxonomy":"product_cat","embeddable":true,"href":"https:\/\/anlactvseafood.com\/en\/wp-json\/wp\/v2\/product_cat?post=299"},{"taxonomy":"product_tag","embeddable":true,"href":"https:\/\/anlactvseafood.com\/en\/wp-json\/wp\/v2\/product_tag?post=299"},{"taxonomy":"thi-truong","embeddable":true,"href":"https:\/\/anlactvseafood.com\/en\/wp-json\/wp\/v2\/thi-truong?post=299"}],"curies":[{"name":"wp","href":"https:\/\/api.w.org\/{rel}","templated":true}]}}