{"id":229,"date":"2022-11-15T15:54:31","date_gmt":"2022-11-15T08:54:31","guid":{"rendered":"https:\/\/anlactvseafood.com\/?post_type=product&#038;p=229"},"modified":"2023-05-10T15:53:02","modified_gmt":"2023-05-10T08:53:02","slug":"cha-bong-ca","status":"publish","type":"product","link":"https:\/\/anlactvseafood.com\/en\/product\/cha-bong-ca\/","title":{"rendered":"GROUND FRIED FISH FLOSS"},"content":{"rendered":"","protected":false},"excerpt":{"rendered":"","protected":false},"featured_media":1085,"comment_status":"open","ping_status":"closed","template":"","meta":{"site-sidebar-layout":"default","site-content-layout":"default","ast-global-header-display":"","ast-main-header-display":"","ast-hfb-above-header-display":"","ast-hfb-below-header-display":"","ast-hfb-mobile-header-display":"","site-post-title":"","ast-breadcrumbs-content":"","ast-featured-img":"","footer-sml-layout":"","theme-transparent-header-meta":"default","adv-header-id-meta":"","stick-header-meta":"","header-above-stick-meta":"","header-main-stick-meta":"","header-below-stick-meta":""},"product_cat":[55],"product_tag":[],"thi-truong":[33],"class_list":{"0":"post-229","1":"product","2":"type-product","3":"status-publish","4":"has-post-thumbnail","6":"product_cat-hang-an-lien","7":"thi-truong-noi-dia","8":"desktop-align-left","9":"tablet-align-left","10":"mobile-align-left","12":"first","13":"instock","14":"shipping-taxable","15":"product-type-simple"},"yoast_head":"<!-- This site is optimized with the Yoast SEO plugin v23.1 - https:\/\/yoast.com\/wordpress\/plugins\/seo\/ -->\n<title>CH\u00c0 B\u00d4NG C\u00c1 - C\u00d4NG TY TNHH H\u1ea2I S\u1ea2N AN L\u1ea0C - TR\u00c0 VINH<\/title>\n<meta name=\"robots\" content=\"index, follow, max-snippet:-1, max-image-preview:large, max-video-preview:-1\" \/>\n<link rel=\"canonical\" href=\"https:\/\/anlactvseafood.com\/en\/product\/cha-bong-ca\/\" \/>\n<meta property=\"og:locale\" content=\"en_US\" \/>\n<meta property=\"og:type\" content=\"article\" \/>\n<meta property=\"og:title\" content=\"CH\u00c0 B\u00d4NG C\u00c1 - C\u00d4NG TY TNHH H\u1ea2I S\u1ea2N AN L\u1ea0C - TR\u00c0 VINH\" \/>\n<meta property=\"og:url\" content=\"https:\/\/anlactvseafood.com\/en\/product\/cha-bong-ca\/\" \/>\n<meta property=\"og:site_name\" content=\"C\u00d4NG TY TNHH H\u1ea2I S\u1ea2N AN L\u1ea0C - TR\u00c0 VINH\" \/>\n<meta property=\"article:modified_time\" content=\"2023-05-10T08:53:02+00:00\" \/>\n<meta property=\"og:image\" content=\"https:\/\/anlactvseafood.com\/wp-content\/uploads\/2022\/11\/Cha-bong-ca-GROUND-FRIED-FISH-FLOSS-2.jpg\" \/>\n\t<meta property=\"og:image:width\" content=\"1683\" \/>\n\t<meta property=\"og:image:height\" content=\"1638\" \/>\n\t<meta property=\"og:image:type\" content=\"image\/jpeg\" \/>\n<meta name=\"twitter:card\" content=\"summary_large_image\" \/>\n<script type=\"application\/ld+json\" class=\"yoast-schema-graph\">{\"@context\":\"https:\/\/schema.org\",\"@graph\":[{\"@type\":\"WebPage\",\"@id\":\"https:\/\/anlactvseafood.com\/product\/cha-bong-ca\/\",\"url\":\"https:\/\/anlactvseafood.com\/product\/cha-bong-ca\/\",\"name\":\"CH\u00c0 B\u00d4NG C\u00c1 - C\u00d4NG TY TNHH H\u1ea2I S\u1ea2N AN L\u1ea0C - TR\u00c0 VINH\",\"isPartOf\":{\"@id\":\"https:\/\/anlactvseafood.com\/#website\"},\"primaryImageOfPage\":{\"@id\":\"https:\/\/anlactvseafood.com\/product\/cha-bong-ca\/#primaryimage\"},\"image\":{\"@id\":\"https:\/\/anlactvseafood.com\/product\/cha-bong-ca\/#primaryimage\"},\"thumbnailUrl\":\"https:\/\/anlactvseafood.com\/wp-content\/uploads\/2022\/11\/Cha-bong-ca-GROUND-FRIED-FISH-FLOSS-2.jpg\",\"datePublished\":\"2022-11-15T08:54:31+00:00\",\"dateModified\":\"2023-05-10T08:53:02+00:00\",\"breadcrumb\":{\"@id\":\"https:\/\/anlactvseafood.com\/product\/cha-bong-ca\/#breadcrumb\"},\"inLanguage\":\"en-US\",\"potentialAction\":[{\"@type\":\"ReadAction\",\"target\":[\"https:\/\/anlactvseafood.com\/product\/cha-bong-ca\/\"]}]},{\"@type\":\"ImageObject\",\"inLanguage\":\"en-US\",\"@id\":\"https:\/\/anlactvseafood.com\/product\/cha-bong-ca\/#primaryimage\",\"url\":\"https:\/\/anlactvseafood.com\/wp-content\/uploads\/2022\/11\/Cha-bong-ca-GROUND-FRIED-FISH-FLOSS-2.jpg\",\"contentUrl\":\"https:\/\/anlactvseafood.com\/wp-content\/uploads\/2022\/11\/Cha-bong-ca-GROUND-FRIED-FISH-FLOSS-2.jpg\",\"width\":1683,\"height\":1638},{\"@type\":\"BreadcrumbList\",\"@id\":\"https:\/\/anlactvseafood.com\/product\/cha-bong-ca\/#breadcrumb\",\"itemListElement\":[{\"@type\":\"ListItem\",\"position\":1,\"name\":\"Trang ch\u1ee7\",\"item\":\"https:\/\/anlactvseafood.com\/\"},{\"@type\":\"ListItem\",\"position\":2,\"name\":\"Shop\",\"item\":\"https:\/\/anlactvseafood.com\/shop\/\"},{\"@type\":\"ListItem\",\"position\":3,\"name\":\"CH\u00c0 B\u00d4NG C\u00c1\"}]},{\"@type\":\"WebSite\",\"@id\":\"https:\/\/anlactvseafood.com\/#website\",\"url\":\"https:\/\/anlactvseafood.com\/\",\"name\":\"C\u00d4NG TY TNHH H\u1ea2I S\u1ea2N AN L\u1ea0C - TR\u00c0 VINH\",\"description\":\"\",\"publisher\":{\"@id\":\"https:\/\/anlactvseafood.com\/#organization\"},\"potentialAction\":[{\"@type\":\"SearchAction\",\"target\":{\"@type\":\"EntryPoint\",\"urlTemplate\":\"https:\/\/anlactvseafood.com\/?s={search_term_string}\"},\"query-input\":\"required name=search_term_string\"}],\"inLanguage\":\"en-US\"},{\"@type\":\"Organization\",\"@id\":\"https:\/\/anlactvseafood.com\/#organization\",\"name\":\"C\u00d4NG TY TNHH H\u1ea2I S\u1ea2N AN L\u1ea0C - TR\u00c0 VINH\",\"url\":\"https:\/\/anlactvseafood.com\/\",\"logo\":{\"@type\":\"ImageObject\",\"inLanguage\":\"en-US\",\"@id\":\"https:\/\/anlactvseafood.com\/#\/schema\/logo\/image\/\",\"url\":\"https:\/\/anlactvseafood.com\/wp-content\/uploads\/2022\/11\/logoa.png\",\"contentUrl\":\"https:\/\/anlactvseafood.com\/wp-content\/uploads\/2022\/11\/logoa.png\",\"width\":1002,\"height\":675,\"caption\":\"C\u00d4NG TY TNHH H\u1ea2I S\u1ea2N AN L\u1ea0C - TR\u00c0 VINH\"},\"image\":{\"@id\":\"https:\/\/anlactvseafood.com\/#\/schema\/logo\/image\/\"}}]}<\/script>\n<!-- \/ Yoast SEO plugin. -->","yoast_head_json":{"title":"CH\u00c0 B\u00d4NG C\u00c1 - C\u00d4NG TY TNHH H\u1ea2I S\u1ea2N AN L\u1ea0C - TR\u00c0 VINH","robots":{"index":"index","follow":"follow","max-snippet":"max-snippet:-1","max-image-preview":"max-image-preview:large","max-video-preview":"max-video-preview:-1"},"canonical":"https:\/\/anlactvseafood.com\/en\/product\/cha-bong-ca\/","og_locale":"en_US","og_type":"article","og_title":"CH\u00c0 B\u00d4NG C\u00c1 - C\u00d4NG TY TNHH H\u1ea2I S\u1ea2N AN L\u1ea0C - TR\u00c0 VINH","og_url":"https:\/\/anlactvseafood.com\/en\/product\/cha-bong-ca\/","og_site_name":"C\u00d4NG TY TNHH H\u1ea2I S\u1ea2N AN L\u1ea0C - TR\u00c0 VINH","article_modified_time":"2023-05-10T08:53:02+00:00","og_image":[{"width":1683,"height":1638,"url":"https:\/\/anlactvseafood.com\/wp-content\/uploads\/2022\/11\/Cha-bong-ca-GROUND-FRIED-FISH-FLOSS-2.jpg","type":"image\/jpeg"}],"twitter_card":"summary_large_image","schema":{"@context":"https:\/\/schema.org","@graph":[{"@type":"WebPage","@id":"https:\/\/anlactvseafood.com\/product\/cha-bong-ca\/","url":"https:\/\/anlactvseafood.com\/product\/cha-bong-ca\/","name":"CH\u00c0 B\u00d4NG C\u00c1 - C\u00d4NG TY TNHH H\u1ea2I S\u1ea2N AN L\u1ea0C - TR\u00c0 VINH","isPartOf":{"@id":"https:\/\/anlactvseafood.com\/#website"},"primaryImageOfPage":{"@id":"https:\/\/anlactvseafood.com\/product\/cha-bong-ca\/#primaryimage"},"image":{"@id":"https:\/\/anlactvseafood.com\/product\/cha-bong-ca\/#primaryimage"},"thumbnailUrl":"https:\/\/anlactvseafood.com\/wp-content\/uploads\/2022\/11\/Cha-bong-ca-GROUND-FRIED-FISH-FLOSS-2.jpg","datePublished":"2022-11-15T08:54:31+00:00","dateModified":"2023-05-10T08:53:02+00:00","breadcrumb":{"@id":"https:\/\/anlactvseafood.com\/product\/cha-bong-ca\/#breadcrumb"},"inLanguage":"en-US","potentialAction":[{"@type":"ReadAction","target":["https:\/\/anlactvseafood.com\/product\/cha-bong-ca\/"]}]},{"@type":"ImageObject","inLanguage":"en-US","@id":"https:\/\/anlactvseafood.com\/product\/cha-bong-ca\/#primaryimage","url":"https:\/\/anlactvseafood.com\/wp-content\/uploads\/2022\/11\/Cha-bong-ca-GROUND-FRIED-FISH-FLOSS-2.jpg","contentUrl":"https:\/\/anlactvseafood.com\/wp-content\/uploads\/2022\/11\/Cha-bong-ca-GROUND-FRIED-FISH-FLOSS-2.jpg","width":1683,"height":1638},{"@type":"BreadcrumbList","@id":"https:\/\/anlactvseafood.com\/product\/cha-bong-ca\/#breadcrumb","itemListElement":[{"@type":"ListItem","position":1,"name":"Trang ch\u1ee7","item":"https:\/\/anlactvseafood.com\/"},{"@type":"ListItem","position":2,"name":"Shop","item":"https:\/\/anlactvseafood.com\/shop\/"},{"@type":"ListItem","position":3,"name":"CH\u00c0 B\u00d4NG C\u00c1"}]},{"@type":"WebSite","@id":"https:\/\/anlactvseafood.com\/#website","url":"https:\/\/anlactvseafood.com\/","name":"C\u00d4NG TY TNHH H\u1ea2I S\u1ea2N AN L\u1ea0C - TR\u00c0 VINH","description":"","publisher":{"@id":"https:\/\/anlactvseafood.com\/#organization"},"potentialAction":[{"@type":"SearchAction","target":{"@type":"EntryPoint","urlTemplate":"https:\/\/anlactvseafood.com\/?s={search_term_string}"},"query-input":"required name=search_term_string"}],"inLanguage":"en-US"},{"@type":"Organization","@id":"https:\/\/anlactvseafood.com\/#organization","name":"C\u00d4NG TY TNHH H\u1ea2I S\u1ea2N AN L\u1ea0C - TR\u00c0 VINH","url":"https:\/\/anlactvseafood.com\/","logo":{"@type":"ImageObject","inLanguage":"en-US","@id":"https:\/\/anlactvseafood.com\/#\/schema\/logo\/image\/","url":"https:\/\/anlactvseafood.com\/wp-content\/uploads\/2022\/11\/logoa.png","contentUrl":"https:\/\/anlactvseafood.com\/wp-content\/uploads\/2022\/11\/logoa.png","width":1002,"height":675,"caption":"C\u00d4NG TY TNHH H\u1ea2I S\u1ea2N AN L\u1ea0C - TR\u00c0 VINH"},"image":{"@id":"https:\/\/anlactvseafood.com\/#\/schema\/logo\/image\/"}}]}},"_links":{"self":[{"href":"https:\/\/anlactvseafood.com\/en\/wp-json\/wp\/v2\/product\/229","targetHints":{"allow":["GET"]}}],"collection":[{"href":"https:\/\/anlactvseafood.com\/en\/wp-json\/wp\/v2\/product"}],"about":[{"href":"https:\/\/anlactvseafood.com\/en\/wp-json\/wp\/v2\/types\/product"}],"replies":[{"embeddable":true,"href":"https:\/\/anlactvseafood.com\/en\/wp-json\/wp\/v2\/comments?post=229"}],"wp:featuredmedia":[{"embeddable":true,"href":"https:\/\/anlactvseafood.com\/en\/wp-json\/wp\/v2\/media\/1085"}],"wp:attachment":[{"href":"https:\/\/anlactvseafood.com\/en\/wp-json\/wp\/v2\/media?parent=229"}],"wp:term":[{"taxonomy":"product_cat","embeddable":true,"href":"https:\/\/anlactvseafood.com\/en\/wp-json\/wp\/v2\/product_cat?post=229"},{"taxonomy":"product_tag","embeddable":true,"href":"https:\/\/anlactvseafood.com\/en\/wp-json\/wp\/v2\/product_tag?post=229"},{"taxonomy":"thi-truong","embeddable":true,"href":"https:\/\/anlactvseafood.com\/en\/wp-json\/wp\/v2\/thi-truong?post=229"}],"curies":[{"name":"wp","href":"https:\/\/api.w.org\/{rel}","templated":true}]}}