{"id":1169,"date":"2023-05-12T10:56:24","date_gmt":"2023-05-12T03:56:24","guid":{"rendered":"https:\/\/anlactvseafood.com\/?post_type=product&#038;p=1169"},"modified":"2023-05-16T10:45:56","modified_gmt":"2023-05-16T03:45:56","slug":"xuong-ca-bo-tam","status":"publish","type":"product","link":"https:\/\/anlactvseafood.com\/en\/product\/xuong-ca-bo-tam\/","title":{"rendered":"ROASTED SEASONED LEATHER JACKET FISH (BONE)"},"content":{"rendered":"<p><strong>Ngu\u1ed3n g\u1ed1c: <\/strong>Duy\u00ean h\u1ea3i Mi\u1ec1n Trung v\u00e0 Nam B\u1ed9<\/p>\n<p><strong>\u0110\u1eb7c \u0111i\u1ec3m:<\/strong><\/p>\n<p><span>X\u01b0\u01a1ng c\u00e1 b\u00f2 kh\u00f4 th\u01b0\u1eddng c\u00f3 m\u00e0u n\u00e2u ho\u1eb7c m\u00e0u tr\u1eafng \u0111\u1ee5c. X\u01b0\u01a1ng c\u00e1 b\u00f2 kh\u00f4 c\u00f3 h\u00ecnh d\u1ea1ng v\u00e0 k\u00edch th\u01b0\u1edbc kh\u00e1c nhau t\u00f9y thu\u1ed9c v\u00e0o lo\u1ea1i c\u00e1 v\u00e0 c\u00e1ch ch\u1ebf bi\u1ebfn.<\/span><\/p>\n<p><span>M\u1ed9t s\u1ed1 \u0111\u1eb7c \u0111i\u1ec3m c\u1ee7a x\u01b0\u01a1ng c\u00e1 b\u00f2 kh\u00f4 bao g\u1ed3m:<\/span><\/p>\n<ul>\n<li><span>Kh\u00f4ng c\u00f3 m\u00f9i tanh ho\u1eb7c th\u1ed1i<\/span><\/li>\n<li><span>Kh\u00f4ng r\u00e1ch ho\u1eb7c b\u1ecb v\u1ee1<\/span><\/li>\n<li><span>B\u1ec1 m\u1eb7t ph\u1eb3ng, kh\u00f4ng b\u00f3ng ho\u1eb7c c\u00f3 m\u0169i nh\u1ecdn.<\/span><\/li>\n<\/ul>\n<p><span>Khi mua x\u01b0\u01a1ng c\u00e1 b\u00f2 kh\u00f4, b\u1ea1n n\u00ean ch\u1ecdn nh\u1eefng s\u1ea3n ph\u1ea9m c\u00f3 ngu\u1ed3n g\u1ed1c xu\u1ea5t x\u1ee9 r\u00f5 r\u00e0ng v\u00e0 \u0111\u01b0\u1ee3c s\u1ea3n xu\u1ea5t t\u1eeb \u200b\u200bnh\u1eefng ngu\u1ed3n nguy\u00ean li\u1ec7u s\u1ea1ch, \u0111\u1ea3m b\u1ea3o an to\u00e0n v\u00e0 ch\u1ea5t l\u01b0\u1ee3ng.<\/span><\/p>\n<p><strong>H\u01b0\u01a1ng v\u1ecb, dinh d\u01b0\u1ee1ng<\/strong>:<\/p>\n<p><span>X\u01b0\u01a1ng c\u00e1 b\u00f2 kh\u00f4 l\u00e0 ngu\u1ed3n th\u1ef1c ph\u1ea9m gi\u00e0u canxi, collagen v\u00e0 c\u00e1c ch\u1ea5t ch\u1ed1ng oxy h\u00f3a.\u00a0Theo D\u1eef li\u1ec7u dinh d\u01b0\u1ee1ng, m\u1ed9t ph\u1ea7n (kho\u1ea3ng 9 g) x\u01b0\u01a1ng c\u00e1 b\u00f2 kh\u00f4 ch\u1ee9a kho\u1ea3ng 98 mg canxi, t\u01b0\u01a1ng \u0111\u01b0\u01a1ng v\u1edbi kho\u1ea3ng 10% nh\u01b0 nhu c\u1ea7u h\u1eb1ng ng\u00e0y c\u1ee7a ng\u01b0\u1eddi tr\u01b0\u1edfng th\u00e0nh.<\/span><\/p>\n<p><span>Collagen trong x\u01b0\u01a1ng c\u00e1 b\u00f2 kh\u00f4 l\u00e0 m\u1ed9t lo\u1ea1i protein gi\u00fap duy tr\u00ec m\u1ee9c \u0111\u1ed9 \u0111\u00e0n h\u1ed3i c\u1ee7a da v\u00e0 kh\u1edbp, gi\u1ea3m s\u1ef1 h\u1ee7y ho\u1ea1i v\u00e0 s\u1ef1 c\u1ed1 \u0111\u1ecbnh c\u1ee7a c\u00e1c kh\u1edbp, gi\u00fap gi\u1ea3m \u0111au v\u00e0 c\u1ea3i thi\u1ec7n ch\u1ee9c n\u0103ng chung c\u1ee7a c\u01a1 th\u1ec3.<\/span><\/p>\n<p><span>Tuy nhi\u00ean, x\u01b0\u01a1ng c\u00e1 b\u00f2 kh\u00f4 c\u0169ng c\u00f3 m\u1ed9t s\u1ed1 nh\u01b0\u1ee3c \u0111i\u1ec3m.\u00a0Ch\u00fang c\u00f3 th\u1ec3 ch\u1ee9a h\u00e0m l\u01b0\u1ee3ng mu\u1ed1i cao, do \u0111\u00f3 kh\u00f4ng n\u00ean ti\u00eau th\u1ee5 qu\u00e1 nhi\u1ec1u.\u00a0Ngo\u00e0i ra, x\u01b0\u01a1ng c\u00e1 b\u00f2 kh\u00f4 c\u00f3 th\u1ec3 khi\u1ebfn r\u0103ng b\u1ecb m\u00f2n ho\u1eb7c l\u1ec7ch n\u1ebfu s\u1eed d\u1ee5ng qu\u00e1 nhi\u1ec1u.<\/span><\/p>\n<p><span>V\u00ec v\u1eady, n\u00ean s\u1eed d\u1ee5ng x\u01b0\u01a1ng c\u00e1 b\u00f2 kh\u00f4 theo m\u1ed9t c\u00e1ch h\u1ee3p l\u00fd v\u00e0 t\u00f9y ch\u1ecdn theo nhu c\u1ea7u s\u1eed d\u1ee5ng c\u1ee7a m\u1ed7i ng\u01b0\u1eddi. Khi s\u1eed d\u1ee5ng x\u01b0\u01a1ng c\u00e1 b\u00f2 kh\u00f4, n\u00ean u\u1ed1ng nhi\u1ec1u n\u01b0\u1edbc \u0111\u1ec3 ch\u1ed1ng l\u1ea1i vi\u1ec7c h\u00fat s\u1eefa v\u00e0 gi\u1ea3m nguy c\u01a1 b\u1ecb t\u1eafc ngh\u1ebdn.<\/span><\/p>\n<p><strong>B\u1ea3o qu\u1ea3n<\/strong>: ng\u0103n m\u00e1t t\u1ee7 l\u1ea1nh<\/p>","protected":false},"excerpt":{"rendered":"<p>Ngu\u1ed3n g\u1ed1c: Duy\u00ean h\u1ea3i Mi\u1ec1n Trung v\u00e0 Nam B\u1ed9 \u0110\u1eb7c \u0111i\u1ec3m: X\u01b0\u01a1ng c\u00e1 b\u00f2 kh\u00f4 th\u01b0\u1eddng c\u00f3 m\u00e0u n\u00e2u ho\u1eb7c m\u00e0u tr\u1eafng \u0111\u1ee5c. X\u01b0\u01a1ng c\u00e1 b\u00f2 kh\u00f4 c\u00f3 h\u00ecnh d\u1ea1ng v\u00e0 k\u00edch th\u01b0\u1edbc kh\u00e1c nhau t\u00f9y thu\u1ed9c v\u00e0o lo\u1ea1i c\u00e1 v\u00e0 c\u00e1ch ch\u1ebf bi\u1ebfn. M\u1ed9t s\u1ed1 \u0111\u1eb7c \u0111i\u1ec3m c\u1ee7a x\u01b0\u01a1ng c\u00e1 b\u00f2 kh\u00f4 bao g\u1ed3m: &hellip;<\/p>\n<p class=\"read-more\"> <a class=\"\" href=\"https:\/\/anlactvseafood.com\/en\/product\/xuong-ca-bo-tam\/\"> <span class=\"screen-reader-text\">ROASTED SEASONED LEATHER JACKET FISH (BONE)<\/span> Read More &raquo;<\/a><\/p>","protected":false},"featured_media":1170,"comment_status":"open","ping_status":"closed","template":"","meta":{"site-sidebar-layout":"default","site-content-layout":"default","ast-global-header-display":"","ast-main-header-display":"","ast-hfb-above-header-display":"","ast-hfb-below-header-display":"","ast-hfb-mobile-header-display":"","site-post-title":"","ast-breadcrumbs-content":"","ast-featured-img":"","footer-sml-layout":"","theme-transparent-header-meta":"default","adv-header-id-meta":"","stick-header-meta":"","header-above-stick-meta":"","header-main-stick-meta":"","header-below-stick-meta":""},"product_cat":[75],"product_tag":[],"thi-truong":[40,33],"class_list":{"0":"post-1169","1":"product","2":"type-product","3":"status-publish","4":"has-post-thumbnail","6":"product_cat-hang-kho","7":"thi-truong-nhat-ban","8":"thi-truong-noi-dia","9":"desktop-align-left","10":"tablet-align-left","11":"mobile-align-left","13":"first","14":"instock","15":"shipping-taxable","16":"product-type-simple"},"yoast_head":"<!-- This site is optimized with the Yoast SEO plugin v23.1 - https:\/\/yoast.com\/wordpress\/plugins\/seo\/ -->\n<title>X\u01af\u01a0NG C\u00c1 B\u00d2 T\u1ea8M - C\u00d4NG TY TNHH H\u1ea2I S\u1ea2N AN L\u1ea0C - TR\u00c0 VINH<\/title>\n<meta name=\"robots\" content=\"index, follow, max-snippet:-1, max-image-preview:large, max-video-preview:-1\" \/>\n<link rel=\"canonical\" href=\"https:\/\/anlactvseafood.com\/en\/product\/xuong-ca-bo-tam\/\" \/>\n<meta property=\"og:locale\" content=\"en_US\" \/>\n<meta property=\"og:type\" content=\"article\" \/>\n<meta property=\"og:title\" content=\"X\u01af\u01a0NG C\u00c1 B\u00d2 T\u1ea8M - C\u00d4NG TY TNHH H\u1ea2I S\u1ea2N AN L\u1ea0C - TR\u00c0 VINH\" \/>\n<meta property=\"og:description\" content=\"Ngu\u1ed3n g\u1ed1c: Duy\u00ean h\u1ea3i Mi\u1ec1n Trung v\u00e0 Nam B\u1ed9 \u0110\u1eb7c \u0111i\u1ec3m: X\u01b0\u01a1ng c\u00e1 b\u00f2 kh\u00f4 th\u01b0\u1eddng c\u00f3 m\u00e0u n\u00e2u ho\u1eb7c m\u00e0u tr\u1eafng \u0111\u1ee5c. X\u01b0\u01a1ng c\u00e1 b\u00f2 kh\u00f4 c\u00f3 h\u00ecnh d\u1ea1ng v\u00e0 k\u00edch th\u01b0\u1edbc kh\u00e1c nhau t\u00f9y thu\u1ed9c v\u00e0o lo\u1ea1i c\u00e1 v\u00e0 c\u00e1ch ch\u1ebf bi\u1ebfn. M\u1ed9t s\u1ed1 \u0111\u1eb7c \u0111i\u1ec3m c\u1ee7a x\u01b0\u01a1ng c\u00e1 b\u00f2 kh\u00f4 bao g\u1ed3m: &hellip; X\u01af\u01a0NG C\u00c1 B\u00d2 T\u1ea8M Read More &raquo;\" \/>\n<meta property=\"og:url\" content=\"https:\/\/anlactvseafood.com\/en\/product\/xuong-ca-bo-tam\/\" \/>\n<meta property=\"og:site_name\" content=\"C\u00d4NG TY TNHH H\u1ea2I S\u1ea2N AN L\u1ea0C - TR\u00c0 VINH\" \/>\n<meta property=\"article:modified_time\" content=\"2023-05-16T03:45:56+00:00\" \/>\n<meta property=\"og:image\" content=\"https:\/\/anlactvseafood.com\/wp-content\/uploads\/2023\/05\/XUONG-CA-BO-TAM-ROASTED-SEASONED-LEATHER-JACKET-FISH-BONE-1.jpg\" \/>\n\t<meta property=\"og:image:width\" content=\"1683\" \/>\n\t<meta property=\"og:image:height\" content=\"1638\" \/>\n\t<meta property=\"og:image:type\" content=\"image\/jpeg\" \/>\n<meta name=\"twitter:card\" content=\"summary_large_image\" \/>\n<meta name=\"twitter:label1\" content=\"Est. reading time\" \/>\n\t<meta name=\"twitter:data1\" content=\"2 minutes\" \/>\n<script type=\"application\/ld+json\" class=\"yoast-schema-graph\">{\"@context\":\"https:\/\/schema.org\",\"@graph\":[{\"@type\":\"WebPage\",\"@id\":\"https:\/\/anlactvseafood.com\/product\/xuong-ca-bo-tam\/\",\"url\":\"https:\/\/anlactvseafood.com\/product\/xuong-ca-bo-tam\/\",\"name\":\"X\u01af\u01a0NG C\u00c1 B\u00d2 T\u1ea8M - C\u00d4NG TY TNHH H\u1ea2I S\u1ea2N AN L\u1ea0C - TR\u00c0 VINH\",\"isPartOf\":{\"@id\":\"https:\/\/anlactvseafood.com\/#website\"},\"primaryImageOfPage\":{\"@id\":\"https:\/\/anlactvseafood.com\/product\/xuong-ca-bo-tam\/#primaryimage\"},\"image\":{\"@id\":\"https:\/\/anlactvseafood.com\/product\/xuong-ca-bo-tam\/#primaryimage\"},\"thumbnailUrl\":\"https:\/\/anlactvseafood.com\/wp-content\/uploads\/2023\/05\/XUONG-CA-BO-TAM-ROASTED-SEASONED-LEATHER-JACKET-FISH-BONE-1.jpg\",\"datePublished\":\"2023-05-12T03:56:24+00:00\",\"dateModified\":\"2023-05-16T03:45:56+00:00\",\"breadcrumb\":{\"@id\":\"https:\/\/anlactvseafood.com\/product\/xuong-ca-bo-tam\/#breadcrumb\"},\"inLanguage\":\"en-US\",\"potentialAction\":[{\"@type\":\"ReadAction\",\"target\":[\"https:\/\/anlactvseafood.com\/product\/xuong-ca-bo-tam\/\"]}]},{\"@type\":\"ImageObject\",\"inLanguage\":\"en-US\",\"@id\":\"https:\/\/anlactvseafood.com\/product\/xuong-ca-bo-tam\/#primaryimage\",\"url\":\"https:\/\/anlactvseafood.com\/wp-content\/uploads\/2023\/05\/XUONG-CA-BO-TAM-ROASTED-SEASONED-LEATHER-JACKET-FISH-BONE-1.jpg\",\"contentUrl\":\"https:\/\/anlactvseafood.com\/wp-content\/uploads\/2023\/05\/XUONG-CA-BO-TAM-ROASTED-SEASONED-LEATHER-JACKET-FISH-BONE-1.jpg\",\"width\":1683,\"height\":1638},{\"@type\":\"BreadcrumbList\",\"@id\":\"https:\/\/anlactvseafood.com\/product\/xuong-ca-bo-tam\/#breadcrumb\",\"itemListElement\":[{\"@type\":\"ListItem\",\"position\":1,\"name\":\"Trang ch\u1ee7\",\"item\":\"https:\/\/anlactvseafood.com\/\"},{\"@type\":\"ListItem\",\"position\":2,\"name\":\"Shop\",\"item\":\"https:\/\/anlactvseafood.com\/shop\/\"},{\"@type\":\"ListItem\",\"position\":3,\"name\":\"X\u01af\u01a0NG C\u00c1 B\u00d2 T\u1ea8M\"}]},{\"@type\":\"WebSite\",\"@id\":\"https:\/\/anlactvseafood.com\/#website\",\"url\":\"https:\/\/anlactvseafood.com\/\",\"name\":\"C\u00d4NG TY TNHH H\u1ea2I S\u1ea2N AN L\u1ea0C - TR\u00c0 VINH\",\"description\":\"\",\"publisher\":{\"@id\":\"https:\/\/anlactvseafood.com\/#organization\"},\"potentialAction\":[{\"@type\":\"SearchAction\",\"target\":{\"@type\":\"EntryPoint\",\"urlTemplate\":\"https:\/\/anlactvseafood.com\/?s={search_term_string}\"},\"query-input\":\"required name=search_term_string\"}],\"inLanguage\":\"en-US\"},{\"@type\":\"Organization\",\"@id\":\"https:\/\/anlactvseafood.com\/#organization\",\"name\":\"C\u00d4NG TY TNHH H\u1ea2I S\u1ea2N AN L\u1ea0C - TR\u00c0 VINH\",\"url\":\"https:\/\/anlactvseafood.com\/\",\"logo\":{\"@type\":\"ImageObject\",\"inLanguage\":\"en-US\",\"@id\":\"https:\/\/anlactvseafood.com\/#\/schema\/logo\/image\/\",\"url\":\"https:\/\/anlactvseafood.com\/wp-content\/uploads\/2022\/11\/logoa.png\",\"contentUrl\":\"https:\/\/anlactvseafood.com\/wp-content\/uploads\/2022\/11\/logoa.png\",\"width\":1002,\"height\":675,\"caption\":\"C\u00d4NG TY TNHH H\u1ea2I S\u1ea2N AN L\u1ea0C - TR\u00c0 VINH\"},\"image\":{\"@id\":\"https:\/\/anlactvseafood.com\/#\/schema\/logo\/image\/\"}}]}<\/script>\n<!-- \/ Yoast SEO plugin. -->","yoast_head_json":{"title":"X\u01af\u01a0NG C\u00c1 B\u00d2 T\u1ea8M - C\u00d4NG TY TNHH H\u1ea2I S\u1ea2N AN L\u1ea0C - TR\u00c0 VINH","robots":{"index":"index","follow":"follow","max-snippet":"max-snippet:-1","max-image-preview":"max-image-preview:large","max-video-preview":"max-video-preview:-1"},"canonical":"https:\/\/anlactvseafood.com\/en\/product\/xuong-ca-bo-tam\/","og_locale":"en_US","og_type":"article","og_title":"X\u01af\u01a0NG C\u00c1 B\u00d2 T\u1ea8M - C\u00d4NG TY TNHH H\u1ea2I S\u1ea2N AN L\u1ea0C - TR\u00c0 VINH","og_description":"Ngu\u1ed3n g\u1ed1c: Duy\u00ean h\u1ea3i Mi\u1ec1n Trung v\u00e0 Nam B\u1ed9 \u0110\u1eb7c \u0111i\u1ec3m: X\u01b0\u01a1ng c\u00e1 b\u00f2 kh\u00f4 th\u01b0\u1eddng c\u00f3 m\u00e0u n\u00e2u ho\u1eb7c m\u00e0u tr\u1eafng \u0111\u1ee5c. X\u01b0\u01a1ng c\u00e1 b\u00f2 kh\u00f4 c\u00f3 h\u00ecnh d\u1ea1ng v\u00e0 k\u00edch th\u01b0\u1edbc kh\u00e1c nhau t\u00f9y thu\u1ed9c v\u00e0o lo\u1ea1i c\u00e1 v\u00e0 c\u00e1ch ch\u1ebf bi\u1ebfn. M\u1ed9t s\u1ed1 \u0111\u1eb7c \u0111i\u1ec3m c\u1ee7a x\u01b0\u01a1ng c\u00e1 b\u00f2 kh\u00f4 bao g\u1ed3m: &hellip; X\u01af\u01a0NG C\u00c1 B\u00d2 T\u1ea8M Read More &raquo;","og_url":"https:\/\/anlactvseafood.com\/en\/product\/xuong-ca-bo-tam\/","og_site_name":"C\u00d4NG TY TNHH H\u1ea2I S\u1ea2N AN L\u1ea0C - TR\u00c0 VINH","article_modified_time":"2023-05-16T03:45:56+00:00","og_image":[{"width":1683,"height":1638,"url":"https:\/\/anlactvseafood.com\/wp-content\/uploads\/2023\/05\/XUONG-CA-BO-TAM-ROASTED-SEASONED-LEATHER-JACKET-FISH-BONE-1.jpg","type":"image\/jpeg"}],"twitter_card":"summary_large_image","twitter_misc":{"Est. reading time":"2 minutes"},"schema":{"@context":"https:\/\/schema.org","@graph":[{"@type":"WebPage","@id":"https:\/\/anlactvseafood.com\/product\/xuong-ca-bo-tam\/","url":"https:\/\/anlactvseafood.com\/product\/xuong-ca-bo-tam\/","name":"X\u01af\u01a0NG C\u00c1 B\u00d2 T\u1ea8M - C\u00d4NG TY TNHH H\u1ea2I S\u1ea2N AN L\u1ea0C - TR\u00c0 VINH","isPartOf":{"@id":"https:\/\/anlactvseafood.com\/#website"},"primaryImageOfPage":{"@id":"https:\/\/anlactvseafood.com\/product\/xuong-ca-bo-tam\/#primaryimage"},"image":{"@id":"https:\/\/anlactvseafood.com\/product\/xuong-ca-bo-tam\/#primaryimage"},"thumbnailUrl":"https:\/\/anlactvseafood.com\/wp-content\/uploads\/2023\/05\/XUONG-CA-BO-TAM-ROASTED-SEASONED-LEATHER-JACKET-FISH-BONE-1.jpg","datePublished":"2023-05-12T03:56:24+00:00","dateModified":"2023-05-16T03:45:56+00:00","breadcrumb":{"@id":"https:\/\/anlactvseafood.com\/product\/xuong-ca-bo-tam\/#breadcrumb"},"inLanguage":"en-US","potentialAction":[{"@type":"ReadAction","target":["https:\/\/anlactvseafood.com\/product\/xuong-ca-bo-tam\/"]}]},{"@type":"ImageObject","inLanguage":"en-US","@id":"https:\/\/anlactvseafood.com\/product\/xuong-ca-bo-tam\/#primaryimage","url":"https:\/\/anlactvseafood.com\/wp-content\/uploads\/2023\/05\/XUONG-CA-BO-TAM-ROASTED-SEASONED-LEATHER-JACKET-FISH-BONE-1.jpg","contentUrl":"https:\/\/anlactvseafood.com\/wp-content\/uploads\/2023\/05\/XUONG-CA-BO-TAM-ROASTED-SEASONED-LEATHER-JACKET-FISH-BONE-1.jpg","width":1683,"height":1638},{"@type":"BreadcrumbList","@id":"https:\/\/anlactvseafood.com\/product\/xuong-ca-bo-tam\/#breadcrumb","itemListElement":[{"@type":"ListItem","position":1,"name":"Trang ch\u1ee7","item":"https:\/\/anlactvseafood.com\/"},{"@type":"ListItem","position":2,"name":"Shop","item":"https:\/\/anlactvseafood.com\/shop\/"},{"@type":"ListItem","position":3,"name":"X\u01af\u01a0NG C\u00c1 B\u00d2 T\u1ea8M"}]},{"@type":"WebSite","@id":"https:\/\/anlactvseafood.com\/#website","url":"https:\/\/anlactvseafood.com\/","name":"C\u00d4NG TY TNHH H\u1ea2I S\u1ea2N AN L\u1ea0C - TR\u00c0 VINH","description":"","publisher":{"@id":"https:\/\/anlactvseafood.com\/#organization"},"potentialAction":[{"@type":"SearchAction","target":{"@type":"EntryPoint","urlTemplate":"https:\/\/anlactvseafood.com\/?s={search_term_string}"},"query-input":"required name=search_term_string"}],"inLanguage":"en-US"},{"@type":"Organization","@id":"https:\/\/anlactvseafood.com\/#organization","name":"C\u00d4NG TY TNHH H\u1ea2I S\u1ea2N AN L\u1ea0C - TR\u00c0 VINH","url":"https:\/\/anlactvseafood.com\/","logo":{"@type":"ImageObject","inLanguage":"en-US","@id":"https:\/\/anlactvseafood.com\/#\/schema\/logo\/image\/","url":"https:\/\/anlactvseafood.com\/wp-content\/uploads\/2022\/11\/logoa.png","contentUrl":"https:\/\/anlactvseafood.com\/wp-content\/uploads\/2022\/11\/logoa.png","width":1002,"height":675,"caption":"C\u00d4NG TY TNHH H\u1ea2I S\u1ea2N AN L\u1ea0C - TR\u00c0 VINH"},"image":{"@id":"https:\/\/anlactvseafood.com\/#\/schema\/logo\/image\/"}}]}},"_links":{"self":[{"href":"https:\/\/anlactvseafood.com\/en\/wp-json\/wp\/v2\/product\/1169","targetHints":{"allow":["GET"]}}],"collection":[{"href":"https:\/\/anlactvseafood.com\/en\/wp-json\/wp\/v2\/product"}],"about":[{"href":"https:\/\/anlactvseafood.com\/en\/wp-json\/wp\/v2\/types\/product"}],"replies":[{"embeddable":true,"href":"https:\/\/anlactvseafood.com\/en\/wp-json\/wp\/v2\/comments?post=1169"}],"wp:featuredmedia":[{"embeddable":true,"href":"https:\/\/anlactvseafood.com\/en\/wp-json\/wp\/v2\/media\/1170"}],"wp:attachment":[{"href":"https:\/\/anlactvseafood.com\/en\/wp-json\/wp\/v2\/media?parent=1169"}],"wp:term":[{"taxonomy":"product_cat","embeddable":true,"href":"https:\/\/anlactvseafood.com\/en\/wp-json\/wp\/v2\/product_cat?post=1169"},{"taxonomy":"product_tag","embeddable":true,"href":"https:\/\/anlactvseafood.com\/en\/wp-json\/wp\/v2\/product_tag?post=1169"},{"taxonomy":"thi-truong","embeddable":true,"href":"https:\/\/anlactvseafood.com\/en\/wp-json\/wp\/v2\/thi-truong?post=1169"}],"curies":[{"name":"wp","href":"https:\/\/api.w.org\/{rel}","templated":true}]}}