{"id":1166,"date":"2023-05-12T10:55:14","date_gmt":"2023-05-12T03:55:14","guid":{"rendered":"https:\/\/anlactvseafood.com\/?post_type=product&#038;p=1166"},"modified":"2023-06-06T09:36:02","modified_gmt":"2023-06-06T02:36:02","slug":"kho-ca-mat-quy-ghep","status":"publish","type":"product","link":"https:\/\/anlactvseafood.com\/en\/product\/kho-ca-mat-quy-ghep\/","title":{"rendered":"DRIED SEASONED MONK FISH"},"content":{"rendered":"<p><strong>Ngu\u1ed3n g\u1ed1c: <\/strong>C\u00e1 m\u1eb7t qu\u1ef7 l\u00e0 m\u1ed9t lo\u1ea1i h\u1ea3i s\u1ea3n \u0111\u1eb7c bi\u1ec7t m\u00e0 \u00edt n\u01a1i c\u00f3 \u0111\u01b0\u1ee3c. C\u00e1 m\u1eb7t qu\u1ef7 ch\u1ec9 s\u1ed1ng \u1edf nh\u1eefng v\u00f9ng n\u01b0\u1edbc s\u00e2u ngo\u00e0i kh\u01a1i, n\u01a1i c\u00f3 nhi\u1ec1u gh\u1ec1nh \u0111\u00e1, san h\u00f4&#8230;<\/p>\n<p><strong>\u0110\u1eb7c \u0111i\u1ec3m:<\/strong><\/p>\n<ul>\n<li>K\u00edch th\u01b0\u1edbc: th\u01b0\u1eddng trung b\u00ecnh t\u1eeb 25 \u0111\u1ebfn 40 cm, tuy nhi\u00ean c\u0169ng c\u00f3 th\u1ec3 l\u00ean \u0111\u1ebfn h\u01a1n 50 cm.<\/li>\n<li>M\u00e0u s\u1eafc: th\u01b0\u1eddng c\u00f3 m\u00e0u n\u00e2u x\u00e1m ho\u1eb7c n\u00e2u \u0111en, v\u1edbi c\u00e1c \u0111\u1ed1m \u0111en tr\u00ean c\u01a1 th\u1ec3.<\/li>\n<li>H\u00ecnh d\u1ea1ng: c\u00f3 m\u1ed9t c\u00e1i mi\u1ec7ng r\u1ed9ng v\u00e0 l\u1edbn, v\u1edbi hai r\u0103ng ho\u1eb7c s\u1eebng d\u00e0i \u1edf m\u1ed7i b\u00ean c\u1ee7a mi\u1ec7ng, t\u1ea1o ra h\u00ecnh d\u1ea1ng gi\u1ed1ng nh\u01b0 chi\u1ebfc m\u1eb7t n\u1ea1 qu\u1ef7.-<\/li>\n<li>T\u1eadp t\u00ednh: l\u00e0 lo\u00e0i c\u00e1 \u0103n th\u1ecbt, th\u01b0\u1eddng s\u0103n m\u1ed3i v\u00e0o ban \u0111\u00eam v\u00e0 \u1ea9n n\u1ea5p v\u00e0o ng\u00e0y.<\/li>\n<li>\u0110\u1eb7c \u0111i\u1ec3m sinh h\u1ecdc: c\u00e1 m\u1eb7t qu\u1ef7 sinh tr\u01b0\u1edfng nhanh v\u00e0 c\u00f3 tu\u1ed5i th\u1ecd kh\u00e1 d\u00e0i, c\u00f3 th\u1ec3 s\u1ed1ng \u0111\u1ebfn 10-15 n\u0103m tu\u1ed5i.<\/li>\n<\/ul>\n<p>Tuy nhi\u00ean, m\u1ed9t s\u1ed1 quan \u0111i\u1ec3m cho r\u1eb1ng c\u00e1 m\u1eb7t qu\u1ef7 kh\u00f4ng \u0111\u00e1ng s\u1ee3 nh\u01b0 t\u00ean g\u1ecdi c\u1ee7a ch\u00fang, v\u00e0 ch\u00fang th\u01b0\u1eddng b\u1ecb s\u0103n b\u1eaft \u0111\u1ec3 gia c\u00f4ng th\u1ef1c ph\u1ea9m ho\u1eb7c nu\u00f4i c\u00e1 ki\u1ec3ng.<\/p>\n<p><strong>H\u01b0\u01a1ng v\u1ecb, dinh d\u01b0\u1ee1ng<\/strong>:<\/p>\n<p>C\u00e1 m\u1eb7t qu\u1ef7 l\u00e0 m\u1ed9t ngu\u1ed3n th\u1ef1c ph\u1ea9m ph\u1ed5 bi\u1ebfn v\u00e0 \u0111\u01b0\u1ee3c \u01b0a chu\u1ed9ng trong \u1ea9m th\u1ef1c c\u1ee7a m\u1ed9t s\u1ed1 qu\u1ed1c gia \u1edf \u0110\u00f4ng Nam \u00c1. C\u00e1 m\u1eb7t qu\u1ef7 c\u00f3 gi\u00e1 tr\u1ecb dinh d\u01b0\u1ee1ng cao, ch\u1ee9a nhi\u1ec1u ch\u1ea5t \u0111\u1ea1m, ch\u1ea5t b\u00e9o, ch\u1ea5t kho\u00e1ng v\u00e0 vitamin nh\u01b0:<\/p>\n<ul>\n<li>Ch\u1ea5t \u0111\u1ea1m: C\u00e1 m\u1eb7t qu\u1ef7 l\u00e0 m\u1ed9t ngu\u1ed3n tuy\u1ec7t v\u1eddi c\u1ee7a protein, \u0111\u1eb7c bi\u1ec7t l\u00e0 protein c\u1ea7n thi\u1ebft cho c\u01a1 th\u1ec3 c\u1ee7a con ng\u01b0\u1eddi.<\/li>\n<li>Ch\u1ea5t b\u00e9o: C\u00e1 m\u1eb7t qu\u1ef7 c\u0169ng ch\u1ee9a l\u01b0\u1ee3ng ch\u1ea5t b\u00e9o kh\u00e1 cao, bao g\u1ed3m c\u00e1c axit b\u00e9o omega-3, gi\u00fap gi\u1ea3m nguy c\u01a1 b\u1ec7nh tim m\u1ea1ch.<\/li>\n<li>Ch\u1ea5t kho\u00e1ng: C\u00e1c kho\u00e1ng ch\u1ea5t nh\u01b0 canxi, s\u1eaft, k\u1ebdm, \u0111\u1ed3ng v\u00e0 magi\u00ea \u0111\u01b0\u1ee3c t\u00ecm th\u1ea5y trong c\u00e1 m\u1eb7t qu\u1ef7, gi\u00fap c\u01a1 th\u1ec3 ph\u00e1t tri\u1ec3n v\u00e0 duy tr\u00ec s\u1ee9c kh\u1ecfe.<\/li>\n<li>Vitamin: C\u00e1 m\u1eb7t qu\u1ef7 c\u0169ng ch\u1ee9a nhi\u1ec1u vitamin nh\u01b0 vitamin B12, vitamin D v\u00e0 vitamin E, gi\u00fap t\u0103ng c\u01b0\u1eddng h\u1ec7 mi\u1ec5n d\u1ecbch, duy tr\u00ec s\u1ee9c kh\u1ecfe t\u1ed5ng th\u1ec3 c\u1ee7a c\u01a1 th\u1ec3.<\/li>\n<\/ul>\n<p>Tuy nhi\u00ean, n\u00ean \u0103n c\u00e1 m\u1eb7t qu\u1ef7 ch\u1ec9 \u0111\u1ee7 v\u00e0 \u0111\u1ea3m b\u1ea3o, kh\u00f4ng \u0103n qu\u00e1 nhi\u1ec1u b\u1edfi ch\u00fang c\u00f3 th\u1ec3 ch\u1ee9a m\u1ed9t s\u1ed1 \u0111\u1ed9c t\u1ed1 v\u00e0 kh\u00f4ng t\u1ed1t cho s\u1ee9c kh\u1ecfe n\u1ebfu \u0111\u01b0\u1ee3c \u0103n qu\u00e1 nhi\u1ec1u.<\/p>\n<p><strong>B\u1ea3o qu\u1ea3n<\/strong>: ng\u0103n \u0111\u00f4ng t\u1ee7 l\u1ea1nh<\/p>","protected":false},"excerpt":{"rendered":"<p>Ngu\u1ed3n g\u1ed1c: C\u00e1 m\u1eb7t qu\u1ef7 l\u00e0 m\u1ed9t lo\u1ea1i h\u1ea3i s\u1ea3n \u0111\u1eb7c bi\u1ec7t m\u00e0 \u00edt n\u01a1i c\u00f3 \u0111\u01b0\u1ee3c. C\u00e1 m\u1eb7t qu\u1ef7 ch\u1ec9 s\u1ed1ng \u1edf nh\u1eefng v\u00f9ng n\u01b0\u1edbc s\u00e2u ngo\u00e0i kh\u01a1i, n\u01a1i c\u00f3 nhi\u1ec1u gh\u1ec1nh \u0111\u00e1, san h\u00f4&#8230; \u0110\u1eb7c \u0111i\u1ec3m: K\u00edch th\u01b0\u1edbc: th\u01b0\u1eddng trung b\u00ecnh t\u1eeb 25 \u0111\u1ebfn 40 cm, tuy nhi\u00ean c\u0169ng c\u00f3 th\u1ec3 l\u00ean \u0111\u1ebfn &hellip;<\/p>\n<p class=\"read-more\"> <a class=\"\" href=\"https:\/\/anlactvseafood.com\/en\/product\/kho-ca-mat-quy-ghep\/\"> <span class=\"screen-reader-text\">DRIED SEASONED MONK FISH<\/span> Read More &raquo;<\/a><\/p>","protected":false},"featured_media":1168,"comment_status":"open","ping_status":"closed","template":"","meta":{"site-sidebar-layout":"default","site-content-layout":"default","ast-global-header-display":"","ast-main-header-display":"","ast-hfb-above-header-display":"","ast-hfb-below-header-display":"","ast-hfb-mobile-header-display":"","site-post-title":"","ast-breadcrumbs-content":"","ast-featured-img":"","footer-sml-layout":"","theme-transparent-header-meta":"default","adv-header-id-meta":"","stick-header-meta":"","header-above-stick-meta":"","header-main-stick-meta":"","header-below-stick-meta":""},"product_cat":[75],"product_tag":[],"thi-truong":[40,33],"class_list":{"0":"post-1166","1":"product","2":"type-product","3":"status-publish","4":"has-post-thumbnail","6":"product_cat-hang-kho","7":"thi-truong-nhat-ban","8":"thi-truong-noi-dia","9":"desktop-align-left","10":"tablet-align-left","11":"mobile-align-left","13":"first","14":"instock","15":"shipping-taxable","16":"product-type-simple"},"yoast_head":"<!-- This site is optimized with the Yoast SEO plugin v23.1 - https:\/\/yoast.com\/wordpress\/plugins\/seo\/ -->\n<title>KH\u00d4 C\u00c1 M\u1eb6T QU\u1ef6 GH\u00c9P - C\u00d4NG TY TNHH H\u1ea2I S\u1ea2N AN L\u1ea0C - TR\u00c0 VINH<\/title>\n<meta name=\"robots\" content=\"index, follow, max-snippet:-1, max-image-preview:large, max-video-preview:-1\" \/>\n<link rel=\"canonical\" href=\"https:\/\/anlactvseafood.com\/en\/product\/kho-ca-mat-quy-ghep\/\" \/>\n<meta property=\"og:locale\" content=\"en_US\" \/>\n<meta property=\"og:type\" content=\"article\" \/>\n<meta property=\"og:title\" content=\"KH\u00d4 C\u00c1 M\u1eb6T QU\u1ef6 GH\u00c9P - C\u00d4NG TY TNHH H\u1ea2I S\u1ea2N AN L\u1ea0C - TR\u00c0 VINH\" \/>\n<meta property=\"og:description\" content=\"Ngu\u1ed3n g\u1ed1c: C\u00e1 m\u1eb7t qu\u1ef7 l\u00e0 m\u1ed9t lo\u1ea1i h\u1ea3i s\u1ea3n \u0111\u1eb7c bi\u1ec7t m\u00e0 \u00edt n\u01a1i c\u00f3 \u0111\u01b0\u1ee3c. C\u00e1 m\u1eb7t qu\u1ef7 ch\u1ec9 s\u1ed1ng \u1edf nh\u1eefng v\u00f9ng n\u01b0\u1edbc s\u00e2u ngo\u00e0i kh\u01a1i, n\u01a1i c\u00f3 nhi\u1ec1u gh\u1ec1nh \u0111\u00e1, san h\u00f4&#8230; \u0110\u1eb7c \u0111i\u1ec3m: K\u00edch th\u01b0\u1edbc: th\u01b0\u1eddng trung b\u00ecnh t\u1eeb 25 \u0111\u1ebfn 40 cm, tuy nhi\u00ean c\u0169ng c\u00f3 th\u1ec3 l\u00ean \u0111\u1ebfn &hellip; KH\u00d4 C\u00c1 M\u1eb6T QU\u1ef6 GH\u00c9P Read More &raquo;\" \/>\n<meta property=\"og:url\" content=\"https:\/\/anlactvseafood.com\/en\/product\/kho-ca-mat-quy-ghep\/\" \/>\n<meta property=\"og:site_name\" content=\"C\u00d4NG TY TNHH H\u1ea2I S\u1ea2N AN L\u1ea0C - TR\u00c0 VINH\" \/>\n<meta property=\"article:modified_time\" content=\"2023-06-06T02:36:02+00:00\" \/>\n<meta property=\"og:image\" content=\"https:\/\/anlactvseafood.com\/wp-content\/uploads\/2023\/05\/Kho-ca-mat-quy-DRIED-SEASONED-MONK-FISH-4.jpg\" \/>\n\t<meta property=\"og:image:width\" content=\"1683\" \/>\n\t<meta property=\"og:image:height\" content=\"1638\" \/>\n\t<meta property=\"og:image:type\" content=\"image\/jpeg\" \/>\n<meta name=\"twitter:card\" content=\"summary_large_image\" \/>\n<meta name=\"twitter:label1\" content=\"Est. reading time\" \/>\n\t<meta name=\"twitter:data1\" content=\"3 minutes\" \/>\n<script type=\"application\/ld+json\" class=\"yoast-schema-graph\">{\"@context\":\"https:\/\/schema.org\",\"@graph\":[{\"@type\":\"WebPage\",\"@id\":\"https:\/\/anlactvseafood.com\/en\/product\/kho-ca-mat-quy-ghep\/\",\"url\":\"https:\/\/anlactvseafood.com\/en\/product\/kho-ca-mat-quy-ghep\/\",\"name\":\"KH\u00d4 C\u00c1 M\u1eb6T QU\u1ef6 GH\u00c9P - C\u00d4NG TY TNHH H\u1ea2I S\u1ea2N AN L\u1ea0C - TR\u00c0 VINH\",\"isPartOf\":{\"@id\":\"https:\/\/anlactvseafood.com\/#website\"},\"primaryImageOfPage\":{\"@id\":\"https:\/\/anlactvseafood.com\/en\/product\/kho-ca-mat-quy-ghep\/#primaryimage\"},\"image\":{\"@id\":\"https:\/\/anlactvseafood.com\/en\/product\/kho-ca-mat-quy-ghep\/#primaryimage\"},\"thumbnailUrl\":\"https:\/\/anlactvseafood.com\/wp-content\/uploads\/2023\/05\/Kho-ca-mat-quy-DRIED-SEASONED-MONK-FISH-4.jpg\",\"datePublished\":\"2023-05-12T03:55:14+00:00\",\"dateModified\":\"2023-06-06T02:36:02+00:00\",\"breadcrumb\":{\"@id\":\"https:\/\/anlactvseafood.com\/en\/product\/kho-ca-mat-quy-ghep\/#breadcrumb\"},\"inLanguage\":\"en-US\",\"potentialAction\":[{\"@type\":\"ReadAction\",\"target\":[\"https:\/\/anlactvseafood.com\/en\/product\/kho-ca-mat-quy-ghep\/\"]}]},{\"@type\":\"ImageObject\",\"inLanguage\":\"en-US\",\"@id\":\"https:\/\/anlactvseafood.com\/en\/product\/kho-ca-mat-quy-ghep\/#primaryimage\",\"url\":\"https:\/\/anlactvseafood.com\/wp-content\/uploads\/2023\/05\/Kho-ca-mat-quy-DRIED-SEASONED-MONK-FISH-4.jpg\",\"contentUrl\":\"https:\/\/anlactvseafood.com\/wp-content\/uploads\/2023\/05\/Kho-ca-mat-quy-DRIED-SEASONED-MONK-FISH-4.jpg\",\"width\":1683,\"height\":1638},{\"@type\":\"BreadcrumbList\",\"@id\":\"https:\/\/anlactvseafood.com\/en\/product\/kho-ca-mat-quy-ghep\/#breadcrumb\",\"itemListElement\":[{\"@type\":\"ListItem\",\"position\":1,\"name\":\"Trang ch\u1ee7\",\"item\":\"https:\/\/anlactvseafood.com\/\"},{\"@type\":\"ListItem\",\"position\":2,\"name\":\"Shop\",\"item\":\"https:\/\/anlactvseafood.com\/shop\/\"},{\"@type\":\"ListItem\",\"position\":3,\"name\":\"KH\u00d4 C\u00c1 M\u1eb6T QU\u1ef6 GH\u00c9P\"}]},{\"@type\":\"WebSite\",\"@id\":\"https:\/\/anlactvseafood.com\/#website\",\"url\":\"https:\/\/anlactvseafood.com\/\",\"name\":\"C\u00d4NG TY TNHH H\u1ea2I S\u1ea2N AN L\u1ea0C - TR\u00c0 VINH\",\"description\":\"\",\"publisher\":{\"@id\":\"https:\/\/anlactvseafood.com\/#organization\"},\"potentialAction\":[{\"@type\":\"SearchAction\",\"target\":{\"@type\":\"EntryPoint\",\"urlTemplate\":\"https:\/\/anlactvseafood.com\/?s={search_term_string}\"},\"query-input\":\"required name=search_term_string\"}],\"inLanguage\":\"en-US\"},{\"@type\":\"Organization\",\"@id\":\"https:\/\/anlactvseafood.com\/#organization\",\"name\":\"C\u00d4NG TY TNHH H\u1ea2I S\u1ea2N AN L\u1ea0C - TR\u00c0 VINH\",\"url\":\"https:\/\/anlactvseafood.com\/\",\"logo\":{\"@type\":\"ImageObject\",\"inLanguage\":\"en-US\",\"@id\":\"https:\/\/anlactvseafood.com\/#\/schema\/logo\/image\/\",\"url\":\"https:\/\/anlactvseafood.com\/wp-content\/uploads\/2022\/11\/logoa.png\",\"contentUrl\":\"https:\/\/anlactvseafood.com\/wp-content\/uploads\/2022\/11\/logoa.png\",\"width\":1002,\"height\":675,\"caption\":\"C\u00d4NG TY TNHH H\u1ea2I S\u1ea2N AN L\u1ea0C - TR\u00c0 VINH\"},\"image\":{\"@id\":\"https:\/\/anlactvseafood.com\/#\/schema\/logo\/image\/\"}}]}<\/script>\n<!-- \/ Yoast SEO plugin. -->","yoast_head_json":{"title":"KH\u00d4 C\u00c1 M\u1eb6T QU\u1ef6 GH\u00c9P - C\u00d4NG TY TNHH H\u1ea2I S\u1ea2N AN L\u1ea0C - TR\u00c0 VINH","robots":{"index":"index","follow":"follow","max-snippet":"max-snippet:-1","max-image-preview":"max-image-preview:large","max-video-preview":"max-video-preview:-1"},"canonical":"https:\/\/anlactvseafood.com\/en\/product\/kho-ca-mat-quy-ghep\/","og_locale":"en_US","og_type":"article","og_title":"KH\u00d4 C\u00c1 M\u1eb6T QU\u1ef6 GH\u00c9P - C\u00d4NG TY TNHH H\u1ea2I S\u1ea2N AN L\u1ea0C - TR\u00c0 VINH","og_description":"Ngu\u1ed3n g\u1ed1c: C\u00e1 m\u1eb7t qu\u1ef7 l\u00e0 m\u1ed9t lo\u1ea1i h\u1ea3i s\u1ea3n \u0111\u1eb7c bi\u1ec7t m\u00e0 \u00edt n\u01a1i c\u00f3 \u0111\u01b0\u1ee3c. C\u00e1 m\u1eb7t qu\u1ef7 ch\u1ec9 s\u1ed1ng \u1edf nh\u1eefng v\u00f9ng n\u01b0\u1edbc s\u00e2u ngo\u00e0i kh\u01a1i, n\u01a1i c\u00f3 nhi\u1ec1u gh\u1ec1nh \u0111\u00e1, san h\u00f4&#8230; \u0110\u1eb7c \u0111i\u1ec3m: K\u00edch th\u01b0\u1edbc: th\u01b0\u1eddng trung b\u00ecnh t\u1eeb 25 \u0111\u1ebfn 40 cm, tuy nhi\u00ean c\u0169ng c\u00f3 th\u1ec3 l\u00ean \u0111\u1ebfn &hellip; KH\u00d4 C\u00c1 M\u1eb6T QU\u1ef6 GH\u00c9P Read More &raquo;","og_url":"https:\/\/anlactvseafood.com\/en\/product\/kho-ca-mat-quy-ghep\/","og_site_name":"C\u00d4NG TY TNHH H\u1ea2I S\u1ea2N AN L\u1ea0C - TR\u00c0 VINH","article_modified_time":"2023-06-06T02:36:02+00:00","og_image":[{"width":1683,"height":1638,"url":"https:\/\/anlactvseafood.com\/wp-content\/uploads\/2023\/05\/Kho-ca-mat-quy-DRIED-SEASONED-MONK-FISH-4.jpg","type":"image\/jpeg"}],"twitter_card":"summary_large_image","twitter_misc":{"Est. reading time":"3 minutes"},"schema":{"@context":"https:\/\/schema.org","@graph":[{"@type":"WebPage","@id":"https:\/\/anlactvseafood.com\/en\/product\/kho-ca-mat-quy-ghep\/","url":"https:\/\/anlactvseafood.com\/en\/product\/kho-ca-mat-quy-ghep\/","name":"KH\u00d4 C\u00c1 M\u1eb6T QU\u1ef6 GH\u00c9P - C\u00d4NG TY TNHH H\u1ea2I S\u1ea2N AN L\u1ea0C - TR\u00c0 VINH","isPartOf":{"@id":"https:\/\/anlactvseafood.com\/#website"},"primaryImageOfPage":{"@id":"https:\/\/anlactvseafood.com\/en\/product\/kho-ca-mat-quy-ghep\/#primaryimage"},"image":{"@id":"https:\/\/anlactvseafood.com\/en\/product\/kho-ca-mat-quy-ghep\/#primaryimage"},"thumbnailUrl":"https:\/\/anlactvseafood.com\/wp-content\/uploads\/2023\/05\/Kho-ca-mat-quy-DRIED-SEASONED-MONK-FISH-4.jpg","datePublished":"2023-05-12T03:55:14+00:00","dateModified":"2023-06-06T02:36:02+00:00","breadcrumb":{"@id":"https:\/\/anlactvseafood.com\/en\/product\/kho-ca-mat-quy-ghep\/#breadcrumb"},"inLanguage":"en-US","potentialAction":[{"@type":"ReadAction","target":["https:\/\/anlactvseafood.com\/en\/product\/kho-ca-mat-quy-ghep\/"]}]},{"@type":"ImageObject","inLanguage":"en-US","@id":"https:\/\/anlactvseafood.com\/en\/product\/kho-ca-mat-quy-ghep\/#primaryimage","url":"https:\/\/anlactvseafood.com\/wp-content\/uploads\/2023\/05\/Kho-ca-mat-quy-DRIED-SEASONED-MONK-FISH-4.jpg","contentUrl":"https:\/\/anlactvseafood.com\/wp-content\/uploads\/2023\/05\/Kho-ca-mat-quy-DRIED-SEASONED-MONK-FISH-4.jpg","width":1683,"height":1638},{"@type":"BreadcrumbList","@id":"https:\/\/anlactvseafood.com\/en\/product\/kho-ca-mat-quy-ghep\/#breadcrumb","itemListElement":[{"@type":"ListItem","position":1,"name":"Trang ch\u1ee7","item":"https:\/\/anlactvseafood.com\/"},{"@type":"ListItem","position":2,"name":"Shop","item":"https:\/\/anlactvseafood.com\/shop\/"},{"@type":"ListItem","position":3,"name":"KH\u00d4 C\u00c1 M\u1eb6T QU\u1ef6 GH\u00c9P"}]},{"@type":"WebSite","@id":"https:\/\/anlactvseafood.com\/#website","url":"https:\/\/anlactvseafood.com\/","name":"C\u00d4NG TY TNHH H\u1ea2I S\u1ea2N AN L\u1ea0C - TR\u00c0 VINH","description":"","publisher":{"@id":"https:\/\/anlactvseafood.com\/#organization"},"potentialAction":[{"@type":"SearchAction","target":{"@type":"EntryPoint","urlTemplate":"https:\/\/anlactvseafood.com\/?s={search_term_string}"},"query-input":"required name=search_term_string"}],"inLanguage":"en-US"},{"@type":"Organization","@id":"https:\/\/anlactvseafood.com\/#organization","name":"C\u00d4NG TY TNHH H\u1ea2I S\u1ea2N AN L\u1ea0C - TR\u00c0 VINH","url":"https:\/\/anlactvseafood.com\/","logo":{"@type":"ImageObject","inLanguage":"en-US","@id":"https:\/\/anlactvseafood.com\/#\/schema\/logo\/image\/","url":"https:\/\/anlactvseafood.com\/wp-content\/uploads\/2022\/11\/logoa.png","contentUrl":"https:\/\/anlactvseafood.com\/wp-content\/uploads\/2022\/11\/logoa.png","width":1002,"height":675,"caption":"C\u00d4NG TY TNHH H\u1ea2I S\u1ea2N AN L\u1ea0C - TR\u00c0 VINH"},"image":{"@id":"https:\/\/anlactvseafood.com\/#\/schema\/logo\/image\/"}}]}},"_links":{"self":[{"href":"https:\/\/anlactvseafood.com\/en\/wp-json\/wp\/v2\/product\/1166","targetHints":{"allow":["GET"]}}],"collection":[{"href":"https:\/\/anlactvseafood.com\/en\/wp-json\/wp\/v2\/product"}],"about":[{"href":"https:\/\/anlactvseafood.com\/en\/wp-json\/wp\/v2\/types\/product"}],"replies":[{"embeddable":true,"href":"https:\/\/anlactvseafood.com\/en\/wp-json\/wp\/v2\/comments?post=1166"}],"wp:featuredmedia":[{"embeddable":true,"href":"https:\/\/anlactvseafood.com\/en\/wp-json\/wp\/v2\/media\/1168"}],"wp:attachment":[{"href":"https:\/\/anlactvseafood.com\/en\/wp-json\/wp\/v2\/media?parent=1166"}],"wp:term":[{"taxonomy":"product_cat","embeddable":true,"href":"https:\/\/anlactvseafood.com\/en\/wp-json\/wp\/v2\/product_cat?post=1166"},{"taxonomy":"product_tag","embeddable":true,"href":"https:\/\/anlactvseafood.com\/en\/wp-json\/wp\/v2\/product_tag?post=1166"},{"taxonomy":"thi-truong","embeddable":true,"href":"https:\/\/anlactvseafood.com\/en\/wp-json\/wp\/v2\/thi-truong?post=1166"}],"curies":[{"name":"wp","href":"https:\/\/api.w.org\/{rel}","templated":true}]}}