{"id":1164,"date":"2023-05-12T10:52:48","date_gmt":"2023-05-12T03:52:48","guid":{"rendered":"https:\/\/anlactvseafood.com\/?post_type=product&#038;p=1164"},"modified":"2023-06-06T09:49:53","modified_gmt":"2023-06-06T02:49:53","slug":"kho-ca-liet","status":"publish","type":"product","link":"https:\/\/anlactvseafood.com\/en\/product\/kho-ca-liet\/","title":{"rendered":"DRIED PONY FISH"},"content":{"rendered":"<p><strong>Ngu\u1ed3n g\u1ed1c: <\/strong>C\u00e1 li\u1ec7t, c\u00f2n g\u1ecdi l\u00e0 c\u00e1 chu\u1ed1i, l\u00e0 m\u1ed9t lo\u00e0i c\u00e1 n\u01b0\u1edbc m\u1eb7n th\u01b0\u1eddng \u0111\u01b0\u1ee3c t\u00ecm th\u1ea5y \u1edf c\u00e1c v\u00f9ng duy\u00ean h\u1ea3i Mi\u1ec1n Trung \u0111\u1ebfn Nam B\u1ed9 .<\/p>\n<p><strong>\u0110\u1eb7c \u0111i\u1ec3m:<\/strong><\/p>\n<ul>\n<li>K\u00edch th\u01b0\u1edbc: th\u01b0\u1eddng c\u00f3 k\u00edch th\u01b0\u1edbc t\u1eeb 20 \u0111\u1ebfn 30 cm, tuy nhi\u00ean c\u0169ng c\u00f3 th\u1ec3 l\u00ean \u0111\u1ebfn 50 cm.<\/li>\n<li>M\u00e0u s\u1eafc: m\u00e0u s\u1eafc c\u1ee7a c\u00e1 li\u1ec7t kh\u00e1 \u0111a d\u1ea1ng, ch\u00fang c\u00f3 th\u1ec3 c\u00f3 m\u00e0u xanh l\u00e1 c\u00e2y, xanh d\u01b0\u01a1ng, v\u1edbi v\u1eb1n ho\u1eb7c \u0111\u1ed1m \u0111en.<\/li>\n<li>H\u00ecnh d\u1ea1ng: c\u00f3 h\u00ecnh th\u00e1i gi\u1ed1ng nh\u01b0 m\u1ed9t ch\u00fa c\u00e1 chu\u1ed1i, v\u1edbi \u0111\u1ea7u nh\u1ecf v\u00e0 th\u00e2n n\u1eb1m th\u1eb3ng.<\/li>\n<li>T\u1eadp t\u00ednh: l\u00e0 lo\u00e0i c\u00e1 \u0103n t\u1ea1p, \u0103n c\u00e1c lo\u1ea1i c\u00f4n tr\u00f9ng, \u0111\u1ed9ng v\u1eadt nh\u1ecf v\u00e0 t\u1ea3o.<\/li>\n<li>\u0110\u1eb7c \u0111i\u1ec3m sinh h\u1ecdc: c\u00e1 li\u1ec7t sinh tr\u01b0\u1edfng nhanh v\u00e0 c\u00f3 tu\u1ed5i th\u1ecd kh\u00e1 d\u00e0i, c\u00f3 th\u1ec3 s\u1ed1ng \u0111\u1ebfn 5-7 n\u0103m tu\u1ed5i.<\/li>\n<\/ul>\n<p>Ngo\u00e0i ra, c\u00e1 li\u1ec7t c\u0169ng \u0111\u01b0\u1ee3c bi\u1ebft \u0111\u1ebfn v\u1edbi gi\u00e1 tr\u1ecb kinh t\u1ebf, th\u01b0\u1eddng \u0111\u01b0\u1ee3c s\u0103n b\u1eaft \u0111\u1ec3 ti\u00eau th\u1ee5 trong th\u1ef1c ph\u1ea9m, th\u1ecbt c\u00e1 n\u00e0y \u0111\u01b0\u1ee3c xem l\u00e0 c\u00f3 h\u01b0\u01a1ng v\u1ecb \u0111\u1eb7c bi\u1ec7t v\u00e0 gi\u00e0u dinh d\u01b0\u1ee1ng.<\/p>\n<p><strong>H\u01b0\u01a1ng v\u1ecb, dinh d\u01b0\u1ee1ng<\/strong>:<\/p>\n<p>C\u00e1 li\u1ec7t l\u00e0 m\u1ed9t ngu\u1ed3n th\u1ef1c ph\u1ea9m ph\u1ed5 bi\u1ebfn v\u00e0 \u0111\u01b0\u1ee3c \u01b0a chu\u1ed9ng trong \u1ea9m th\u1ef1c \u1edf c\u00e1c qu\u1ed1c gia \u0110\u00f4ng Nam \u00c1. C\u00e1 li\u1ec7t c\u00f3 gi\u00e1 tr\u1ecb dinh d\u01b0\u1ee1ng cao v\u00e0 l\u00e0 m\u1ed9t ngu\u1ed3n cung c\u1ea5p ch\u1ea5t \u0111\u1ea1m, ch\u1ea5t b\u00e9o, vitamin v\u00e0 kho\u00e1ng ch\u1ea5t quan tr\u1ecdng cho s\u1ee9c kh\u1ecfe. D\u01b0\u1edbi \u0111\u00e2y l\u00e0 m\u1ed9t s\u1ed1 th\u00f4ng tin v\u1ec1 gi\u00e1 tr\u1ecb dinh d\u01b0\u1ee1ng c\u1ee7a c\u00e1 li\u1ec7t:<\/p>\n<ul>\n<li>Ch\u1ea5t \u0111\u1ea1m: C\u00e1 li\u1ec7t \u0111\u01b0\u1ee3c xem l\u00e0 m\u1ed9t ngu\u1ed3n \u0111\u00e1ng k\u1ec3 c\u1ee7a protein, m\u1ed7i l\u01b0\u1ee3ng 100g th\u1ecbt c\u00e1 c\u00f3 ch\u1ee9a kho\u1ea3ng 18-20g protein. Protein l\u00e0 m\u1ed9t y\u1ebfu t\u1ed1 r\u1ea5t quan tr\u1ecdng cho s\u1ee9c kh\u1ecfe, gi\u00fap c\u01a1 th\u1ec3 ph\u00e1t tri\u1ec3n, t\u0103ng c\u01b0\u1eddng c\u01a1 b\u1eafp v\u00e0 h\u1ed7 tr\u1ee3 s\u1ef1 ph\u1ee5c h\u1ed3i sau v\u1eadn \u0111\u1ed9ng m\u1ea1nh.<\/li>\n<li>Ch\u1ea5t b\u00e9o: C\u00e1 li\u1ec7t ch\u1ee9a m\u1ed9t l\u01b0\u1ee3ng ch\u1ea5t b\u00e9o th\u1ea5p v\u00e0 c\u00e1c axit b\u00e9o Omega-3 gi\u00fap b\u1ea3o v\u1ec7 tim m\u1ea1ch v\u00e0 t\u0103ng c\u01b0\u1eddng ch\u1ee9c n\u0103ng n\u00e3o.<\/li>\n<li>Vitamin: C\u00e1 li\u1ec7t l\u00e0 m\u1ed9t ngu\u1ed3n cung c\u1ea5p vitamin D, vitamin B12, vitamin A v\u00e0 vitamin E. Vitamin A c\u00f3 th\u1ec3 gi\u00fap c\u1ea3i thi\u1ec7n th\u1ecb l\u1ef1c v\u00e0 ch\u1ee9c n\u0103ng mi\u1ec5n d\u1ecbch, vitamin D gi\u00fap c\u1ea3i thi\u1ec7n ch\u1ee9c n\u0103ng x\u01b0\u01a1ng.<\/li>\n<li>Kho\u00e1ng ch\u1ea5t: C\u00e1 li\u1ec7t l\u00e0 m\u1ed9t ngu\u1ed3n cung c\u1ea5p c\u1ee7a nhi\u1ec1u kho\u00e1ng ch\u1ea5t, trong \u0111\u00f3 c\u00f3 s\u1eaft, canxi, magi\u00ea v\u00e0 k\u1ebdm. S\u1eaft v\u00e0 canxi c\u1ea7n thi\u1ebft cho x\u01b0\u01a1ng, magi\u00ea h\u1ed7 tr\u1ee3 ch\u1ee9c n\u0103ng th\u1ea7n kinh v\u00e0 k\u1ebdm gi\u00fap t\u0103ng c\u01b0\u1eddng h\u1ec7 th\u1ed1ng mi\u1ec5n d\u1ecbch.<\/li>\n<\/ul>\n<p>T\u00f3m l\u1ea1i, c\u00e1 li\u1ec7t l\u00e0 m\u1ed9t ngu\u1ed3n th\u1ef1c ph\u1ea9m gi\u00e0u dinh d\u01b0\u1ee1ng v\u00e0 h\u1eefu \u00edch cho s\u1ee9c kh\u1ecfe, tuy nhi\u00ean n\u00ean s\u1eed d\u1ee5ng c\u00e1 li\u1ec7t m\u1ed9t c\u00e1ch \u0111\u1ee7 \u0111\u00e1p \u1ee9ng nhu c\u1ea7u dinh d\u01b0\u1ee1ng v\u00e0 \u0111\u1ea3m b\u1ea3o v\u1ec7 sinh th\u1ef1c ph\u1ea9m khi ti\u00eau d\u00f9ng.<\/p>\n<p><strong>B\u1ea3o qu\u1ea3n<\/strong>: ng\u0103n \u0111\u00f4ng t\u1ee7 l\u1ea1nh<\/p>","protected":false},"excerpt":{"rendered":"<p>Ngu\u1ed3n g\u1ed1c: C\u00e1 li\u1ec7t, c\u00f2n g\u1ecdi l\u00e0 c\u00e1 chu\u1ed1i, l\u00e0 m\u1ed9t lo\u00e0i c\u00e1 n\u01b0\u1edbc m\u1eb7n th\u01b0\u1eddng \u0111\u01b0\u1ee3c t\u00ecm th\u1ea5y \u1edf c\u00e1c v\u00f9ng duy\u00ean h\u1ea3i Mi\u1ec1n Trung \u0111\u1ebfn Nam B\u1ed9 . \u0110\u1eb7c \u0111i\u1ec3m: K\u00edch th\u01b0\u1edbc: th\u01b0\u1eddng c\u00f3 k\u00edch th\u01b0\u1edbc t\u1eeb 20 \u0111\u1ebfn 30 cm, tuy nhi\u00ean c\u0169ng c\u00f3 th\u1ec3 l\u00ean \u0111\u1ebfn 50 cm. M\u00e0u s\u1eafc: m\u00e0u &hellip;<\/p>\n<p class=\"read-more\"> <a class=\"\" href=\"https:\/\/anlactvseafood.com\/en\/product\/kho-ca-liet\/\"> <span class=\"screen-reader-text\">DRIED PONY FISH<\/span> Read More &raquo;<\/a><\/p>","protected":false},"featured_media":1165,"comment_status":"open","ping_status":"closed","template":"","meta":{"site-sidebar-layout":"default","site-content-layout":"default","ast-global-header-display":"","ast-main-header-display":"","ast-hfb-above-header-display":"","ast-hfb-below-header-display":"","ast-hfb-mobile-header-display":"","site-post-title":"","ast-breadcrumbs-content":"","ast-featured-img":"","footer-sml-layout":"","theme-transparent-header-meta":"default","adv-header-id-meta":"","stick-header-meta":"","header-above-stick-meta":"","header-main-stick-meta":"","header-below-stick-meta":""},"product_cat":[75],"product_tag":[],"thi-truong":[35,39,41],"class_list":{"0":"post-1164","1":"product","2":"type-product","3":"status-publish","4":"has-post-thumbnail","6":"product_cat-hang-kho","7":"thi-truong-eu","8":"thi-truong-nga","9":"thi-truong-trung-quoc","10":"desktop-align-left","11":"tablet-align-left","12":"mobile-align-left","14":"first","15":"instock","16":"shipping-taxable","17":"product-type-simple"},"yoast_head":"<!-- This site is optimized with the Yoast SEO plugin v23.1 - https:\/\/yoast.com\/wordpress\/plugins\/seo\/ -->\n<title>KH\u00d4 C\u00c1 LI\u1ec6T - C\u00d4NG TY TNHH H\u1ea2I S\u1ea2N AN L\u1ea0C - TR\u00c0 VINH<\/title>\n<meta name=\"robots\" content=\"index, follow, max-snippet:-1, max-image-preview:large, max-video-preview:-1\" \/>\n<link rel=\"canonical\" href=\"https:\/\/anlactvseafood.com\/en\/product\/kho-ca-liet\/\" \/>\n<meta property=\"og:locale\" content=\"en_US\" \/>\n<meta property=\"og:type\" content=\"article\" \/>\n<meta property=\"og:title\" content=\"KH\u00d4 C\u00c1 LI\u1ec6T - C\u00d4NG TY TNHH H\u1ea2I S\u1ea2N AN L\u1ea0C - TR\u00c0 VINH\" \/>\n<meta property=\"og:description\" content=\"Ngu\u1ed3n g\u1ed1c: C\u00e1 li\u1ec7t, c\u00f2n g\u1ecdi l\u00e0 c\u00e1 chu\u1ed1i, l\u00e0 m\u1ed9t lo\u00e0i c\u00e1 n\u01b0\u1edbc m\u1eb7n th\u01b0\u1eddng \u0111\u01b0\u1ee3c t\u00ecm th\u1ea5y \u1edf c\u00e1c v\u00f9ng duy\u00ean h\u1ea3i Mi\u1ec1n Trung \u0111\u1ebfn Nam B\u1ed9 . \u0110\u1eb7c \u0111i\u1ec3m: K\u00edch th\u01b0\u1edbc: th\u01b0\u1eddng c\u00f3 k\u00edch th\u01b0\u1edbc t\u1eeb 20 \u0111\u1ebfn 30 cm, tuy nhi\u00ean c\u0169ng c\u00f3 th\u1ec3 l\u00ean \u0111\u1ebfn 50 cm. M\u00e0u s\u1eafc: m\u00e0u &hellip; KH\u00d4 C\u00c1 LI\u1ec6T Read More &raquo;\" \/>\n<meta property=\"og:url\" content=\"https:\/\/anlactvseafood.com\/en\/product\/kho-ca-liet\/\" \/>\n<meta property=\"og:site_name\" content=\"C\u00d4NG TY TNHH H\u1ea2I S\u1ea2N AN L\u1ea0C - TR\u00c0 VINH\" \/>\n<meta property=\"article:modified_time\" content=\"2023-06-06T02:49:53+00:00\" \/>\n<meta property=\"og:image\" content=\"https:\/\/anlactvseafood.com\/wp-content\/uploads\/2023\/05\/kho-ca-liet-DRIED-SALTED-PONY-FISH.jpg\" \/>\n\t<meta property=\"og:image:width\" content=\"1683\" \/>\n\t<meta property=\"og:image:height\" content=\"1638\" \/>\n\t<meta property=\"og:image:type\" content=\"image\/jpeg\" \/>\n<meta name=\"twitter:card\" content=\"summary_large_image\" \/>\n<meta name=\"twitter:label1\" content=\"Est. reading time\" \/>\n\t<meta name=\"twitter:data1\" content=\"3 minutes\" \/>\n<script type=\"application\/ld+json\" class=\"yoast-schema-graph\">{\"@context\":\"https:\/\/schema.org\",\"@graph\":[{\"@type\":\"WebPage\",\"@id\":\"https:\/\/anlactvseafood.com\/product\/kho-ca-liet\/\",\"url\":\"https:\/\/anlactvseafood.com\/product\/kho-ca-liet\/\",\"name\":\"KH\u00d4 C\u00c1 LI\u1ec6T - C\u00d4NG TY TNHH H\u1ea2I S\u1ea2N AN L\u1ea0C - TR\u00c0 VINH\",\"isPartOf\":{\"@id\":\"https:\/\/anlactvseafood.com\/#website\"},\"primaryImageOfPage\":{\"@id\":\"https:\/\/anlactvseafood.com\/product\/kho-ca-liet\/#primaryimage\"},\"image\":{\"@id\":\"https:\/\/anlactvseafood.com\/product\/kho-ca-liet\/#primaryimage\"},\"thumbnailUrl\":\"https:\/\/anlactvseafood.com\/wp-content\/uploads\/2023\/05\/kho-ca-liet-DRIED-SALTED-PONY-FISH.jpg\",\"datePublished\":\"2023-05-12T03:52:48+00:00\",\"dateModified\":\"2023-06-06T02:49:53+00:00\",\"breadcrumb\":{\"@id\":\"https:\/\/anlactvseafood.com\/product\/kho-ca-liet\/#breadcrumb\"},\"inLanguage\":\"en-US\",\"potentialAction\":[{\"@type\":\"ReadAction\",\"target\":[\"https:\/\/anlactvseafood.com\/product\/kho-ca-liet\/\"]}]},{\"@type\":\"ImageObject\",\"inLanguage\":\"en-US\",\"@id\":\"https:\/\/anlactvseafood.com\/product\/kho-ca-liet\/#primaryimage\",\"url\":\"https:\/\/anlactvseafood.com\/wp-content\/uploads\/2023\/05\/kho-ca-liet-DRIED-SALTED-PONY-FISH.jpg\",\"contentUrl\":\"https:\/\/anlactvseafood.com\/wp-content\/uploads\/2023\/05\/kho-ca-liet-DRIED-SALTED-PONY-FISH.jpg\",\"width\":1683,\"height\":1638},{\"@type\":\"BreadcrumbList\",\"@id\":\"https:\/\/anlactvseafood.com\/product\/kho-ca-liet\/#breadcrumb\",\"itemListElement\":[{\"@type\":\"ListItem\",\"position\":1,\"name\":\"Trang ch\u1ee7\",\"item\":\"https:\/\/anlactvseafood.com\/\"},{\"@type\":\"ListItem\",\"position\":2,\"name\":\"Shop\",\"item\":\"https:\/\/anlactvseafood.com\/shop\/\"},{\"@type\":\"ListItem\",\"position\":3,\"name\":\"KH\u00d4 C\u00c1 LI\u1ec6T\"}]},{\"@type\":\"WebSite\",\"@id\":\"https:\/\/anlactvseafood.com\/#website\",\"url\":\"https:\/\/anlactvseafood.com\/\",\"name\":\"C\u00d4NG TY TNHH H\u1ea2I S\u1ea2N AN L\u1ea0C - TR\u00c0 VINH\",\"description\":\"\",\"publisher\":{\"@id\":\"https:\/\/anlactvseafood.com\/#organization\"},\"potentialAction\":[{\"@type\":\"SearchAction\",\"target\":{\"@type\":\"EntryPoint\",\"urlTemplate\":\"https:\/\/anlactvseafood.com\/?s={search_term_string}\"},\"query-input\":\"required name=search_term_string\"}],\"inLanguage\":\"en-US\"},{\"@type\":\"Organization\",\"@id\":\"https:\/\/anlactvseafood.com\/#organization\",\"name\":\"C\u00d4NG TY TNHH H\u1ea2I S\u1ea2N AN L\u1ea0C - TR\u00c0 VINH\",\"url\":\"https:\/\/anlactvseafood.com\/\",\"logo\":{\"@type\":\"ImageObject\",\"inLanguage\":\"en-US\",\"@id\":\"https:\/\/anlactvseafood.com\/#\/schema\/logo\/image\/\",\"url\":\"https:\/\/anlactvseafood.com\/wp-content\/uploads\/2022\/11\/logoa.png\",\"contentUrl\":\"https:\/\/anlactvseafood.com\/wp-content\/uploads\/2022\/11\/logoa.png\",\"width\":1002,\"height\":675,\"caption\":\"C\u00d4NG TY TNHH H\u1ea2I S\u1ea2N AN L\u1ea0C - TR\u00c0 VINH\"},\"image\":{\"@id\":\"https:\/\/anlactvseafood.com\/#\/schema\/logo\/image\/\"}}]}<\/script>\n<!-- \/ Yoast SEO plugin. -->","yoast_head_json":{"title":"KH\u00d4 C\u00c1 LI\u1ec6T - C\u00d4NG TY TNHH H\u1ea2I S\u1ea2N AN L\u1ea0C - TR\u00c0 VINH","robots":{"index":"index","follow":"follow","max-snippet":"max-snippet:-1","max-image-preview":"max-image-preview:large","max-video-preview":"max-video-preview:-1"},"canonical":"https:\/\/anlactvseafood.com\/en\/product\/kho-ca-liet\/","og_locale":"en_US","og_type":"article","og_title":"KH\u00d4 C\u00c1 LI\u1ec6T - C\u00d4NG TY TNHH H\u1ea2I S\u1ea2N AN L\u1ea0C - TR\u00c0 VINH","og_description":"Ngu\u1ed3n g\u1ed1c: C\u00e1 li\u1ec7t, c\u00f2n g\u1ecdi l\u00e0 c\u00e1 chu\u1ed1i, l\u00e0 m\u1ed9t lo\u00e0i c\u00e1 n\u01b0\u1edbc m\u1eb7n th\u01b0\u1eddng \u0111\u01b0\u1ee3c t\u00ecm th\u1ea5y \u1edf c\u00e1c v\u00f9ng duy\u00ean h\u1ea3i Mi\u1ec1n Trung \u0111\u1ebfn Nam B\u1ed9 . \u0110\u1eb7c \u0111i\u1ec3m: K\u00edch th\u01b0\u1edbc: th\u01b0\u1eddng c\u00f3 k\u00edch th\u01b0\u1edbc t\u1eeb 20 \u0111\u1ebfn 30 cm, tuy nhi\u00ean c\u0169ng c\u00f3 th\u1ec3 l\u00ean \u0111\u1ebfn 50 cm. M\u00e0u s\u1eafc: m\u00e0u &hellip; KH\u00d4 C\u00c1 LI\u1ec6T Read More &raquo;","og_url":"https:\/\/anlactvseafood.com\/en\/product\/kho-ca-liet\/","og_site_name":"C\u00d4NG TY TNHH H\u1ea2I S\u1ea2N AN L\u1ea0C - TR\u00c0 VINH","article_modified_time":"2023-06-06T02:49:53+00:00","og_image":[{"width":1683,"height":1638,"url":"https:\/\/anlactvseafood.com\/wp-content\/uploads\/2023\/05\/kho-ca-liet-DRIED-SALTED-PONY-FISH.jpg","type":"image\/jpeg"}],"twitter_card":"summary_large_image","twitter_misc":{"Est. reading time":"3 minutes"},"schema":{"@context":"https:\/\/schema.org","@graph":[{"@type":"WebPage","@id":"https:\/\/anlactvseafood.com\/product\/kho-ca-liet\/","url":"https:\/\/anlactvseafood.com\/product\/kho-ca-liet\/","name":"KH\u00d4 C\u00c1 LI\u1ec6T - C\u00d4NG TY TNHH H\u1ea2I S\u1ea2N AN L\u1ea0C - TR\u00c0 VINH","isPartOf":{"@id":"https:\/\/anlactvseafood.com\/#website"},"primaryImageOfPage":{"@id":"https:\/\/anlactvseafood.com\/product\/kho-ca-liet\/#primaryimage"},"image":{"@id":"https:\/\/anlactvseafood.com\/product\/kho-ca-liet\/#primaryimage"},"thumbnailUrl":"https:\/\/anlactvseafood.com\/wp-content\/uploads\/2023\/05\/kho-ca-liet-DRIED-SALTED-PONY-FISH.jpg","datePublished":"2023-05-12T03:52:48+00:00","dateModified":"2023-06-06T02:49:53+00:00","breadcrumb":{"@id":"https:\/\/anlactvseafood.com\/product\/kho-ca-liet\/#breadcrumb"},"inLanguage":"en-US","potentialAction":[{"@type":"ReadAction","target":["https:\/\/anlactvseafood.com\/product\/kho-ca-liet\/"]}]},{"@type":"ImageObject","inLanguage":"en-US","@id":"https:\/\/anlactvseafood.com\/product\/kho-ca-liet\/#primaryimage","url":"https:\/\/anlactvseafood.com\/wp-content\/uploads\/2023\/05\/kho-ca-liet-DRIED-SALTED-PONY-FISH.jpg","contentUrl":"https:\/\/anlactvseafood.com\/wp-content\/uploads\/2023\/05\/kho-ca-liet-DRIED-SALTED-PONY-FISH.jpg","width":1683,"height":1638},{"@type":"BreadcrumbList","@id":"https:\/\/anlactvseafood.com\/product\/kho-ca-liet\/#breadcrumb","itemListElement":[{"@type":"ListItem","position":1,"name":"Trang ch\u1ee7","item":"https:\/\/anlactvseafood.com\/"},{"@type":"ListItem","position":2,"name":"Shop","item":"https:\/\/anlactvseafood.com\/shop\/"},{"@type":"ListItem","position":3,"name":"KH\u00d4 C\u00c1 LI\u1ec6T"}]},{"@type":"WebSite","@id":"https:\/\/anlactvseafood.com\/#website","url":"https:\/\/anlactvseafood.com\/","name":"C\u00d4NG TY TNHH H\u1ea2I S\u1ea2N AN L\u1ea0C - TR\u00c0 VINH","description":"","publisher":{"@id":"https:\/\/anlactvseafood.com\/#organization"},"potentialAction":[{"@type":"SearchAction","target":{"@type":"EntryPoint","urlTemplate":"https:\/\/anlactvseafood.com\/?s={search_term_string}"},"query-input":"required name=search_term_string"}],"inLanguage":"en-US"},{"@type":"Organization","@id":"https:\/\/anlactvseafood.com\/#organization","name":"C\u00d4NG TY TNHH H\u1ea2I S\u1ea2N AN L\u1ea0C - TR\u00c0 VINH","url":"https:\/\/anlactvseafood.com\/","logo":{"@type":"ImageObject","inLanguage":"en-US","@id":"https:\/\/anlactvseafood.com\/#\/schema\/logo\/image\/","url":"https:\/\/anlactvseafood.com\/wp-content\/uploads\/2022\/11\/logoa.png","contentUrl":"https:\/\/anlactvseafood.com\/wp-content\/uploads\/2022\/11\/logoa.png","width":1002,"height":675,"caption":"C\u00d4NG TY TNHH H\u1ea2I S\u1ea2N AN L\u1ea0C - TR\u00c0 VINH"},"image":{"@id":"https:\/\/anlactvseafood.com\/#\/schema\/logo\/image\/"}}]}},"_links":{"self":[{"href":"https:\/\/anlactvseafood.com\/en\/wp-json\/wp\/v2\/product\/1164","targetHints":{"allow":["GET"]}}],"collection":[{"href":"https:\/\/anlactvseafood.com\/en\/wp-json\/wp\/v2\/product"}],"about":[{"href":"https:\/\/anlactvseafood.com\/en\/wp-json\/wp\/v2\/types\/product"}],"replies":[{"embeddable":true,"href":"https:\/\/anlactvseafood.com\/en\/wp-json\/wp\/v2\/comments?post=1164"}],"wp:featuredmedia":[{"embeddable":true,"href":"https:\/\/anlactvseafood.com\/en\/wp-json\/wp\/v2\/media\/1165"}],"wp:attachment":[{"href":"https:\/\/anlactvseafood.com\/en\/wp-json\/wp\/v2\/media?parent=1164"}],"wp:term":[{"taxonomy":"product_cat","embeddable":true,"href":"https:\/\/anlactvseafood.com\/en\/wp-json\/wp\/v2\/product_cat?post=1164"},{"taxonomy":"product_tag","embeddable":true,"href":"https:\/\/anlactvseafood.com\/en\/wp-json\/wp\/v2\/product_tag?post=1164"},{"taxonomy":"thi-truong","embeddable":true,"href":"https:\/\/anlactvseafood.com\/en\/wp-json\/wp\/v2\/thi-truong?post=1164"}],"curies":[{"name":"wp","href":"https:\/\/api.w.org\/{rel}","templated":true}]}}