{"id":1159,"date":"2023-05-12T10:43:28","date_gmt":"2023-05-12T03:43:28","guid":{"rendered":"https:\/\/anlactvseafood.com\/?post_type=product&#038;p=1159"},"modified":"2023-06-13T10:56:51","modified_gmt":"2023-06-13T03:56:51","slug":"kho-ca-duoi-cat","status":"publish","type":"product","link":"https:\/\/anlactvseafood.com\/en\/product\/kho-ca-duoi-cat\/","title":{"rendered":"DRIED SEASONED EIHIRE (CUTTING 1 CM)"},"content":{"rendered":"<p><strong>Ngu\u1ed3n g\u1ed1c: <\/strong>C\u00e1 \u0110u\u1ed1i c\u00f3 r\u1ea5t nhi\u1ec1u ch\u1ee7ng lo\u1ea1i t\u1eeb c\u00e1 \u0110u\u1ed1i sen, c\u00e1 \u0110u\u1ed1i \u0111en, c\u00e1 \u0110u\u1ed1i b\u00f4ng,&#8230;N\u00f3 s\u1ed1ng \u1edf nhi\u1ec1u kh\u1eafp n\u01a1i tr\u00ean th\u1ebf gi\u1edbi. T\u1ea1i Vi\u1ec7t Nam c\u00e1 \u0110u\u1ed1i \u0111\u01b0\u1ee3c t\u00ecm th\u1ea5y nhi\u1ec1u nh\u1ea5t \u1edf c\u00e1c v\u00f9ng bi\u1ec3n thu\u1ed9c C\u00e0 Mau, Phan Thi\u1ebft, V\u0169ng T\u00e0u,&#8230;.<\/p>\n<p><strong>\u0110\u1eb7c \u0111i\u1ec3m:<\/strong><\/p>\n<p>H\u00ecnh d\u00e1ng b\u00ean ngo\u00e0i c\u1ee7a lo\u00e0i c\u00e1 n\u00e0y ho\u00e0n to\u00e0n kh\u00e1c bi\u1ec7t. N\u00f3 c\u00f3 th\u00e2n d\u1eb9p, \u0111u\u00f4i d\u00e0i. Ph\u1ea7n th\u00e2n c\u1ee7a n\u00f3 to ra theo b\u1ec1 ngang nh\u01b0 c\u00e1nh qu\u1ea1t. Ch\u00ednh v\u00ec th\u00e2n c\u00e1 d\u1eb9t nh\u01b0 v\u1eady n\u00ean n\u00f3 d\u1ec5 d\u00e0ng chui xu\u1ed1ng c\u00e1t khi ph\u00e1t hi\u1ec7n k\u1ebb th\u00f9 t\u1ea5n c\u00f4ng.<\/p>\n<p>Do tr\u1ecdng l\u01b0\u1ee3ng c\u00e1 \u0110u\u1ed1i kh\u00e1 to n\u00ean khi b\u1eaft c\u00e1 l\u00ean ngo\u00e0i ch\u1ebf bi\u1ebfn c\u00e1c m\u00f3n \u0103n nh\u01b0 n\u1ea5u l\u1ea9u, kho s\u1ea3 ngh\u1ec7, chi\u00ean m\u1eb7n&#8230;.Nhi\u1ec1u ng\u01b0\u1eddi \u0111\u00e3 d\u00f9ng th\u1ecbt c\u00e1 ch\u1ebf bi\u1ebfn th\u00e0nh kh\u00f4. C\u00f4ng \u0111o\u1ea1n \u0111\u1ea7u ti\u00ean c\u1ee7a qu\u00e1 tr\u00ecnh l\u00e0m kh\u00f4 l\u00e0 l\u00e0m s\u1ea1ch c\u00e1. Sau khi c\u00e1 \u0111\u01b0\u1ee3c l\u00e0m s\u1ea1ch ng\u01b0\u1eddi l\u00e0m kh\u00f4 s\u1ebd t\u00e1ch th\u1ecbt ra kh\u1ecfi x\u01b0\u01a1ng v\u00e0 mang \u0111i t\u1ea9m \u01b0\u1edbp.<\/p>\n<p>Do ph\u1ea7n th\u00e2n c\u00e1 qu\u00e1 to b\u1ea1n n\u00ean ng\u01b0\u1eddi ta ph\u1ea3i x\u1ebb c\u00e1 ra t\u1eebng m\u1ea3ng \u0111\u1ec3 \u01b0\u1edbp c\u00e1 cho th\u1ea5m v\u1ecb. T\u1ed1t nh\u1ea5t b\u1ea1n n\u00ean kh\u1ee9a c\u00e1 theo h\u00ecnh nan qu\u1ea1t sao cho d\u1ec5 ph\u01a1i.<\/p>\n<p><strong>H\u01b0\u01a1ng v\u1ecb, dinh d\u01b0\u1ee1ng<\/strong>:<\/p>\n<ul>\n<li>C\u00e1 \u0111u\u1ed1i\u00a0 l\u00e0 m\u1ed9t ngu\u1ed3n th\u1ef1c ph\u1ea9m ch\u1ea5t dinh d\u01b0\u1ee1ng. D\u01b0\u1edbi \u0111\u00e2y l\u00e0 c\u00e1c ch\u1ea5t dinh d\u01b0\u1ee1ng ch\u00ednh c\u1ee7a c\u00e1 \u0111u\u1ed1i :\n<ul>\n<li>Protein: C\u00e1 \u0111u\u1ed1i\u00a0 l\u00e0 m\u1ed9t ngu\u1ed3n tuy\u1ec7t v\u1eddi c\u1ee7a protein, cung c\u1ea5p kho\u1ea3ng 25g protein cho m\u1ed7i 100g c\u00e1. Protein gi\u00fap x\u00e2y d\u1ef1ng m\u00f4 c\u01a1 v\u00e0 s\u1eeda ch\u1eefa c\u00e1c c\u01a1 v\u00e0 m\u00f4 t\u1ebf b\u00e0o.<\/li>\n<li>Ch\u1ea5t b\u00e9o: C\u00e1 \u0111u\u1ed1i ch\u1ee9a m\u1ed9t l\u01b0\u1ee3ng ch\u1ea5t b\u00e9o kh\u00e1 l\u1edbn, th\u00f4ng th\u01b0\u1eddng kho\u1ea3ng 5g \u0111\u1ebfn 10g m\u1ed7i 100g c\u00e1, c\u00f3 th\u1ec3 gi\u00fap h\u1ed7 tr\u1ee3 c\u00f4ng vi\u1ec7c h\u1ea5p th\u1ee5 vitamin A, D, E v\u00e0 K. Ch\u1ea5t b\u00e9o trong c\u00e1 \u0111u\u1ed1i c\u0169ng cung c\u1ea5p n\u0103ng l\u01b0\u1ee3ng cho c\u01a1 th\u1ec3.<\/li>\n<li>Vitamin v\u00e0 ch\u1ea5t x\u00fac t\u00e1c: C\u00e1 \u0111u\u1ed1i cung c\u1ea5p m\u1ed9t l\u01b0\u1ee3ng nh\u1ecf vitamin v\u00e0 ch\u1ea5t x\u00fac t\u00e1c cho c\u01a1 th\u1ec3 nh\u01b0 vitamin B12, vitamin D, s\u1eaft, canxi v\u00e0 ch\u1ea5t th\u1ea3i.<\/li>\n<\/ul>\n<\/li>\n<\/ul>\n<p><strong>B\u1ea3o qu\u1ea3n<\/strong>: nhi\u1ec7t \u0111\u1ed9 kho l\u1ea1nh ho\u1eb7c ng\u0103n m\u00e1t t\u1ee7 l\u1ea1nh ( -12 <sup>O<\/sup>C \u0111\u1ebfn 5<sup>o<\/sup>C ).<\/p>","protected":false},"excerpt":{"rendered":"<p>Ngu\u1ed3n g\u1ed1c: C\u00e1 \u0110u\u1ed1i c\u00f3 r\u1ea5t nhi\u1ec1u ch\u1ee7ng lo\u1ea1i t\u1eeb c\u00e1 \u0110u\u1ed1i sen, c\u00e1 \u0110u\u1ed1i \u0111en, c\u00e1 \u0110u\u1ed1i b\u00f4ng,&#8230;N\u00f3 s\u1ed1ng \u1edf nhi\u1ec1u kh\u1eafp n\u01a1i tr\u00ean th\u1ebf gi\u1edbi. T\u1ea1i Vi\u1ec7t Nam c\u00e1 \u0110u\u1ed1i \u0111\u01b0\u1ee3c t\u00ecm th\u1ea5y nhi\u1ec1u nh\u1ea5t \u1edf c\u00e1c v\u00f9ng bi\u1ec3n thu\u1ed9c C\u00e0 Mau, Phan Thi\u1ebft, V\u0169ng T\u00e0u,&#8230;. \u0110\u1eb7c \u0111i\u1ec3m: H\u00ecnh d\u00e1ng b\u00ean ngo\u00e0i c\u1ee7a &hellip;<\/p>\n<p class=\"read-more\"> <a class=\"\" href=\"https:\/\/anlactvseafood.com\/en\/product\/kho-ca-duoi-cat\/\"> <span class=\"screen-reader-text\">DRIED SEASONED EIHIRE (CUTTING 1 CM)<\/span> Read More &raquo;<\/a><\/p>","protected":false},"featured_media":1161,"comment_status":"open","ping_status":"closed","template":"","meta":{"site-sidebar-layout":"default","site-content-layout":"default","ast-global-header-display":"","ast-main-header-display":"","ast-hfb-above-header-display":"","ast-hfb-below-header-display":"","ast-hfb-mobile-header-display":"","site-post-title":"","ast-breadcrumbs-content":"","ast-featured-img":"","footer-sml-layout":"","theme-transparent-header-meta":"default","adv-header-id-meta":"","stick-header-meta":"","header-above-stick-meta":"","header-main-stick-meta":"","header-below-stick-meta":""},"product_cat":[75],"product_tag":[],"thi-truong":[33],"class_list":{"0":"post-1159","1":"product","2":"type-product","3":"status-publish","4":"has-post-thumbnail","6":"product_cat-hang-kho","7":"thi-truong-noi-dia","8":"desktop-align-left","9":"tablet-align-left","10":"mobile-align-left","12":"first","13":"instock","14":"shipping-taxable","15":"product-type-simple"},"yoast_head":"<!-- This site is optimized with the Yoast SEO plugin v23.1 - https:\/\/yoast.com\/wordpress\/plugins\/seo\/ -->\n<title>KH\u00d4 C\u00c1 \u0110U\u1ed0I C\u1eaeT - C\u00d4NG TY TNHH H\u1ea2I S\u1ea2N AN L\u1ea0C - TR\u00c0 VINH<\/title>\n<meta name=\"robots\" content=\"index, follow, max-snippet:-1, max-image-preview:large, max-video-preview:-1\" \/>\n<link rel=\"canonical\" href=\"https:\/\/anlactvseafood.com\/en\/product\/kho-ca-duoi-cat\/\" \/>\n<meta property=\"og:locale\" content=\"en_US\" \/>\n<meta property=\"og:type\" content=\"article\" \/>\n<meta property=\"og:title\" content=\"KH\u00d4 C\u00c1 \u0110U\u1ed0I C\u1eaeT - C\u00d4NG TY TNHH H\u1ea2I S\u1ea2N AN L\u1ea0C - TR\u00c0 VINH\" \/>\n<meta property=\"og:description\" content=\"Ngu\u1ed3n g\u1ed1c: C\u00e1 \u0110u\u1ed1i c\u00f3 r\u1ea5t nhi\u1ec1u ch\u1ee7ng lo\u1ea1i t\u1eeb c\u00e1 \u0110u\u1ed1i sen, c\u00e1 \u0110u\u1ed1i \u0111en, c\u00e1 \u0110u\u1ed1i b\u00f4ng,&#8230;N\u00f3 s\u1ed1ng \u1edf nhi\u1ec1u kh\u1eafp n\u01a1i tr\u00ean th\u1ebf gi\u1edbi. T\u1ea1i Vi\u1ec7t Nam c\u00e1 \u0110u\u1ed1i \u0111\u01b0\u1ee3c t\u00ecm th\u1ea5y nhi\u1ec1u nh\u1ea5t \u1edf c\u00e1c v\u00f9ng bi\u1ec3n thu\u1ed9c C\u00e0 Mau, Phan Thi\u1ebft, V\u0169ng T\u00e0u,&#8230;. \u0110\u1eb7c \u0111i\u1ec3m: H\u00ecnh d\u00e1ng b\u00ean ngo\u00e0i c\u1ee7a &hellip; KH\u00d4 C\u00c1 \u0110U\u1ed0I C\u1eaeT Read More &raquo;\" \/>\n<meta property=\"og:url\" content=\"https:\/\/anlactvseafood.com\/en\/product\/kho-ca-duoi-cat\/\" \/>\n<meta property=\"og:site_name\" content=\"C\u00d4NG TY TNHH H\u1ea2I S\u1ea2N AN L\u1ea0C - TR\u00c0 VINH\" \/>\n<meta property=\"article:modified_time\" content=\"2023-06-13T03:56:51+00:00\" \/>\n<meta property=\"og:image\" content=\"https:\/\/anlactvseafood.com\/wp-content\/uploads\/2023\/05\/Kho-ca-duoi-cat-DRIED-SEASONED-EIHIRE-CUTTING-1-CM-2.jpg\" \/>\n\t<meta property=\"og:image:width\" content=\"1683\" \/>\n\t<meta property=\"og:image:height\" content=\"1638\" \/>\n\t<meta property=\"og:image:type\" content=\"image\/jpeg\" \/>\n<meta name=\"twitter:card\" content=\"summary_large_image\" \/>\n<meta name=\"twitter:label1\" content=\"Est. reading time\" \/>\n\t<meta name=\"twitter:data1\" content=\"2 minutes\" \/>\n<script type=\"application\/ld+json\" class=\"yoast-schema-graph\">{\"@context\":\"https:\/\/schema.org\",\"@graph\":[{\"@type\":\"WebPage\",\"@id\":\"https:\/\/anlactvseafood.com\/en\/product\/kho-ca-duoi-cat\/\",\"url\":\"https:\/\/anlactvseafood.com\/en\/product\/kho-ca-duoi-cat\/\",\"name\":\"KH\u00d4 C\u00c1 \u0110U\u1ed0I C\u1eaeT - C\u00d4NG TY TNHH H\u1ea2I S\u1ea2N AN L\u1ea0C - TR\u00c0 VINH\",\"isPartOf\":{\"@id\":\"https:\/\/anlactvseafood.com\/#website\"},\"primaryImageOfPage\":{\"@id\":\"https:\/\/anlactvseafood.com\/en\/product\/kho-ca-duoi-cat\/#primaryimage\"},\"image\":{\"@id\":\"https:\/\/anlactvseafood.com\/en\/product\/kho-ca-duoi-cat\/#primaryimage\"},\"thumbnailUrl\":\"https:\/\/anlactvseafood.com\/wp-content\/uploads\/2023\/05\/Kho-ca-duoi-cat-DRIED-SEASONED-EIHIRE-CUTTING-1-CM-2.jpg\",\"datePublished\":\"2023-05-12T03:43:28+00:00\",\"dateModified\":\"2023-06-13T03:56:51+00:00\",\"breadcrumb\":{\"@id\":\"https:\/\/anlactvseafood.com\/en\/product\/kho-ca-duoi-cat\/#breadcrumb\"},\"inLanguage\":\"en-US\",\"potentialAction\":[{\"@type\":\"ReadAction\",\"target\":[\"https:\/\/anlactvseafood.com\/en\/product\/kho-ca-duoi-cat\/\"]}]},{\"@type\":\"ImageObject\",\"inLanguage\":\"en-US\",\"@id\":\"https:\/\/anlactvseafood.com\/en\/product\/kho-ca-duoi-cat\/#primaryimage\",\"url\":\"https:\/\/anlactvseafood.com\/wp-content\/uploads\/2023\/05\/Kho-ca-duoi-cat-DRIED-SEASONED-EIHIRE-CUTTING-1-CM-2.jpg\",\"contentUrl\":\"https:\/\/anlactvseafood.com\/wp-content\/uploads\/2023\/05\/Kho-ca-duoi-cat-DRIED-SEASONED-EIHIRE-CUTTING-1-CM-2.jpg\",\"width\":1683,\"height\":1638},{\"@type\":\"BreadcrumbList\",\"@id\":\"https:\/\/anlactvseafood.com\/en\/product\/kho-ca-duoi-cat\/#breadcrumb\",\"itemListElement\":[{\"@type\":\"ListItem\",\"position\":1,\"name\":\"Trang ch\u1ee7\",\"item\":\"https:\/\/anlactvseafood.com\/\"},{\"@type\":\"ListItem\",\"position\":2,\"name\":\"Shop\",\"item\":\"https:\/\/anlactvseafood.com\/shop\/\"},{\"@type\":\"ListItem\",\"position\":3,\"name\":\"KH\u00d4 C\u00c1 \u0110U\u1ed0I C\u1eaeT\"}]},{\"@type\":\"WebSite\",\"@id\":\"https:\/\/anlactvseafood.com\/#website\",\"url\":\"https:\/\/anlactvseafood.com\/\",\"name\":\"C\u00d4NG TY TNHH H\u1ea2I S\u1ea2N AN L\u1ea0C - TR\u00c0 VINH\",\"description\":\"\",\"publisher\":{\"@id\":\"https:\/\/anlactvseafood.com\/#organization\"},\"potentialAction\":[{\"@type\":\"SearchAction\",\"target\":{\"@type\":\"EntryPoint\",\"urlTemplate\":\"https:\/\/anlactvseafood.com\/?s={search_term_string}\"},\"query-input\":\"required name=search_term_string\"}],\"inLanguage\":\"en-US\"},{\"@type\":\"Organization\",\"@id\":\"https:\/\/anlactvseafood.com\/#organization\",\"name\":\"C\u00d4NG TY TNHH H\u1ea2I S\u1ea2N AN L\u1ea0C - TR\u00c0 VINH\",\"url\":\"https:\/\/anlactvseafood.com\/\",\"logo\":{\"@type\":\"ImageObject\",\"inLanguage\":\"en-US\",\"@id\":\"https:\/\/anlactvseafood.com\/#\/schema\/logo\/image\/\",\"url\":\"https:\/\/anlactvseafood.com\/wp-content\/uploads\/2022\/11\/logoa.png\",\"contentUrl\":\"https:\/\/anlactvseafood.com\/wp-content\/uploads\/2022\/11\/logoa.png\",\"width\":1002,\"height\":675,\"caption\":\"C\u00d4NG TY TNHH H\u1ea2I S\u1ea2N AN L\u1ea0C - TR\u00c0 VINH\"},\"image\":{\"@id\":\"https:\/\/anlactvseafood.com\/#\/schema\/logo\/image\/\"}}]}<\/script>\n<!-- \/ Yoast SEO plugin. -->","yoast_head_json":{"title":"KH\u00d4 C\u00c1 \u0110U\u1ed0I C\u1eaeT - C\u00d4NG TY TNHH H\u1ea2I S\u1ea2N AN L\u1ea0C - TR\u00c0 VINH","robots":{"index":"index","follow":"follow","max-snippet":"max-snippet:-1","max-image-preview":"max-image-preview:large","max-video-preview":"max-video-preview:-1"},"canonical":"https:\/\/anlactvseafood.com\/en\/product\/kho-ca-duoi-cat\/","og_locale":"en_US","og_type":"article","og_title":"KH\u00d4 C\u00c1 \u0110U\u1ed0I C\u1eaeT - C\u00d4NG TY TNHH H\u1ea2I S\u1ea2N AN L\u1ea0C - TR\u00c0 VINH","og_description":"Ngu\u1ed3n g\u1ed1c: C\u00e1 \u0110u\u1ed1i c\u00f3 r\u1ea5t nhi\u1ec1u ch\u1ee7ng lo\u1ea1i t\u1eeb c\u00e1 \u0110u\u1ed1i sen, c\u00e1 \u0110u\u1ed1i \u0111en, c\u00e1 \u0110u\u1ed1i b\u00f4ng,&#8230;N\u00f3 s\u1ed1ng \u1edf nhi\u1ec1u kh\u1eafp n\u01a1i tr\u00ean th\u1ebf gi\u1edbi. T\u1ea1i Vi\u1ec7t Nam c\u00e1 \u0110u\u1ed1i \u0111\u01b0\u1ee3c t\u00ecm th\u1ea5y nhi\u1ec1u nh\u1ea5t \u1edf c\u00e1c v\u00f9ng bi\u1ec3n thu\u1ed9c C\u00e0 Mau, Phan Thi\u1ebft, V\u0169ng T\u00e0u,&#8230;. \u0110\u1eb7c \u0111i\u1ec3m: H\u00ecnh d\u00e1ng b\u00ean ngo\u00e0i c\u1ee7a &hellip; KH\u00d4 C\u00c1 \u0110U\u1ed0I C\u1eaeT Read More &raquo;","og_url":"https:\/\/anlactvseafood.com\/en\/product\/kho-ca-duoi-cat\/","og_site_name":"C\u00d4NG TY TNHH H\u1ea2I S\u1ea2N AN L\u1ea0C - TR\u00c0 VINH","article_modified_time":"2023-06-13T03:56:51+00:00","og_image":[{"width":1683,"height":1638,"url":"https:\/\/anlactvseafood.com\/wp-content\/uploads\/2023\/05\/Kho-ca-duoi-cat-DRIED-SEASONED-EIHIRE-CUTTING-1-CM-2.jpg","type":"image\/jpeg"}],"twitter_card":"summary_large_image","twitter_misc":{"Est. reading time":"2 minutes"},"schema":{"@context":"https:\/\/schema.org","@graph":[{"@type":"WebPage","@id":"https:\/\/anlactvseafood.com\/en\/product\/kho-ca-duoi-cat\/","url":"https:\/\/anlactvseafood.com\/en\/product\/kho-ca-duoi-cat\/","name":"KH\u00d4 C\u00c1 \u0110U\u1ed0I C\u1eaeT - C\u00d4NG TY TNHH H\u1ea2I S\u1ea2N AN L\u1ea0C - TR\u00c0 VINH","isPartOf":{"@id":"https:\/\/anlactvseafood.com\/#website"},"primaryImageOfPage":{"@id":"https:\/\/anlactvseafood.com\/en\/product\/kho-ca-duoi-cat\/#primaryimage"},"image":{"@id":"https:\/\/anlactvseafood.com\/en\/product\/kho-ca-duoi-cat\/#primaryimage"},"thumbnailUrl":"https:\/\/anlactvseafood.com\/wp-content\/uploads\/2023\/05\/Kho-ca-duoi-cat-DRIED-SEASONED-EIHIRE-CUTTING-1-CM-2.jpg","datePublished":"2023-05-12T03:43:28+00:00","dateModified":"2023-06-13T03:56:51+00:00","breadcrumb":{"@id":"https:\/\/anlactvseafood.com\/en\/product\/kho-ca-duoi-cat\/#breadcrumb"},"inLanguage":"en-US","potentialAction":[{"@type":"ReadAction","target":["https:\/\/anlactvseafood.com\/en\/product\/kho-ca-duoi-cat\/"]}]},{"@type":"ImageObject","inLanguage":"en-US","@id":"https:\/\/anlactvseafood.com\/en\/product\/kho-ca-duoi-cat\/#primaryimage","url":"https:\/\/anlactvseafood.com\/wp-content\/uploads\/2023\/05\/Kho-ca-duoi-cat-DRIED-SEASONED-EIHIRE-CUTTING-1-CM-2.jpg","contentUrl":"https:\/\/anlactvseafood.com\/wp-content\/uploads\/2023\/05\/Kho-ca-duoi-cat-DRIED-SEASONED-EIHIRE-CUTTING-1-CM-2.jpg","width":1683,"height":1638},{"@type":"BreadcrumbList","@id":"https:\/\/anlactvseafood.com\/en\/product\/kho-ca-duoi-cat\/#breadcrumb","itemListElement":[{"@type":"ListItem","position":1,"name":"Trang ch\u1ee7","item":"https:\/\/anlactvseafood.com\/"},{"@type":"ListItem","position":2,"name":"Shop","item":"https:\/\/anlactvseafood.com\/shop\/"},{"@type":"ListItem","position":3,"name":"KH\u00d4 C\u00c1 \u0110U\u1ed0I C\u1eaeT"}]},{"@type":"WebSite","@id":"https:\/\/anlactvseafood.com\/#website","url":"https:\/\/anlactvseafood.com\/","name":"C\u00d4NG TY TNHH H\u1ea2I S\u1ea2N AN L\u1ea0C - TR\u00c0 VINH","description":"","publisher":{"@id":"https:\/\/anlactvseafood.com\/#organization"},"potentialAction":[{"@type":"SearchAction","target":{"@type":"EntryPoint","urlTemplate":"https:\/\/anlactvseafood.com\/?s={search_term_string}"},"query-input":"required name=search_term_string"}],"inLanguage":"en-US"},{"@type":"Organization","@id":"https:\/\/anlactvseafood.com\/#organization","name":"C\u00d4NG TY TNHH H\u1ea2I S\u1ea2N AN L\u1ea0C - TR\u00c0 VINH","url":"https:\/\/anlactvseafood.com\/","logo":{"@type":"ImageObject","inLanguage":"en-US","@id":"https:\/\/anlactvseafood.com\/#\/schema\/logo\/image\/","url":"https:\/\/anlactvseafood.com\/wp-content\/uploads\/2022\/11\/logoa.png","contentUrl":"https:\/\/anlactvseafood.com\/wp-content\/uploads\/2022\/11\/logoa.png","width":1002,"height":675,"caption":"C\u00d4NG TY TNHH H\u1ea2I S\u1ea2N AN L\u1ea0C - TR\u00c0 VINH"},"image":{"@id":"https:\/\/anlactvseafood.com\/#\/schema\/logo\/image\/"}}]}},"_links":{"self":[{"href":"https:\/\/anlactvseafood.com\/en\/wp-json\/wp\/v2\/product\/1159","targetHints":{"allow":["GET"]}}],"collection":[{"href":"https:\/\/anlactvseafood.com\/en\/wp-json\/wp\/v2\/product"}],"about":[{"href":"https:\/\/anlactvseafood.com\/en\/wp-json\/wp\/v2\/types\/product"}],"replies":[{"embeddable":true,"href":"https:\/\/anlactvseafood.com\/en\/wp-json\/wp\/v2\/comments?post=1159"}],"wp:featuredmedia":[{"embeddable":true,"href":"https:\/\/anlactvseafood.com\/en\/wp-json\/wp\/v2\/media\/1161"}],"wp:attachment":[{"href":"https:\/\/anlactvseafood.com\/en\/wp-json\/wp\/v2\/media?parent=1159"}],"wp:term":[{"taxonomy":"product_cat","embeddable":true,"href":"https:\/\/anlactvseafood.com\/en\/wp-json\/wp\/v2\/product_cat?post=1159"},{"taxonomy":"product_tag","embeddable":true,"href":"https:\/\/anlactvseafood.com\/en\/wp-json\/wp\/v2\/product_tag?post=1159"},{"taxonomy":"thi-truong","embeddable":true,"href":"https:\/\/anlactvseafood.com\/en\/wp-json\/wp\/v2\/thi-truong?post=1159"}],"curies":[{"name":"wp","href":"https:\/\/api.w.org\/{rel}","templated":true}]}}