{"id":1156,"date":"2023-05-12T10:42:16","date_gmt":"2023-05-12T03:42:16","guid":{"rendered":"https:\/\/anlactvseafood.com\/?post_type=product&#038;p=1156"},"modified":"2023-06-13T10:59:03","modified_gmt":"2023-06-13T03:59:03","slug":"kho-ca-du-mot-nang","status":"publish","type":"product","link":"https:\/\/anlactvseafood.com\/en\/product\/kho-ca-du-mot-nang\/","title":{"rendered":"HALF DRIED CROAKER"},"content":{"rendered":"<p><strong>Ngu\u1ed3n g\u1ed1c: <\/strong>Kh\u00f4 c\u00e1 \u0111\u00f9 m\u1ed9t n\u1eafng \u0111\u01b0\u1ee3c l\u00e0m t\u1eeb nguy\u00ean li\u1ec7u ch\u00ednh l\u00e0 c\u00e1 \u0111\u00f9 hay c\u00f2n \u0111\u01b0\u1ee3c g\u1ecdi l\u00e0 c\u00e1 l\u00f9 \u0111\u00f9. \u0110\u00e2y l\u00e0 m\u1ed9t h\u1ecd c\u00e1 thu\u1ed9c b\u1ed9 C\u00e1 v\u01b0\u1ee3c s\u1ed1ng \u1edf bi\u1ec3n v\u00e0 ph\u00e2n b\u1ed1 \u1edf v\u00f9ng bi\u1ec3n nhi\u1ec7t \u0111\u1edbi, c\u1eadn nhi\u1ec7t \u0111\u1edbi. H\u1ecd c\u00e1 \u0111\u00f9 c\u00f3 kho\u1ea3ng 270 lo\u00e0i trong 70 chi, ri\u00eang t\u1ea1i Vi\u1ec7t Nam c\u00f3 20 lo\u00e0i thu\u1ed9c h\u1ecd c\u00e1 n\u00e0y. C\u00e1 \u0111\u00f9 sinh s\u1ed1ng v\u00e0 \u0111\u01b0\u1ee3c khai th\u00e1c t\u1ea1i t\u1ea5t c\u1ea3 c\u00e1c v\u00f9ng bi\u1ec3n tr\u00ean c\u1ea3 n\u01b0\u1edbc. Trong \u0111\u00f3 ph\u1ed5 bi\u1ebfn \u1edf c\u00e1c t\u1ec9nh mi\u1ec1n Nam nh\u01b0 V\u0169ng T\u00e0u, C\u1ea7n Th\u01a1, C\u00e0 Mau<strong>.<\/strong><\/p>\n<p><strong>\u0110\u1eb7c \u0111i\u1ec3m:<\/strong><\/p>\n<p>H\u1ecd c\u00e1 l\u00f9 \u0111\u00f9 c\u00f3 \u00edt x\u01b0\u01a1ng v\u00e0 nhi\u1ec1u th\u1ecbt ph\u1ea7n th\u00e2n sau c\u1ee7a c\u00e1 c\u00f3 nhi\u1ec1u m\u1ee1, th\u1ecbt c\u1ee7a lo\u1ea1i c\u00e1 n\u00e0y b\u00e9o v\u00e0 m\u1ec1m b\u1edf. Th\u1ecbt c\u00e1 l\u00f9 \u0111\u00f9 c\u00f3 v\u1ecb ng\u1ecdt, b\u00f9i b\u00f9i, ph\u1ea7n \u0111u\u00f4i c\u00f3 m\u1ee1 n\u00ean c\u00f3 v\u1ecb m\u1ec1m b\u00e9o. C\u00e1 l\u00f9 \u0111\u00f9 t\u00ednh b\u00ecnh, v\u1ecb ng\u1ecdt, ng\u1ecdt d\u1ecbu, h\u1eadu b\u00f9i, \u201cl\u00e0nh t\u00ednh\u201d h\u01a1n c\u00e1c lo\u1ea1i h\u1ea3i s\u1ea3n kh\u00e1c n\u00ean \u0103n \u00edt s\u1ee3 b\u1ecb phong. Ng\u00e0y m\u01b0a c\u00f3 mi\u1ebfng kh\u00f4 c\u00e1 l\u00f9 \u0111\u00f9 \u0103n v\u1edbi c\u01a1m ngu\u1ed9i th\u1eadt kh\u00f4ng c\u00f3 g\u00ec b\u1eb1ng.<\/p>\n<p style=\"font-weight: 400;\">H\u1ecd c\u00e1 l\u00f9 \u0111\u00f9 nh\u00ecn c\u00f3 th\u00e2n b\u1ea7u d\u1ee5c d\u00e0i, h\u01a1i d\u1eb9t b\u00ean, \u0111\u1ea7u to, v\u00e2y l\u01b0ng chia 2 \u0111o\u1ea1n. \u0110o\u1ea1n tr\u01b0\u1edbc c\u00f3 tia gai c\u1ee9ng, \u0111o\u1ea1n sau m\u1ec1m, r\u0103ng c\u00e1 nh\u1ecf. B\u00f3ng h\u01a1i l\u1edbn, d\u00e0y, \u1edf m\u1ed9t s\u1ed1 lo\u00e0i b\u00f3ng h\u01a1i ph\u00e1t ra \u00e2m thanh ri\u00eang \u0111\u1ec3 th\u00f4ng tin cho \u0111\u1ed3ng lo\u1ea1i do c\u01a1 b\u1ee5ng \u0111\u1eadp v\u00e0o b\u00e0ng quang khi b\u01a1i.<\/p>\n<p><strong>H\u01b0\u01a1ng v\u1ecb, dinh d\u01b0\u1ee1ng<\/strong>:<\/p>\n<p>C\u00e1 \u0111\u00f9 l\u00e0 ngu\u1ed3n th\u1ef1c ph\u1ea9m dinh d\u01b0\u1ee1ng, v\u1edbi nhi\u1ec1u th\u00e0nh ph\u1ea7n c\u01a1 b\u1ea3n d\u01b0\u1edbi \u0111\u00e2y:<\/p>\n<ul>\n<li>Protein: C\u00e1 \u0111\u00f9 c\u00f3 protein cao, \u0111\u1eb7c bi\u1ec7t \u0111\u01b0\u1ee3c \u0111\u00e1nh gi\u00e1 cao v\u1ec1 gi\u00e1 tr\u1ecb sinh h\u1ecdc do ch\u1ee9a t\u1ea5t c\u1ea3 c\u00e1c axit amin c\u1ea7n thi\u1ebft cho c\u01a1 th\u1ec3.<\/li>\n<li>C\u00e1c ch\u1ea5t b\u00e9o omega-3: C\u00e1 \u0111\u00f9 l\u00e0 m\u1ed9t trong nh\u1eefng ngu\u1ed3n b\u1ed5 sung omega-3, gi\u00fap c\u1ea3i thi\u1ec7n s\u1ee9c kh\u1ecfe tim m\u1ea1ch, gi\u1ea3m nguy c\u01a1 r\u1ed1i lo\u1ea1n ch\u1ee9c n\u0103ng v\u1ec1 gan v\u00e0 t\u0103ng c\u01b0\u1eddng s\u1ee9c kh\u1ecfe to\u00e0n di\u1ec7n.<\/li>\n<li>Vitamin v\u00e0 ch\u1ea5t x\u00fac t\u00e1c: C\u00e1 \u0111\u00f9 c\u0169ng cung c\u1ea5p m\u1ed9t l\u01b0\u1ee3ng l\u1edbn vitamin D, vitamin B12 v\u00e0 c\u00e1c ch\u1ea5t ph\u1ea3n \u1ee9ng nh\u01b0 s\u1eaft, k\u1ebdm v\u00e0 canxi.<\/li>\n<li>Kh\u00f4ng ch\u1ee9a carbohydrate.<\/li>\n<\/ul>\n<p><strong>B\u1ea3o qu\u1ea3n<\/strong>: nhi\u1ec7t \u0111\u1ed9 kho l\u1ea1nh ho\u1eb7c ng\u0103n \u0111\u00f4ng t\u1ee7 l\u1ea1nh ( -18 <sup>O<\/sup>C \u0111\u1ebfn 0<sup>o<\/sup>C ).<\/p>","protected":false},"excerpt":{"rendered":"<p>Ngu\u1ed3n g\u1ed1c: Kh\u00f4 c\u00e1 \u0111\u00f9 m\u1ed9t n\u1eafng \u0111\u01b0\u1ee3c l\u00e0m t\u1eeb nguy\u00ean li\u1ec7u ch\u00ednh l\u00e0 c\u00e1 \u0111\u00f9 hay c\u00f2n \u0111\u01b0\u1ee3c g\u1ecdi l\u00e0 c\u00e1 l\u00f9 \u0111\u00f9. \u0110\u00e2y l\u00e0 m\u1ed9t h\u1ecd c\u00e1 thu\u1ed9c b\u1ed9 C\u00e1 v\u01b0\u1ee3c s\u1ed1ng \u1edf bi\u1ec3n v\u00e0 ph\u00e2n b\u1ed1 \u1edf v\u00f9ng bi\u1ec3n nhi\u1ec7t \u0111\u1edbi, c\u1eadn nhi\u1ec7t \u0111\u1edbi. H\u1ecd c\u00e1 \u0111\u00f9 c\u00f3 kho\u1ea3ng 270 lo\u00e0i trong &hellip;<\/p>\n<p class=\"read-more\"> <a class=\"\" href=\"https:\/\/anlactvseafood.com\/en\/product\/kho-ca-du-mot-nang\/\"> <span class=\"screen-reader-text\">HALF DRIED CROAKER<\/span> Read More &raquo;<\/a><\/p>","protected":false},"featured_media":1158,"comment_status":"open","ping_status":"closed","template":"","meta":{"site-sidebar-layout":"default","site-content-layout":"default","ast-global-header-display":"","ast-main-header-display":"","ast-hfb-above-header-display":"","ast-hfb-below-header-display":"","ast-hfb-mobile-header-display":"","site-post-title":"","ast-breadcrumbs-content":"","ast-featured-img":"","footer-sml-layout":"","theme-transparent-header-meta":"default","adv-header-id-meta":"","stick-header-meta":"","header-above-stick-meta":"","header-main-stick-meta":"","header-below-stick-meta":""},"product_cat":[75],"product_tag":[],"thi-truong":[38],"class_list":{"0":"post-1156","1":"product","2":"type-product","3":"status-publish","4":"has-post-thumbnail","6":"product_cat-hang-kho","7":"thi-truong-my","8":"desktop-align-left","9":"tablet-align-left","10":"mobile-align-left","12":"first","13":"instock","14":"shipping-taxable","15":"product-type-simple"},"yoast_head":"<!-- This site is optimized with the Yoast SEO plugin v23.1 - https:\/\/yoast.com\/wordpress\/plugins\/seo\/ -->\n<title>KH\u00d4 C\u00c1 \u0110\u00d9 M\u1ed8T N\u1eaeNG - C\u00d4NG TY TNHH H\u1ea2I S\u1ea2N AN L\u1ea0C - TR\u00c0 VINH<\/title>\n<meta name=\"robots\" content=\"index, follow, max-snippet:-1, max-image-preview:large, max-video-preview:-1\" \/>\n<link rel=\"canonical\" href=\"https:\/\/anlactvseafood.com\/en\/product\/kho-ca-du-mot-nang\/\" \/>\n<meta property=\"og:locale\" content=\"en_US\" \/>\n<meta property=\"og:type\" content=\"article\" \/>\n<meta property=\"og:title\" content=\"KH\u00d4 C\u00c1 \u0110\u00d9 M\u1ed8T N\u1eaeNG - C\u00d4NG TY TNHH H\u1ea2I S\u1ea2N AN L\u1ea0C - TR\u00c0 VINH\" \/>\n<meta property=\"og:description\" content=\"Ngu\u1ed3n g\u1ed1c: Kh\u00f4 c\u00e1 \u0111\u00f9 m\u1ed9t n\u1eafng \u0111\u01b0\u1ee3c l\u00e0m t\u1eeb nguy\u00ean li\u1ec7u ch\u00ednh l\u00e0 c\u00e1 \u0111\u00f9 hay c\u00f2n \u0111\u01b0\u1ee3c g\u1ecdi l\u00e0 c\u00e1 l\u00f9 \u0111\u00f9. \u0110\u00e2y l\u00e0 m\u1ed9t h\u1ecd c\u00e1 thu\u1ed9c b\u1ed9 C\u00e1 v\u01b0\u1ee3c s\u1ed1ng \u1edf bi\u1ec3n v\u00e0 ph\u00e2n b\u1ed1 \u1edf v\u00f9ng bi\u1ec3n nhi\u1ec7t \u0111\u1edbi, c\u1eadn nhi\u1ec7t \u0111\u1edbi. H\u1ecd c\u00e1 \u0111\u00f9 c\u00f3 kho\u1ea3ng 270 lo\u00e0i trong &hellip; KH\u00d4 C\u00c1 \u0110\u00d9 M\u1ed8T N\u1eaeNG Read More &raquo;\" \/>\n<meta property=\"og:url\" content=\"https:\/\/anlactvseafood.com\/en\/product\/kho-ca-du-mot-nang\/\" \/>\n<meta property=\"og:site_name\" content=\"C\u00d4NG TY TNHH H\u1ea2I S\u1ea2N AN L\u1ea0C - TR\u00c0 VINH\" \/>\n<meta property=\"article:modified_time\" content=\"2023-06-13T03:59:03+00:00\" \/>\n<meta property=\"og:image\" content=\"https:\/\/anlactvseafood.com\/wp-content\/uploads\/2023\/05\/Kho-ca-du-mot-nang-HALF-DRIED-CROAKER-2.jpg\" \/>\n\t<meta property=\"og:image:width\" content=\"1683\" \/>\n\t<meta property=\"og:image:height\" content=\"1638\" \/>\n\t<meta property=\"og:image:type\" content=\"image\/jpeg\" \/>\n<meta name=\"twitter:card\" content=\"summary_large_image\" \/>\n<meta name=\"twitter:label1\" content=\"Est. reading time\" \/>\n\t<meta name=\"twitter:data1\" content=\"3 minutes\" \/>\n<script type=\"application\/ld+json\" class=\"yoast-schema-graph\">{\"@context\":\"https:\/\/schema.org\",\"@graph\":[{\"@type\":\"WebPage\",\"@id\":\"https:\/\/anlactvseafood.com\/product\/kho-ca-du-mot-nang\/\",\"url\":\"https:\/\/anlactvseafood.com\/product\/kho-ca-du-mot-nang\/\",\"name\":\"KH\u00d4 C\u00c1 \u0110\u00d9 M\u1ed8T N\u1eaeNG - C\u00d4NG TY TNHH H\u1ea2I S\u1ea2N AN L\u1ea0C - TR\u00c0 VINH\",\"isPartOf\":{\"@id\":\"https:\/\/anlactvseafood.com\/#website\"},\"primaryImageOfPage\":{\"@id\":\"https:\/\/anlactvseafood.com\/product\/kho-ca-du-mot-nang\/#primaryimage\"},\"image\":{\"@id\":\"https:\/\/anlactvseafood.com\/product\/kho-ca-du-mot-nang\/#primaryimage\"},\"thumbnailUrl\":\"https:\/\/anlactvseafood.com\/wp-content\/uploads\/2023\/05\/Kho-ca-du-mot-nang-HALF-DRIED-CROAKER-2.jpg\",\"datePublished\":\"2023-05-12T03:42:16+00:00\",\"dateModified\":\"2023-06-13T03:59:03+00:00\",\"breadcrumb\":{\"@id\":\"https:\/\/anlactvseafood.com\/product\/kho-ca-du-mot-nang\/#breadcrumb\"},\"inLanguage\":\"en-US\",\"potentialAction\":[{\"@type\":\"ReadAction\",\"target\":[\"https:\/\/anlactvseafood.com\/product\/kho-ca-du-mot-nang\/\"]}]},{\"@type\":\"ImageObject\",\"inLanguage\":\"en-US\",\"@id\":\"https:\/\/anlactvseafood.com\/product\/kho-ca-du-mot-nang\/#primaryimage\",\"url\":\"https:\/\/anlactvseafood.com\/wp-content\/uploads\/2023\/05\/Kho-ca-du-mot-nang-HALF-DRIED-CROAKER-2.jpg\",\"contentUrl\":\"https:\/\/anlactvseafood.com\/wp-content\/uploads\/2023\/05\/Kho-ca-du-mot-nang-HALF-DRIED-CROAKER-2.jpg\",\"width\":1683,\"height\":1638},{\"@type\":\"BreadcrumbList\",\"@id\":\"https:\/\/anlactvseafood.com\/product\/kho-ca-du-mot-nang\/#breadcrumb\",\"itemListElement\":[{\"@type\":\"ListItem\",\"position\":1,\"name\":\"Trang ch\u1ee7\",\"item\":\"https:\/\/anlactvseafood.com\/\"},{\"@type\":\"ListItem\",\"position\":2,\"name\":\"Shop\",\"item\":\"https:\/\/anlactvseafood.com\/shop\/\"},{\"@type\":\"ListItem\",\"position\":3,\"name\":\"KH\u00d4 C\u00c1 \u0110\u00d9 M\u1ed8T N\u1eaeNG\"}]},{\"@type\":\"WebSite\",\"@id\":\"https:\/\/anlactvseafood.com\/#website\",\"url\":\"https:\/\/anlactvseafood.com\/\",\"name\":\"C\u00d4NG TY TNHH H\u1ea2I S\u1ea2N AN L\u1ea0C - TR\u00c0 VINH\",\"description\":\"\",\"publisher\":{\"@id\":\"https:\/\/anlactvseafood.com\/#organization\"},\"potentialAction\":[{\"@type\":\"SearchAction\",\"target\":{\"@type\":\"EntryPoint\",\"urlTemplate\":\"https:\/\/anlactvseafood.com\/?s={search_term_string}\"},\"query-input\":\"required name=search_term_string\"}],\"inLanguage\":\"en-US\"},{\"@type\":\"Organization\",\"@id\":\"https:\/\/anlactvseafood.com\/#organization\",\"name\":\"C\u00d4NG TY TNHH H\u1ea2I S\u1ea2N AN L\u1ea0C - TR\u00c0 VINH\",\"url\":\"https:\/\/anlactvseafood.com\/\",\"logo\":{\"@type\":\"ImageObject\",\"inLanguage\":\"en-US\",\"@id\":\"https:\/\/anlactvseafood.com\/#\/schema\/logo\/image\/\",\"url\":\"https:\/\/anlactvseafood.com\/wp-content\/uploads\/2022\/11\/logoa.png\",\"contentUrl\":\"https:\/\/anlactvseafood.com\/wp-content\/uploads\/2022\/11\/logoa.png\",\"width\":1002,\"height\":675,\"caption\":\"C\u00d4NG TY TNHH H\u1ea2I S\u1ea2N AN L\u1ea0C - TR\u00c0 VINH\"},\"image\":{\"@id\":\"https:\/\/anlactvseafood.com\/#\/schema\/logo\/image\/\"}}]}<\/script>\n<!-- \/ Yoast SEO plugin. -->","yoast_head_json":{"title":"KH\u00d4 C\u00c1 \u0110\u00d9 M\u1ed8T N\u1eaeNG - C\u00d4NG TY TNHH H\u1ea2I S\u1ea2N AN L\u1ea0C - TR\u00c0 VINH","robots":{"index":"index","follow":"follow","max-snippet":"max-snippet:-1","max-image-preview":"max-image-preview:large","max-video-preview":"max-video-preview:-1"},"canonical":"https:\/\/anlactvseafood.com\/en\/product\/kho-ca-du-mot-nang\/","og_locale":"en_US","og_type":"article","og_title":"KH\u00d4 C\u00c1 \u0110\u00d9 M\u1ed8T N\u1eaeNG - C\u00d4NG TY TNHH H\u1ea2I S\u1ea2N AN L\u1ea0C - TR\u00c0 VINH","og_description":"Ngu\u1ed3n g\u1ed1c: Kh\u00f4 c\u00e1 \u0111\u00f9 m\u1ed9t n\u1eafng \u0111\u01b0\u1ee3c l\u00e0m t\u1eeb nguy\u00ean li\u1ec7u ch\u00ednh l\u00e0 c\u00e1 \u0111\u00f9 hay c\u00f2n \u0111\u01b0\u1ee3c g\u1ecdi l\u00e0 c\u00e1 l\u00f9 \u0111\u00f9. \u0110\u00e2y l\u00e0 m\u1ed9t h\u1ecd c\u00e1 thu\u1ed9c b\u1ed9 C\u00e1 v\u01b0\u1ee3c s\u1ed1ng \u1edf bi\u1ec3n v\u00e0 ph\u00e2n b\u1ed1 \u1edf v\u00f9ng bi\u1ec3n nhi\u1ec7t \u0111\u1edbi, c\u1eadn nhi\u1ec7t \u0111\u1edbi. H\u1ecd c\u00e1 \u0111\u00f9 c\u00f3 kho\u1ea3ng 270 lo\u00e0i trong &hellip; KH\u00d4 C\u00c1 \u0110\u00d9 M\u1ed8T N\u1eaeNG Read More &raquo;","og_url":"https:\/\/anlactvseafood.com\/en\/product\/kho-ca-du-mot-nang\/","og_site_name":"C\u00d4NG TY TNHH H\u1ea2I S\u1ea2N AN L\u1ea0C - TR\u00c0 VINH","article_modified_time":"2023-06-13T03:59:03+00:00","og_image":[{"width":1683,"height":1638,"url":"https:\/\/anlactvseafood.com\/wp-content\/uploads\/2023\/05\/Kho-ca-du-mot-nang-HALF-DRIED-CROAKER-2.jpg","type":"image\/jpeg"}],"twitter_card":"summary_large_image","twitter_misc":{"Est. reading time":"3 minutes"},"schema":{"@context":"https:\/\/schema.org","@graph":[{"@type":"WebPage","@id":"https:\/\/anlactvseafood.com\/product\/kho-ca-du-mot-nang\/","url":"https:\/\/anlactvseafood.com\/product\/kho-ca-du-mot-nang\/","name":"KH\u00d4 C\u00c1 \u0110\u00d9 M\u1ed8T N\u1eaeNG - C\u00d4NG TY TNHH H\u1ea2I S\u1ea2N AN L\u1ea0C - TR\u00c0 VINH","isPartOf":{"@id":"https:\/\/anlactvseafood.com\/#website"},"primaryImageOfPage":{"@id":"https:\/\/anlactvseafood.com\/product\/kho-ca-du-mot-nang\/#primaryimage"},"image":{"@id":"https:\/\/anlactvseafood.com\/product\/kho-ca-du-mot-nang\/#primaryimage"},"thumbnailUrl":"https:\/\/anlactvseafood.com\/wp-content\/uploads\/2023\/05\/Kho-ca-du-mot-nang-HALF-DRIED-CROAKER-2.jpg","datePublished":"2023-05-12T03:42:16+00:00","dateModified":"2023-06-13T03:59:03+00:00","breadcrumb":{"@id":"https:\/\/anlactvseafood.com\/product\/kho-ca-du-mot-nang\/#breadcrumb"},"inLanguage":"en-US","potentialAction":[{"@type":"ReadAction","target":["https:\/\/anlactvseafood.com\/product\/kho-ca-du-mot-nang\/"]}]},{"@type":"ImageObject","inLanguage":"en-US","@id":"https:\/\/anlactvseafood.com\/product\/kho-ca-du-mot-nang\/#primaryimage","url":"https:\/\/anlactvseafood.com\/wp-content\/uploads\/2023\/05\/Kho-ca-du-mot-nang-HALF-DRIED-CROAKER-2.jpg","contentUrl":"https:\/\/anlactvseafood.com\/wp-content\/uploads\/2023\/05\/Kho-ca-du-mot-nang-HALF-DRIED-CROAKER-2.jpg","width":1683,"height":1638},{"@type":"BreadcrumbList","@id":"https:\/\/anlactvseafood.com\/product\/kho-ca-du-mot-nang\/#breadcrumb","itemListElement":[{"@type":"ListItem","position":1,"name":"Trang ch\u1ee7","item":"https:\/\/anlactvseafood.com\/"},{"@type":"ListItem","position":2,"name":"Shop","item":"https:\/\/anlactvseafood.com\/shop\/"},{"@type":"ListItem","position":3,"name":"KH\u00d4 C\u00c1 \u0110\u00d9 M\u1ed8T N\u1eaeNG"}]},{"@type":"WebSite","@id":"https:\/\/anlactvseafood.com\/#website","url":"https:\/\/anlactvseafood.com\/","name":"C\u00d4NG TY TNHH H\u1ea2I S\u1ea2N AN L\u1ea0C - TR\u00c0 VINH","description":"","publisher":{"@id":"https:\/\/anlactvseafood.com\/#organization"},"potentialAction":[{"@type":"SearchAction","target":{"@type":"EntryPoint","urlTemplate":"https:\/\/anlactvseafood.com\/?s={search_term_string}"},"query-input":"required name=search_term_string"}],"inLanguage":"en-US"},{"@type":"Organization","@id":"https:\/\/anlactvseafood.com\/#organization","name":"C\u00d4NG TY TNHH H\u1ea2I S\u1ea2N AN L\u1ea0C - TR\u00c0 VINH","url":"https:\/\/anlactvseafood.com\/","logo":{"@type":"ImageObject","inLanguage":"en-US","@id":"https:\/\/anlactvseafood.com\/#\/schema\/logo\/image\/","url":"https:\/\/anlactvseafood.com\/wp-content\/uploads\/2022\/11\/logoa.png","contentUrl":"https:\/\/anlactvseafood.com\/wp-content\/uploads\/2022\/11\/logoa.png","width":1002,"height":675,"caption":"C\u00d4NG TY TNHH H\u1ea2I S\u1ea2N AN L\u1ea0C - TR\u00c0 VINH"},"image":{"@id":"https:\/\/anlactvseafood.com\/#\/schema\/logo\/image\/"}}]}},"_links":{"self":[{"href":"https:\/\/anlactvseafood.com\/en\/wp-json\/wp\/v2\/product\/1156","targetHints":{"allow":["GET"]}}],"collection":[{"href":"https:\/\/anlactvseafood.com\/en\/wp-json\/wp\/v2\/product"}],"about":[{"href":"https:\/\/anlactvseafood.com\/en\/wp-json\/wp\/v2\/types\/product"}],"replies":[{"embeddable":true,"href":"https:\/\/anlactvseafood.com\/en\/wp-json\/wp\/v2\/comments?post=1156"}],"wp:featuredmedia":[{"embeddable":true,"href":"https:\/\/anlactvseafood.com\/en\/wp-json\/wp\/v2\/media\/1158"}],"wp:attachment":[{"href":"https:\/\/anlactvseafood.com\/en\/wp-json\/wp\/v2\/media?parent=1156"}],"wp:term":[{"taxonomy":"product_cat","embeddable":true,"href":"https:\/\/anlactvseafood.com\/en\/wp-json\/wp\/v2\/product_cat?post=1156"},{"taxonomy":"product_tag","embeddable":true,"href":"https:\/\/anlactvseafood.com\/en\/wp-json\/wp\/v2\/product_tag?post=1156"},{"taxonomy":"thi-truong","embeddable":true,"href":"https:\/\/anlactvseafood.com\/en\/wp-json\/wp\/v2\/thi-truong?post=1156"}],"curies":[{"name":"wp","href":"https:\/\/api.w.org\/{rel}","templated":true}]}}