{"id":1152,"date":"2023-05-12T10:37:52","date_gmt":"2023-05-12T03:37:52","guid":{"rendered":"https:\/\/anlactvseafood.com\/?post_type=product&#038;p=1152"},"modified":"2023-07-04T08:25:21","modified_gmt":"2023-07-04T01:25:21","slug":"kho-ca-lat","status":"publish","type":"product","link":"https:\/\/anlactvseafood.com\/en\/product\/kho-ca-lat\/","title":{"rendered":"DRIED SEASONED ANAGO"},"content":{"rendered":"<p><strong>Ngu\u1ed3n g\u1ed1c: <\/strong>C\u00e1 l\u1ea1t hay c\u00f2n g\u1ecdi l\u00e0 c\u00e1 d\u01b0a \u00a0(\u1edf c\u00e1c t\u1ec9nh ph\u00eda B\u1eafc) ho\u1eb7c c\u00f3 n\u01a1i c\u00f2n g\u1ecdi l\u00e0 m\u1ea1n l\u1ec7 ng\u01b0 thu\u1ed9c h\u1ecd c\u00e1 ch\u00ecnh. C\u00e1 l\u1ea1t \u01b0a s\u1ed1ng v\u00f9ng n\u01b0\u1edbc m\u1eb7n t\u1ea1i v\u00f9ng n\u01b0\u1edbc ch\u1ea3y nh\u01b0 \u1edf c\u1eeda s\u00f4ng: C\u00f4 T\u00f4, Ng\u1ecdc V\u1eebng (\u1edf mi\u1ec1n B\u1eafc), V\u0169ng T\u00e0u, Ki\u00ean Giang (\u1edf Mi\u1ec1n Nam)<\/p>\n<p><strong>\u0110\u1eb7c \u0111i\u1ec3m:<\/strong><\/p>\n<p>Lo\u00e0i c\u00e1 n\u00e0y c\u00f3 \u0111\u1eb7c \u0111i\u1ec3m da tr\u01a1n, kh\u00f4ng v\u1ea3y, m\u00ecnh c\u00f3 m\u00e0u x\u00e1m tr\u00f2n v\u00e0 d\u00e0i, b\u1ee5ng tr\u1eafng, con l\u1edbn c\u00f3 khi d\u00e0i \u0111\u1ebfn c\u1ea3 s\u00e3i tay ng\u01b0\u1eddi l\u1edbn.<\/p>\n<p>\u0110\u1ec3 l\u00e0m kh\u00f4 c\u00e1 l\u1ea1t m\u1ed9t n\u1eafng ngon th\u00ec k\u1ef9 thu\u1eadt s\u01a1 ch\u1ebf c\u00e1 ngay t\u1eeb ban \u0111\u1ea7u l\u00e0 r\u1ea5t quan tr\u1ecdng. Ng\u01b0\u1eddi l\u00e0m ph\u1ea3i d\u00f9ng dao c\u1eaft b\u1ecf ph\u1ea7n \u0111\u1ea7u r\u1ed3i b\u1ecf n\u1ed9i t\u1ea1ng tr\u00e1nh l\u00e0m v\u1ee1 m\u1eadt c\u00e1 l\u00e0m cho th\u1ecbt c\u00e1 \u0111\u1eafng \u0103n m\u1ea5t ngon. Ti\u1ebfp \u0111\u1ebfn d\u00f9ng dao b\u00e9n x\u1ebb m\u1ed9t \u0111\u01b0\u1eddng t\u1eeb ph\u1ea7n b\u1ee5ng c\u00e1 \u0111\u1ebfn ph\u1ea7n \u0111u\u00f4i d\u1ecdc theo x\u01b0\u01a1ng s\u1ed1ng c\u1ee7a con c\u00e1, l\u01b0u \u00fd c\u1eaft nhanh tay \u0111\u1ec3 th\u1ecbt c\u00e1 kh\u00f4ng b\u1ecb b\u1ea5y ho\u1eb7c n\u00e1t s\u1ebd kh\u00f4ng t\u1ea1o \u0111\u01b0\u1ee3c s\u1ea3n ph\u1ea9m ngon chu\u1ea9n. Ti\u1ebfp \u0111\u00f3 xoa m\u1ed9t ch\u00fat mu\u1ed1i \u1edbt l\u00ean 2 m\u1eb7t c\u00e1 v\u00e0 ph\u01a1i d\u01b0\u1edbi n\u1eafng to \u0111\u1ec3 th\u1ecbt c\u00e1 r\u00e1o n\u01b0\u1edbc v\u00e0 th\u1ea5m v\u1ecb nh\u01b0ng kh\u00f4ng m\u1eb7n.<\/p>\n<p><strong>H\u01b0\u01a1ng v\u1ecb, dinh d\u01b0\u1ee1ng<\/strong>:<\/p>\n<p>C\u00e1 l\u1ea1t gi\u00e0u ch\u1ea5t dinh d\u01b0\u1ee1ng ngo\u00e0i \u0111\u1ea1m, ch\u1ea5t b\u00e9o, c\u00f2n c\u00f3 c\u00e1c vitamin \u0111\u1eb7c bi\u1ec7t Vitamin A v\u00e0 kho\u00e1ng ch\u1ea5t r\u1ea5t b\u1ed5 d\u01b0\u1ee1ng cho s\u1ee9c kh\u1ecfe. Theo \u0110\u00f4ng y lo\u00e0i c\u00e1 n\u00e0y \u00a0c\u00f3 v\u1ecb ng\u1ecdt, t\u00ednh b\u00ecnh, c\u00f3 t\u00e1c d\u1ee5ng lo\u1ea1i tr\u1eeb c\u00e1c b\u1ec7nh phong th\u1ea5p, t\u00ea th\u1ea5p, \u0111au l\u01b0ng, m\u1ecfi ch\u00e2n, s\u00e1t tr\u00f9ng lao, ch\u1eefa gh\u1ebb l\u1edf, &#8230;.Th\u1ecbt c\u00e1 l\u1ea1t t\u01b0\u01a1i tr\u1eafng h\u1ed3ng th\u01a1m ngon, ng\u1ecdt, \u00edt tanh tuy nhi\u00ean trong th\u1ecbt c\u00f3 nhi\u1ec1u x\u01b0\u01a1ng d\u0103m n\u00ean kh\u00e2u s\u01a1 ch\u1ebf ph\u1ea3i th\u1eadt kh\u00e9o l\u00e9o. C\u0169ng v\u00ec \u0111\u1eb7c \u0111i\u1ec3m n\u00e0y m\u00e0 \u0111a ph\u1ea7n c\u00e1 l\u1ea1t \u0111\u01b0\u1ee3c ch\u1ebf bi\u1ebfn th\u00e0nh kh\u00f4 c\u00e1 l\u1ea1t m\u1ed9t n\u1eafng ho\u1eb7c kh\u00f4 c\u00e1 l\u1ea1t nhi\u1ec1u n\u1eafng.<\/p>\n<p><strong>B\u1ea3o qu\u1ea3n<\/strong>: nhi\u1ec7t \u0111\u1ed9 kho l\u1ea1nh ho\u1eb7c ng\u0103n m\u00e1t t\u1ee7 l\u1ea1nh ( -12 <sup>O<\/sup>C \u0111\u1ebfn 5<sup>o<\/sup>C ).<\/p>","protected":false},"excerpt":{"rendered":"<p>Ngu\u1ed3n g\u1ed1c: C\u00e1 l\u1ea1t hay c\u00f2n g\u1ecdi l\u00e0 c\u00e1 d\u01b0a \u00a0(\u1edf c\u00e1c t\u1ec9nh ph\u00eda B\u1eafc) ho\u1eb7c c\u00f3 n\u01a1i c\u00f2n g\u1ecdi l\u00e0 m\u1ea1n l\u1ec7 ng\u01b0 thu\u1ed9c h\u1ecd c\u00e1 ch\u00ecnh. C\u00e1 l\u1ea1t \u01b0a s\u1ed1ng v\u00f9ng n\u01b0\u1edbc m\u1eb7n t\u1ea1i v\u00f9ng n\u01b0\u1edbc ch\u1ea3y nh\u01b0 \u1edf c\u1eeda s\u00f4ng: C\u00f4 T\u00f4, Ng\u1ecdc V\u1eebng (\u1edf mi\u1ec1n B\u1eafc), V\u0169ng T\u00e0u, Ki\u00ean Giang (\u1edf &hellip;<\/p>\n<p class=\"read-more\"> <a class=\"\" href=\"https:\/\/anlactvseafood.com\/en\/product\/kho-ca-lat\/\"> <span class=\"screen-reader-text\">DRIED SEASONED ANAGO<\/span> Read More &raquo;<\/a><\/p>","protected":false},"featured_media":1153,"comment_status":"open","ping_status":"closed","template":"","meta":{"site-sidebar-layout":"default","site-content-layout":"default","ast-global-header-display":"","ast-main-header-display":"","ast-hfb-above-header-display":"","ast-hfb-below-header-display":"","ast-hfb-mobile-header-display":"","site-post-title":"","ast-breadcrumbs-content":"","ast-featured-img":"","footer-sml-layout":"","theme-transparent-header-meta":"default","adv-header-id-meta":"","stick-header-meta":"","header-above-stick-meta":"","header-main-stick-meta":"","header-below-stick-meta":""},"product_cat":[75],"product_tag":[],"thi-truong":[38],"class_list":{"0":"post-1152","1":"product","2":"type-product","3":"status-publish","4":"has-post-thumbnail","6":"product_cat-hang-kho","7":"thi-truong-my","8":"desktop-align-left","9":"tablet-align-left","10":"mobile-align-left","12":"first","13":"instock","14":"shipping-taxable","15":"product-type-simple"},"yoast_head":"<!-- This site is optimized with the Yoast SEO plugin v23.1 - https:\/\/yoast.com\/wordpress\/plugins\/seo\/ -->\n<title>KH\u00d4 C\u00c1 L\u1ea0T - C\u00d4NG TY TNHH H\u1ea2I S\u1ea2N AN L\u1ea0C - TR\u00c0 VINH<\/title>\n<meta name=\"robots\" content=\"index, follow, max-snippet:-1, max-image-preview:large, max-video-preview:-1\" \/>\n<link rel=\"canonical\" href=\"https:\/\/anlactvseafood.com\/en\/product\/kho-ca-lat\/\" \/>\n<meta property=\"og:locale\" content=\"en_US\" \/>\n<meta property=\"og:type\" content=\"article\" \/>\n<meta property=\"og:title\" content=\"KH\u00d4 C\u00c1 L\u1ea0T - C\u00d4NG TY TNHH H\u1ea2I S\u1ea2N AN L\u1ea0C - TR\u00c0 VINH\" \/>\n<meta property=\"og:description\" content=\"Ngu\u1ed3n g\u1ed1c: C\u00e1 l\u1ea1t hay c\u00f2n g\u1ecdi l\u00e0 c\u00e1 d\u01b0a \u00a0(\u1edf c\u00e1c t\u1ec9nh ph\u00eda B\u1eafc) ho\u1eb7c c\u00f3 n\u01a1i c\u00f2n g\u1ecdi l\u00e0 m\u1ea1n l\u1ec7 ng\u01b0 thu\u1ed9c h\u1ecd c\u00e1 ch\u00ecnh. C\u00e1 l\u1ea1t \u01b0a s\u1ed1ng v\u00f9ng n\u01b0\u1edbc m\u1eb7n t\u1ea1i v\u00f9ng n\u01b0\u1edbc ch\u1ea3y nh\u01b0 \u1edf c\u1eeda s\u00f4ng: C\u00f4 T\u00f4, Ng\u1ecdc V\u1eebng (\u1edf mi\u1ec1n B\u1eafc), V\u0169ng T\u00e0u, Ki\u00ean Giang (\u1edf &hellip; KH\u00d4 C\u00c1 L\u1ea0T Read More &raquo;\" \/>\n<meta property=\"og:url\" content=\"https:\/\/anlactvseafood.com\/en\/product\/kho-ca-lat\/\" \/>\n<meta property=\"og:site_name\" content=\"C\u00d4NG TY TNHH H\u1ea2I S\u1ea2N AN L\u1ea0C - TR\u00c0 VINH\" \/>\n<meta property=\"article:modified_time\" content=\"2023-07-04T01:25:21+00:00\" \/>\n<meta property=\"og:image\" content=\"https:\/\/anlactvseafood.com\/wp-content\/uploads\/2023\/05\/kho-ca-lat-Dried-seasoned-Anago-2.jpg\" \/>\n\t<meta property=\"og:image:width\" content=\"1683\" \/>\n\t<meta property=\"og:image:height\" content=\"1638\" \/>\n\t<meta property=\"og:image:type\" content=\"image\/jpeg\" \/>\n<meta name=\"twitter:card\" content=\"summary_large_image\" \/>\n<meta name=\"twitter:label1\" content=\"Est. reading time\" \/>\n\t<meta name=\"twitter:data1\" content=\"2 minutes\" \/>\n<script type=\"application\/ld+json\" class=\"yoast-schema-graph\">{\"@context\":\"https:\/\/schema.org\",\"@graph\":[{\"@type\":\"WebPage\",\"@id\":\"https:\/\/anlactvseafood.com\/en\/product\/kho-ca-lat\/\",\"url\":\"https:\/\/anlactvseafood.com\/en\/product\/kho-ca-lat\/\",\"name\":\"KH\u00d4 C\u00c1 L\u1ea0T - C\u00d4NG TY TNHH H\u1ea2I S\u1ea2N AN L\u1ea0C - TR\u00c0 VINH\",\"isPartOf\":{\"@id\":\"https:\/\/anlactvseafood.com\/#website\"},\"primaryImageOfPage\":{\"@id\":\"https:\/\/anlactvseafood.com\/en\/product\/kho-ca-lat\/#primaryimage\"},\"image\":{\"@id\":\"https:\/\/anlactvseafood.com\/en\/product\/kho-ca-lat\/#primaryimage\"},\"thumbnailUrl\":\"https:\/\/anlactvseafood.com\/wp-content\/uploads\/2023\/05\/kho-ca-lat-Dried-seasoned-Anago-2.jpg\",\"datePublished\":\"2023-05-12T03:37:52+00:00\",\"dateModified\":\"2023-07-04T01:25:21+00:00\",\"breadcrumb\":{\"@id\":\"https:\/\/anlactvseafood.com\/en\/product\/kho-ca-lat\/#breadcrumb\"},\"inLanguage\":\"en-US\",\"potentialAction\":[{\"@type\":\"ReadAction\",\"target\":[\"https:\/\/anlactvseafood.com\/en\/product\/kho-ca-lat\/\"]}]},{\"@type\":\"ImageObject\",\"inLanguage\":\"en-US\",\"@id\":\"https:\/\/anlactvseafood.com\/en\/product\/kho-ca-lat\/#primaryimage\",\"url\":\"https:\/\/anlactvseafood.com\/wp-content\/uploads\/2023\/05\/kho-ca-lat-Dried-seasoned-Anago-2.jpg\",\"contentUrl\":\"https:\/\/anlactvseafood.com\/wp-content\/uploads\/2023\/05\/kho-ca-lat-Dried-seasoned-Anago-2.jpg\",\"width\":1683,\"height\":1638},{\"@type\":\"BreadcrumbList\",\"@id\":\"https:\/\/anlactvseafood.com\/en\/product\/kho-ca-lat\/#breadcrumb\",\"itemListElement\":[{\"@type\":\"ListItem\",\"position\":1,\"name\":\"Trang ch\u1ee7\",\"item\":\"https:\/\/anlactvseafood.com\/\"},{\"@type\":\"ListItem\",\"position\":2,\"name\":\"Shop\",\"item\":\"https:\/\/anlactvseafood.com\/shop\/\"},{\"@type\":\"ListItem\",\"position\":3,\"name\":\"KH\u00d4 C\u00c1 L\u1ea0T\"}]},{\"@type\":\"WebSite\",\"@id\":\"https:\/\/anlactvseafood.com\/#website\",\"url\":\"https:\/\/anlactvseafood.com\/\",\"name\":\"C\u00d4NG TY TNHH H\u1ea2I S\u1ea2N AN L\u1ea0C - TR\u00c0 VINH\",\"description\":\"\",\"publisher\":{\"@id\":\"https:\/\/anlactvseafood.com\/#organization\"},\"potentialAction\":[{\"@type\":\"SearchAction\",\"target\":{\"@type\":\"EntryPoint\",\"urlTemplate\":\"https:\/\/anlactvseafood.com\/?s={search_term_string}\"},\"query-input\":\"required name=search_term_string\"}],\"inLanguage\":\"en-US\"},{\"@type\":\"Organization\",\"@id\":\"https:\/\/anlactvseafood.com\/#organization\",\"name\":\"C\u00d4NG TY TNHH H\u1ea2I S\u1ea2N AN L\u1ea0C - TR\u00c0 VINH\",\"url\":\"https:\/\/anlactvseafood.com\/\",\"logo\":{\"@type\":\"ImageObject\",\"inLanguage\":\"en-US\",\"@id\":\"https:\/\/anlactvseafood.com\/#\/schema\/logo\/image\/\",\"url\":\"https:\/\/anlactvseafood.com\/wp-content\/uploads\/2022\/11\/logoa.png\",\"contentUrl\":\"https:\/\/anlactvseafood.com\/wp-content\/uploads\/2022\/11\/logoa.png\",\"width\":1002,\"height\":675,\"caption\":\"C\u00d4NG TY TNHH H\u1ea2I S\u1ea2N AN L\u1ea0C - TR\u00c0 VINH\"},\"image\":{\"@id\":\"https:\/\/anlactvseafood.com\/#\/schema\/logo\/image\/\"}}]}<\/script>\n<!-- \/ Yoast SEO plugin. -->","yoast_head_json":{"title":"KH\u00d4 C\u00c1 L\u1ea0T - C\u00d4NG TY TNHH H\u1ea2I S\u1ea2N AN L\u1ea0C - TR\u00c0 VINH","robots":{"index":"index","follow":"follow","max-snippet":"max-snippet:-1","max-image-preview":"max-image-preview:large","max-video-preview":"max-video-preview:-1"},"canonical":"https:\/\/anlactvseafood.com\/en\/product\/kho-ca-lat\/","og_locale":"en_US","og_type":"article","og_title":"KH\u00d4 C\u00c1 L\u1ea0T - C\u00d4NG TY TNHH H\u1ea2I S\u1ea2N AN L\u1ea0C - TR\u00c0 VINH","og_description":"Ngu\u1ed3n g\u1ed1c: C\u00e1 l\u1ea1t hay c\u00f2n g\u1ecdi l\u00e0 c\u00e1 d\u01b0a \u00a0(\u1edf c\u00e1c t\u1ec9nh ph\u00eda B\u1eafc) ho\u1eb7c c\u00f3 n\u01a1i c\u00f2n g\u1ecdi l\u00e0 m\u1ea1n l\u1ec7 ng\u01b0 thu\u1ed9c h\u1ecd c\u00e1 ch\u00ecnh. C\u00e1 l\u1ea1t \u01b0a s\u1ed1ng v\u00f9ng n\u01b0\u1edbc m\u1eb7n t\u1ea1i v\u00f9ng n\u01b0\u1edbc ch\u1ea3y nh\u01b0 \u1edf c\u1eeda s\u00f4ng: C\u00f4 T\u00f4, Ng\u1ecdc V\u1eebng (\u1edf mi\u1ec1n B\u1eafc), V\u0169ng T\u00e0u, Ki\u00ean Giang (\u1edf &hellip; KH\u00d4 C\u00c1 L\u1ea0T Read More &raquo;","og_url":"https:\/\/anlactvseafood.com\/en\/product\/kho-ca-lat\/","og_site_name":"C\u00d4NG TY TNHH H\u1ea2I S\u1ea2N AN L\u1ea0C - TR\u00c0 VINH","article_modified_time":"2023-07-04T01:25:21+00:00","og_image":[{"width":1683,"height":1638,"url":"https:\/\/anlactvseafood.com\/wp-content\/uploads\/2023\/05\/kho-ca-lat-Dried-seasoned-Anago-2.jpg","type":"image\/jpeg"}],"twitter_card":"summary_large_image","twitter_misc":{"Est. reading time":"2 minutes"},"schema":{"@context":"https:\/\/schema.org","@graph":[{"@type":"WebPage","@id":"https:\/\/anlactvseafood.com\/en\/product\/kho-ca-lat\/","url":"https:\/\/anlactvseafood.com\/en\/product\/kho-ca-lat\/","name":"KH\u00d4 C\u00c1 L\u1ea0T - C\u00d4NG TY TNHH H\u1ea2I S\u1ea2N AN L\u1ea0C - TR\u00c0 VINH","isPartOf":{"@id":"https:\/\/anlactvseafood.com\/#website"},"primaryImageOfPage":{"@id":"https:\/\/anlactvseafood.com\/en\/product\/kho-ca-lat\/#primaryimage"},"image":{"@id":"https:\/\/anlactvseafood.com\/en\/product\/kho-ca-lat\/#primaryimage"},"thumbnailUrl":"https:\/\/anlactvseafood.com\/wp-content\/uploads\/2023\/05\/kho-ca-lat-Dried-seasoned-Anago-2.jpg","datePublished":"2023-05-12T03:37:52+00:00","dateModified":"2023-07-04T01:25:21+00:00","breadcrumb":{"@id":"https:\/\/anlactvseafood.com\/en\/product\/kho-ca-lat\/#breadcrumb"},"inLanguage":"en-US","potentialAction":[{"@type":"ReadAction","target":["https:\/\/anlactvseafood.com\/en\/product\/kho-ca-lat\/"]}]},{"@type":"ImageObject","inLanguage":"en-US","@id":"https:\/\/anlactvseafood.com\/en\/product\/kho-ca-lat\/#primaryimage","url":"https:\/\/anlactvseafood.com\/wp-content\/uploads\/2023\/05\/kho-ca-lat-Dried-seasoned-Anago-2.jpg","contentUrl":"https:\/\/anlactvseafood.com\/wp-content\/uploads\/2023\/05\/kho-ca-lat-Dried-seasoned-Anago-2.jpg","width":1683,"height":1638},{"@type":"BreadcrumbList","@id":"https:\/\/anlactvseafood.com\/en\/product\/kho-ca-lat\/#breadcrumb","itemListElement":[{"@type":"ListItem","position":1,"name":"Trang ch\u1ee7","item":"https:\/\/anlactvseafood.com\/"},{"@type":"ListItem","position":2,"name":"Shop","item":"https:\/\/anlactvseafood.com\/shop\/"},{"@type":"ListItem","position":3,"name":"KH\u00d4 C\u00c1 L\u1ea0T"}]},{"@type":"WebSite","@id":"https:\/\/anlactvseafood.com\/#website","url":"https:\/\/anlactvseafood.com\/","name":"C\u00d4NG TY TNHH H\u1ea2I S\u1ea2N AN L\u1ea0C - TR\u00c0 VINH","description":"","publisher":{"@id":"https:\/\/anlactvseafood.com\/#organization"},"potentialAction":[{"@type":"SearchAction","target":{"@type":"EntryPoint","urlTemplate":"https:\/\/anlactvseafood.com\/?s={search_term_string}"},"query-input":"required name=search_term_string"}],"inLanguage":"en-US"},{"@type":"Organization","@id":"https:\/\/anlactvseafood.com\/#organization","name":"C\u00d4NG TY TNHH H\u1ea2I S\u1ea2N AN L\u1ea0C - TR\u00c0 VINH","url":"https:\/\/anlactvseafood.com\/","logo":{"@type":"ImageObject","inLanguage":"en-US","@id":"https:\/\/anlactvseafood.com\/#\/schema\/logo\/image\/","url":"https:\/\/anlactvseafood.com\/wp-content\/uploads\/2022\/11\/logoa.png","contentUrl":"https:\/\/anlactvseafood.com\/wp-content\/uploads\/2022\/11\/logoa.png","width":1002,"height":675,"caption":"C\u00d4NG TY TNHH H\u1ea2I S\u1ea2N AN L\u1ea0C - TR\u00c0 VINH"},"image":{"@id":"https:\/\/anlactvseafood.com\/#\/schema\/logo\/image\/"}}]}},"_links":{"self":[{"href":"https:\/\/anlactvseafood.com\/en\/wp-json\/wp\/v2\/product\/1152","targetHints":{"allow":["GET"]}}],"collection":[{"href":"https:\/\/anlactvseafood.com\/en\/wp-json\/wp\/v2\/product"}],"about":[{"href":"https:\/\/anlactvseafood.com\/en\/wp-json\/wp\/v2\/types\/product"}],"replies":[{"embeddable":true,"href":"https:\/\/anlactvseafood.com\/en\/wp-json\/wp\/v2\/comments?post=1152"}],"wp:featuredmedia":[{"embeddable":true,"href":"https:\/\/anlactvseafood.com\/en\/wp-json\/wp\/v2\/media\/1153"}],"wp:attachment":[{"href":"https:\/\/anlactvseafood.com\/en\/wp-json\/wp\/v2\/media?parent=1152"}],"wp:term":[{"taxonomy":"product_cat","embeddable":true,"href":"https:\/\/anlactvseafood.com\/en\/wp-json\/wp\/v2\/product_cat?post=1152"},{"taxonomy":"product_tag","embeddable":true,"href":"https:\/\/anlactvseafood.com\/en\/wp-json\/wp\/v2\/product_tag?post=1152"},{"taxonomy":"thi-truong","embeddable":true,"href":"https:\/\/anlactvseafood.com\/en\/wp-json\/wp\/v2\/thi-truong?post=1152"}],"curies":[{"name":"wp","href":"https:\/\/api.w.org\/{rel}","templated":true}]}}