{"id":1096,"date":"2023-05-10T16:43:00","date_gmt":"2023-05-10T09:43:00","guid":{"rendered":"https:\/\/anlactvseafood.com\/?post_type=product&#038;p=1096"},"modified":"2023-05-10T16:47:50","modified_gmt":"2023-05-10T09:47:50","slug":"kho-ca-bong-nuong-cat","status":"publish","type":"product","link":"https:\/\/anlactvseafood.com\/en\/product\/kho-ca-bong-nuong-cat\/","title":{"rendered":"ROASTED ROOLED GOBY FISH (1CM)"},"content":{"rendered":"<p><strong>Ngu\u1ed3n g\u1ed1c:<\/strong>\u00a0Duy\u00ean H\u1ea3i Nam Trung B\u1ed9.<\/p>\n<p><strong>\u0110\u1eb7c \u0111i\u1ec3m:<\/strong><\/p>\n<ul>\n<li>C\u00e1 b\u1ed1ng l\u00e0 lo\u00e0i c\u00e1 c\u00f3 k\u00edch th\u01b0\u1edbc nh\u1ecf b\u00e9, tuy nhi\u00ean trong \u0111\u00f3 l\u1ea1i ch\u1ee9a \u0111\u1ef1ng r\u1ea5t nhi\u1ec1u \u0111i\u1ec1u th\u00fa v\u1ecb. H\u00e3y c\u00f9ng t\u00ecm hi\u1ec3u xem trong c\u01a1 th\u1ec3 nh\u1ecf b\u00e9 \u1ea5y, ch\u00fang ta t\u00ecm \u0111\u01b0\u1ee3c nh\u1eefng g\u00ec \u0111\u00e1ng ng\u1ea1c nhi\u00ean nh\u00e9.<\/li>\n<li>T\u00ean khoa h\u1ecdc c\u1ee7a c\u00e1 b\u1ed1ng l\u00e0 Acanthogobius flavimanus , t\u00ean ti\u1ebfng Anh l\u00e0 Spotted goby. C\u00e1 b\u1ed1ng l\u00e0 lo\u1ea1i th\u1ee7y s\u1ea3n c\u00f3 gi\u00e1 tr\u1ecb kinh t\u1ebf cao \u1edf n\u01b0\u1edbc ta, th\u01b0\u1eddng \u0111\u01b0\u1ee3c ch\u1ebf bi\u1ebfn t\u01b0\u01a1i, l\u00e0m ch\u1ea3 c\u00e1 ho\u1eb7c l\u00e0m kh\u00f4.<\/li>\n<li>C\u00e1 b\u1ed1ng l\u00e0 t\u00ean g\u1ecdi chung cho nhi\u1ec1u lo\u1ea1i c\u00e1 nh\u01b0 c\u00e1 b\u1ed1ng tr\u1eafng, c\u00e1 b\u1ed1ng \u0111en, c\u00e1 b\u1ed1ng v\u00e2n m\u00e2y,&#8230; Mi\u1ec1n nam c\u00f3 c\u00e1 b\u1ed1ng t\u01b0\u1ee3ng, thu\u1ed9c gi\u1ed1ng c\u00e1 b\u1ed1ng \u0111en, tr\u1ecdng l\u01b0\u1ee3ng c\u00e1 c\u00f3 th\u1ec3 \u0111\u1ebfn v\u00e0i kg, th\u1ecbt c\u00e1 d\u00e0y v\u00e0 c\u00f3 v\u1ecb ng\u1ecdt, \u0111\u1eb7c bi\u1ec7t khi ch\u1ebf bi\u1ebfn c\u00f3 m\u00e0u tr\u1eafng nh\u01b0 th\u1ecbt g\u00e0.<\/li>\n<\/ul>\n<p><strong>H\u01b0\u01a1ng v\u1ecb, dinh d\u01b0\u1ee1ng<\/strong>:<\/p>\n<ul>\n<li>Ngo\u00e0i gi\u00e1 tr\u1ecb kinh t\u1ebf cao, gi\u00e1 tr\u1ecb dinh d\u01b0\u1ee1ng c\u1ee7a c\u00e1 b\u1ed1ng c\u0169ng r\u1ea5t cao. C\u00e1 b\u1ed1ng l\u00e0 th\u1ef1c ph\u1ea9m qu\u00fd v\u00e0 c\u00f3 t\u00e1c d\u1ee5ng ch\u1eefa b\u1ec7nh. C\u00e1 b\u1ed1ng gi\u00e0u protein, \u00edt ch\u1ea5t b\u00e9o, c\u00f3 c\u00e1c vitamin nh\u01b0 B2, D, E, &#8230; v\u00e0 c\u00e1c ch\u1ea5t kho\u00e1ng: Ca, P, Fe, &#8230; Theo \u0110\u00f4ng y, c\u00e1 b\u1ed1ng c\u00f3 v\u1ecb ng\u1ecdt m\u1eb7n, t\u00ednh b\u00ecnh, v\u00e0o t\u00ec v\u1ecb, can th\u1eadn. C\u00f3 t\u00e1c d\u1ee5ng ki\u1ec7n t\u1ef3 \u00edch kh\u00ed, h\u00f2a v\u1ecb, b\u1ed5 can th\u1eadn, c\u01b0\u1eddng ki\u1ec7n g\u00e2n c\u1ed1t, h\u00e0nh huy\u1ebft m\u1ea1ch, ti\u00eau \u00edch tr\u1ec7, an thai. C\u00e1 b\u1ed1ng \u0111\u01b0\u1ee3c d\u00f9ng cho nh\u1eefng ng\u01b0\u1eddi c\u01a1 th\u1ec3 suy y\u1ebfu, m\u1ec7t m\u1ecfi tay ch\u00e2n, ho suy\u1ec5n, ti\u00eau h\u00f3a k\u00e9m.<\/li>\n<li>M\u1eb7t kh\u00e1c, l\u01b0\u1ee3ng collagen r\u1ea5t phong ph\u00fa trong c\u00e1 b\u1ed1ng c\u00f3 t\u00e1c d\u1ee5ng t\u0103ng c\u01b0\u1eddng s\u1ee9c kh\u1ecfe v\u00e0 l\u00e0m \u0111\u1eb9p. C\u00e1 b\u1ed1ng \u0111\u01b0\u1ee3c xem l\u00e0 th\u1ef1c ph\u1ea9m l\u00fd t\u01b0\u1edfng cho l\u00e0n da c\u1ee7a ph\u00e1i n\u1eef, l\u00e0m gi\u1ea3m c\u00e1c v\u1ea5n \u0111\u1ec1 v\u1ec1 l\u00e3o h\u00f3a da hay t\u00f3c kh\u00f4, hay r\u1ee5ng,&#8230;<\/li>\n<\/ul>","protected":false},"excerpt":{"rendered":"<p>Ngu\u1ed3n g\u1ed1c:\u00a0Duy\u00ean H\u1ea3i Nam Trung B\u1ed9. \u0110\u1eb7c \u0111i\u1ec3m: C\u00e1 b\u1ed1ng l\u00e0 lo\u00e0i c\u00e1 c\u00f3 k\u00edch th\u01b0\u1edbc nh\u1ecf b\u00e9, tuy nhi\u00ean trong \u0111\u00f3 l\u1ea1i ch\u1ee9a \u0111\u1ef1ng r\u1ea5t nhi\u1ec1u \u0111i\u1ec1u th\u00fa v\u1ecb. H\u00e3y c\u00f9ng t\u00ecm hi\u1ec3u xem trong c\u01a1 th\u1ec3 nh\u1ecf b\u00e9 \u1ea5y, ch\u00fang ta t\u00ecm \u0111\u01b0\u1ee3c nh\u1eefng g\u00ec \u0111\u00e1ng ng\u1ea1c nhi\u00ean nh\u00e9. T\u00ean khoa h\u1ecdc c\u1ee7a &hellip;<\/p>\n<p class=\"read-more\"> <a class=\"\" href=\"https:\/\/anlactvseafood.com\/en\/product\/kho-ca-bong-nuong-cat\/\"> <span class=\"screen-reader-text\">ROASTED ROOLED GOBY FISH (1CM)<\/span> Read More &raquo;<\/a><\/p>","protected":false},"featured_media":1099,"comment_status":"open","ping_status":"closed","template":"","meta":{"site-sidebar-layout":"default","site-content-layout":"default","ast-global-header-display":"","ast-main-header-display":"","ast-hfb-above-header-display":"","ast-hfb-below-header-display":"","ast-hfb-mobile-header-display":"","site-post-title":"","ast-breadcrumbs-content":"","ast-featured-img":"","footer-sml-layout":"","theme-transparent-header-meta":"default","adv-header-id-meta":"","stick-header-meta":"","header-above-stick-meta":"","header-main-stick-meta":"","header-below-stick-meta":""},"product_cat":[55],"product_tag":[],"thi-truong":[33],"class_list":{"0":"post-1096","1":"product","2":"type-product","3":"status-publish","4":"has-post-thumbnail","6":"product_cat-hang-an-lien","7":"thi-truong-noi-dia","8":"desktop-align-left","9":"tablet-align-left","10":"mobile-align-left","12":"first","13":"instock","14":"shipping-taxable","15":"product-type-simple"},"yoast_head":"<!-- This site is optimized with the Yoast SEO plugin v23.1 - https:\/\/yoast.com\/wordpress\/plugins\/seo\/ -->\n<title>KH\u00d4 C\u00c1 B\u1ed0NG N\u01af\u1edaNG C\u1eaeT - C\u00d4NG TY TNHH H\u1ea2I S\u1ea2N AN L\u1ea0C - TR\u00c0 VINH<\/title>\n<meta name=\"robots\" content=\"index, follow, max-snippet:-1, max-image-preview:large, max-video-preview:-1\" \/>\n<link rel=\"canonical\" href=\"https:\/\/anlactvseafood.com\/en\/product\/kho-ca-bong-nuong-cat\/\" \/>\n<meta property=\"og:locale\" content=\"en_US\" \/>\n<meta property=\"og:type\" content=\"article\" \/>\n<meta property=\"og:title\" content=\"KH\u00d4 C\u00c1 B\u1ed0NG N\u01af\u1edaNG C\u1eaeT - C\u00d4NG TY TNHH H\u1ea2I S\u1ea2N AN L\u1ea0C - TR\u00c0 VINH\" \/>\n<meta property=\"og:description\" content=\"Ngu\u1ed3n g\u1ed1c:\u00a0Duy\u00ean H\u1ea3i Nam Trung B\u1ed9. \u0110\u1eb7c \u0111i\u1ec3m: C\u00e1 b\u1ed1ng l\u00e0 lo\u00e0i c\u00e1 c\u00f3 k\u00edch th\u01b0\u1edbc nh\u1ecf b\u00e9, tuy nhi\u00ean trong \u0111\u00f3 l\u1ea1i ch\u1ee9a \u0111\u1ef1ng r\u1ea5t nhi\u1ec1u \u0111i\u1ec1u th\u00fa v\u1ecb. H\u00e3y c\u00f9ng t\u00ecm hi\u1ec3u xem trong c\u01a1 th\u1ec3 nh\u1ecf b\u00e9 \u1ea5y, ch\u00fang ta t\u00ecm \u0111\u01b0\u1ee3c nh\u1eefng g\u00ec \u0111\u00e1ng ng\u1ea1c nhi\u00ean nh\u00e9. T\u00ean khoa h\u1ecdc c\u1ee7a &hellip; KH\u00d4 C\u00c1 B\u1ed0NG N\u01af\u1edaNG C\u1eaeT Read More &raquo;\" \/>\n<meta property=\"og:url\" content=\"https:\/\/anlactvseafood.com\/en\/product\/kho-ca-bong-nuong-cat\/\" \/>\n<meta property=\"og:site_name\" content=\"C\u00d4NG TY TNHH H\u1ea2I S\u1ea2N AN L\u1ea0C - TR\u00c0 VINH\" \/>\n<meta property=\"article:modified_time\" content=\"2023-05-10T09:47:50+00:00\" \/>\n<meta property=\"og:image\" content=\"https:\/\/anlactvseafood.com\/wp-content\/uploads\/2023\/05\/kho-ca-bong-cat-ROASTED-ROOLED-GOBY-FISH-1-1.jpg\" \/>\n\t<meta property=\"og:image:width\" content=\"1683\" \/>\n\t<meta property=\"og:image:height\" content=\"1638\" \/>\n\t<meta property=\"og:image:type\" content=\"image\/jpeg\" \/>\n<meta name=\"twitter:card\" content=\"summary_large_image\" \/>\n<meta name=\"twitter:label1\" content=\"Est. reading time\" \/>\n\t<meta name=\"twitter:data1\" content=\"2 minutes\" \/>\n<script type=\"application\/ld+json\" class=\"yoast-schema-graph\">{\"@context\":\"https:\/\/schema.org\",\"@graph\":[{\"@type\":\"WebPage\",\"@id\":\"https:\/\/anlactvseafood.com\/en\/product\/kho-ca-bong-nuong-cat\/\",\"url\":\"https:\/\/anlactvseafood.com\/en\/product\/kho-ca-bong-nuong-cat\/\",\"name\":\"KH\u00d4 C\u00c1 B\u1ed0NG N\u01af\u1edaNG C\u1eaeT - C\u00d4NG TY TNHH H\u1ea2I S\u1ea2N AN L\u1ea0C - TR\u00c0 VINH\",\"isPartOf\":{\"@id\":\"https:\/\/anlactvseafood.com\/#website\"},\"primaryImageOfPage\":{\"@id\":\"https:\/\/anlactvseafood.com\/en\/product\/kho-ca-bong-nuong-cat\/#primaryimage\"},\"image\":{\"@id\":\"https:\/\/anlactvseafood.com\/en\/product\/kho-ca-bong-nuong-cat\/#primaryimage\"},\"thumbnailUrl\":\"https:\/\/anlactvseafood.com\/wp-content\/uploads\/2023\/05\/kho-ca-bong-cat-ROASTED-ROOLED-GOBY-FISH-1-1.jpg\",\"datePublished\":\"2023-05-10T09:43:00+00:00\",\"dateModified\":\"2023-05-10T09:47:50+00:00\",\"breadcrumb\":{\"@id\":\"https:\/\/anlactvseafood.com\/en\/product\/kho-ca-bong-nuong-cat\/#breadcrumb\"},\"inLanguage\":\"en-US\",\"potentialAction\":[{\"@type\":\"ReadAction\",\"target\":[\"https:\/\/anlactvseafood.com\/en\/product\/kho-ca-bong-nuong-cat\/\"]}]},{\"@type\":\"ImageObject\",\"inLanguage\":\"en-US\",\"@id\":\"https:\/\/anlactvseafood.com\/en\/product\/kho-ca-bong-nuong-cat\/#primaryimage\",\"url\":\"https:\/\/anlactvseafood.com\/wp-content\/uploads\/2023\/05\/kho-ca-bong-cat-ROASTED-ROOLED-GOBY-FISH-1-1.jpg\",\"contentUrl\":\"https:\/\/anlactvseafood.com\/wp-content\/uploads\/2023\/05\/kho-ca-bong-cat-ROASTED-ROOLED-GOBY-FISH-1-1.jpg\",\"width\":1683,\"height\":1638},{\"@type\":\"BreadcrumbList\",\"@id\":\"https:\/\/anlactvseafood.com\/en\/product\/kho-ca-bong-nuong-cat\/#breadcrumb\",\"itemListElement\":[{\"@type\":\"ListItem\",\"position\":1,\"name\":\"Trang ch\u1ee7\",\"item\":\"https:\/\/anlactvseafood.com\/\"},{\"@type\":\"ListItem\",\"position\":2,\"name\":\"Shop\",\"item\":\"https:\/\/anlactvseafood.com\/shop\/\"},{\"@type\":\"ListItem\",\"position\":3,\"name\":\"KH\u00d4 C\u00c1 B\u1ed0NG N\u01af\u1edaNG C\u1eaeT\"}]},{\"@type\":\"WebSite\",\"@id\":\"https:\/\/anlactvseafood.com\/#website\",\"url\":\"https:\/\/anlactvseafood.com\/\",\"name\":\"C\u00d4NG TY TNHH H\u1ea2I S\u1ea2N AN L\u1ea0C - TR\u00c0 VINH\",\"description\":\"\",\"publisher\":{\"@id\":\"https:\/\/anlactvseafood.com\/#organization\"},\"potentialAction\":[{\"@type\":\"SearchAction\",\"target\":{\"@type\":\"EntryPoint\",\"urlTemplate\":\"https:\/\/anlactvseafood.com\/?s={search_term_string}\"},\"query-input\":\"required name=search_term_string\"}],\"inLanguage\":\"en-US\"},{\"@type\":\"Organization\",\"@id\":\"https:\/\/anlactvseafood.com\/#organization\",\"name\":\"C\u00d4NG TY TNHH H\u1ea2I S\u1ea2N AN L\u1ea0C - TR\u00c0 VINH\",\"url\":\"https:\/\/anlactvseafood.com\/\",\"logo\":{\"@type\":\"ImageObject\",\"inLanguage\":\"en-US\",\"@id\":\"https:\/\/anlactvseafood.com\/#\/schema\/logo\/image\/\",\"url\":\"https:\/\/anlactvseafood.com\/wp-content\/uploads\/2022\/11\/logoa.png\",\"contentUrl\":\"https:\/\/anlactvseafood.com\/wp-content\/uploads\/2022\/11\/logoa.png\",\"width\":1002,\"height\":675,\"caption\":\"C\u00d4NG TY TNHH H\u1ea2I S\u1ea2N AN L\u1ea0C - TR\u00c0 VINH\"},\"image\":{\"@id\":\"https:\/\/anlactvseafood.com\/#\/schema\/logo\/image\/\"}}]}<\/script>\n<!-- \/ Yoast SEO plugin. -->","yoast_head_json":{"title":"KH\u00d4 C\u00c1 B\u1ed0NG N\u01af\u1edaNG C\u1eaeT - C\u00d4NG TY TNHH H\u1ea2I S\u1ea2N AN L\u1ea0C - TR\u00c0 VINH","robots":{"index":"index","follow":"follow","max-snippet":"max-snippet:-1","max-image-preview":"max-image-preview:large","max-video-preview":"max-video-preview:-1"},"canonical":"https:\/\/anlactvseafood.com\/en\/product\/kho-ca-bong-nuong-cat\/","og_locale":"en_US","og_type":"article","og_title":"KH\u00d4 C\u00c1 B\u1ed0NG N\u01af\u1edaNG C\u1eaeT - C\u00d4NG TY TNHH H\u1ea2I S\u1ea2N AN L\u1ea0C - TR\u00c0 VINH","og_description":"Ngu\u1ed3n g\u1ed1c:\u00a0Duy\u00ean H\u1ea3i Nam Trung B\u1ed9. \u0110\u1eb7c \u0111i\u1ec3m: C\u00e1 b\u1ed1ng l\u00e0 lo\u00e0i c\u00e1 c\u00f3 k\u00edch th\u01b0\u1edbc nh\u1ecf b\u00e9, tuy nhi\u00ean trong \u0111\u00f3 l\u1ea1i ch\u1ee9a \u0111\u1ef1ng r\u1ea5t nhi\u1ec1u \u0111i\u1ec1u th\u00fa v\u1ecb. H\u00e3y c\u00f9ng t\u00ecm hi\u1ec3u xem trong c\u01a1 th\u1ec3 nh\u1ecf b\u00e9 \u1ea5y, ch\u00fang ta t\u00ecm \u0111\u01b0\u1ee3c nh\u1eefng g\u00ec \u0111\u00e1ng ng\u1ea1c nhi\u00ean nh\u00e9. T\u00ean khoa h\u1ecdc c\u1ee7a &hellip; KH\u00d4 C\u00c1 B\u1ed0NG N\u01af\u1edaNG C\u1eaeT Read More &raquo;","og_url":"https:\/\/anlactvseafood.com\/en\/product\/kho-ca-bong-nuong-cat\/","og_site_name":"C\u00d4NG TY TNHH H\u1ea2I S\u1ea2N AN L\u1ea0C - TR\u00c0 VINH","article_modified_time":"2023-05-10T09:47:50+00:00","og_image":[{"width":1683,"height":1638,"url":"https:\/\/anlactvseafood.com\/wp-content\/uploads\/2023\/05\/kho-ca-bong-cat-ROASTED-ROOLED-GOBY-FISH-1-1.jpg","type":"image\/jpeg"}],"twitter_card":"summary_large_image","twitter_misc":{"Est. reading time":"2 minutes"},"schema":{"@context":"https:\/\/schema.org","@graph":[{"@type":"WebPage","@id":"https:\/\/anlactvseafood.com\/en\/product\/kho-ca-bong-nuong-cat\/","url":"https:\/\/anlactvseafood.com\/en\/product\/kho-ca-bong-nuong-cat\/","name":"KH\u00d4 C\u00c1 B\u1ed0NG N\u01af\u1edaNG C\u1eaeT - C\u00d4NG TY TNHH H\u1ea2I S\u1ea2N AN L\u1ea0C - TR\u00c0 VINH","isPartOf":{"@id":"https:\/\/anlactvseafood.com\/#website"},"primaryImageOfPage":{"@id":"https:\/\/anlactvseafood.com\/en\/product\/kho-ca-bong-nuong-cat\/#primaryimage"},"image":{"@id":"https:\/\/anlactvseafood.com\/en\/product\/kho-ca-bong-nuong-cat\/#primaryimage"},"thumbnailUrl":"https:\/\/anlactvseafood.com\/wp-content\/uploads\/2023\/05\/kho-ca-bong-cat-ROASTED-ROOLED-GOBY-FISH-1-1.jpg","datePublished":"2023-05-10T09:43:00+00:00","dateModified":"2023-05-10T09:47:50+00:00","breadcrumb":{"@id":"https:\/\/anlactvseafood.com\/en\/product\/kho-ca-bong-nuong-cat\/#breadcrumb"},"inLanguage":"en-US","potentialAction":[{"@type":"ReadAction","target":["https:\/\/anlactvseafood.com\/en\/product\/kho-ca-bong-nuong-cat\/"]}]},{"@type":"ImageObject","inLanguage":"en-US","@id":"https:\/\/anlactvseafood.com\/en\/product\/kho-ca-bong-nuong-cat\/#primaryimage","url":"https:\/\/anlactvseafood.com\/wp-content\/uploads\/2023\/05\/kho-ca-bong-cat-ROASTED-ROOLED-GOBY-FISH-1-1.jpg","contentUrl":"https:\/\/anlactvseafood.com\/wp-content\/uploads\/2023\/05\/kho-ca-bong-cat-ROASTED-ROOLED-GOBY-FISH-1-1.jpg","width":1683,"height":1638},{"@type":"BreadcrumbList","@id":"https:\/\/anlactvseafood.com\/en\/product\/kho-ca-bong-nuong-cat\/#breadcrumb","itemListElement":[{"@type":"ListItem","position":1,"name":"Trang ch\u1ee7","item":"https:\/\/anlactvseafood.com\/"},{"@type":"ListItem","position":2,"name":"Shop","item":"https:\/\/anlactvseafood.com\/shop\/"},{"@type":"ListItem","position":3,"name":"KH\u00d4 C\u00c1 B\u1ed0NG N\u01af\u1edaNG C\u1eaeT"}]},{"@type":"WebSite","@id":"https:\/\/anlactvseafood.com\/#website","url":"https:\/\/anlactvseafood.com\/","name":"C\u00d4NG TY TNHH H\u1ea2I S\u1ea2N AN L\u1ea0C - TR\u00c0 VINH","description":"","publisher":{"@id":"https:\/\/anlactvseafood.com\/#organization"},"potentialAction":[{"@type":"SearchAction","target":{"@type":"EntryPoint","urlTemplate":"https:\/\/anlactvseafood.com\/?s={search_term_string}"},"query-input":"required name=search_term_string"}],"inLanguage":"en-US"},{"@type":"Organization","@id":"https:\/\/anlactvseafood.com\/#organization","name":"C\u00d4NG TY TNHH H\u1ea2I S\u1ea2N AN L\u1ea0C - TR\u00c0 VINH","url":"https:\/\/anlactvseafood.com\/","logo":{"@type":"ImageObject","inLanguage":"en-US","@id":"https:\/\/anlactvseafood.com\/#\/schema\/logo\/image\/","url":"https:\/\/anlactvseafood.com\/wp-content\/uploads\/2022\/11\/logoa.png","contentUrl":"https:\/\/anlactvseafood.com\/wp-content\/uploads\/2022\/11\/logoa.png","width":1002,"height":675,"caption":"C\u00d4NG TY TNHH H\u1ea2I S\u1ea2N AN L\u1ea0C - TR\u00c0 VINH"},"image":{"@id":"https:\/\/anlactvseafood.com\/#\/schema\/logo\/image\/"}}]}},"_links":{"self":[{"href":"https:\/\/anlactvseafood.com\/en\/wp-json\/wp\/v2\/product\/1096","targetHints":{"allow":["GET"]}}],"collection":[{"href":"https:\/\/anlactvseafood.com\/en\/wp-json\/wp\/v2\/product"}],"about":[{"href":"https:\/\/anlactvseafood.com\/en\/wp-json\/wp\/v2\/types\/product"}],"replies":[{"embeddable":true,"href":"https:\/\/anlactvseafood.com\/en\/wp-json\/wp\/v2\/comments?post=1096"}],"wp:featuredmedia":[{"embeddable":true,"href":"https:\/\/anlactvseafood.com\/en\/wp-json\/wp\/v2\/media\/1099"}],"wp:attachment":[{"href":"https:\/\/anlactvseafood.com\/en\/wp-json\/wp\/v2\/media?parent=1096"}],"wp:term":[{"taxonomy":"product_cat","embeddable":true,"href":"https:\/\/anlactvseafood.com\/en\/wp-json\/wp\/v2\/product_cat?post=1096"},{"taxonomy":"product_tag","embeddable":true,"href":"https:\/\/anlactvseafood.com\/en\/wp-json\/wp\/v2\/product_tag?post=1096"},{"taxonomy":"thi-truong","embeddable":true,"href":"https:\/\/anlactvseafood.com\/en\/wp-json\/wp\/v2\/thi-truong?post=1096"}],"curies":[{"name":"wp","href":"https:\/\/api.w.org\/{rel}","templated":true}]}}