{"id":238,"date":"2022-11-15T15:56:37","date_gmt":"2022-11-15T08:56:37","guid":{"rendered":"https:\/\/anlactvseafood.com\/?page_id=238"},"modified":"2022-11-18T10:25:07","modified_gmt":"2022-11-18T03:25:07","slug":"su-menh-tam-nhin","status":"publish","type":"page","link":"https:\/\/anlactvseafood.com\/en\/su-menh-tam-nhin\/","title":{"rendered":"Mission Vision"},"content":{"rendered":"<div data-elementor-type=\"wp-page\" data-elementor-id=\"238\" class=\"elementor elementor-238\" data-elementor-post-type=\"page\">\n\t\t\t\t\t\t<section class=\"elementor-section elementor-top-section elementor-element elementor-element-417844e elementor-section-boxed elementor-section-height-default elementor-section-height-default\" data-id=\"417844e\" data-element_type=\"section\" data-settings=\"{&quot;jet_parallax_layout_list&quot;:[],&quot;background_background&quot;:&quot;classic&quot;}\">\n\t\t\t\t\t\t<div class=\"elementor-container elementor-column-gap-default\">\n\t\t\t\t\t<div class=\"elementor-column elementor-col-100 elementor-top-column elementor-element elementor-element-62f225a\" data-id=\"62f225a\" data-element_type=\"column\">\n\t\t\t<div class=\"elementor-widget-wrap elementor-element-populated\">\n\t\t\t\t\t\t<div class=\"elementor-element elementor-element-7d71ecb elementor-widget elementor-widget-woocommerce-breadcrumb\" data-id=\"7d71ecb\" data-element_type=\"widget\" data-widget_type=\"woocommerce-breadcrumb.default\">\n\t\t\t\t<div class=\"elementor-widget-container\">\n\t\t\t<nav class=\"woocommerce-breadcrumb\" aria-label=\"Breadcrumb\" data-no-translation=\"\" data-trp-gettext=\"\">Home<\/nav>\t\t<\/div>\n\t\t\t\t<\/div>\n\t\t\t\t\t<\/div>\n\t\t<\/div>\n\t\t\t\t\t<\/div>\n\t\t<\/section>\n\t\t\t\t<section class=\"elementor-section elementor-top-section elementor-element elementor-element-fa0945f elementor-section-boxed elementor-section-height-default elementor-section-height-default\" data-id=\"fa0945f\" data-element_type=\"section\" data-settings=\"{&quot;jet_parallax_layout_list&quot;:[],&quot;background_background&quot;:&quot;classic&quot;}\">\n\t\t\t\t\t\t<div class=\"elementor-container elementor-column-gap-default\">\n\t\t\t\t\t<div class=\"elementor-column elementor-col-33 elementor-top-column elementor-element elementor-element-f93a339\" data-id=\"f93a339\" data-element_type=\"column\">\n\t\t\t<div class=\"elementor-widget-wrap elementor-element-populated\">\n\t\t\t\t\t\t<div class=\"elementor-element elementor-element-38c2987 elementor-align-justify elementor-widget elementor-widget-button\" data-id=\"38c2987\" data-element_type=\"widget\" data-widget_type=\"button.default\">\n\t\t\t\t<div class=\"elementor-widget-container\">\n\t\t\t\t\t<div class=\"elementor-button-wrapper\">\n\t\t\t<a class=\"elementor-button elementor-button-link elementor-size-sm\" href=\"https:\/\/anlactvseafood.com\/en\/article\/\">\n\t\t\t\t\t\t<span class=\"elementor-button-content-wrapper\">\n\t\t\t\t\t\t<span class=\"elementor-button-text\">General introduction<\/span>\n\t\t<\/span>\n\t\t\t\t\t<\/a>\n\t\t<\/div>\n\t\t\t\t<\/div>\n\t\t\t\t<\/div>\n\t\t\t\t\t<\/div>\n\t\t<\/div>\n\t\t\t\t<div class=\"elementor-column elementor-col-33 elementor-top-column elementor-element elementor-element-ca8f401\" data-id=\"ca8f401\" data-element_type=\"column\">\n\t\t\t<div class=\"elementor-widget-wrap elementor-element-populated\">\n\t\t\t\t\t\t<div class=\"elementor-element elementor-element-be46309 elementor-align-justify elementor-widget elementor-widget-button\" data-id=\"be46309\" data-element_type=\"widget\" data-widget_type=\"button.default\">\n\t\t\t\t<div class=\"elementor-widget-container\">\n\t\t\t\t\t<div class=\"elementor-button-wrapper\">\n\t\t\t<a class=\"elementor-button elementor-button-link elementor-size-sm\" href=\"https:\/\/anlactvseafood.com\/en\/lich-su-hinh-thanh-phat-trien\/\">\n\t\t\t\t\t\t<span class=\"elementor-button-content-wrapper\">\n\t\t\t\t\t\t<span class=\"elementor-button-text\">History Formation Development  <\/span>\n\t\t<\/span>\n\t\t\t\t\t<\/a>\n\t\t<\/div>\n\t\t\t\t<\/div>\n\t\t\t\t<\/div>\n\t\t\t\t\t<\/div>\n\t\t<\/div>\n\t\t\t\t<div class=\"elementor-column elementor-col-33 elementor-top-column elementor-element elementor-element-d1a2e74\" data-id=\"d1a2e74\" data-element_type=\"column\">\n\t\t\t<div class=\"elementor-widget-wrap elementor-element-populated\">\n\t\t\t\t\t\t<div class=\"elementor-element elementor-element-bb0505a elementor-align-justify elementor-widget elementor-widget-button\" data-id=\"bb0505a\" data-element_type=\"widget\" data-widget_type=\"button.default\">\n\t\t\t\t<div class=\"elementor-widget-container\">\n\t\t\t\t\t<div class=\"elementor-button-wrapper\">\n\t\t\t<a class=\"elementor-button elementor-button-link elementor-size-sm\" href=\"https:\/\/anlactvseafood.com\/en\/su-menh-tam-nhin\/\">\n\t\t\t\t\t\t<span class=\"elementor-button-content-wrapper\">\n\t\t\t\t\t\t<span class=\"elementor-button-text\">Mission Vision<\/span>\n\t\t<\/span>\n\t\t\t\t\t<\/a>\n\t\t<\/div>\n\t\t\t\t<\/div>\n\t\t\t\t<\/div>\n\t\t\t\t\t<\/div>\n\t\t<\/div>\n\t\t\t\t\t<\/div>\n\t\t<\/section>\n\t\t\t\t<section class=\"elementor-section elementor-top-section elementor-element elementor-element-c22afb3 elementor-section-boxed elementor-section-height-default elementor-section-height-default\" data-id=\"c22afb3\" data-element_type=\"section\" data-settings=\"{&quot;jet_parallax_layout_list&quot;:[]}\">\n\t\t\t\t\t\t<div class=\"elementor-container elementor-column-gap-default\">\n\t\t\t\t\t<div class=\"elementor-column elementor-col-100 elementor-top-column elementor-element elementor-element-cf79845\" data-id=\"cf79845\" data-element_type=\"column\">\n\t\t\t<div class=\"elementor-widget-wrap elementor-element-populated\">\n\t\t\t\t\t\t<div class=\"elementor-element elementor-element-c2ac419 elementor-widget elementor-widget-heading\" data-id=\"c2ac419\" data-element_type=\"widget\" data-widget_type=\"heading.default\">\n\t\t\t\t<div class=\"elementor-widget-container\">\n\t\t\t<h2 class=\"elementor-heading-title elementor-size-default\">Mission Vision<\/h2>\t\t<\/div>\n\t\t\t\t<\/div>\n\t\t\t\t<div class=\"elementor-element elementor-element-56570cb elementor-widget-divider--view-line elementor-widget elementor-widget-divider\" data-id=\"56570cb\" data-element_type=\"widget\" data-widget_type=\"divider.default\">\n\t\t\t\t<div class=\"elementor-widget-container\">\n\t\t\t\t\t<div class=\"elementor-divider\">\n\t\t\t<span class=\"elementor-divider-separator\">\n\t\t\t\t\t\t<\/span>\n\t\t<\/div>\n\t\t\t\t<\/div>\n\t\t\t\t<\/div>\n\t\t\t\t\t<\/div>\n\t\t<\/div>\n\t\t\t\t\t<\/div>\n\t\t<\/section>\n\t\t\t\t<section class=\"elementor-section elementor-top-section elementor-element elementor-element-650eb37 elementor-section-boxed elementor-section-height-default elementor-section-height-default\" data-id=\"650eb37\" data-element_type=\"section\" data-settings=\"{&quot;jet_parallax_layout_list&quot;:[],&quot;background_background&quot;:&quot;classic&quot;}\">\n\t\t\t\t\t\t<div class=\"elementor-container elementor-column-gap-default\">\n\t\t\t\t\t<div class=\"elementor-column elementor-col-50 elementor-top-column elementor-element elementor-element-571246a\" data-id=\"571246a\" data-element_type=\"column\" data-settings=\"{&quot;background_background&quot;:&quot;classic&quot;}\">\n\t\t\t<div class=\"elementor-widget-wrap elementor-element-populated\">\n\t\t\t\t\t\t<div class=\"elementor-element elementor-element-f7b4c63 elementor-widget elementor-widget-heading\" data-id=\"f7b4c63\" data-element_type=\"widget\" data-widget_type=\"heading.default\">\n\t\t\t\t<div class=\"elementor-widget-container\">\n\t\t\t<h2 class=\"elementor-heading-title elementor-size-default\">VISION<\/h2>\t\t<\/div>\n\t\t\t\t<\/div>\n\t\t\t\t<div class=\"elementor-element elementor-element-aa451e3 elementor-widget elementor-widget-text-editor\" data-id=\"aa451e3\" data-element_type=\"widget\" data-widget_type=\"text-editor.default\">\n\t\t\t\t<div class=\"elementor-widget-container\">\n\t\t\t\t\t\t\t<p>With modern technological process, technical team and skilled workers. The company has an output of 4000 - 5000 tons \/ year with high quality, ensuring the requirements of Food Hygiene and Safety in fastidious markets such as: USA, Russia, Ukraine, Japan, European countries....<\/p>\t\t\t\t\t\t<\/div>\n\t\t\t\t<\/div>\n\t\t\t\t\t<\/div>\n\t\t<\/div>\n\t\t\t\t<div class=\"elementor-column elementor-col-50 elementor-top-column elementor-element elementor-element-1e16d23\" data-id=\"1e16d23\" data-element_type=\"column\" data-settings=\"{&quot;background_background&quot;:&quot;classic&quot;}\">\n\t\t\t<div class=\"elementor-widget-wrap\">\n\t\t\t\t\t\t\t<\/div>\n\t\t<\/div>\n\t\t\t\t\t<\/div>\n\t\t<\/section>\n\t\t\t\t<section class=\"elementor-section elementor-top-section elementor-element elementor-element-20e8838 elementor-section-boxed elementor-section-height-default elementor-section-height-default\" data-id=\"20e8838\" data-element_type=\"section\" data-settings=\"{&quot;jet_parallax_layout_list&quot;:[],&quot;background_background&quot;:&quot;classic&quot;}\">\n\t\t\t\t\t\t<div class=\"elementor-container elementor-column-gap-default\">\n\t\t\t\t\t<div class=\"elementor-column elementor-col-50 elementor-top-column elementor-element elementor-element-90719d4\" data-id=\"90719d4\" data-element_type=\"column\" data-settings=\"{&quot;background_background&quot;:&quot;classic&quot;}\">\n\t\t\t<div class=\"elementor-widget-wrap\">\n\t\t\t\t\t\t\t<\/div>\n\t\t<\/div>\n\t\t\t\t<div class=\"elementor-column elementor-col-50 elementor-top-column elementor-element elementor-element-3bbd941\" data-id=\"3bbd941\" data-element_type=\"column\" data-settings=\"{&quot;background_background&quot;:&quot;classic&quot;}\">\n\t\t\t<div class=\"elementor-widget-wrap elementor-element-populated\">\n\t\t\t\t\t\t<div class=\"elementor-element elementor-element-28f5446 elementor-widget elementor-widget-heading\" data-id=\"28f5446\" data-element_type=\"widget\" data-widget_type=\"heading.default\">\n\t\t\t\t<div class=\"elementor-widget-container\">\n\t\t\t<h2 class=\"elementor-heading-title elementor-size-default\">MISSION\n<\/h2>\t\t<\/div>\n\t\t\t\t<\/div>\n\t\t\t\t<div class=\"elementor-element elementor-element-1bf5d81 elementor-widget elementor-widget-text-editor\" data-id=\"1bf5d81\" data-element_type=\"widget\" data-widget_type=\"text-editor.default\">\n\t\t\t\t<div class=\"elementor-widget-container\">\n\t\t\t\t\t\t\t<p>The main markets of our company include: Japan, Korea, Ukraine, China, Taiwan, Hong Kong .... Our company is ready to enter into joint ventures - associate with partners to innovate technology and equipment to improve product quality, with the motto of serving customers better and better.<\/p>\t\t\t\t\t\t<\/div>\n\t\t\t\t<\/div>\n\t\t\t\t\t<\/div>\n\t\t<\/div>\n\t\t\t\t\t<\/div>\n\t\t<\/section>\n\t\t\t\t<\/div>","protected":false},"excerpt":{"rendered":"<p>Gi\u1edbi Thi\u1ec7u Chung L\u1ecbch S\u1eed H\u00ecnh Th\u00e0nh Ph\u00e1t Tri\u1ec3n S\u1ee9 M\u1ec7nh &#8211; T\u1ea7m Nh\u00ecn T\u1ea6M NH\u00ccN V\u1edbi quy tr\u00ecnh c\u00f4ng ngh\u1ec7 hi\u1ec7n \u0111\u1ea1i, v\u1edbi \u0111\u1ed9i ng\u0169 k\u1ef9 thu\u1eadt v\u00e0 l\u01b0\u1ee3ng c\u00f4ng nh\u00e2n l\u00e0nh ngh\u1ec1. C\u00f4ng ty c\u00f3 s\u1ea3n l\u01b0\u1ee3ng 4000 \u2013 5000 t\u1ea5n \/n\u0103m v\u1edbi ch\u1ea5t l\u01b0\u1ee3ng cao \u0111\u1ea3m b\u1ea3o c\u00e1c y\u00eau c\u1ea7u V\u1ec7 Sinh &hellip;<\/p>\n<p class=\"read-more\"> <a class=\"\" href=\"https:\/\/anlactvseafood.com\/en\/su-menh-tam-nhin\/\"> <span class=\"screen-reader-text\">Mission Vision<\/span> Read More &raquo;<\/a><\/p>","protected":false},"author":1,"featured_media":633,"parent":0,"menu_order":0,"comment_status":"closed","ping_status":"closed","template":"","meta":{"site-sidebar-layout":"no-sidebar","site-content-layout":"page-builder","ast-global-header-display":"","ast-main-header-display":"","ast-hfb-above-header-display":"","ast-hfb-below-header-display":"","ast-hfb-mobile-header-display":"","site-post-title":"disabled","ast-breadcrumbs-content":"","ast-featured-img":"disabled","footer-sml-layout":"","theme-transparent-header-meta":"default","adv-header-id-meta":"","stick-header-meta":"","header-above-stick-meta":"","header-main-stick-meta":"","header-below-stick-meta":"","footnotes":""},"class_list":["post-238","page","type-page","status-publish","has-post-thumbnail","hentry"],"yoast_head":"<!-- This site is optimized with the Yoast SEO plugin v23.1 - https:\/\/yoast.com\/wordpress\/plugins\/seo\/ -->\n<title>S\u1ee9 m\u1ec7nh - T\u1ea7m nh\u00ecn - C\u00d4NG TY TNHH H\u1ea2I S\u1ea2N AN L\u1ea0C - TR\u00c0 VINH<\/title>\n<meta name=\"robots\" content=\"index, follow, max-snippet:-1, max-image-preview:large, max-video-preview:-1\" \/>\n<link rel=\"canonical\" href=\"https:\/\/anlactvseafood.com\/en\/su-menh-tam-nhin\/\" \/>\n<meta property=\"og:locale\" content=\"en_US\" \/>\n<meta property=\"og:type\" content=\"article\" \/>\n<meta property=\"og:title\" content=\"S\u1ee9 m\u1ec7nh - T\u1ea7m nh\u00ecn - C\u00d4NG TY TNHH H\u1ea2I S\u1ea2N AN L\u1ea0C - TR\u00c0 VINH\" \/>\n<meta property=\"og:description\" content=\"Gi\u1edbi Thi\u1ec7u Chung L\u1ecbch S\u1eed H\u00ecnh Th\u00e0nh Ph\u00e1t Tri\u1ec3n S\u1ee9 M\u1ec7nh &#8211; T\u1ea7m Nh\u00ecn T\u1ea6M NH\u00ccN V\u1edbi quy tr\u00ecnh c\u00f4ng ngh\u1ec7 hi\u1ec7n \u0111\u1ea1i, v\u1edbi \u0111\u1ed9i ng\u0169 k\u1ef9 thu\u1eadt v\u00e0 l\u01b0\u1ee3ng c\u00f4ng nh\u00e2n l\u00e0nh ngh\u1ec1. C\u00f4ng ty c\u00f3 s\u1ea3n l\u01b0\u1ee3ng 4000 \u2013 5000 t\u1ea5n \/n\u0103m v\u1edbi ch\u1ea5t l\u01b0\u1ee3ng cao \u0111\u1ea3m b\u1ea3o c\u00e1c y\u00eau c\u1ea7u V\u1ec7 Sinh &hellip; S\u1ee9 m\u1ec7nh &#8211; T\u1ea7m nh\u00ecn Read More &raquo;\" \/>\n<meta property=\"og:url\" content=\"https:\/\/anlactvseafood.com\/en\/su-menh-tam-nhin\/\" \/>\n<meta property=\"og:site_name\" content=\"C\u00d4NG TY TNHH H\u1ea2I S\u1ea2N AN L\u1ea0C - TR\u00c0 VINH\" \/>\n<meta property=\"article:modified_time\" content=\"2022-11-18T03:25:07+00:00\" \/>\n<meta property=\"og:image\" content=\"https:\/\/anlactvseafood.com\/wp-content\/uploads\/2022\/11\/tamnhin.jpg\" \/>\n\t<meta property=\"og:image:width\" content=\"1403\" \/>\n\t<meta property=\"og:image:height\" content=\"730\" \/>\n\t<meta property=\"og:image:type\" content=\"image\/jpeg\" \/>\n<meta name=\"twitter:card\" content=\"summary_large_image\" \/>\n<meta name=\"twitter:label1\" content=\"Est. reading time\" \/>\n\t<meta name=\"twitter:data1\" content=\"1 minute\" \/>\n<script type=\"application\/ld+json\" class=\"yoast-schema-graph\">{\"@context\":\"https:\/\/schema.org\",\"@graph\":[{\"@type\":\"WebPage\",\"@id\":\"https:\/\/anlactvseafood.com\/su-menh-tam-nhin\/\",\"url\":\"https:\/\/anlactvseafood.com\/su-menh-tam-nhin\/\",\"name\":\"S\u1ee9 m\u1ec7nh - T\u1ea7m nh\u00ecn - C\u00d4NG TY TNHH H\u1ea2I S\u1ea2N AN L\u1ea0C - TR\u00c0 VINH\",\"isPartOf\":{\"@id\":\"https:\/\/anlactvseafood.com\/#website\"},\"primaryImageOfPage\":{\"@id\":\"https:\/\/anlactvseafood.com\/su-menh-tam-nhin\/#primaryimage\"},\"image\":{\"@id\":\"https:\/\/anlactvseafood.com\/su-menh-tam-nhin\/#primaryimage\"},\"thumbnailUrl\":\"https:\/\/anlactvseafood.com\/wp-content\/uploads\/2022\/11\/tamnhin.jpg\",\"datePublished\":\"2022-11-15T08:56:37+00:00\",\"dateModified\":\"2022-11-18T03:25:07+00:00\",\"breadcrumb\":{\"@id\":\"https:\/\/anlactvseafood.com\/su-menh-tam-nhin\/#breadcrumb\"},\"inLanguage\":\"en-US\",\"potentialAction\":[{\"@type\":\"ReadAction\",\"target\":[\"https:\/\/anlactvseafood.com\/su-menh-tam-nhin\/\"]}]},{\"@type\":\"ImageObject\",\"inLanguage\":\"en-US\",\"@id\":\"https:\/\/anlactvseafood.com\/su-menh-tam-nhin\/#primaryimage\",\"url\":\"https:\/\/anlactvseafood.com\/wp-content\/uploads\/2022\/11\/tamnhin.jpg\",\"contentUrl\":\"https:\/\/anlactvseafood.com\/wp-content\/uploads\/2022\/11\/tamnhin.jpg\",\"width\":1403,\"height\":730},{\"@type\":\"BreadcrumbList\",\"@id\":\"https:\/\/anlactvseafood.com\/su-menh-tam-nhin\/#breadcrumb\",\"itemListElement\":[{\"@type\":\"ListItem\",\"position\":1,\"name\":\"Trang ch\u1ee7\",\"item\":\"https:\/\/anlactvseafood.com\/\"},{\"@type\":\"ListItem\",\"position\":2,\"name\":\"S\u1ee9 m\u1ec7nh &#8211; T\u1ea7m nh\u00ecn\"}]},{\"@type\":\"WebSite\",\"@id\":\"https:\/\/anlactvseafood.com\/#website\",\"url\":\"https:\/\/anlactvseafood.com\/\",\"name\":\"C\u00d4NG TY TNHH H\u1ea2I S\u1ea2N AN L\u1ea0C - TR\u00c0 VINH\",\"description\":\"\",\"publisher\":{\"@id\":\"https:\/\/anlactvseafood.com\/#organization\"},\"potentialAction\":[{\"@type\":\"SearchAction\",\"target\":{\"@type\":\"EntryPoint\",\"urlTemplate\":\"https:\/\/anlactvseafood.com\/?s={search_term_string}\"},\"query-input\":\"required name=search_term_string\"}],\"inLanguage\":\"en-US\"},{\"@type\":\"Organization\",\"@id\":\"https:\/\/anlactvseafood.com\/#organization\",\"name\":\"C\u00d4NG TY TNHH H\u1ea2I S\u1ea2N AN L\u1ea0C - TR\u00c0 VINH\",\"url\":\"https:\/\/anlactvseafood.com\/\",\"logo\":{\"@type\":\"ImageObject\",\"inLanguage\":\"en-US\",\"@id\":\"https:\/\/anlactvseafood.com\/#\/schema\/logo\/image\/\",\"url\":\"https:\/\/anlactvseafood.com\/wp-content\/uploads\/2022\/11\/logoa.png\",\"contentUrl\":\"https:\/\/anlactvseafood.com\/wp-content\/uploads\/2022\/11\/logoa.png\",\"width\":1002,\"height\":675,\"caption\":\"C\u00d4NG TY TNHH H\u1ea2I S\u1ea2N AN L\u1ea0C - TR\u00c0 VINH\"},\"image\":{\"@id\":\"https:\/\/anlactvseafood.com\/#\/schema\/logo\/image\/\"}}]}<\/script>\n<!-- \/ Yoast SEO plugin. -->","yoast_head_json":{"title":"S\u1ee9 m\u1ec7nh - T\u1ea7m nh\u00ecn - C\u00d4NG TY TNHH H\u1ea2I S\u1ea2N AN L\u1ea0C - TR\u00c0 VINH","robots":{"index":"index","follow":"follow","max-snippet":"max-snippet:-1","max-image-preview":"max-image-preview:large","max-video-preview":"max-video-preview:-1"},"canonical":"https:\/\/anlactvseafood.com\/en\/su-menh-tam-nhin\/","og_locale":"en_US","og_type":"article","og_title":"S\u1ee9 m\u1ec7nh - T\u1ea7m nh\u00ecn - C\u00d4NG TY TNHH H\u1ea2I S\u1ea2N AN L\u1ea0C - TR\u00c0 VINH","og_description":"Gi\u1edbi Thi\u1ec7u Chung L\u1ecbch S\u1eed H\u00ecnh Th\u00e0nh Ph\u00e1t Tri\u1ec3n S\u1ee9 M\u1ec7nh &#8211; T\u1ea7m Nh\u00ecn T\u1ea6M NH\u00ccN V\u1edbi quy tr\u00ecnh c\u00f4ng ngh\u1ec7 hi\u1ec7n \u0111\u1ea1i, v\u1edbi \u0111\u1ed9i ng\u0169 k\u1ef9 thu\u1eadt v\u00e0 l\u01b0\u1ee3ng c\u00f4ng nh\u00e2n l\u00e0nh ngh\u1ec1. C\u00f4ng ty c\u00f3 s\u1ea3n l\u01b0\u1ee3ng 4000 \u2013 5000 t\u1ea5n \/n\u0103m v\u1edbi ch\u1ea5t l\u01b0\u1ee3ng cao \u0111\u1ea3m b\u1ea3o c\u00e1c y\u00eau c\u1ea7u V\u1ec7 Sinh &hellip; S\u1ee9 m\u1ec7nh &#8211; T\u1ea7m nh\u00ecn Read More &raquo;","og_url":"https:\/\/anlactvseafood.com\/en\/su-menh-tam-nhin\/","og_site_name":"C\u00d4NG TY TNHH H\u1ea2I S\u1ea2N AN L\u1ea0C - TR\u00c0 VINH","article_modified_time":"2022-11-18T03:25:07+00:00","og_image":[{"width":1403,"height":730,"url":"https:\/\/anlactvseafood.com\/wp-content\/uploads\/2022\/11\/tamnhin.jpg","type":"image\/jpeg"}],"twitter_card":"summary_large_image","twitter_misc":{"Est. reading time":"1 minute"},"schema":{"@context":"https:\/\/schema.org","@graph":[{"@type":"WebPage","@id":"https:\/\/anlactvseafood.com\/su-menh-tam-nhin\/","url":"https:\/\/anlactvseafood.com\/su-menh-tam-nhin\/","name":"S\u1ee9 m\u1ec7nh - T\u1ea7m nh\u00ecn - C\u00d4NG TY TNHH H\u1ea2I S\u1ea2N AN L\u1ea0C - TR\u00c0 VINH","isPartOf":{"@id":"https:\/\/anlactvseafood.com\/#website"},"primaryImageOfPage":{"@id":"https:\/\/anlactvseafood.com\/su-menh-tam-nhin\/#primaryimage"},"image":{"@id":"https:\/\/anlactvseafood.com\/su-menh-tam-nhin\/#primaryimage"},"thumbnailUrl":"https:\/\/anlactvseafood.com\/wp-content\/uploads\/2022\/11\/tamnhin.jpg","datePublished":"2022-11-15T08:56:37+00:00","dateModified":"2022-11-18T03:25:07+00:00","breadcrumb":{"@id":"https:\/\/anlactvseafood.com\/su-menh-tam-nhin\/#breadcrumb"},"inLanguage":"en-US","potentialAction":[{"@type":"ReadAction","target":["https:\/\/anlactvseafood.com\/su-menh-tam-nhin\/"]}]},{"@type":"ImageObject","inLanguage":"en-US","@id":"https:\/\/anlactvseafood.com\/su-menh-tam-nhin\/#primaryimage","url":"https:\/\/anlactvseafood.com\/wp-content\/uploads\/2022\/11\/tamnhin.jpg","contentUrl":"https:\/\/anlactvseafood.com\/wp-content\/uploads\/2022\/11\/tamnhin.jpg","width":1403,"height":730},{"@type":"BreadcrumbList","@id":"https:\/\/anlactvseafood.com\/su-menh-tam-nhin\/#breadcrumb","itemListElement":[{"@type":"ListItem","position":1,"name":"Trang ch\u1ee7","item":"https:\/\/anlactvseafood.com\/"},{"@type":"ListItem","position":2,"name":"S\u1ee9 m\u1ec7nh &#8211; T\u1ea7m nh\u00ecn"}]},{"@type":"WebSite","@id":"https:\/\/anlactvseafood.com\/#website","url":"https:\/\/anlactvseafood.com\/","name":"C\u00d4NG TY TNHH H\u1ea2I S\u1ea2N AN L\u1ea0C - TR\u00c0 VINH","description":"","publisher":{"@id":"https:\/\/anlactvseafood.com\/#organization"},"potentialAction":[{"@type":"SearchAction","target":{"@type":"EntryPoint","urlTemplate":"https:\/\/anlactvseafood.com\/?s={search_term_string}"},"query-input":"required name=search_term_string"}],"inLanguage":"en-US"},{"@type":"Organization","@id":"https:\/\/anlactvseafood.com\/#organization","name":"C\u00d4NG TY TNHH H\u1ea2I S\u1ea2N AN L\u1ea0C - TR\u00c0 VINH","url":"https:\/\/anlactvseafood.com\/","logo":{"@type":"ImageObject","inLanguage":"en-US","@id":"https:\/\/anlactvseafood.com\/#\/schema\/logo\/image\/","url":"https:\/\/anlactvseafood.com\/wp-content\/uploads\/2022\/11\/logoa.png","contentUrl":"https:\/\/anlactvseafood.com\/wp-content\/uploads\/2022\/11\/logoa.png","width":1002,"height":675,"caption":"C\u00d4NG TY TNHH H\u1ea2I S\u1ea2N AN L\u1ea0C - TR\u00c0 VINH"},"image":{"@id":"https:\/\/anlactvseafood.com\/#\/schema\/logo\/image\/"}}]}},"_links":{"self":[{"href":"https:\/\/anlactvseafood.com\/en\/wp-json\/wp\/v2\/pages\/238","targetHints":{"allow":["GET"]}}],"collection":[{"href":"https:\/\/anlactvseafood.com\/en\/wp-json\/wp\/v2\/pages"}],"about":[{"href":"https:\/\/anlactvseafood.com\/en\/wp-json\/wp\/v2\/types\/page"}],"author":[{"embeddable":true,"href":"https:\/\/anlactvseafood.com\/en\/wp-json\/wp\/v2\/users\/1"}],"replies":[{"embeddable":true,"href":"https:\/\/anlactvseafood.com\/en\/wp-json\/wp\/v2\/comments?post=238"}],"version-history":[{"count":25,"href":"https:\/\/anlactvseafood.com\/en\/wp-json\/wp\/v2\/pages\/238\/revisions"}],"predecessor-version":[{"id":820,"href":"https:\/\/anlactvseafood.com\/en\/wp-json\/wp\/v2\/pages\/238\/revisions\/820"}],"wp:featuredmedia":[{"embeddable":true,"href":"https:\/\/anlactvseafood.com\/en\/wp-json\/wp\/v2\/media\/633"}],"wp:attachment":[{"href":"https:\/\/anlactvseafood.com\/en\/wp-json\/wp\/v2\/media?parent=238"}],"curies":[{"name":"wp","href":"https:\/\/api.w.org\/{rel}","templated":true}]}}