{"id":19,"date":"2022-11-14T13:36:37","date_gmt":"2022-11-14T06:36:37","guid":{"rendered":"https:\/\/anlactvseafood.com\/?page_id=19"},"modified":"2022-11-22T14:07:59","modified_gmt":"2022-11-22T07:07:59","slug":"gioi-thieu","status":"publish","type":"page","link":"https:\/\/anlactvseafood.com\/en\/article\/","title":{"rendered":"Introduce"},"content":{"rendered":"<div data-elementor-type=\"wp-page\" data-elementor-id=\"19\" class=\"elementor elementor-19\" data-elementor-post-type=\"page\">\n\t\t\t\t\t\t<section class=\"elementor-section elementor-top-section elementor-element elementor-element-3b12a4b elementor-section-boxed elementor-section-height-default elementor-section-height-default\" data-id=\"3b12a4b\" data-element_type=\"section\" data-settings=\"{&quot;jet_parallax_layout_list&quot;:[],&quot;background_background&quot;:&quot;classic&quot;}\">\n\t\t\t\t\t\t<div class=\"elementor-container elementor-column-gap-default\">\n\t\t\t\t\t<div class=\"elementor-column elementor-col-100 elementor-top-column elementor-element elementor-element-588f9b9\" data-id=\"588f9b9\" data-element_type=\"column\">\n\t\t\t<div class=\"elementor-widget-wrap elementor-element-populated\">\n\t\t\t\t\t\t<div class=\"elementor-element elementor-element-ae142aa elementor-widget elementor-widget-woocommerce-breadcrumb\" data-id=\"ae142aa\" data-element_type=\"widget\" data-widget_type=\"woocommerce-breadcrumb.default\">\n\t\t\t\t<div class=\"elementor-widget-container\">\n\t\t\t<nav class=\"woocommerce-breadcrumb\" aria-label=\"Breadcrumb\" data-no-translation=\"\" data-trp-gettext=\"\">Home<\/nav>\t\t<\/div>\n\t\t\t\t<\/div>\n\t\t\t\t\t<\/div>\n\t\t<\/div>\n\t\t\t\t\t<\/div>\n\t\t<\/section>\n\t\t\t\t<section class=\"elementor-section elementor-top-section elementor-element elementor-element-dd88d95 elementor-section-boxed elementor-section-height-default elementor-section-height-default\" data-id=\"dd88d95\" data-element_type=\"section\" data-settings=\"{&quot;jet_parallax_layout_list&quot;:[],&quot;background_background&quot;:&quot;classic&quot;}\">\n\t\t\t\t\t\t<div class=\"elementor-container elementor-column-gap-default\">\n\t\t\t\t\t<div class=\"elementor-column elementor-col-33 elementor-top-column elementor-element elementor-element-8dfbbde\" data-id=\"8dfbbde\" data-element_type=\"column\">\n\t\t\t<div class=\"elementor-widget-wrap elementor-element-populated\">\n\t\t\t\t\t\t<div class=\"elementor-element elementor-element-9e9f559 elementor-align-justify elementor-widget elementor-widget-button\" data-id=\"9e9f559\" data-element_type=\"widget\" data-widget_type=\"button.default\">\n\t\t\t\t<div class=\"elementor-widget-container\">\n\t\t\t\t\t<div class=\"elementor-button-wrapper\">\n\t\t\t<a class=\"elementor-button elementor-button-link elementor-size-sm\" href=\"https:\/\/anlactvseafood.com\/en\/article\/\">\n\t\t\t\t\t\t<span class=\"elementor-button-content-wrapper\">\n\t\t\t\t\t\t<span class=\"elementor-button-text\">General introduction<\/span>\n\t\t<\/span>\n\t\t\t\t\t<\/a>\n\t\t<\/div>\n\t\t\t\t<\/div>\n\t\t\t\t<\/div>\n\t\t\t\t\t<\/div>\n\t\t<\/div>\n\t\t\t\t<div class=\"elementor-column elementor-col-33 elementor-top-column elementor-element elementor-element-0a488a3\" data-id=\"0a488a3\" data-element_type=\"column\">\n\t\t\t<div class=\"elementor-widget-wrap elementor-element-populated\">\n\t\t\t\t\t\t<div class=\"elementor-element elementor-element-7bbbc7d elementor-align-justify elementor-widget elementor-widget-button\" data-id=\"7bbbc7d\" data-element_type=\"widget\" data-widget_type=\"button.default\">\n\t\t\t\t<div class=\"elementor-widget-container\">\n\t\t\t\t\t<div class=\"elementor-button-wrapper\">\n\t\t\t<a class=\"elementor-button elementor-button-link elementor-size-sm\" href=\"https:\/\/anlactvseafood.com\/en\/lich-su-hinh-thanh-phat-trien\/\">\n\t\t\t\t\t\t<span class=\"elementor-button-content-wrapper\">\n\t\t\t\t\t\t<span class=\"elementor-button-text\">History Formation Development  <\/span>\n\t\t<\/span>\n\t\t\t\t\t<\/a>\n\t\t<\/div>\n\t\t\t\t<\/div>\n\t\t\t\t<\/div>\n\t\t\t\t\t<\/div>\n\t\t<\/div>\n\t\t\t\t<div class=\"elementor-column elementor-col-33 elementor-top-column elementor-element elementor-element-1187f6c\" data-id=\"1187f6c\" data-element_type=\"column\">\n\t\t\t<div class=\"elementor-widget-wrap elementor-element-populated\">\n\t\t\t\t\t\t<div class=\"elementor-element elementor-element-67ceea1 elementor-align-justify elementor-widget elementor-widget-button\" data-id=\"67ceea1\" data-element_type=\"widget\" data-widget_type=\"button.default\">\n\t\t\t\t<div class=\"elementor-widget-container\">\n\t\t\t\t\t<div class=\"elementor-button-wrapper\">\n\t\t\t<a class=\"elementor-button elementor-button-link elementor-size-sm\" href=\"https:\/\/anlactvseafood.com\/en\/su-menh-tam-nhin\/\">\n\t\t\t\t\t\t<span class=\"elementor-button-content-wrapper\">\n\t\t\t\t\t\t<span class=\"elementor-button-text\">Mission Vision<\/span>\n\t\t<\/span>\n\t\t\t\t\t<\/a>\n\t\t<\/div>\n\t\t\t\t<\/div>\n\t\t\t\t<\/div>\n\t\t\t\t\t<\/div>\n\t\t<\/div>\n\t\t\t\t\t<\/div>\n\t\t<\/section>\n\t\t\t\t<section class=\"elementor-section elementor-top-section elementor-element elementor-element-592f69d elementor-section-boxed elementor-section-height-default elementor-section-height-default\" data-id=\"592f69d\" data-element_type=\"section\" data-settings=\"{&quot;jet_parallax_layout_list&quot;:[]}\">\n\t\t\t\t\t\t<div class=\"elementor-container elementor-column-gap-default\">\n\t\t\t\t\t<div class=\"elementor-column elementor-col-50 elementor-top-column elementor-element elementor-element-0f7a9b5\" data-id=\"0f7a9b5\" data-element_type=\"column\">\n\t\t\t<div class=\"elementor-widget-wrap elementor-element-populated\">\n\t\t\t\t\t\t<div class=\"elementor-element elementor-element-c5720d2 title-about-us elementor-widget elementor-widget-heading\" data-id=\"c5720d2\" data-element_type=\"widget\" data-widget_type=\"heading.default\">\n\t\t\t\t<div class=\"elementor-widget-container\">\n\t\t\t<h2 class=\"elementor-heading-title elementor-size-default\">About Anlac - Tra Vinh seafood<\/h2>\t\t<\/div>\n\t\t\t\t<\/div>\n\t\t\t\t<div class=\"elementor-element elementor-element-542fd53 elementor-widget elementor-widget-text-editor\" data-id=\"542fd53\" data-element_type=\"widget\" data-widget_type=\"text-editor.default\">\n\t\t\t\t<div class=\"elementor-widget-container\">\n\t\t\t\t\t\t\t<p><strong>An Lac - Tra Vinh Seafood Company Limited<\/strong> is one of the enterprises specializing in the production, processing and processing of high-grade foods, mainly products: Dried Fish, Dried Squid, Dried Shrimp, Dried Scallops, Fish, Squid, Shrimp, Spiced Scallop Instant, Smoked Dried Seafood of all kinds.....<\/p><p><strong>An Lac Seafood Company Limited - Tra Vinh - EUCODE:<\/strong> HK839 was born in June 2015 and was recognized by the Department of Quality, Safety, Hygiene and Fisheries Veterinary (Nafiqad) to meet the following industry standards:<\/p><p>\u2013 March 2016 met HACCP standards.<br \/>\u2013 April 2016 meeting export standards to Korea and Japan.<br \/>\u2013 August 2017 met industry standards for exporting to the EU market.<br \/>\u2013 December 2017 met industry standards for exporting to the Chinese market.<br \/>\u2013 January 2018 was approved by FDA to export to the US market<br \/>\u2013 June 2022 is allowed by FSVPS to export to the Russian market<\/p>\t\t\t\t\t\t<\/div>\n\t\t\t\t<\/div>\n\t\t\t\t\t<\/div>\n\t\t<\/div>\n\t\t\t\t<div class=\"elementor-column elementor-col-50 elementor-top-column elementor-element elementor-element-4537f78\" data-id=\"4537f78\" data-element_type=\"column\">\n\t\t\t<div class=\"elementor-widget-wrap elementor-element-populated\">\n\t\t\t\t\t\t<div class=\"elementor-element elementor-element-9b423e5 elementor-widget elementor-widget-video\" data-id=\"9b423e5\" data-element_type=\"widget\" data-settings=\"{&quot;youtube_url&quot;:&quot;https:\\\/\\\/www.youtube.com\\\/watch?v=oOxEiMOs3b8&quot;,&quot;show_image_overlay&quot;:&quot;yes&quot;,&quot;image_overlay&quot;:{&quot;url&quot;:&quot;https:\\\/\\\/anlactvseafood.com\\\/wp-content\\\/uploads\\\/2022\\\/11\\\/salmon-seabass-shrimps-oysters_82893-9048.jpg&quot;,&quot;id&quot;:125,&quot;size&quot;:&quot;&quot;,&quot;alt&quot;:&quot;&quot;,&quot;source&quot;:&quot;library&quot;},&quot;lightbox&quot;:&quot;yes&quot;,&quot;video_type&quot;:&quot;youtube&quot;,&quot;controls&quot;:&quot;yes&quot;}\" data-widget_type=\"video.default\">\n\t\t\t\t<div class=\"elementor-widget-container\">\n\t\t\t\t\t<div class=\"elementor-wrapper elementor-open-lightbox\">\n\t\t\t\t\t\t\t<div class=\"elementor-custom-embed-image-overlay\" data-elementor-open-lightbox=\"yes\" data-elementor-lightbox=\"{&quot;type&quot;:&quot;video&quot;,&quot;videoType&quot;:&quot;youtube&quot;,&quot;url&quot;:&quot;https:\\\/\\\/www.youtube.com\\\/embed\\\/oOxEiMOs3b8?feature=oembed&amp;start&amp;end&amp;wmode=opaque&amp;loop=0&amp;controls=1&amp;mute=0&amp;rel=0&amp;modestbranding=0&quot;,&quot;modalOptions&quot;:{&quot;id&quot;:&quot;elementor-lightbox-9b423e5&quot;,&quot;entranceAnimation&quot;:&quot;&quot;,&quot;entranceAnimation_tablet&quot;:&quot;&quot;,&quot;entranceAnimation_mobile&quot;:&quot;&quot;,&quot;videoAspectRatio&quot;:&quot;169&quot;}}\" data-e-action-hash=\"#elementor-action%3Aaction%3Dlightbox%26settings%3DeyJ0eXBlIjoidmlkZW8iLCJ2aWRlb1R5cGUiOiJ5b3V0dWJlIiwidXJsIjoiaHR0cHM6XC9cL3d3dy55b3V0dWJlLmNvbVwvZW1iZWRcL29PeEVpTU9zM2I4P2ZlYXR1cmU9b2VtYmVkJnN0YXJ0JmVuZCZ3bW9kZT1vcGFxdWUmbG9vcD0wJmNvbnRyb2xzPTEmbXV0ZT0wJnJlbD0wJm1vZGVzdGJyYW5kaW5nPTAiLCJtb2RhbE9wdGlvbnMiOnsiaWQiOiJlbGVtZW50b3ItbGlnaHRib3gtOWI0MjNlNSIsImVudHJhbmNlQW5pbWF0aW9uIjoiIiwiZW50cmFuY2VBbmltYXRpb25fdGFibGV0IjoiIiwiZW50cmFuY2VBbmltYXRpb25fbW9iaWxlIjoiIiwidmlkZW9Bc3BlY3RSYXRpbyI6IjE2OSJ9fQ%3D%3D\">\n\t\t\t\t\t\t\t\t\t\t\t<img fetchpriority=\"high\" decoding=\"async\" width=\"626\" height=\"424\" src=\"https:\/\/anlactvseafood.com\/wp-content\/uploads\/2022\/11\/salmon-seabass-shrimps-oysters_82893-9048.jpg\" class=\"attachment-full size-full wp-image-125\" alt=\"\" srcset=\"https:\/\/anlactvseafood.com\/wp-content\/uploads\/2022\/11\/salmon-seabass-shrimps-oysters_82893-9048.jpg 626w, https:\/\/anlactvseafood.com\/wp-content\/uploads\/2022\/11\/salmon-seabass-shrimps-oysters_82893-9048-300x203.jpg 300w, https:\/\/anlactvseafood.com\/wp-content\/uploads\/2022\/11\/salmon-seabass-shrimps-oysters_82893-9048-600x406.jpg 600w\" sizes=\"(max-width: 626px) 100vw, 626px\" \/>\t\t\t\t\t\t\t\t\t\t\t\t\t\t\t\t<div class=\"elementor-custom-embed-play\" role=\"button\" aria-label=\"Play Video\" tabindex=\"0\">\n\t\t\t\t\t\t\t<i aria-hidden=\"true\" class=\"eicon-play\"><\/i>\t\t\t\t\t\t\t<span class=\"elementor-screen-only\">Play Video<\/span>\n\t\t\t\t\t\t<\/div>\n\t\t\t\t\t\t\t\t\t<\/div>\n\t\t\t\t\t<\/div>\n\t\t\t\t<\/div>\n\t\t\t\t<\/div>\n\t\t\t\t\t<\/div>\n\t\t<\/div>\n\t\t\t\t\t<\/div>\n\t\t<\/section>\n\t\t\t\t<section class=\"elementor-section elementor-top-section elementor-element elementor-element-2bb2137 elementor-section-boxed elementor-section-height-default elementor-section-height-default\" data-id=\"2bb2137\" data-element_type=\"section\" data-settings=\"{&quot;jet_parallax_layout_list&quot;:[]}\">\n\t\t\t\t\t\t<div class=\"elementor-container elementor-column-gap-default\">\n\t\t\t\t\t<div class=\"elementor-column elementor-col-100 elementor-top-column elementor-element elementor-element-0abe155\" data-id=\"0abe155\" data-element_type=\"column\">\n\t\t\t<div class=\"elementor-widget-wrap elementor-element-populated\">\n\t\t\t\t\t\t<div class=\"elementor-element elementor-element-160b993 title-about-us elementor-widget elementor-widget-heading\" data-id=\"160b993\" data-element_type=\"widget\" data-widget_type=\"heading.default\">\n\t\t\t\t<div class=\"elementor-widget-container\">\n\t\t\t<h2 class=\"elementor-heading-title elementor-size-default\">INTRODUCE\n<\/h2>\t\t<\/div>\n\t\t\t\t<\/div>\n\t\t\t\t<div class=\"elementor-element elementor-element-b115be0 elementor-widget elementor-widget-text-editor\" data-id=\"b115be0\" data-element_type=\"widget\" data-widget_type=\"text-editor.default\">\n\t\t\t\t<div class=\"elementor-widget-container\">\n\t\t\t\t\t\t\t<p><strong>An Lac - Tra Vinh Seafood Co., Ltd<\/strong> was established in 2008 in Tra Vinh City, Tra Vinh province, An Lac - Tra Vinh Seafood Co., Ltd specializes in producing dried products from seafood and sea fish.<\/p><p>Due to the output requirements of customers and the market, our company has established a processing factory in the raw material area in Tra Vinh province (with the name AN LAC SEAFOOD - TRA VINH) - and has been approved by the Department of Management. Quality, Safety, Hygiene and Veterinary Medicine (Nafiqad) and EUCODE certificate: HK839.<\/p><p>The production facility is located in the Mekong Delta, which is world-famous for its aquaculture industry \u2013 especially the advantages brought by nature have facilitated the company to obtain quality products. high.<\/p><p>We aspire to become a leading company in manufacturing and exporting in Vietnam. Always interested in improving the quality system and training highly skilled workforce, that has brought us international quality management certificates such as SSOP, GMP, HACCP, HALAL, ISO 22000:2005, BRC, IFS, GSC, SA 8000:2008, ISO 17025 and BAP.<\/p><p>Starting in 2009, the Company started implementing a sustainable development strategy. So far, this strategy has become one of the indispensable requirements along with food safety and traceability criteria. As one of the leading exporters in Vietnam, An Lac - Tra Vinh ensures that the production process and general operation of the company do not cause negative impacts on the environment and are responsible for the community and society. .<\/p>\t\t\t\t\t\t<\/div>\n\t\t\t\t<\/div>\n\t\t\t\t\t<\/div>\n\t\t<\/div>\n\t\t\t\t\t<\/div>\n\t\t<\/section>\n\t\t\t\t<\/div>","protected":false},"excerpt":{"rendered":"<p>Gi\u1edbi Thi\u1ec7u Chung L\u1ecbch S\u1eed H\u00ecnh Th\u00e0nh Ph\u00e1t Tri\u1ec3n S\u1ee9 M\u1ec7nh &#8211; T\u1ea7m Nh\u00ecn V\u1ec1 Anlac &#8211; tr\u00e0 vinh seafood C\u00f4ng Ty TNHH H\u1ea3i S\u1ea3n An L\u1ea1c \u2013 Tr\u00e0 Vinh l\u00e0 m\u1ed9t trong nh\u1eefng Doanh Nghi\u1ec7p chuy\u00ean s\u1ea3n xu\u1ea5t gia c\u00f4ng ch\u1ebf bi\u1ebfn c\u00e1c lo\u1ea1i th\u1ef1c ph\u1ea9m cao c\u1ea5p ch\u1ee7 y\u1ebfu l\u00e0 c\u00e1c lo\u1ea1i s\u1ea3n &hellip;<\/p>\n<p class=\"read-more\"> <a class=\"\" href=\"https:\/\/anlactvseafood.com\/en\/article\/\"> <span class=\"screen-reader-text\">Introduce<\/span> Read More &raquo;<\/a><\/p>","protected":false},"author":1,"featured_media":0,"parent":0,"menu_order":0,"comment_status":"closed","ping_status":"closed","template":"elementor_header_footer","meta":{"site-sidebar-layout":"no-sidebar","site-content-layout":"page-builder","ast-global-header-display":"","ast-main-header-display":"","ast-hfb-above-header-display":"","ast-hfb-below-header-display":"","ast-hfb-mobile-header-display":"","site-post-title":"disabled","ast-breadcrumbs-content":"","ast-featured-img":"disabled","footer-sml-layout":"","theme-transparent-header-meta":"default","adv-header-id-meta":"","stick-header-meta":"","header-above-stick-meta":"","header-main-stick-meta":"","header-below-stick-meta":"","footnotes":""},"class_list":["post-19","page","type-page","status-publish","hentry"],"yoast_head":"<!-- This site is optimized with the Yoast SEO plugin v23.1 - https:\/\/yoast.com\/wordpress\/plugins\/seo\/ -->\n<title>Gi\u1edbi thi\u1ec7u - C\u00d4NG TY TNHH H\u1ea2I S\u1ea2N AN L\u1ea0C - TR\u00c0 VINH<\/title>\n<meta name=\"robots\" content=\"index, follow, max-snippet:-1, max-image-preview:large, max-video-preview:-1\" \/>\n<link rel=\"canonical\" href=\"https:\/\/anlactvseafood.com\/en\/article\/\" \/>\n<meta property=\"og:locale\" content=\"en_US\" \/>\n<meta property=\"og:type\" content=\"article\" \/>\n<meta property=\"og:title\" content=\"Gi\u1edbi thi\u1ec7u - C\u00d4NG TY TNHH H\u1ea2I S\u1ea2N AN L\u1ea0C - TR\u00c0 VINH\" \/>\n<meta property=\"og:description\" content=\"Gi\u1edbi Thi\u1ec7u Chung L\u1ecbch S\u1eed H\u00ecnh Th\u00e0nh Ph\u00e1t Tri\u1ec3n S\u1ee9 M\u1ec7nh &#8211; T\u1ea7m Nh\u00ecn V\u1ec1 Anlac &#8211; tr\u00e0 vinh seafood C\u00f4ng Ty TNHH H\u1ea3i S\u1ea3n An L\u1ea1c \u2013 Tr\u00e0 Vinh l\u00e0 m\u1ed9t trong nh\u1eefng Doanh Nghi\u1ec7p chuy\u00ean s\u1ea3n xu\u1ea5t gia c\u00f4ng ch\u1ebf bi\u1ebfn c\u00e1c lo\u1ea1i th\u1ef1c ph\u1ea9m cao c\u1ea5p ch\u1ee7 y\u1ebfu l\u00e0 c\u00e1c lo\u1ea1i s\u1ea3n &hellip; Gi\u1edbi thi\u1ec7u Read More &raquo;\" \/>\n<meta property=\"og:url\" content=\"https:\/\/anlactvseafood.com\/en\/article\/\" \/>\n<meta property=\"og:site_name\" content=\"C\u00d4NG TY TNHH H\u1ea2I S\u1ea2N AN L\u1ea0C - TR\u00c0 VINH\" \/>\n<meta property=\"article:modified_time\" content=\"2022-11-22T07:07:59+00:00\" \/>\n<meta name=\"twitter:card\" content=\"summary_large_image\" \/>\n<meta name=\"twitter:label1\" content=\"Est. reading time\" \/>\n\t<meta name=\"twitter:data1\" content=\"4 minutes\" \/>\n<script type=\"application\/ld+json\" class=\"yoast-schema-graph\">{\"@context\":\"https:\/\/schema.org\",\"@graph\":[{\"@type\":\"WebPage\",\"@id\":\"https:\/\/anlactvseafood.com\/gioi-thieu\/\",\"url\":\"https:\/\/anlactvseafood.com\/gioi-thieu\/\",\"name\":\"Gi\u1edbi thi\u1ec7u - C\u00d4NG TY TNHH H\u1ea2I S\u1ea2N AN L\u1ea0C - TR\u00c0 VINH\",\"isPartOf\":{\"@id\":\"https:\/\/anlactvseafood.com\/#website\"},\"datePublished\":\"2022-11-14T06:36:37+00:00\",\"dateModified\":\"2022-11-22T07:07:59+00:00\",\"breadcrumb\":{\"@id\":\"https:\/\/anlactvseafood.com\/gioi-thieu\/#breadcrumb\"},\"inLanguage\":\"en-US\",\"potentialAction\":[{\"@type\":\"ReadAction\",\"target\":[\"https:\/\/anlactvseafood.com\/gioi-thieu\/\"]}]},{\"@type\":\"BreadcrumbList\",\"@id\":\"https:\/\/anlactvseafood.com\/gioi-thieu\/#breadcrumb\",\"itemListElement\":[{\"@type\":\"ListItem\",\"position\":1,\"name\":\"Trang ch\u1ee7\",\"item\":\"https:\/\/anlactvseafood.com\/\"},{\"@type\":\"ListItem\",\"position\":2,\"name\":\"Gi\u1edbi thi\u1ec7u\"}]},{\"@type\":\"WebSite\",\"@id\":\"https:\/\/anlactvseafood.com\/#website\",\"url\":\"https:\/\/anlactvseafood.com\/\",\"name\":\"C\u00d4NG TY TNHH H\u1ea2I S\u1ea2N AN L\u1ea0C - TR\u00c0 VINH\",\"description\":\"\",\"publisher\":{\"@id\":\"https:\/\/anlactvseafood.com\/#organization\"},\"potentialAction\":[{\"@type\":\"SearchAction\",\"target\":{\"@type\":\"EntryPoint\",\"urlTemplate\":\"https:\/\/anlactvseafood.com\/?s={search_term_string}\"},\"query-input\":\"required name=search_term_string\"}],\"inLanguage\":\"en-US\"},{\"@type\":\"Organization\",\"@id\":\"https:\/\/anlactvseafood.com\/#organization\",\"name\":\"C\u00d4NG TY TNHH H\u1ea2I S\u1ea2N AN L\u1ea0C - TR\u00c0 VINH\",\"url\":\"https:\/\/anlactvseafood.com\/\",\"logo\":{\"@type\":\"ImageObject\",\"inLanguage\":\"en-US\",\"@id\":\"https:\/\/anlactvseafood.com\/#\/schema\/logo\/image\/\",\"url\":\"https:\/\/anlactvseafood.com\/wp-content\/uploads\/2022\/11\/logoa.png\",\"contentUrl\":\"https:\/\/anlactvseafood.com\/wp-content\/uploads\/2022\/11\/logoa.png\",\"width\":1002,\"height\":675,\"caption\":\"C\u00d4NG TY TNHH H\u1ea2I S\u1ea2N AN L\u1ea0C - TR\u00c0 VINH\"},\"image\":{\"@id\":\"https:\/\/anlactvseafood.com\/#\/schema\/logo\/image\/\"}}]}<\/script>\n<!-- \/ Yoast SEO plugin. -->","yoast_head_json":{"title":"Gi\u1edbi thi\u1ec7u - C\u00d4NG TY TNHH H\u1ea2I S\u1ea2N AN L\u1ea0C - TR\u00c0 VINH","robots":{"index":"index","follow":"follow","max-snippet":"max-snippet:-1","max-image-preview":"max-image-preview:large","max-video-preview":"max-video-preview:-1"},"canonical":"https:\/\/anlactvseafood.com\/en\/article\/","og_locale":"en_US","og_type":"article","og_title":"Gi\u1edbi thi\u1ec7u - C\u00d4NG TY TNHH H\u1ea2I S\u1ea2N AN L\u1ea0C - TR\u00c0 VINH","og_description":"Gi\u1edbi Thi\u1ec7u Chung L\u1ecbch S\u1eed H\u00ecnh Th\u00e0nh Ph\u00e1t Tri\u1ec3n S\u1ee9 M\u1ec7nh &#8211; T\u1ea7m Nh\u00ecn V\u1ec1 Anlac &#8211; tr\u00e0 vinh seafood C\u00f4ng Ty TNHH H\u1ea3i S\u1ea3n An L\u1ea1c \u2013 Tr\u00e0 Vinh l\u00e0 m\u1ed9t trong nh\u1eefng Doanh Nghi\u1ec7p chuy\u00ean s\u1ea3n xu\u1ea5t gia c\u00f4ng ch\u1ebf bi\u1ebfn c\u00e1c lo\u1ea1i th\u1ef1c ph\u1ea9m cao c\u1ea5p ch\u1ee7 y\u1ebfu l\u00e0 c\u00e1c lo\u1ea1i s\u1ea3n &hellip; Gi\u1edbi thi\u1ec7u Read More &raquo;","og_url":"https:\/\/anlactvseafood.com\/en\/article\/","og_site_name":"C\u00d4NG TY TNHH H\u1ea2I S\u1ea2N AN L\u1ea0C - TR\u00c0 VINH","article_modified_time":"2022-11-22T07:07:59+00:00","twitter_card":"summary_large_image","twitter_misc":{"Est. reading time":"4 minutes"},"schema":{"@context":"https:\/\/schema.org","@graph":[{"@type":"WebPage","@id":"https:\/\/anlactvseafood.com\/gioi-thieu\/","url":"https:\/\/anlactvseafood.com\/gioi-thieu\/","name":"Gi\u1edbi thi\u1ec7u - C\u00d4NG TY TNHH H\u1ea2I S\u1ea2N AN L\u1ea0C - TR\u00c0 VINH","isPartOf":{"@id":"https:\/\/anlactvseafood.com\/#website"},"datePublished":"2022-11-14T06:36:37+00:00","dateModified":"2022-11-22T07:07:59+00:00","breadcrumb":{"@id":"https:\/\/anlactvseafood.com\/gioi-thieu\/#breadcrumb"},"inLanguage":"en-US","potentialAction":[{"@type":"ReadAction","target":["https:\/\/anlactvseafood.com\/gioi-thieu\/"]}]},{"@type":"BreadcrumbList","@id":"https:\/\/anlactvseafood.com\/gioi-thieu\/#breadcrumb","itemListElement":[{"@type":"ListItem","position":1,"name":"Trang ch\u1ee7","item":"https:\/\/anlactvseafood.com\/"},{"@type":"ListItem","position":2,"name":"Gi\u1edbi thi\u1ec7u"}]},{"@type":"WebSite","@id":"https:\/\/anlactvseafood.com\/#website","url":"https:\/\/anlactvseafood.com\/","name":"C\u00d4NG TY TNHH H\u1ea2I S\u1ea2N AN L\u1ea0C - TR\u00c0 VINH","description":"","publisher":{"@id":"https:\/\/anlactvseafood.com\/#organization"},"potentialAction":[{"@type":"SearchAction","target":{"@type":"EntryPoint","urlTemplate":"https:\/\/anlactvseafood.com\/?s={search_term_string}"},"query-input":"required name=search_term_string"}],"inLanguage":"en-US"},{"@type":"Organization","@id":"https:\/\/anlactvseafood.com\/#organization","name":"C\u00d4NG TY TNHH H\u1ea2I S\u1ea2N AN L\u1ea0C - TR\u00c0 VINH","url":"https:\/\/anlactvseafood.com\/","logo":{"@type":"ImageObject","inLanguage":"en-US","@id":"https:\/\/anlactvseafood.com\/#\/schema\/logo\/image\/","url":"https:\/\/anlactvseafood.com\/wp-content\/uploads\/2022\/11\/logoa.png","contentUrl":"https:\/\/anlactvseafood.com\/wp-content\/uploads\/2022\/11\/logoa.png","width":1002,"height":675,"caption":"C\u00d4NG TY TNHH H\u1ea2I S\u1ea2N AN L\u1ea0C - TR\u00c0 VINH"},"image":{"@id":"https:\/\/anlactvseafood.com\/#\/schema\/logo\/image\/"}}]}},"_links":{"self":[{"href":"https:\/\/anlactvseafood.com\/en\/wp-json\/wp\/v2\/pages\/19","targetHints":{"allow":["GET"]}}],"collection":[{"href":"https:\/\/anlactvseafood.com\/en\/wp-json\/wp\/v2\/pages"}],"about":[{"href":"https:\/\/anlactvseafood.com\/en\/wp-json\/wp\/v2\/types\/page"}],"author":[{"embeddable":true,"href":"https:\/\/anlactvseafood.com\/en\/wp-json\/wp\/v2\/users\/1"}],"replies":[{"embeddable":true,"href":"https:\/\/anlactvseafood.com\/en\/wp-json\/wp\/v2\/comments?post=19"}],"version-history":[{"count":38,"href":"https:\/\/anlactvseafood.com\/en\/wp-json\/wp\/v2\/pages\/19\/revisions"}],"predecessor-version":[{"id":886,"href":"https:\/\/anlactvseafood.com\/en\/wp-json\/wp\/v2\/pages\/19\/revisions\/886"}],"wp:attachment":[{"href":"https:\/\/anlactvseafood.com\/en\/wp-json\/wp\/v2\/media?parent=19"}],"curies":[{"name":"wp","href":"https:\/\/api.w.org\/{rel}","templated":true}]}}